{"id":52,"date":"2026-01-15T11:04:40","date_gmt":"2026-01-15T10:04:40","guid":{"rendered":"https:\/\/www.edisco.it\/amicus-fidelis\/?page_id=52"},"modified":"2026-02-09T09:50:38","modified_gmt":"2026-02-09T08:50:38","slug":"esercizi-interattivi","status":"publish","type":"page","link":"https:\/\/www.edisco.it\/amicus-fidelis\/esercizi-interattivi\/","title":{"rendered":"Esercizi interattivi"},"content":{"rendered":"<div id=\"filettiblu\">\n<p><span style=\"font-size: 16px;\"><span style=\"font-family: verdana,geneva,sans-serif;\"><img class=\"spunta\" src=\"https:\/\/www.edisco.it\/tecnologie-chimiche-industriali\/wp-content\/uploads\/sites\/62\/2015\/01\/icona-esercizi_60.png\" alt=\"\" align=\"absMiddle\">&nbsp; <span style=\"font-size: 14pt;\">&nbsp;<a href=\"https:\/\/www.edisco.it\/materiali\/amicus-fidelis\/esercizi\/esercizi-unita-1.html\" target=\"_blank\" rel=\"noopener\"><strong> Unit\u00e0 1<\/strong><\/a><\/span><\/span><\/span><\/p>\n<p><span style=\"font-size: 14pt;\"><span style=\"font-family: verdana,geneva,sans-serif;\"><img class=\"spunta\" src=\"https:\/\/www.edisco.it\/tecnologie-chimiche-industriali\/wp-content\/uploads\/sites\/62\/2015\/01\/icona-esercizi_60.png\" alt=\"\" align=\"absMiddle\">&nbsp; &nbsp;<a href=\"https:\/\/www.edisco.it\/materiali\/amicus-fidelis\/esercizi\/esercizi-unita-2.html\" target=\"_blank\" rel=\"noopener\"><strong> Unit\u00e0 2<\/strong><\/a><\/span><\/span><\/p>\n<p><span style=\"font-size: 14pt;\"><span style=\"font-family: verdana,geneva,sans-serif;\"><img class=\"spunta\" src=\"https:\/\/www.edisco.it\/tecnologie-chimiche-industriali\/wp-content\/uploads\/sites\/62\/2015\/01\/icona-esercizi_60.png\" alt=\"\" align=\"absMiddle\">&nbsp; &nbsp;<a href=\"https:\/\/www.edisco.it\/materiali\/amicus-fidelis\/esercizi\/esercizi-unita-3.html\" target=\"_blank\" rel=\"noopener\"><strong> Unit\u00e0 3<\/strong><\/a><\/span><\/span><\/p>\n<p><span style=\"font-size: 14pt;\"><span style=\"font-family: verdana,geneva,sans-serif;\"><img class=\"spunta\" src=\"https:\/\/www.edisco.it\/tecnologie-chimiche-industriali\/wp-content\/uploads\/sites\/62\/2015\/01\/icona-esercizi_60.png\" alt=\"\" align=\"absMiddle\">&nbsp; &nbsp;<a href=\"https:\/\/www.edisco.it\/materiali\/amicus-fidelis\/esercizi\/esercizi-unita-4.html\" target=\"_blank\" rel=\"noopener\"><strong> Unit\u00e0 4<\/strong><\/a><\/span><\/span><\/p>\n<p><span style=\"font-size: 14pt;\"><span style=\"font-family: verdana,geneva,sans-serif;\"><img class=\"spunta\" src=\"https:\/\/www.edisco.it\/tecnologie-chimiche-industriali\/wp-content\/uploads\/sites\/62\/2015\/01\/icona-esercizi_60.png\" alt=\"\" align=\"absMiddle\">&nbsp; &nbsp;<a href=\"https:\/\/www.edisco.it\/materiali\/amicus-fidelis\/esercizi\/esercizi-unita-5.html\" target=\"_blank\" rel=\"noopener\"><strong> Unit\u00e0 5<\/strong><\/a><\/span><\/span><\/p>\n<p><span style=\"font-size: 14pt;\"><span style=\"font-family: verdana,geneva,sans-serif;\"><img class=\"spunta\" src=\"https:\/\/www.edisco.it\/tecnologie-chimiche-industriali\/wp-content\/uploads\/sites\/62\/2015\/01\/icona-esercizi_60.png\" alt=\"\" align=\"absMiddle\">&nbsp; &nbsp;<a href=\"https:\/\/www.edisco.it\/materiali\/amicus-fidelis\/esercizi\/esercizi-unita-6.html\" target=\"_blank\" rel=\"noopener\"><strong> Unit\u00e0 6<\/strong><\/a><\/span><\/span><\/p>\n<p><span style=\"font-size: 14pt;\"><span style=\"font-family: verdana,geneva,sans-serif;\"><img class=\"spunta\" src=\"https:\/\/www.edisco.it\/tecnologie-chimiche-industriali\/wp-content\/uploads\/sites\/62\/2015\/01\/icona-esercizi_60.png\" alt=\"\" align=\"absMiddle\">&nbsp; &nbsp;<a href=\"https:\/\/www.edisco.it\/materiali\/amicus-fidelis\/esercizi\/esercizi-unita-7.html\" target=\"_blank\" rel=\"noopener\"><strong> Unit\u00e0 7<\/strong><\/a><\/span><\/span><\/p>\n<p><span style=\"font-size: 14pt;\"><span style=\"font-family: verdana,geneva,sans-serif;\"><img class=\"spunta\" src=\"https:\/\/www.edisco.it\/tecnologie-chimiche-industriali\/wp-content\/uploads\/sites\/62\/2015\/01\/icona-esercizi_60.png\" alt=\"\" align=\"absMiddle\">&nbsp; &nbsp;<a href=\"https:\/\/www.edisco.it\/materiali\/amicus-fidelis\/esercizi\/esercizi-unita-8.html\" target=\"_blank\" rel=\"noopener\"><strong> Unit\u00e0 8<\/strong><\/a><\/span><\/span><\/p>\n<p><span style=\"font-size: 14pt;\"><span style=\"font-family: verdana,geneva,sans-serif;\"><img class=\"spunta\" src=\"https:\/\/www.edisco.it\/tecnologie-chimiche-industriali\/wp-content\/uploads\/sites\/62\/2015\/01\/icona-esercizi_60.png\" alt=\"\" align=\"absMiddle\">&nbsp; &nbsp;<a href=\"https:\/\/www.edisco.it\/materiali\/amicus-fidelis\/esercizi\/esercizi-unita-9.html\" target=\"_blank\" rel=\"noopener\"><strong> Unit\u00e0 9<\/strong><\/a><\/span><\/span><\/p>\n<p><span style=\"font-size: 14pt;\"><span style=\"font-family: verdana,geneva,sans-serif;\"><img class=\"spunta\" src=\"https:\/\/www.edisco.it\/tecnologie-chimiche-industriali\/wp-content\/uploads\/sites\/62\/2015\/01\/icona-esercizi_60.png\" alt=\"\" align=\"absMiddle\">&nbsp; &nbsp;<a href=\"https:\/\/www.edisco.it\/materiali\/amicus-fidelis\/esercizi\/esercizi-unita-10.html\" target=\"_blank\" rel=\"noopener\"><strong> Unit\u00e0 10<\/strong><\/a><\/span><\/span><\/p>\n<p><span style=\"font-size: 14pt;\"><span style=\"font-family: verdana,geneva,sans-serif;\"><img class=\"spunta\" src=\"https:\/\/www.edisco.it\/tecnologie-chimiche-industriali\/wp-content\/uploads\/sites\/62\/2015\/01\/icona-esercizi_60.png\" alt=\"\" align=\"absMiddle\">&nbsp; &nbsp;<a href=\"https:\/\/www.edisco.it\/materiali\/amicus-fidelis\/esercizi\/esercizi-unita-11.html\" target=\"_blank\" rel=\"noopener\"><strong> Unit\u00e0 11<\/strong><\/a><\/span><\/span><\/p>\n<p><span style=\"font-size: 14pt;\"><span style=\"font-family: verdana,geneva,sans-serif;\"><img class=\"spunta\" src=\"https:\/\/www.edisco.it\/tecnologie-chimiche-industriali\/wp-content\/uploads\/sites\/62\/2015\/01\/icona-esercizi_60.png\" alt=\"\" align=\"absMiddle\">&nbsp; &nbsp;<a href=\"https:\/\/www.edisco.it\/materiali\/amicus-fidelis\/esercizi\/esercizi-unita-12.html\" target=\"_blank\" rel=\"noopener\"><strong> Unit\u00e0 12<\/strong><\/a><\/span><\/span><\/p>\n<p><span style=\"font-size: 14pt;\"><span style=\"font-family: verdana,geneva,sans-serif;\"><img class=\"spunta\" src=\"https:\/\/www.edisco.it\/tecnologie-chimiche-industriali\/wp-content\/uploads\/sites\/62\/2015\/01\/icona-esercizi_60.png\" alt=\"\" align=\"absMiddle\">&nbsp; &nbsp;<a href=\"https:\/\/www.edisco.it\/materiali\/amicus-fidelis\/esercizi\/esercizi-unita-13.html\" target=\"_blank\" rel=\"noopener\"><strong> Unit\u00e0 13<\/strong><\/a><\/span><\/span><\/p>\n<p><span style=\"font-size: 14pt;\"><span style=\"font-family: verdana,geneva,sans-serif;\"><img class=\"spunta\" src=\"https:\/\/www.edisco.it\/tecnologie-chimiche-industriali\/wp-content\/uploads\/sites\/62\/2015\/01\/icona-esercizi_60.png\" alt=\"\" align=\"absMiddle\">&nbsp; &nbsp;<a href=\"https:\/\/www.edisco.it\/materiali\/amicus-fidelis\/esercizi\/esercizi-unita-14.html\" target=\"_blank\" rel=\"noopener\"><strong> Unit\u00e0 14<\/strong><\/a><\/span><\/span><\/p>\n<p><span style=\"font-size: 14pt;\"><span style=\"font-family: verdana,geneva,sans-serif;\"><img class=\"spunta\" src=\"https:\/\/www.edisco.it\/tecnologie-chimiche-industriali\/wp-content\/uploads\/sites\/62\/2015\/01\/icona-esercizi_60.png\" alt=\"\" align=\"absMiddle\">&nbsp; &nbsp;<a href=\"https:\/\/www.edisco.it\/materiali\/amicus-fidelis\/esercizi\/esercizi-unita-15.html\" target=\"_blank\" rel=\"noopener\"><strong> Unit\u00e0 15<\/strong><\/a><\/span><\/span><\/p>\n<p><span style=\"font-size: 14pt;\"><span style=\"font-family: verdana,geneva,sans-serif;\"><img class=\"spunta\" src=\"https:\/\/www.edisco.it\/tecnologie-chimiche-industriali\/wp-content\/uploads\/sites\/62\/2015\/01\/icona-esercizi_60.png\" alt=\"\" align=\"absMiddle\">&nbsp; &nbsp;<a href=\"https:\/\/www.edisco.it\/materiali\/amicus-fidelis\/esercizi\/esercizi-unita-16.html\" target=\"_blank\" rel=\"noopener\"><strong> Unit\u00e0 16<\/strong><\/a><\/span><\/span><\/p>\n<p><span style=\"font-size: 14pt;\"><span style=\"font-family: verdana,geneva,sans-serif;\"><img class=\"spunta\" src=\"https:\/\/www.edisco.it\/tecnologie-chimiche-industriali\/wp-content\/uploads\/sites\/62\/2015\/01\/icona-esercizi_60.png\" alt=\"\" align=\"absMiddle\">&nbsp; &nbsp;<a href=\"https:\/\/www.edisco.it\/materiali\/amicus-fidelis\/esercizi\/esercizi-unita-17.html\" target=\"_blank\" rel=\"noopener\"><strong> Unit\u00e0 17<\/strong><\/a><\/span><\/span><\/p>\n<p><span style=\"font-size: 14pt;\"><span style=\"font-family: verdana,geneva,sans-serif;\"><img class=\"spunta\" src=\"https:\/\/www.edisco.it\/tecnologie-chimiche-industriali\/wp-content\/uploads\/sites\/62\/2015\/01\/icona-esercizi_60.png\" alt=\"\" align=\"absMiddle\">&nbsp; &nbsp;<a href=\"https:\/\/www.edisco.it\/materiali\/amicus-fidelis\/esercizi\/esercizi-unita-18.html\" target=\"_blank\" rel=\"noopener\"><strong> Unit\u00e0 18<\/strong><\/a><\/span><\/span><\/p>\n<p><span style=\"font-size: 14pt;\"><span style=\"font-family: verdana,geneva,sans-serif;\"><img class=\"spunta\" src=\"https:\/\/www.edisco.it\/tecnologie-chimiche-industriali\/wp-content\/uploads\/sites\/62\/2015\/01\/icona-esercizi_60.png\" alt=\"\" align=\"absMiddle\">&nbsp; &nbsp;<a href=\"https:\/\/www.edisco.it\/materiali\/amicus-fidelis\/esercizi\/esercizi-unita-19.html\" target=\"_blank\" rel=\"noopener\"><strong> Unit\u00e0 19<\/strong><\/a><\/span><\/span><\/p>\n<\/div>\n","protected":false},"excerpt":{"rendered":"<p>&nbsp; &nbsp; Unit\u00e0 1 &nbsp; &nbsp; Unit\u00e0 2 &nbsp; &nbsp; Unit\u00e0 3 &nbsp; &nbsp; Unit\u00e0 4 &nbsp; &nbsp; Unit\u00e0 5 &nbsp; &nbsp; Unit\u00e0 6 &nbsp; &nbsp; Unit\u00e0 7 &nbsp; &nbsp; Unit\u00e0 8 &nbsp; &nbsp; Unit\u00e0 9 &nbsp; &nbsp; Unit\u00e0 10 &nbsp; &nbsp; Unit\u00e0 11 &nbsp; &nbsp; Unit\u00e0 12 &nbsp; &nbsp; Unit\u00e0 13 &nbsp; &nbsp; Unit\u00e0<\/p>\n","protected":false},"author":3,"featured_media":96,"parent":0,"menu_order":0,"comment_status":"closed","ping_status":"closed","template":"page-templates\/custom_page.php","meta":[],"acf":[],"_links":{"self":[{"href":"https:\/\/www.edisco.it\/amicus-fidelis\/wp-json\/wp\/v2\/pages\/52"}],"collection":[{"href":"https:\/\/www.edisco.it\/amicus-fidelis\/wp-json\/wp\/v2\/pages"}],"about":[{"href":"https:\/\/www.edisco.it\/amicus-fidelis\/wp-json\/wp\/v2\/types\/page"}],"author":[{"embeddable":true,"href":"https:\/\/www.edisco.it\/amicus-fidelis\/wp-json\/wp\/v2\/users\/3"}],"replies":[{"embeddable":true,"href":"https:\/\/www.edisco.it\/amicus-fidelis\/wp-json\/wp\/v2\/comments?post=52"}],"version-history":[{"count":39,"href":"https:\/\/www.edisco.it\/amicus-fidelis\/wp-json\/wp\/v2\/pages\/52\/revisions"}],"predecessor-version":[{"id":116,"href":"https:\/\/www.edisco.it\/amicus-fidelis\/wp-json\/wp\/v2\/pages\/52\/revisions\/116"}],"wp:featuredmedia":[{"embeddable":true,"href":"https:\/\/www.edisco.it\/amicus-fidelis\/wp-json\/wp\/v2\/media\/96"}],"wp:attachment":[{"href":"https:\/\/www.edisco.it\/amicus-fidelis\/wp-json\/wp\/v2\/media?parent=52"}],"curies":[{"name":"wp","href":"https:\/\/api.w.org\/{rel}","templated":true}]}}