{"id":7,"date":"2023-01-25T13:39:49","date_gmt":"2023-01-25T12:39:49","guid":{"rendered":"https:\/\/www.edisco.it\/bit-by-bit-new-edition\/?page_id=7"},"modified":"2023-03-29T10:45:53","modified_gmt":"2023-03-29T08:45:53","slug":"scheda-dellopera","status":"publish","type":"page","link":"https:\/\/www.edisco.it\/bit-by-bit-new-edition\/","title":{"rendered":"Scheda dell&#8217;opera"},"content":{"rendered":"<p><span style=\"font-family: 'Pridi'; font-size: 17pt; color: #31476c; font-weight: 200;\"><strong><br \/>\nL\u2019argomento.<\/strong><\/span><br \/>\n<span style=\"font-size: 12pt; font-family: OpenSans; font-weight: 400;\"><em>Bit by Bit<\/em> \u00e8 un corso di inglese specialistico per il settore <strong>Informatico.<\/strong><\/span><\/p>\n<p>I contenuti sono ordinati secondo criteri di graduale complessit\u00e0 concettuale e linguistica e vengono esplorati utilizzando le quattro abilit\u00e0 in modo omogeneo e integrato. I brani offrono un assortimento di stili, registri e livelli di difficolt\u00e0.<\/p>\n<p><span style=\"font-family: 'Pridi'; font-size: 17pt; color: #31476c; font-weight: 200;\"><strong>La struttura.<br \/>\n<\/strong><\/span><span style=\"font-size: 12pt; font-family: OpenSans; font-weight: 400;\"><em>Bit by Bit<\/em> \u00e8 diviso in sei Moduli, ognuno dei quali \u00e8 ripartito in un numero variabile di Unit\u00e0.<\/span><\/p>\n<p>Ogni Unit\u00e0 \u00e8 suddivisa in brevi Capitoli su due pagine \u2013 teoria ed esercizi \u2013 per favorire uno studio pi\u00f9 parcellizzato e la scelta antologica da parte dell\u2019insegnante. Brevi link (curiosit\u00e0, ampliamenti, rimandi, attivit\u00e0 o mini-approfondimenti) arricchiscono i brani per consentire una maggiore interattivit\u00e0. Un ricco apparato iconografico correda i brani di lettura, per ognuno dei quali \u00e8 previsto un esauriente glossario.<\/p>\n<p>Al termine di ogni Unit\u00e0 sono presenti le seguenti sezioni:<\/p>\n<ul>\n<li><strong>Grammar<\/strong>: Revisione delle strutture grammaticali pi\u00f9 comuni con esercizi di rinforzo calati nel contesto;<\/li>\n<li><strong>Citizenship<\/strong>: Attivit\u00e0 che prendono spunto da contenuti dell\u2019unit\u00e0 per agganciarsi a tematiche legate all\u2019educazione civica e alla cittadinanza.<\/li>\n<\/ul>\n<p>Alla fine di ogni Modulo, il testo propone ulteriori attivit\u00e0:<\/p>\n<ul>\n<li><strong>Vocabulary<\/strong>: Esercizi di revisione e consolidamento;<\/li>\n<li><strong>Real-life skills<\/strong>: Compiti di realt\u00e0 e collaborativi, lavori di gruppo con un taglio di tipo pratico calato nella realt\u00e0;<\/li>\n<li><strong>Case study<\/strong>: Argomento di attualit\u00e0 corredato di esercizi mirati all\u2019approfondimento e alla discussione;<\/li>\n<li><strong>Clip<\/strong>: Breve clip tratta da film attinenti agli argomenti del Modulo;<\/li>\n<li><strong>Mapping your mind<\/strong>: Mappa concettuale riepilogativa.<\/li>\n<\/ul>\n<p>Il testo si conclude con due ampie appendici:<\/p>\n<ul>\n<li><strong>Biz bits<\/strong>: presenta testi e attivit\u00e0 relativi al mondo del commercio e dell\u2019economia;<\/li>\n<li><strong>Careers<\/strong>: descrive le varie fasi della ricerca di un lavoro e analizza diversi profili lavorativi nel settore ICT.<\/li>\n<\/ul>\n<p><span style=\"font-family: 'Pridi'; font-size: 17pt; color: #31476c; font-weight: 200;\"><strong>Contenuti digitali integrativi<\/strong><\/span><\/p>\n<ul>\n<li>Testi per attivit\u00e0 di approfondimento<\/li>\n<li><em>Reading Comprehension<\/em> per le certificazioni EUCIP Core e FIRST\/IELTS<\/li>\n<li>Audio in formato mp3 delle attivit\u00e0 di ascolto<\/li>\n<li>Video per attivit\u00e0 di listening e speaking<\/li>\n<li>Esempio di prova INVALSI<\/li>\n<\/ul>\n<p><span style=\"font-family: 'Pridi'; font-size: 17pt; color: #31476c; font-weight: 200;\"><strong>Teacher\u2019s Book<\/strong>, pp. 416. Disponibile sia in formato cartaceo sia digitale.<\/span><br \/>\n<span style=\"font-size: 12pt; font-family: OpenSans; font-weight: 400;\">Sommario:<\/span><\/p>\n<ul>\n<li>programmazione didattica \/ Piano di lavoro<\/li>\n<li>didattica inclusiva e BES<\/li>\n<li>test di verifica di tutti i Moduli e le Unit\u00e0, in formato editabile<\/li>\n<li>materiali per la preparazione dell\u2019Esame di Stato<\/li>\n<li>soluzioni di tutti gli esercizi e dei test<\/li>\n<li><em>audioscript<\/em> delle attivit\u00e0 di ascolto e dei video<\/li>\n<\/ul>\n<div class=\"centra\">\n<p><span style=\"font-family: verdana, geneva, sans-serif; font-size: 12pt;\"><a href=\"https:\/\/www.edisco.it\/wp-content\/uploads\/2023\/03\/BIT_BY_BIT_NE_Relazione_adozione.pdf\" target=\"_blank\" rel=\"noopener noreferrer\"><img src=\"https:\/\/www.edisco.it\/a-caring-society\/wp-content\/uploads\/sites\/86\/2019\/09\/icona-PDF_60.png\" alt=\"\" align=\"absMiddle\" \/><\/a> <a href=\"https:\/\/www.edisco.it\/wp-content\/uploads\/2023\/03\/BIT_BY_BIT_NE_Relazione_adozione.pdf\" target=\"_blank\" rel=\"noopener noreferrer\"><br \/>\nBIT BY BIT N.E.<br \/>\nRelazione per l'adozione.pdf<\/a><\/span><\/p>\n<p><span style=\"font-size: 12pt;\"><span style=\"font-family: verdana, geneva, sans-serif;\"><a href=\"https:\/\/www.edisco.it\/materiali\/proposte-adozione\/2023\/BIT_BY_BIT_NE_Relazione_adozione.rtf\"><img style=\"line-height: 23.1111px;\" src=\"https:\/\/www.edisco.it\/il-colore-delle-parole\/wp-content\/uploads\/sites\/66\/2015\/04\/icona-Word_60.png\" alt=\"\" align=\"absMiddle\" \/><\/a> <a href=\"https:\/\/www.edisco.it\/materiali\/proposte-adozione\/2023\/BIT_BY_BIT_NE_Relazione_adozione.rtf\"><br \/>\nBIT BY BIT N.E.<br \/>\nRelazione per l'adozione.rtf<\/a><\/span><\/span><\/p>\n<\/div>\n","protected":false},"excerpt":{"rendered":"<p>L\u2019argomento. Bit by Bit \u00e8 un corso di inglese specialistico per il settore Informatico. I contenuti sono ordinati secondo criteri di graduale complessit\u00e0 concettuale e linguistica e vengono esplorati utilizzando le quattro abilit\u00e0 in modo omogeneo e integrato. I brani offrono un assortimento di stili, registri e livelli di difficolt\u00e0. La struttura. Bit by Bit<\/p>\n","protected":false},"author":3,"featured_media":0,"parent":0,"menu_order":0,"comment_status":"closed","ping_status":"closed","template":"page-templates\/scheda_opera.php","meta":[],"acf":[],"_links":{"self":[{"href":"https:\/\/www.edisco.it\/bit-by-bit-new-edition\/wp-json\/wp\/v2\/pages\/7"}],"collection":[{"href":"https:\/\/www.edisco.it\/bit-by-bit-new-edition\/wp-json\/wp\/v2\/pages"}],"about":[{"href":"https:\/\/www.edisco.it\/bit-by-bit-new-edition\/wp-json\/wp\/v2\/types\/page"}],"author":[{"embeddable":true,"href":"https:\/\/www.edisco.it\/bit-by-bit-new-edition\/wp-json\/wp\/v2\/users\/3"}],"replies":[{"embeddable":true,"href":"https:\/\/www.edisco.it\/bit-by-bit-new-edition\/wp-json\/wp\/v2\/comments?post=7"}],"version-history":[{"count":10,"href":"https:\/\/www.edisco.it\/bit-by-bit-new-edition\/wp-json\/wp\/v2\/pages\/7\/revisions"}],"predecessor-version":[{"id":116,"href":"https:\/\/www.edisco.it\/bit-by-bit-new-edition\/wp-json\/wp\/v2\/pages\/7\/revisions\/116"}],"wp:attachment":[{"href":"https:\/\/www.edisco.it\/bit-by-bit-new-edition\/wp-json\/wp\/v2\/media?parent=7"}],"curies":[{"name":"wp","href":"https:\/\/api.w.org\/{rel}","templated":true}]}}