{"id":10,"date":"2023-01-31T13:48:49","date_gmt":"2023-01-31T12:48:49","guid":{"rendered":"https:\/\/www.edisco.it\/business-in-action-new-edition\/?page_id=10"},"modified":"2024-10-01T18:17:59","modified_gmt":"2024-10-01T16:17:59","slug":"scheda-dellopera","status":"publish","type":"page","link":"https:\/\/www.edisco.it\/business-in-action-new-edition\/","title":{"rendered":"Scheda dell&#8217;opera"},"content":{"rendered":"<p><span style=\"font-family: 'Pridi'; font-size: 17pt; color: #31476c; font-weight: 200;\"><strong><br \/>\nL\u2019argomento.<\/strong><\/span><br \/>\n<span style=\"font-size: 12pt; font-family: OpenSans; font-weight: 400;\"><strong><em>Business in Action<\/em><\/strong> \u00e8 un corso di inglese commerciale che promuove lo sviluppo di competenze specifiche, linguistiche e professionali, richieste dal mondo dell\u2019economia e dell\u2019impresa.<\/span><\/p>\n<p>Grazie alla ricchezza del materiale proposto, Business in Action \u2013 concepito per promuovere un apprendimento attivo basato sui contenuti \u2013 offre la possibilit\u00e0 di scegliere gli argomenti sia in base ai programmi delle materie di indirizzo, sia in base agli interessi e al livello di competenza linguistica degli studenti.<\/p>\n<p>I contenuti, veicolati attraverso testi di livelli di complessit\u00e0 crescente (B1, B1+, B2), vengono esplorati utilizzando le quattro abilit\u00e0 in modo omogeneo ed integrato.<\/p>\n<p>I materiali scritti e orali offrono un assortimento di stili, registri e livelli di difficolt\u00e0, e sono tratti da fonti diverse: libri e manuali, quotidiani e notiziari on line e siti web anche specialistici.<\/p>\n<p><span style=\"font-family: 'Pridi'; font-size: 17pt; color: #31476c; font-weight: 200;\"><strong>La struttura.<\/strong><\/span><br \/>\n<span style=\"font-size: 12pt; font-family: OpenSans; font-weight: 400;\"><em>Business in Action<\/em> \u00e8 diviso in cinque Sezioni, ognuna comprendente pi\u00f9 unit\u00e0 articolate in capitoli a pagina chiusa per favorire l\u2019orientamento tra i vari materiali:<\/span><\/p>\n<ol>\n<li><strong>The World of Business<\/strong>: illustra la parte teorica di base e la consolida con esercizi;<\/li>\n<li><strong>Phraseology<\/strong>: mira a dare strumenti operativi e linguistici che preparano alle competenze specifiche del mondo del commercio;<\/li>\n<li><strong>Stakeholders<\/strong>: investiga i principali argomenti inerenti coloro che hanno interesse o operano nel mondo del commercio;<\/li>\n<li><strong>Cross-curricular topics<\/strong>: fornisce spunti per collegamenti trasversali con diverse discipline dei corsi di indirizzo;<\/li>\n<li><strong>Extra<\/strong>: include un supporto lessicale, grammaticale e comunicativo specifico oltre che offrire un ricco sussidio di civilt\u00e0 britannica, americana ed europea.<\/li>\n<\/ol>\n<p>Al termine delle prime quattro sezioni, il testo propone ulteriori attivit\u00e0:<\/p>\n<ul>\n<li><strong>People<\/strong>: Presentazione di imprenditori che hanno cambiato il mondo del business;<\/li>\n<li><strong>Case study<\/strong>: Argomento di attualit\u00e0 corredato di esercizi mirati all\u2019approfondimento e alla discussione;<\/li>\n<li><strong>Real-life skills<\/strong>: Compiti di realt\u00e0 e collaborativi, lavori di gruppo con un taglio di tipo pratico calato nella realt\u00e0;<\/li>\n<li><strong>Mapping your mind<\/strong>: Mappa concettuale riepilogativa.<\/li>\n<\/ul>\n<p>La quinta e ultima sezione comprende quattro Unit\u00e0 dedicate rispettivamente a:<\/p>\n<ul>\n<li><strong>Vocabulary<\/strong>: Attivit\u00e0 di revisione e consolidamento;<\/li>\n<li><strong>Grammar<\/strong>: Revisione delle strutture grammaticali pi\u00f9 comuni con esercizi di rinforzo calati nel contesto;<\/li>\n<li><strong>Civilisation<\/strong>: Breve excursus su storia, geografia, economia, politica, istruzione e cultura di Gran Bretagna e Stati Uniti d\u2019America<\/li>\n<li><strong>How to\u2026<\/strong>: supporto pratico per produrre diverse tipologie di testi come report, newsletter, analisi SWOT e essay<\/li>\n<\/ul>\n<p><span style=\"font-size: 12pt; font-family: OpenSans; font-weight: 400;\">Un ampio <strong>glossario<\/strong> finale riprende i lemmi specifici della microlingua e ne fornisce una definizione in lingua inglese e una traduzione.<\/span><\/p>\n<p><span style=\"font-family: 'Pridi'; font-size: 17pt; color: #31476c; font-weight: 200;\"><strong>Contenuti digitali integrativi<\/strong><\/span><\/p>\n<ul>\n<li>Testi per attivit\u00e0 di approfondimento e di esercitazione<\/li>\n<li>Audio in formato mp3 delle attivit\u00e0 di ascolto<\/li>\n<li>Video per attivit\u00e0 di listening e speaking<\/li>\n<li>Esempio di prova INVALSI<\/li>\n<\/ul>\n<p><span style=\"font-family: 'Pridi'; font-size: 17pt; color: #31476c; font-weight: 200;\"><strong>Teacher\u2019s Book<\/strong>, pp. 416. Disponibile sia in formato cartaceo sia digitale<\/span>:<\/p>\n<ul>\n<li>programmazione didattica \/ Piano di lavoro<\/li>\n<li>didattica inclusiva e BES<\/li>\n<li>test di verifica tutte le Sezioni e le Unit\u00e0, in formato editabile<\/li>\n<li>simulazioni di seconde prove dell\u2019Esame di Stato<\/li>\n<li>soluzioni degli esercizi e note didattiche<\/li>\n<li><em>audioscript<\/em> delle attivit\u00e0 di ascolto e dei video<\/li>\n<\/ul>\n<div class=\"centra\">\n<p><span style=\"font-family: verdana, geneva, sans-serif; font-size: 12pt;\"><a href=\"https:\/\/www.edisco.it\/wp-content\/uploads\/2023\/03\/Business_in_Action_NE_Relazione_adozione.pdf\" target=\"_blank\" rel=\"noopener noreferrer\"><img src=\"https:\/\/www.edisco.it\/a-caring-society\/wp-content\/uploads\/sites\/86\/2019\/09\/icona-PDF_60.png\" alt=\"\" align=\"absMiddle\" \/><\/a> <a href=\"https:\/\/www.edisco.it\/wp-content\/uploads\/2023\/03\/Business_in_Action_NE_Relazione_adozione.pdf\" target=\"_blank\" rel=\"noopener noreferrer\"><br \/>\nBUSINESS IN ACTION N.E.<br \/>\nRelazione per l'adozione.pdf<\/a><\/span><\/p>\n<p><span style=\"font-size: 12pt;\"><span style=\"font-family: verdana, geneva, sans-serif;\"><a href=\"https:\/\/www.edisco.it\/materiali\/proposte-adozione\/2023\/Business_in_Action_NE_Relazione_adozione.rtf\"><img style=\"line-height: 23.1111px;\" src=\"https:\/\/www.edisco.it\/il-colore-delle-parole\/wp-content\/uploads\/sites\/66\/2015\/04\/icona-Word_60.png\" alt=\"\" align=\"absMiddle\" \/><\/a> <a href=\"https:\/\/www.edisco.it\/materiali\/proposte-adozione\/2023\/Business_in_Action_NE_Relazione_adozione.rtf\"><br \/>\nBUSINESS IN ACTION N.E.<br \/>\nRelazione per l'adozione.rtf<\/a><\/span><\/span><\/p>\n<\/div>\n","protected":false},"excerpt":{"rendered":"<p>L\u2019argomento. Business in Action \u00e8 un corso di inglese commerciale che promuove lo sviluppo di competenze specifiche, linguistiche e professionali, richieste dal mondo dell\u2019economia e dell\u2019impresa. Grazie alla ricchezza del materiale proposto, Business in Action \u2013 concepito per promuovere un apprendimento attivo basato sui contenuti \u2013 offre la possibilit\u00e0 di scegliere gli argomenti sia in<\/p>\n","protected":false},"author":3,"featured_media":0,"parent":0,"menu_order":0,"comment_status":"closed","ping_status":"closed","template":"page-templates\/scheda_opera.php","meta":[],"acf":[],"_links":{"self":[{"href":"https:\/\/www.edisco.it\/business-in-action-new-edition\/wp-json\/wp\/v2\/pages\/10"}],"collection":[{"href":"https:\/\/www.edisco.it\/business-in-action-new-edition\/wp-json\/wp\/v2\/pages"}],"about":[{"href":"https:\/\/www.edisco.it\/business-in-action-new-edition\/wp-json\/wp\/v2\/types\/page"}],"author":[{"embeddable":true,"href":"https:\/\/www.edisco.it\/business-in-action-new-edition\/wp-json\/wp\/v2\/users\/3"}],"replies":[{"embeddable":true,"href":"https:\/\/www.edisco.it\/business-in-action-new-edition\/wp-json\/wp\/v2\/comments?post=10"}],"version-history":[{"count":7,"href":"https:\/\/www.edisco.it\/business-in-action-new-edition\/wp-json\/wp\/v2\/pages\/10\/revisions"}],"predecessor-version":[{"id":553,"href":"https:\/\/www.edisco.it\/business-in-action-new-edition\/wp-json\/wp\/v2\/pages\/10\/revisions\/553"}],"wp:attachment":[{"href":"https:\/\/www.edisco.it\/business-in-action-new-edition\/wp-json\/wp\/v2\/media?parent=10"}],"curies":[{"name":"wp","href":"https:\/\/api.w.org\/{rel}","templated":true}]}}