{"id":24,"date":"2014-03-12T21:36:27","date_gmt":"2014-03-12T20:36:27","guid":{"rendered":"https:\/\/www.edisco.it\/facilius\/?page_id=24"},"modified":"2025-06-09T10:20:28","modified_gmt":"2025-06-09T08:20:28","slug":"scheda-dellopera","status":"publish","type":"page","link":"https:\/\/www.edisco.it\/facilius\/","title":{"rendered":"Scheda dell&#8217;opera"},"content":{"rendered":"<div>&nbsp;<\/div>\n<div id=\"fondinorimando\">\n<p><span style=\"font-size: 18pt;\"><a href=\"https:\/\/www.edisco.it\/facilius-plus\/\"><span style=\"color: #800000;\"><strong><span style=\"font-family: verdana, geneva, sans-serif;\">Vai alla nuova edizione -&gt;<\/span><\/strong><\/span><\/a><\/span><\/p>\n<\/div>\n<div id=\"fondopagina\">\n<div>\n<p><span style=\"font-family: 'Pridi'; font-size: 17pt; color: #31476c; font-weight: 200;\"><strong>Struttura e contenuti<\/strong><\/span><\/p>\n<p><span style=\"font-size: 12pt; font-family: OpenSans; font-weight: 400;\"><em>Facilius<\/em> si propone di fornire gli strumenti per un primo apprendimento delle strutture grammaticali latine. Anni di esperienza nell\u2019insegnamento ci hanno fatto sperimentare che i ragazzi imparano pi\u00f9 facilmente e volentieri se ci sono elementi concreti e accattivanti che li aiutano. Da queste considerazioni \u00e8 nata la struttura del testo, organizzato in <strong>27 Unit\u00e0 didattiche <\/strong>pensate in modo da essere incentrate su un\u2019<strong>idea chiave<\/strong>.<\/span><\/p>\n<p><span style=\"font-size: 12pt; font-family: OpenSans; font-weight: 400;\"> L\u2019unit\u00e0 si apre con una \u201cpuntata\u201d di un breve <strong>romanzo<\/strong>, <em><strong>La Domus Argentea<\/strong><\/em>, storia di una famiglia romana del I secolo d. C., riassunta in alcune frasi latine in calce (tradotte in italiano), che propongono le regole prese in considerazione nel corso dell\u2019unit\u00e0.<\/span><\/p>\n<p><span style=\"font-size: 12pt; font-family: OpenSans; font-weight: 400;\">La seconda pagina \u00e8 strettamente connessa alla vicenda romanzesca, perch\u00e9 presenta la <strong>Civilt\u00e0 romana <\/strong>di quel periodo nelle varie situazioni narrative del romanzo, secondo una didattica integrata, volta a potenziare nei ragazzi l\u2019interesse per i diversi aspetti della cultura latina. Questa sezione \u00e8 corredata di un ampio e curato apparato illustrativo.<\/span><\/p>\n<p><span style=\"font-size: 12pt; font-family: OpenSans; font-weight: 400;\">Seguono le <strong>strutture grammaticali<\/strong>, affrontate con prospetti chiari e un ampio apparato di esercizi diversificati: consolidamento dell\u2019analisi logica, lavori di completamento, autocorrezione, traduzioni graduate nella difficolt\u00e0, che non escludono il gioco. Le versioni e le frasi trattano della storia quotidiana di Roma, dei personaggi del romanzo <em>Domus Argentea<\/em>, dei miti, dell\u2019etnografia. Gli <strong>esercizi <\/strong>sono sistematicamente raccolti nelle sezioni <strong>All\u2019opera<\/strong> e <strong>Riepilogo<\/strong>.<\/span><\/p>\n<p><span style=\"font-size: 12pt; font-family: OpenSans; font-weight: 400;\">Ricorrenti in ogni unit\u00e0 sono le <strong>rubriche<\/strong>:<\/span><\/p>\n<\/div>\n<ul>\n<li>\n<div><span style=\"font-size: 12pt; font-family: OpenSans; font-weight: 400;\"><strong>Vocabolario di base<\/strong>, con un\u2019ampia scelta di termini;<\/span><\/div>\n<\/li>\n<li>\n<div><span style=\"font-size: 12pt; font-family: OpenSans; font-weight: 400;\"><strong>Dizionario facile<\/strong>, per guidare alla consultazione;<\/span><\/div>\n<\/li>\n<li>\n<div><span style=\"font-size: 12pt; font-family: OpenSans; font-weight: 400;\"><strong>Il lessico<\/strong>, per analizzare alcuni tra i numerosi prestiti giunti nella lingua italiana da quella latina;<\/span><\/div>\n<\/li>\n<li>\n<div><span style=\"font-size: 12pt; font-family: OpenSans; font-weight: 400;\"><strong>Per tradurre<\/strong> con utili suggerimenti e consigli pratici in modo da acquisire un corretto metodo per tradurre dalla lingua latina;<\/span><\/div>\n<\/li>\n<\/ul>\n<div><span style=\"font-family: 'Pridi'; font-size: 17pt; color: #31476c; font-weight: 200;\"> <strong>Sussidi didattici<\/strong><\/span>&nbsp;&nbsp;&nbsp;<\/p>\n<p><span style=\"font-size: 12pt; font-family: OpenSans; font-weight: 400;\">Per l\u2019esecuzione delle esercitazioni i ragazzi potranno avvalersi del <strong>piccolo vocabolario <\/strong>allegato al volume.<\/span><\/p>\n<p><span style=\"font-size: 12pt; font-family: OpenSans; font-weight: 400;\"> Al Docente viene data la <strong>guida <\/strong>con verifiche sommative, versioni di riepilogo e le soluzioni di tutti gli esercizi.<\/span><\/p>\n<\/div>\n<\/div>\n<div id=\"fondinoschedeadozione\">\n<p><span style=\"font-size: 13pt; font-family: OpenSans; font-weight: 400;\"><a href=\"https:\/\/www.edisco.it\/facilius\/wp-content\/uploads\/sites\/17\/2023\/01\/Facilius_Relazione-per-ladozione_.pdf\" target=\"_blank\" rel=\"noopener\"><img style=\"line-height: 23.1111116872559px;\" src=\"https:\/\/www.edisco.it\/a-caring-society\/wp-content\/uploads\/sites\/86\/2019\/09\/icona-PDF_60.png\" alt=\"\" align=\"absMiddle\"><\/a> <a href=\"https:\/\/www.edisco.it\/facilius\/wp-content\/uploads\/sites\/17\/2023\/01\/Facilius_Relazione-per-ladozione_.pdf\" target=\"_blank\" rel=\"noopener\">Facilius_Relazione per l'adozione.pdf<\/a><\/span><\/p>\n<p><span style=\"font-size: 13pt; font-family: OpenSans; font-weight: 400;\"><a href=\"https:\/\/www.edisco.it\/materiali\/proposte-adozione\/Facilius_Relazione per l'adozione_.rtf\" data-wplink-url-error=\"true\"><img style=\"line-height: 23.1111px;\" src=\"https:\/\/www.edisco.it\/il-colore-delle-parole\/wp-content\/uploads\/sites\/66\/2015\/04\/icona-Word_60.png\" alt=\"\" align=\"absMiddle\">&nbsp; Facilius_Relazione per l'adozione.rtf<\/a><\/span><\/p>\n<\/div>\n","protected":false},"excerpt":{"rendered":"<p>&nbsp; Vai alla nuova edizione -&gt; Struttura e contenuti Facilius si propone di fornire gli strumenti per un primo apprendimento delle strutture grammaticali latine. Anni di esperienza nell\u2019insegnamento ci hanno fatto sperimentare che i ragazzi imparano pi\u00f9 facilmente e volentieri se ci sono elementi concreti e accattivanti che li aiutano. Da queste considerazioni \u00e8 nata<\/p>\n","protected":false},"author":3,"featured_media":0,"parent":0,"menu_order":0,"comment_status":"closed","ping_status":"closed","template":"page-templates\/scheda_opera.php","meta":[],"acf":[],"_links":{"self":[{"href":"https:\/\/www.edisco.it\/facilius\/wp-json\/wp\/v2\/pages\/24"}],"collection":[{"href":"https:\/\/www.edisco.it\/facilius\/wp-json\/wp\/v2\/pages"}],"about":[{"href":"https:\/\/www.edisco.it\/facilius\/wp-json\/wp\/v2\/types\/page"}],"author":[{"embeddable":true,"href":"https:\/\/www.edisco.it\/facilius\/wp-json\/wp\/v2\/users\/3"}],"replies":[{"embeddable":true,"href":"https:\/\/www.edisco.it\/facilius\/wp-json\/wp\/v2\/comments?post=24"}],"version-history":[{"count":40,"href":"https:\/\/www.edisco.it\/facilius\/wp-json\/wp\/v2\/pages\/24\/revisions"}],"predecessor-version":[{"id":205,"href":"https:\/\/www.edisco.it\/facilius\/wp-json\/wp\/v2\/pages\/24\/revisions\/205"}],"wp:attachment":[{"href":"https:\/\/www.edisco.it\/facilius\/wp-json\/wp\/v2\/media?parent=24"}],"curies":[{"name":"wp","href":"https:\/\/api.w.org\/{rel}","templated":true}]}}