{"id":6,"date":"2018-03-29T11:31:17","date_gmt":"2018-03-29T09:31:17","guid":{"rendered":"https:\/\/www.edisco.it\/fiches-de-grammaire-4\/?page_id=6"},"modified":"2023-02-20T11:31:31","modified_gmt":"2023-02-20T10:31:31","slug":"scheda-dellopera","status":"publish","type":"page","link":"https:\/\/www.edisco.it\/fiches-de-grammaire-4\/","title":{"rendered":"Scheda dell&#8217;opera"},"content":{"rendered":"<div id=\"fondopagina\">\n<p>&nbsp;<\/p>\n<p><span style=\"font-family: verdana, geneva, sans-serif; font-size: 11pt;\"><span style=\"font-size: 14pt; color: #4786b5;\"><em><strong>Fiches de Grammaire<\/strong><\/em><\/span> \u00e8 una <strong>grammatica-eserciziario<\/strong> destinata a studenti sia <strong>principianti<\/strong>, sia di <strong>livello medio avanzato<\/strong>. <br \/><\/span><br \/><span style=\"font-family: verdana, geneva, sans-serif; font-size: 11pt;\">La <strong>vastit\u00e0 della trattazione teorica<\/strong> fa s\u00ec che il testo possa fornire un supporto valido per tutti i corsi di Scuola Secondaria di 2\u00b0 grado. <\/span><br \/><span style=\"font-family: verdana, geneva, sans-serif; font-size: 11pt;\">Strumento di <strong>studio<\/strong>, di <strong>riferimento<\/strong>, e di <strong>revisione<\/strong>, pu\u00f2 essere un utile complemento di qualunque \u201cmetodo\u201d per sistematizzare e\/o approfondire le strutture grammaticali, ma pu\u00f2 anche essere usato per il <strong>sostegno<\/strong> e il <strong>recupero<\/strong>, lo <strong>studio individuale<\/strong> e la <strong>preparazione alle certificazioni del DELF<\/strong>. <\/span><\/p>\n<p><span style=\"font-size: 14pt; color: #4786b5;\"><strong><span style=\"font-family: verdana, geneva, sans-serif;\"><br \/>La struttura e gli strumenti didattici<br \/><\/span><\/strong><\/span><br \/><span style=\"font-family: verdana, geneva, sans-serif; font-size: 11pt;\"><strong>Il testo \u00e8 suddiviso in 100 <\/strong>\u201c<strong>fiches<\/strong>\u201d ognuna delle quali contiene chiare <strong>spiegazioni teoriche<\/strong> seguite da numerosi <strong>esercizi applicativi<\/strong>. <br \/><\/span><br \/><span style=\"font-family: verdana, geneva, sans-serif; font-size: 11pt;\">La successione delle \u201cfiches\u201d rispetta il <strong>criterio della gradualit\u00e0<\/strong>: dal pi\u00f9 semplice al pi\u00f9 complesso. <\/span><br \/><span style=\"font-family: verdana, geneva, sans-serif; font-size: 11pt;\">Passo dopo passo, lo studente \u00e8 guidato verso l\u2019<strong>acquisizione delle principali strutture del francese<\/strong> senza le quali non si pu\u00f2 giungere ad una corretta comunicazione. <\/span><\/p>\n<p><span style=\"font-family: verdana, geneva, sans-serif; font-size: 11pt;\">Ciononostante <strong>questa grammatica si presta ad un uso flessibile<\/strong> e, individualmente o in classe, ognuno potr\u00e0 seguire l\u2019ordine che meglio risponde alle sue esigenze, con la massima libert\u00e0.<\/span><\/p>\n<p><span style=\"font-family: verdana, geneva, sans-serif; font-size: 11pt;\">La trattazione \u00e8 <strong>completa<\/strong> e <strong>dettagliata<\/strong>. <br \/><\/span><br \/><span style=\"font-family: verdana, geneva, sans-serif; font-size: 11pt;\"><strong>Gli argomenti sono spiegati in italiano<\/strong>, sia per una pi\u00f9 facile e sicura comprensione, sia per una consultazione autonoma da parte dello studente.<br \/><\/span><br \/><span style=\"font-family: verdana, geneva, sans-serif; font-size: 11pt;\">L\u2019esposizione, semplice e chiara, \u00e8 corredata da <strong>schemi che facilitano l\u2019apprendimento<\/strong>, da <strong>esempi<\/strong>, da <strong>note<\/strong> e da <strong>rimandi ad altre <\/strong>\u201c<strong>fiches<\/strong>\u201d utili per una visione pi\u00f9 ampia dell\u2019argomento.<br \/><\/span><br \/><span style=\"font-family: verdana, geneva, sans-serif; font-size: 11pt;\">Per cercare di eliminare gli errori dovuti alle interferenze francese\/italiano il testo affronta l\u2019argomento in chiave contrastiva.<\/span><\/p>\n<p>&nbsp;<\/p>\n<div class=\"centra\"><span style=\"font-family: verdana, geneva, sans-serif; font-size: 12pt;\"><a href=\"https:\/\/www.edisco.it\/fiches-de-grammaire-4\/wp-content\/uploads\/sites\/99\/2018\/04\/Fiches_de_grammaire_4ed_Relazione_per_l_adozione_.pdf\" target=\"_blank\" rel=\"noopener noreferrer\"><img style=\"line-height: 23.1111116872559px;\" src=\"https:\/\/www.edisco.it\/a-caring-society\/wp-content\/uploads\/sites\/86\/2019\/09\/icona-PDF_60.png\" alt=\"\" align=\"absMiddle\" \/>\u00a0<\/a><a href=\"https:\/\/www.edisco.it\/fiches-de-grammaire-4\/wp-content\/uploads\/sites\/99\/2018\/04\/Fiches_de_grammaire_4ed_Relazione_per_l_adozione_.pdf\" target=\"_blank\" rel=\"noopener noreferrer\"><br \/>FICHES DE GRAMMAIRE <br \/>Relazione per l'adozione.pdf<\/a><\/span><\/p>\n<p><span style=\"font-size: 12pt;\"><span style=\"font-family: verdana, geneva, sans-serif;\"><a href=\"https:\/\/www.edisco.it\/materiali\/proposte-adozione\/2018\/Fiches_de_grammaire_4ed_Relazione_per_l_adozione_.rtf\"><img style=\"line-height: 23.1111px;\" src=\"https:\/\/www.edisco.it\/il-colore-delle-parole\/wp-content\/uploads\/sites\/66\/2015\/04\/icona-Word_60.png\" alt=\"\" align=\"absMiddle\" \/>\u00a0 <\/a><a href=\"https:\/\/www.edisco.it\/materiali\/proposte-adozione\/2018\/Fiches_de_grammaire_4ed_Relazione_per_l_adozione_.rtf\"><br \/>FICHES DE GRAMMAIRE <br \/>Relazione per l'adozione.rtf<\/a><\/span><\/span><\/p>\n<\/div>\n<\/div>\n","protected":false},"excerpt":{"rendered":"<p>&nbsp; Fiches de Grammaire \u00e8 una grammatica-eserciziario destinata a studenti sia principianti, sia di livello medio avanzato. La vastit\u00e0 della trattazione teorica fa s\u00ec che il testo possa fornire un supporto valido per tutti i corsi di Scuola Secondaria di 2\u00b0 grado. Strumento di studio, di riferimento, e di revisione, pu\u00f2 essere un utile complemento<\/p>\n","protected":false},"author":3,"featured_media":0,"parent":0,"menu_order":1,"comment_status":"closed","ping_status":"closed","template":"page-templates\/scheda_opera.php","meta":[],"acf":[],"_links":{"self":[{"href":"https:\/\/www.edisco.it\/fiches-de-grammaire-4\/wp-json\/wp\/v2\/pages\/6"}],"collection":[{"href":"https:\/\/www.edisco.it\/fiches-de-grammaire-4\/wp-json\/wp\/v2\/pages"}],"about":[{"href":"https:\/\/www.edisco.it\/fiches-de-grammaire-4\/wp-json\/wp\/v2\/types\/page"}],"author":[{"embeddable":true,"href":"https:\/\/www.edisco.it\/fiches-de-grammaire-4\/wp-json\/wp\/v2\/users\/3"}],"replies":[{"embeddable":true,"href":"https:\/\/www.edisco.it\/fiches-de-grammaire-4\/wp-json\/wp\/v2\/comments?post=6"}],"version-history":[{"count":12,"href":"https:\/\/www.edisco.it\/fiches-de-grammaire-4\/wp-json\/wp\/v2\/pages\/6\/revisions"}],"predecessor-version":[{"id":118,"href":"https:\/\/www.edisco.it\/fiches-de-grammaire-4\/wp-json\/wp\/v2\/pages\/6\/revisions\/118"}],"wp:attachment":[{"href":"https:\/\/www.edisco.it\/fiches-de-grammaire-4\/wp-json\/wp\/v2\/media?parent=6"}],"curies":[{"name":"wp","href":"https:\/\/api.w.org\/{rel}","templated":true}]}}