{"id":9,"date":"2017-03-30T14:55:59","date_gmt":"2017-03-30T12:55:59","guid":{"rendered":"https:\/\/www.edisco.it\/forget-me-not\/?page_id=9"},"modified":"2023-02-13T16:16:32","modified_gmt":"2023-02-13T15:16:32","slug":"scheda-dellopera","status":"publish","type":"page","link":"https:\/\/www.edisco.it\/forget-me-not\/","title":{"rendered":"Scheda dell&#8217;opera"},"content":{"rendered":"<div id=\"fondopagina\">\n<p>&nbsp;<\/p>\n<p><span style=\"font-size: 12pt; font-family: OpenSans; font-weight: 400;\"><em><strong>Forget-me-not<\/strong><\/em> \u00e8 un <\/span><span style=\"font-size: 12pt; font-family: OpenSans; font-weight: 400;\">supporto all\u2019apprendimento della <\/span><span style=\"font-size: 12pt; font-family: OpenSans; font-weight: 400;\"><strong>grammatica<\/strong> inglese <\/span><span style=\"font-size: 12pt; font-family: OpenSans; font-weight: 400;\">che ripropone, <\/span><span style=\"font-size: 12pt; font-family: OpenSans; font-weight: 400;\">sintetizza e rinforza la conoscenza <\/span><span style=\"font-size: 12pt; font-family: OpenSans; font-weight: 400;\">degli argomenti strutturali <\/span><span style=\"font-size: 12pt; font-family: OpenSans; font-weight: 400;\">gi\u00e0 affrontati nel testo di lingua.<br \/>\nPu\u00f2 <\/span><span style=\"font-size: 12pt; font-family: OpenSans; font-weight: 400;\">affiancare un testo di grammatica <\/span><span style=\"font-size: 12pt; font-family: OpenSans; font-weight: 400;\">pi\u00f9 articolato, oltre che essere <\/span><span style=\"font-size: 12pt; font-family: OpenSans; font-weight: 400;\">usato nelle attivit\u00e0 di recupero o <\/span><span style=\"font-size: 12pt; font-family: OpenSans; font-weight: 400;\">per svolgere i lavori estivi.<\/span><br \/>\n<span style=\"font-size: 12pt; font-family: OpenSans; font-weight: 400;\">\u00c8 organizzato in tre volumi, indipendenti <\/span><span style=\"font-size: 12pt; font-family: OpenSans; font-weight: 400;\">l\u2019uno dall\u2019altro, che rispecchiano <\/span><span style=\"font-size: 12pt; font-family: OpenSans; font-weight: 400;\">la progressione nello studio della <\/span><span style=\"font-size: 12pt; font-family: OpenSans; font-weight: 400;\">grammatica e i livelli di conoscenza <\/span><span style=\"font-size: 12pt; font-family: OpenSans; font-weight: 400;\">della lingua:<\/span><br \/>\n<span style=\"font-size: 12pt; font-family: OpenSans; font-weight: 400;\">\u2013 il <strong>primo<\/strong> volume tratta le strutture <\/span><span style=\"font-size: 12pt; font-family: OpenSans; font-weight: 400;\">di base, corrispondenti al livello <\/span><span style=\"font-size: 12pt; font-family: OpenSans; font-weight: 400;\">beginner\/elementary o <strong>A1\/A2<\/strong> <\/span><span style=\"font-size: 12pt; font-family: OpenSans; font-weight: 400;\">del Quadro Comune Europeo <\/span><span style=\"font-size: 12pt; font-family: OpenSans; font-weight: 400;\">di Riferimento<\/span><br \/>\n<span style=\"font-size: 12pt; font-family: OpenSans; font-weight: 400;\">\u2013 il <strong>secondo<\/strong> volume affronta <\/span><span style=\"font-size: 12pt; font-family: OpenSans; font-weight: 400;\">strutture pi\u00f9 complesse, corrispondenti <\/span><span style=\"font-size: 12pt; font-family: OpenSans; font-weight: 400;\">al livello pre-intermediate <\/span><span style=\"font-size: 12pt; font-family: OpenSans; font-weight: 400;\">o <strong>B1<\/strong> del QCER<\/span><br \/>\n<span style=\"font-size: 12pt; font-family: OpenSans; font-weight: 400;\">\u2013 il <strong>terzo<\/strong> volume completa l\u2019esame <\/span><span style=\"font-size: 12pt; font-family: OpenSans; font-weight: 400;\">degli argomenti grammaticali, <\/span><span style=\"font-size: 12pt; font-family: OpenSans; font-weight: 400;\">fino a coprire il livello upperintermediate <\/span><span style=\"font-size: 12pt; font-family: OpenSans; font-weight: 400;\">o <strong>B2+<\/strong> del QCER<\/span><\/p>\n<p><span style=\"font-size: 12pt; color: #000080;\"><strong><span style=\"font-family: verdana, geneva, sans-serif;\"><br \/>\n<\/span><\/strong><\/span><span style=\"font-size: 12pt; font-family: OpenSans; font-weight: 400;\">I tre volumi:<\/span><br \/>\n<span style=\"font-size: 12pt; font-family: OpenSans; font-weight: 400;\">\u2022 sono suddivisi in <strong>macro gruppi <\/strong><\/span><strong><span style=\"font-size: 12pt; font-family: OpenSans; font-weight: 400;\">tematici<\/span><\/strong><br \/>\n<span style=\"font-size: 12pt; font-family: OpenSans; font-weight: 400;\">\u2022 si basano su un <strong>metodo induttivo<\/strong>: <\/span><span style=\"font-size: 12pt; font-family: OpenSans; font-weight: 400;\">allo studente viene cio\u00e8 chiesto <\/span><span style=\"font-size: 12pt; font-family: OpenSans; font-weight: 400;\">di completare un quadro normativo <\/span><span style=\"font-size: 12pt; font-family: OpenSans; font-weight: 400;\">attraverso l\u2019inserimento <\/span><span style=\"font-size: 12pt; font-family: OpenSans; font-weight: 400;\">nel testo di parole date in un <\/span><span style=\"font-size: 12pt; font-family: OpenSans; font-weight: 400;\">riquadro iniziale. Questo compito <\/span><span style=\"font-size: 12pt; font-family: OpenSans; font-weight: 400;\">obbliga lo studente ad una lettura <\/span><span style=\"font-size: 12pt; font-family: OpenSans; font-weight: 400;\">interattiva, non superficiale e distratta, <\/span><span style=\"font-size: 12pt; font-family: OpenSans; font-weight: 400;\">ed attiva in lui dei processi <\/span><span style=\"font-size: 12pt; font-family: OpenSans; font-weight: 400;\">cognitivi che lo aiutano ad <\/span><span style=\"font-size: 12pt; font-family: OpenSans; font-weight: 400;\">apprendere e memorizzare<\/span><br \/>\n<span style=\"font-size: 12pt; font-family: OpenSans; font-weight: 400;\">\u2022 presentano alcune unit\u00e0 di lavoro <\/span><span style=\"font-size: 12pt; font-family: OpenSans; font-weight: 400;\">che <strong>mettono a confronto<\/strong> due o <\/span><span style=\"font-size: 12pt; font-family: OpenSans; font-weight: 400;\">pi\u00f9 strutture, che spesso creano <\/span><span style=\"font-size: 12pt; font-family: OpenSans; font-weight: 400;\">difficolt\u00e0 allo studente italiano<\/span><br \/>\n<span style=\"font-size: 12pt; font-family: OpenSans; font-weight: 400;\">\u2022 presentano una <strong>sezione riassuntiva<\/strong> <\/span><span style=\"font-size: 12pt; font-family: OpenSans; font-weight: 400;\">(<em>round-up<\/em>) alla fine del macroargomento, <\/span><span style=\"font-size: 12pt; font-family: OpenSans; font-weight: 400;\">in cui lo studente <\/span><span style=\"font-size: 12pt; font-family: OpenSans; font-weight: 400;\">deve puntualizzare gli aspetti principali <\/span><span style=\"font-size: 12pt; font-family: OpenSans; font-weight: 400;\">di tutte le strutture trattate <\/span><span style=\"font-size: 12pt; font-family: OpenSans; font-weight: 400;\">in quella sezione, completando <\/span><span style=\"font-size: 12pt; font-family: OpenSans; font-weight: 400;\"><strong>tabelle sinottiche<\/strong>, anch\u2019esse interattive<\/span><br \/>\n<span style=\"font-size: 12pt; font-family: OpenSans; font-weight: 400;\">\u2022 presentano un <strong>congruo numero <\/strong><\/span><span style=\"font-size: 12pt; font-family: OpenSans; font-weight: 400;\"><strong>di esercizi<\/strong>, sia sui singoli argomenti <\/span><span style=\"font-size: 12pt; font-family: OpenSans; font-weight: 400;\">che nei <em>round-up<\/em>, proposti <\/span><span style=\"font-size: 12pt; font-family: OpenSans; font-weight: 400;\">con un linguaggio semplice, della <\/span><span style=\"font-size: 12pt; font-family: OpenSans; font-weight: 400;\">quotidianit\u00e0 e di tipologia varia, in <\/span><span style=\"font-size: 12pt; font-family: OpenSans; font-weight: 400;\">ordine crescente di difficolt\u00e0<\/span><br \/>\n<span style=\"font-size: 12pt; font-family: OpenSans; font-weight: 400;\">\u2022 propongono, nelle pagine degli <\/span><span style=\"font-size: 12pt; font-family: OpenSans; font-weight: 400;\">esercizi degli <strong>aiuti linguistici<\/strong> con la <\/span><span style=\"font-size: 12pt; font-family: OpenSans; font-weight: 400;\">traduzione da e in inglese dei termini <\/span><span style=\"font-size: 12pt; font-family: OpenSans; font-weight: 400;\">meno comuni, in modo che <\/span><span style=\"font-size: 12pt; font-family: OpenSans; font-weight: 400;\">lo studente si possa concentrare <\/span><span style=\"font-size: 12pt; font-family: OpenSans; font-weight: 400;\">sull\u2019applicazione delle regole.<\/span><\/p>\n<p>&nbsp;<\/p>\n<\/div>\n","protected":false},"excerpt":{"rendered":"<p>&nbsp; Forget-me-not \u00e8 un supporto all\u2019apprendimento della grammatica inglese che ripropone, sintetizza e rinforza la conoscenza degli argomenti strutturali gi\u00e0 affrontati nel testo di lingua. Pu\u00f2 affiancare un testo di grammatica pi\u00f9 articolato, oltre che essere usato nelle attivit\u00e0 di recupero o per svolgere i lavori estivi. \u00c8 organizzato in tre volumi, indipendenti l\u2019uno dall\u2019altro,<\/p>\n","protected":false},"author":3,"featured_media":0,"parent":0,"menu_order":0,"comment_status":"closed","ping_status":"closed","template":"page-templates\/scheda_opera.php","meta":[],"acf":[],"_links":{"self":[{"href":"https:\/\/www.edisco.it\/forget-me-not\/wp-json\/wp\/v2\/pages\/9"}],"collection":[{"href":"https:\/\/www.edisco.it\/forget-me-not\/wp-json\/wp\/v2\/pages"}],"about":[{"href":"https:\/\/www.edisco.it\/forget-me-not\/wp-json\/wp\/v2\/types\/page"}],"author":[{"embeddable":true,"href":"https:\/\/www.edisco.it\/forget-me-not\/wp-json\/wp\/v2\/users\/3"}],"replies":[{"embeddable":true,"href":"https:\/\/www.edisco.it\/forget-me-not\/wp-json\/wp\/v2\/comments?post=9"}],"version-history":[{"count":11,"href":"https:\/\/www.edisco.it\/forget-me-not\/wp-json\/wp\/v2\/pages\/9\/revisions"}],"predecessor-version":[{"id":174,"href":"https:\/\/www.edisco.it\/forget-me-not\/wp-json\/wp\/v2\/pages\/9\/revisions\/174"}],"wp:attachment":[{"href":"https:\/\/www.edisco.it\/forget-me-not\/wp-json\/wp\/v2\/media?parent=9"}],"curies":[{"name":"wp","href":"https:\/\/api.w.org\/{rel}","templated":true}]}}