{"id":108,"date":"2015-01-28T14:59:12","date_gmt":"2015-01-28T13:59:12","guid":{"rendered":"https:\/\/www.edisco.it\/i-coriandoli\/?page_id=108"},"modified":"2023-03-03T14:34:03","modified_gmt":"2023-03-03T13:34:03","slug":"mare-clandestino","status":"publish","type":"page","link":"https:\/\/www.edisco.it\/i-coriandoli\/configurazione\/mare-clandestino\/","title":{"rendered":"Mare clandestino"},"content":{"rendered":"<div><span style=\"font-size: 8pt;\"><strong><span style=\"color: #4786b5;\"><span style=\"font-family: verdana,geneva,sans-serif;\"><br \/><\/span><\/span><\/strong><span style=\"font-size: 12pt;\"><strong><span style=\"color: #4786b5;\"><span style=\"font-family: verdana,geneva,sans-serif;\">Consigliato per le classi II-III<\/span><\/span><\/strong><\/span><\/span><\/div>\n<div>\n<p>&nbsp;<\/p>\n<\/div>\n<div><span style=\"color: #000000; font-family: verdana, geneva, sans-serif; font-size: 11pt;\"><span style=\"color: #000;\"><span style=\"font-size: 12pt;\"><span style=\"color: #000080;\"><strong>Il contenuto<\/strong><\/span>.<\/span> Mare clandestino \u00e8 un racconto \u00abgiallo\u00bb, con tanto di \u00abcattivo\u00bb e di audaci iniziative da parte di un ragazzo sveglio e un po\u2019 incosciente, aiutato da un amico fedele, anche se un po\u2019 troppo abile nell\u2019aprire le serrature altrui\u2026<br \/> Tutto parte da un porticciolo ligure in cui si dondolano all\u2019ormeggio i piccoli battelli dei turisti che amano il mare. Uno degli scafi attira l\u2019attenzione del giovanissimo protagonista a causa di un\u2019anomalia che soltanto lui sa notare. Da l\u00ec, si diparte una pista che i due amici seguiranno sui loro motorini e che li coinvolger\u00e0 in una storia, alla fine, pi\u00f9 grande di loro. Soltanto la collaborazione con uno dei genitori e, di conseguenza, con un maresciallo dei Carabinieri disposto a dare seriamente credito a un adolescente riuscir\u00e0 a dipanare la matassa che vede coinvolta, tra gli altri, una meravigliosa ragazzina dagli occhi incantevoli\u2026<br \/> L'avventura porta i due protagonisti, e il lettore, a riflettere su di un dramma dei nostri giorni, che si consuma accanto a noi ma che spesso decidiamo di non vedere; i due giovani protagonisti scoprono, non dagli articoli di un giornale o dalle parole di qualche specialista ma dall'esperienza diretta, le ragioni della tristezza profonda e dell'assenza di luce negli occhi di quanti lasciano tutto per migrare in Paesi che spesso riservano loro amare sorprese e impietoso sfruttamento.<\/span><\/span><\/p>\n<p>&nbsp;<\/p>\n<p><span style=\"font-family: verdana, geneva, sans-serif; font-size: 11pt;\"><span style=\"font-size: 12pt;\"><span style=\"color: #000080;\"><strong>Apparati didattici<\/strong><\/span>.<\/span> La sezione finale vuole essere un momento di riflessione sui singoli capitoli e sul romanzo nel suo complesso, per coglierne la trama e i contenuti, per riflettere sui messaggi trasmessi, per arricchire il proprio lessico e la consapevolezza linguistica e, non ultimo, per migliorare la propria abilit\u00e0 di scrittura. Obiettivi di grande significato, cui si tende mediante un approccio semplice e vario, mediante proposte che tengono sempre presente che lo scopo principale di un libro di narrativa \u00e8 accrescere il piacere della lettura.<\/span><br \/><span style=\"font-family: verdana, geneva, sans-serif; font-size: 11pt;\"> In appendice si trovano alcuni approfondimenti per capire il problema di grande attualit\u00e0 nel mondo di oggi costituito dai profughi di guerra o profughi politici, per poter essere in grado di dare delle risposte che non siano superficiali o basate su luoghi comuni e tanto meno su preconcetti o prevenzioni.<\/span><\/p>\n<\/div>\n<p>&nbsp;<\/p>\n<p><a href=\"https:\/\/www.edisco.it\/i-coriandoli\/wp-content\/uploads\/sites\/77\/2016\/06\/mare-clandestino_preview.pdf\" target=\"_blank\" rel=\"noopener noreferrer\"><img src=\"https:\/\/www.edisco.it\/a-caring-society\/wp-content\/uploads\/sites\/86\/2019\/09\/icona-PDF_60.png\" alt=\"\" align=\"absMiddle\" \/>\u00a0<\/a> <span style=\"font-family: verdana,geneva,sans-serif;\"><span style=\"font-size: 12pt;\"> <a href=\"https:\/\/www.edisco.it\/i-coriandoli\/wp-content\/uploads\/sites\/77\/2016\/06\/mare-clandestino_preview.pdf\" target=\"_blank\" rel=\"noopener noreferrer\">Mare clandestino_Anteprima.pdf<\/a>\u00a0<\/span><\/span><\/p>\n<iframe src=\"\/\/docs.google.com\/viewer?url=https%3A%2F%2Fwww.edisco.it%2Fi-coriandoli%2Fwp-content%2Fuploads%2Fsites%2F77%2F2016%2F06%2Fmare-clandestino_preview.pdf&hl=it&embedded=true\" class=\"gde-frame\" style=\"width:100%; height:1100px; border: none;\" scrolling=\"no\"><\/iframe>\n<p class=\"gde-text\"><a href=\"https:\/\/www.edisco.it\/i-coriandoli\/wp-content\/uploads\/sites\/77\/2016\/06\/mare-clandestino_preview.pdf\" class=\"gde-link\">Download (PDF, 273KB)<\/a><\/p>\n<div>\u00a0<\/div>\n<div>\u00a0<\/div>\n<div>\u00a0<\/div>\n","protected":false},"excerpt":{"rendered":"<p>Consigliato per le classi II-III &nbsp; Il contenuto. Mare clandestino \u00e8 un racconto \u00abgiallo\u00bb, con tanto di \u00abcattivo\u00bb e di audaci iniziative da parte di un ragazzo sveglio e un po\u2019 incosciente, aiutato da un amico fedele, anche se un po\u2019 troppo abile nell\u2019aprire le serrature altrui\u2026 Tutto parte da un porticciolo ligure in cui<\/p>\n","protected":false},"author":3,"featured_media":0,"parent":28,"menu_order":36,"comment_status":"closed","ping_status":"closed","template":"page-templates\/dettaglio_volume.php","meta":[],"acf":[],"_links":{"self":[{"href":"https:\/\/www.edisco.it\/i-coriandoli\/wp-json\/wp\/v2\/pages\/108"}],"collection":[{"href":"https:\/\/www.edisco.it\/i-coriandoli\/wp-json\/wp\/v2\/pages"}],"about":[{"href":"https:\/\/www.edisco.it\/i-coriandoli\/wp-json\/wp\/v2\/types\/page"}],"author":[{"embeddable":true,"href":"https:\/\/www.edisco.it\/i-coriandoli\/wp-json\/wp\/v2\/users\/3"}],"replies":[{"embeddable":true,"href":"https:\/\/www.edisco.it\/i-coriandoli\/wp-json\/wp\/v2\/comments?post=108"}],"version-history":[{"count":7,"href":"https:\/\/www.edisco.it\/i-coriandoli\/wp-json\/wp\/v2\/pages\/108\/revisions"}],"predecessor-version":[{"id":706,"href":"https:\/\/www.edisco.it\/i-coriandoli\/wp-json\/wp\/v2\/pages\/108\/revisions\/706"}],"up":[{"embeddable":true,"href":"https:\/\/www.edisco.it\/i-coriandoli\/wp-json\/wp\/v2\/pages\/28"}],"wp:attachment":[{"href":"https:\/\/www.edisco.it\/i-coriandoli\/wp-json\/wp\/v2\/media?parent=108"}],"curies":[{"name":"wp","href":"https:\/\/api.w.org\/{rel}","templated":true}]}}