{"id":114,"date":"2015-01-28T15:00:18","date_gmt":"2015-01-28T14:00:18","guid":{"rendered":"https:\/\/www.edisco.it\/i-coriandoli\/?page_id=114"},"modified":"2023-03-03T14:34:25","modified_gmt":"2023-03-03T13:34:25","slug":"il-delitto-sereni","status":"publish","type":"page","link":"https:\/\/www.edisco.it\/i-coriandoli\/configurazione\/il-delitto-sereni\/","title":{"rendered":"Il delitto Sereni"},"content":{"rendered":"<div><span style=\"font-size: 8pt;\"><strong><span style=\"color: #4786b5;\"><span style=\"font-family: verdana,geneva,sans-serif;\"><br \/><\/span><\/span><\/strong><span style=\"font-size: 12pt;\"><strong><span style=\"color: #4786b5;\"><span style=\"font-family: verdana,geneva,sans-serif;\">A\u00a0cura di Rossella Togliani<\/span><\/span><\/strong><\/span><\/span><\/div>\n<div><span style=\"font-size: 8pt;\"><span style=\"font-size: 12pt;\"><strong><span style=\"color: #4786b5;\"><span style=\"font-family: verdana,geneva,sans-serif;\"><br \/>PREMIO SELEZIONE BANCARELLINO<br \/><\/span><\/span><\/strong><\/span><\/span><\/div>\n<div>\u00a0<\/div>\n<div><span style=\"font-size: 8pt;\"><span style=\"font-size: 12pt;\"><strong><span style=\"color: #4786b5;\"><span style=\"font-family: verdana,geneva,sans-serif;\">Consigliato per le classi II-III<\/p>\n<p><\/span><\/span><\/strong><\/span><\/span><\/div>\n<div>\u00a0<\/div>\n<div><span style=\"color: #000000; font-family: verdana, geneva, sans-serif; font-size: 11pt;\"><span style=\"color: #000;\"><span style=\"font-size: 12pt;\"><span style=\"color: #000080;\"><strong>La trama<\/strong><\/span>.<\/span> Il romanzo di Elio Scialla si presenta con pi\u00f9 valenze. Prima di tutto \u00e8 un giallo in piena regola: Mario Sereni, bidello custode presso un liceo torinese, viene trovato morto in circostanze poco chiare nelle cantine dell\u2019edificio scolastico; a condurre le indagini il simpatico commissario Garfagnana, ben noto ai lettori perch\u00e9 \u00e8 stato gi\u00e0 protagonista di altri romanzi di questo scrittore per ragazzi. Una vicenda che si snoda tra le strade d\u2019una Torino invernale, tra inseguimenti e aggressioni, sequestri di persona, colpi di scena e laceranti casi di coscienza.<br \/> Sullo sfondo il mondo della scuola: i professori, i bidelli, ma soprattutto i ragazzi. Tra il liceo di Torino e la scuola media di un paese non troppo distante nasce una fitta corrispondenza che non solo accompagner\u00e0 i successivi intricati sviluppi del caso Sereni, ma ne determiner\u00e0 anche in modo sostanziale le svolte e la soluzione finale.<\/span><\/span><\/p>\n<p>&nbsp;<\/p>\n<p><span style=\"font-family: verdana, geneva, sans-serif; font-size: 11pt;\"><span style=\"font-size: 12pt;\"><span style=\"color: #000080;\"><strong>Finalit\u00e0 didattiche<\/strong><\/span>.<\/span> Il romanzo si arricchisce di un\u2019altra significativa valenza perch\u00e9 propone un quadro attento ed efficace del mondo degli adolescenti, esplorato con attenzione e profondit\u00e0, nei suoi tratti essenziali: la spensieratezza, la voglia di evadere, il fascino del mistero e dell\u2019ignoto, i primi turbamenti amorosi, la grande fame di amicizia e la capacit\u00e0 di abnegazione: tutti aspetti in cui ogni lettore giovane pu\u00f2 scoprire con sorpresa, sentendoli propri e vicini.<\/span><br \/><span style=\"font-family: verdana, geneva, sans-serif; font-size: 11pt;\"> La lettura del Delitto Sereni permette di allargare il discorso sulle strutture e le caratteristiche del romanzo giallo e offre una notevole ricchezza di spunti per la discussione e il confronto sul tema importante del dovere.<\/span><\/p>\n<\/div>\n<p>&nbsp;<\/p>\n<p><a href=\"https:\/\/www.edisco.it\/i-coriandoli\/wp-content\/uploads\/sites\/77\/2016\/06\/il-delitto-sereni_preview.pdf\" target=\"_blank\" rel=\"noopener noreferrer\"><img src=\"https:\/\/www.edisco.it\/a-caring-society\/wp-content\/uploads\/sites\/86\/2019\/09\/icona-PDF_60.png\" alt=\"\" align=\"absMiddle\" \/>\u00a0<\/a> <span style=\"font-family: verdana,geneva,sans-serif;\"><span style=\"font-size: 12pt;\"> <a href=\"https:\/\/www.edisco.it\/i-coriandoli\/wp-content\/uploads\/sites\/77\/2016\/06\/il-delitto-sereni_preview.pdf\" target=\"_blank\" rel=\"noopener noreferrer\">Il delitto Sereni_Anteprima.pdf<\/a>\u00a0<\/span><\/span><\/p>\n<iframe src=\"\/\/docs.google.com\/viewer?url=https%3A%2F%2Fwww.edisco.it%2Fi-coriandoli%2Fwp-content%2Fuploads%2Fsites%2F77%2F2016%2F06%2Fil-delitto-sereni_preview.pdf&hl=it&embedded=true\" class=\"gde-frame\" style=\"width:100%; height:1100px; border: none;\" scrolling=\"no\"><\/iframe>\n<p class=\"gde-text\"><a href=\"https:\/\/www.edisco.it\/i-coriandoli\/wp-content\/uploads\/sites\/77\/2016\/06\/il-delitto-sereni_preview.pdf\" class=\"gde-link\">Download (PDF, 184KB)<\/a><\/p>\n<div>\u00a0<\/div>\n<div>\u00a0<\/div>\n<div>\u00a0<\/div>\n","protected":false},"excerpt":{"rendered":"<p>A\u00a0cura di Rossella Togliani PREMIO SELEZIONE BANCARELLINO \u00a0 Consigliato per le classi II-III \u00a0 La trama. Il romanzo di Elio Scialla si presenta con pi\u00f9 valenze. Prima di tutto \u00e8 un giallo in piena regola: Mario Sereni, bidello custode presso un liceo torinese, viene trovato morto in circostanze poco chiare nelle cantine dell\u2019edificio scolastico; a<\/p>\n","protected":false},"author":3,"featured_media":0,"parent":28,"menu_order":39,"comment_status":"closed","ping_status":"closed","template":"page-templates\/dettaglio_volume.php","meta":[],"acf":[],"_links":{"self":[{"href":"https:\/\/www.edisco.it\/i-coriandoli\/wp-json\/wp\/v2\/pages\/114"}],"collection":[{"href":"https:\/\/www.edisco.it\/i-coriandoli\/wp-json\/wp\/v2\/pages"}],"about":[{"href":"https:\/\/www.edisco.it\/i-coriandoli\/wp-json\/wp\/v2\/types\/page"}],"author":[{"embeddable":true,"href":"https:\/\/www.edisco.it\/i-coriandoli\/wp-json\/wp\/v2\/users\/3"}],"replies":[{"embeddable":true,"href":"https:\/\/www.edisco.it\/i-coriandoli\/wp-json\/wp\/v2\/comments?post=114"}],"version-history":[{"count":8,"href":"https:\/\/www.edisco.it\/i-coriandoli\/wp-json\/wp\/v2\/pages\/114\/revisions"}],"predecessor-version":[{"id":709,"href":"https:\/\/www.edisco.it\/i-coriandoli\/wp-json\/wp\/v2\/pages\/114\/revisions\/709"}],"up":[{"embeddable":true,"href":"https:\/\/www.edisco.it\/i-coriandoli\/wp-json\/wp\/v2\/pages\/28"}],"wp:attachment":[{"href":"https:\/\/www.edisco.it\/i-coriandoli\/wp-json\/wp\/v2\/media?parent=114"}],"curies":[{"name":"wp","href":"https:\/\/api.w.org\/{rel}","templated":true}]}}