{"id":185,"date":"2015-05-29T09:40:10","date_gmt":"2015-05-29T07:40:10","guid":{"rendered":"https:\/\/www.edisco.it\/i-coriandoli\/?page_id=185"},"modified":"2023-03-03T14:34:51","modified_gmt":"2023-03-03T13:34:51","slug":"diario-di-una-bulla","status":"publish","type":"page","link":"https:\/\/www.edisco.it\/i-coriandoli\/configurazione\/diario-di-una-bulla\/","title":{"rendered":"Diario di una bulla"},"content":{"rendered":"<div><strong><span style=\"color: #4786b5;\"><span style=\"font-family: verdana,geneva,sans-serif;\"><br \/><span style=\"font-size: 12pt;\">Consigliato per le classi II-III<\/span><\/span><\/span><\/strong><\/div>\n<div>\n<div>\u00a0<\/div>\n<div>\u00a0<\/div>\n<div><span style=\"font-family: verdana, geneva, sans-serif; font-size: 11pt;\"><span style=\"color: #000080; font-size: 12pt;\"><span style=\"line-height: 1.6;\"><strong>La trama<\/strong><\/span><\/span><span style=\"color: #000000;\"><span style=\"line-height: 1.6;\"><span style=\"font-size: 12pt;\">.<\/span> Serena, la protagonista di questo romanzo, \u00e8 una \u201cbulla\u201d; molto sicura di s\u00e9, dice di non aver paura di nessuno; ha un\u2019amica che la spalleggia; pu\u00f2 vantarsi di aver perseguitato anche dei maschi e di avere sempre \u201cvinto\u201d. Pensa, insomma, di poter fare ci\u00f2 che vuole e che insegnanti, compagni, bidelli, anche i genitori siano degli sciocchi che si possono sempre \u201cprendere per il naso\u201d.<br \/> A un certo punto della sua \u201ccarriera\u201d da bulla, inizia a scrivere un diario, per tenere il conto delle proprie bravate. Da principio, ci\u00f2 che scrive serve soltanto a registrare quanto si senta forte, dura, capace di cavarsela in ogni situazione. Ma, poi, un po\u2019 per volta, gli avvenimenti sembrano prenderle la mano: accadono fatti imprevisti, che lei non avrebbe mai creduto di poter condividere.<br \/> All\u2019inizio, \u00e8 stupita; poi, un poco irritata. Alla fine, incuriosita. Molte delle sue certezze non reggono pi\u00f9 al suo nuovo modo di vedere le cose.<br \/> Le persone su cui, prima, contava di pi\u00f9, il fratello, il fidanzato, ora le appaiono lontani, diversi, estranei.<br \/> Nuovi valori e qualit\u00e0, come la sensibilit\u00e0, la cultura, la tolleranza che, un tempo, lei disprezzava senza mezzi termini, come se fossero sicure prove di debolezza e debolezza, ora la inducono a riflettere. E a cambiare.<\/span><\/span><\/span><\/div>\n<div>\u00a0<\/div>\n<div><span style=\"font-family: verdana, geneva, sans-serif; font-size: 11pt;\"><span style=\"color: #000080; font-size: 12pt;\"><span style=\"line-height: 1.6;\"><strong>Un tema di grande attualit\u00e0<\/strong><\/span><\/span><span style=\"color: #000000;\"><span style=\"line-height: 1.6;\">. Bullismo a scuola, bullismo nelle strade, bullismo su Internet, bullismo persino nello sport. Almeno un ragazzo su dieci, oggi, ha comportamenti da bullo, e non vi \u00e8 differenza se si prendono in considerazione i maschi o le femmine. Le vittime difficilmente si confidano con qualcuno: tacciono in casa, come tacciono con gli insegnanti. Si vergognano, mentre a vergognarsi dovrebbero essere quei prepotenti che approfittano della superiorit\u00e0 fisica e della complicit\u00e0 di ragazzi o di ragazze che si aggregano per stupidit\u00e0 o leggerezza.<br \/><\/span><\/span><\/span><span style=\"line-height: 1.6; color: #000000; font-family: verdana, geneva, sans-serif; font-size: 11pt;\">In realt\u00e0, il bullo o la bulla sono spesso degli infelici che vogliono far pagare agli altri le loro frustrazioni: quasi tutti loro, infatti, hanno un vissuto familiare problematico e doloroso.<\/span><\/div>\n<div>\u00a0<\/div>\n<div><span style=\"font-family: verdana, geneva, sans-serif; font-size: 11pt;\"><span style=\"color: #000080; font-size: 12pt;\"><span style=\"line-height: 1.6;\"><strong>Apparati didattici<\/strong><\/span><\/span><span style=\"color: #000000;\"><span style=\"line-height: 1.6;\">. Negli apparati didattici \u00e8 stata introdotta la sezione \u201cVerso le competenze\u201d che, seguendo le indicazioni ministeriali, offre la possibilit\u00e0 agli studenti di esercitarsi nelle competenze di base e di misurarsi con il sapere e il saper fare, lavorando spesso in gruppo.<\/span><\/span><\/span><\/div>\n<\/div>\n<p>&nbsp;<\/p>\n<div id=\"fondinoazzurro\">\n<p><a href=\"https:\/\/www.edisco.it\/i-coriandoli\/risorse-digitali\/\" target=\"_blank\" rel=\"noopener noreferrer\"><span style=\"color: #000080;\"><strong><span style=\"font-family: verdana,geneva,sans-serif; font-size: 12pt;\"><img loading=\"lazy\" style=\"padding-left: 20px;\" src=\"https:\/\/www.edisco.it\/i-coriandoli\/wp-content\/uploads\/sites\/77\/2015\/05\/risorse-.png\" alt=\"\" width=\"70\" height=\"88\" align=\"absMiddle\" \/><\/span><span style=\"font-size: 12pt; font-family: verdana, geneva, sans-serif;\"><span style=\"font-size: 14pt;\"> RISORSE DIGITALI<\/span><\/span><\/strong><\/span><\/a><\/p>\n<\/div>\n<p>&nbsp;<\/p>\n<p>&nbsp;<\/p>\n<p><a href=\"https:\/\/www.edisco.it\/i-coriandoli\/wp-content\/uploads\/sites\/77\/2016\/06\/diario-di-una-bulla_preview.pdf\" target=\"_blank\" rel=\"noopener noreferrer\"><img src=\"https:\/\/www.edisco.it\/a-caring-society\/wp-content\/uploads\/sites\/86\/2019\/09\/icona-PDF_60.png\" alt=\"\" align=\"absMiddle\" \/>\u00a0<\/a> <span style=\"font-family: verdana,geneva,sans-serif;\"><span style=\"font-size: 12pt;\"> <a href=\"https:\/\/www.edisco.it\/i-coriandoli\/wp-content\/uploads\/sites\/77\/2016\/06\/diario-di-una-bulla_preview.pdf\" target=\"_blank\" rel=\"noopener noreferrer\">Diario di una bulla_Anteprima.pdf<\/a>\u00a0<\/span><\/span><\/p>\n<iframe src=\"\/\/docs.google.com\/viewer?url=https%3A%2F%2Fwww.edisco.it%2Fi-coriandoli%2Fwp-content%2Fuploads%2Fsites%2F77%2F2016%2F06%2Fdiario-di-una-bulla_preview.pdf&hl=it&embedded=true\" class=\"gde-frame\" style=\"width:100%; height:1100px; border: none;\" scrolling=\"no\"><\/iframe>\n<p class=\"gde-text\"><a href=\"https:\/\/www.edisco.it\/i-coriandoli\/wp-content\/uploads\/sites\/77\/2016\/06\/diario-di-una-bulla_preview.pdf\" class=\"gde-link\">Download (PDF, 756KB)<\/a><\/p>\n<div>\u00a0<\/div>\n<div>\u00a0<\/div>\n<div>\u00a0<\/div>\n","protected":false},"excerpt":{"rendered":"<p>Consigliato per le classi II-III \u00a0 \u00a0 La trama. Serena, la protagonista di questo romanzo, \u00e8 una \u201cbulla\u201d; molto sicura di s\u00e9, dice di non aver paura di nessuno; ha un\u2019amica che la spalleggia; pu\u00f2 vantarsi di aver perseguitato anche dei maschi e di avere sempre \u201cvinto\u201d. Pensa, insomma, di poter fare ci\u00f2 che vuole<\/p>\n","protected":false},"author":3,"featured_media":0,"parent":28,"menu_order":43,"comment_status":"closed","ping_status":"closed","template":"page-templates\/dettaglio_volume.php","meta":[],"acf":[],"_links":{"self":[{"href":"https:\/\/www.edisco.it\/i-coriandoli\/wp-json\/wp\/v2\/pages\/185"}],"collection":[{"href":"https:\/\/www.edisco.it\/i-coriandoli\/wp-json\/wp\/v2\/pages"}],"about":[{"href":"https:\/\/www.edisco.it\/i-coriandoli\/wp-json\/wp\/v2\/types\/page"}],"author":[{"embeddable":true,"href":"https:\/\/www.edisco.it\/i-coriandoli\/wp-json\/wp\/v2\/users\/3"}],"replies":[{"embeddable":true,"href":"https:\/\/www.edisco.it\/i-coriandoli\/wp-json\/wp\/v2\/comments?post=185"}],"version-history":[{"count":21,"href":"https:\/\/www.edisco.it\/i-coriandoli\/wp-json\/wp\/v2\/pages\/185\/revisions"}],"predecessor-version":[{"id":712,"href":"https:\/\/www.edisco.it\/i-coriandoli\/wp-json\/wp\/v2\/pages\/185\/revisions\/712"}],"up":[{"embeddable":true,"href":"https:\/\/www.edisco.it\/i-coriandoli\/wp-json\/wp\/v2\/pages\/28"}],"wp:attachment":[{"href":"https:\/\/www.edisco.it\/i-coriandoli\/wp-json\/wp\/v2\/media?parent=185"}],"curies":[{"name":"wp","href":"https:\/\/api.w.org\/{rel}","templated":true}]}}