{"id":187,"date":"2015-05-29T09:47:23","date_gmt":"2015-05-29T07:47:23","guid":{"rendered":"https:\/\/www.edisco.it\/i-coriandoli\/?page_id=187"},"modified":"2023-03-03T14:35:03","modified_gmt":"2023-03-03T13:35:03","slug":"il-mistero-delle-statue-rubate","status":"publish","type":"page","link":"https:\/\/www.edisco.it\/i-coriandoli\/configurazione\/il-mistero-delle-statue-rubate\/","title":{"rendered":"Il mistero delle statue rubate"},"content":{"rendered":"<div><span style=\"font-size: 8pt;\"><strong><span style=\"color: #4786b5;\"><span style=\"font-family: verdana,geneva,sans-serif;\"><br \/><\/span><\/span><\/strong><span style=\"font-size: 12pt;\"><strong><span style=\"color: #4786b5;\"><span style=\"font-family: verdana,geneva,sans-serif;\">Consigliato per le classi II-III<\/span><\/span><\/strong><\/span><\/span><\/div>\n<div>\n<p>&nbsp;<\/p>\n<p style=\"text-align: left;\"><span style=\"font-size: 11pt; line-height: 1.6; font-family: verdana, geneva, sans-serif;\"><span style=\"font-size: 12pt;\"><span style=\"color: #000080;\"><strong>La trama<\/strong><\/span>.<\/span> <br \/><\/span><span style=\"font-family: verdana, geneva, sans-serif; font-size: 11pt;\">A Pietrascura, un piccolo borgo del Levante ligure, viene rubata la statua del santo patrono, san Giuseppe. A questo furto ne seguono altri analoghi, nelle chiese parrocchiali dei paesi vicini.<\/span><br \/><span style=\"font-family: verdana, geneva, sans-serif; font-size: 11pt;\"> Sembrerebbe lo scherzo di qualche burlone, tanto pi\u00f9 che le statue trafugate sono prive di ogni interesse artistico, ma il commissario Gaspare Bellini non la pensa cos\u00ec. Egli intuisce che dietro i furti si nasconde un mistero e che questo mistero \u00e8 legato inspiegabilmente alla leggenda di un eremita vissuto in quella zona quasi tre secoli fa e condannato al rogo con la falsa accusa di omicidio.<\/span><br \/><span style=\"font-family: verdana, geneva, sans-serif; font-size: 11pt;\"> La morte di un povero guardaboschi, e le successive rivelazioni di Remigio Simonetti, un giornalista in pensione che si interessa al caso, confermano i suoi sospetti. Gaspare indaga, raccoglie indizi e testimonianze, ma soprattutto si affida ai racconti dei vecchi, come lo zio Elmo, il Barba Gian, la zia Grigia, alle favole e alle leggende che hanno tutte \u2013 come il Barba Gian gli insegna sin da bambino \u2013 un fondamento di verit\u00e0.<\/span><\/p>\n<p>&nbsp;<\/p>\n<p style=\"text-align: left;\"><span style=\"font-family: verdana, geneva, sans-serif; font-size: 12pt;\"><span style=\"color: #000080;\"><strong>Un giallo... da favola<\/strong><\/span>.<\/span><br \/> <span style=\"font-family: verdana, geneva, sans-serif; font-size: 11pt;\">Questo romanzo ha tutte le carte in regola per essere un giallo poliziesco: ci sono dei furti anomali, una morte sospetta, un commissario di polizia incaricato delle indagini che si avvale dei suggerimenti fuori campo di un giornalista in pensione (in cui non \u00e8 difficile riconoscere il ritratto del fortunato creatore di Montalbano, lo scrittore siciliano Andrea Camilleri), e infine l\u2019individuo misterioso, che ha architettato i furti, il quale coinvolge il commissario in una specie di gara d\u2019ingegno, in cui oltre a dargli del filo da torcere gli concede, ogni tanto, qualche aiutino.<\/span><br \/><span style=\"font-family: verdana, geneva, sans-serif; font-size: 11pt;\"> Il tutto si svolge su uno scenario, il borgo marinaro di Pietrascura, che, come la Vigata di Montalbano, \u00e8 una localit\u00e0 immaginaria. Ma soprattutto un luogo ricco di misteri, di favole e leggende, talora anche inquietanti come quella dell\u2019eremita, il cui arrivo improvviso in quell\u2019angolo di riviera, tanti secoli or sono, aveva seminato il panico nella piccola comunit\u00e0 e messo in allarme gli uomini di chiesa e i bigotti, pronti a vedere in quell\u2019uomo cos\u00ec diverso da loro nientemeno che un emissario del diavolo.<\/span><\/p>\n<p>&nbsp;<\/p>\n<p style=\"text-align: left;\"><span style=\"font-family: verdana, geneva, sans-serif; font-size: 11pt;\"><span style=\"font-size: 12pt;\"><span style=\"color: #000080;\"><strong>Elementi caratteristici<\/strong><\/span>.<\/span> <br \/><\/span><span style=\"font-family: verdana, geneva, sans-serif; font-size: 11pt;\">Ricco di atmosfere fiabesche, questo giallo poliziesco utilizza vari registri linguistici \u2013 comico, poetico, drammatico \u2013 non disdegnando talora qualche minima inserzione dialettale.<\/span><br \/><span style=\"font-family: verdana, geneva, sans-serif; font-size: 11pt;\"> Leggenda, favola, mistero sono dunque gli ingredienti essenziali di questa storia. Il commissario si dedica alla ricerca della verit\u00e0 animato da un for te senso di giustizia, da una profonda compassione per tutte le vittime innocenti della malvagit\u00e0 umana, ma anche dall\u2019amore per quella stagione della propria vita, l\u2019infanzia, i cui ricordi gli affiorano alla memoria, come i sogni, offrendogli infine la chiave magica per sciogliere l\u2019enigma e risolvere il caso.<\/span><\/p>\n<\/div>\n<p style=\"text-align: left;\">\u00a0<\/p>\n<div id=\"fondinoazzurro\">\n<p><a href=\"https:\/\/www.edisco.it\/i-coriandoli\/configurazione\/il-mistero-delle-statue-rubate\/risorse-digitali\/\" target=\"_blank\" rel=\"noopener noreferrer\"><span style=\"color: #000080;\"><strong><span style=\"font-family: verdana,geneva,sans-serif; font-size: 12pt;\"><img loading=\"lazy\" style=\"padding-left: 20px;\" src=\"https:\/\/www.edisco.it\/i-coriandoli\/wp-content\/uploads\/sites\/77\/2015\/05\/risorse-.png\" alt=\"\" width=\"70\" height=\"88\" align=\"absMiddle\" \/><\/span><span style=\"font-size: 12pt; font-family: verdana, geneva, sans-serif;\"><span style=\"font-size: 14pt;\"> RISORSE DIGITALI<\/span><\/span><\/strong><\/span><\/a><\/p>\n<\/div>\n<p>&nbsp;<\/p>\n<p>&nbsp;<\/p>\n<p><a href=\"https:\/\/www.edisco.it\/i-coriandoli\/wp-content\/uploads\/sites\/77\/2016\/06\/il-mistero-delle-statue-rubate_preview.pdf\" target=\"_blank\" rel=\"noopener noreferrer\"><img src=\"https:\/\/www.edisco.it\/a-caring-society\/wp-content\/uploads\/sites\/86\/2019\/09\/icona-PDF_60.png\" alt=\"\" align=\"absMiddle\" \/>\u00a0<\/a> <span style=\"font-family: verdana,geneva,sans-serif;\"><span style=\"font-size: 12pt;\"> <a href=\"https:\/\/www.edisco.it\/i-coriandoli\/wp-content\/uploads\/sites\/77\/2016\/06\/il-mistero-delle-statue-rubate_preview.pdf\" target=\"_blank\" rel=\"noopener noreferrer\">Il mistero delle statue rubate_Anteprima.pdf<\/a>\u00a0<\/span><\/span><\/p>\n<iframe src=\"\/\/docs.google.com\/viewer?url=https%3A%2F%2Fwww.edisco.it%2Fi-coriandoli%2Fwp-content%2Fuploads%2Fsites%2F77%2F2016%2F06%2Fil-mistero-delle-statue-rubate_preview.pdf&hl=it&embedded=true\" class=\"gde-frame\" style=\"width:100%; height:1100px; border: none;\" scrolling=\"no\"><\/iframe>\n<p class=\"gde-text\"><a href=\"https:\/\/www.edisco.it\/i-coriandoli\/wp-content\/uploads\/sites\/77\/2016\/06\/il-mistero-delle-statue-rubate_preview.pdf\" class=\"gde-link\">Download (PDF, 1.39MB)<\/a><\/p>\n<div>\u00a0<\/div>\n<div>\u00a0<\/div>\n<div>\u00a0<\/div>\n","protected":false},"excerpt":{"rendered":"<p>Consigliato per le classi II-III &nbsp; La trama. A Pietrascura, un piccolo borgo del Levante ligure, viene rubata la statua del santo patrono, san Giuseppe. A questo furto ne seguono altri analoghi, nelle chiese parrocchiali dei paesi vicini. Sembrerebbe lo scherzo di qualche burlone, tanto pi\u00f9 che le statue trafugate sono prive di ogni interesse<\/p>\n","protected":false},"author":3,"featured_media":0,"parent":28,"menu_order":44,"comment_status":"closed","ping_status":"closed","template":"page-templates\/dettaglio_volume.php","meta":[],"acf":[],"_links":{"self":[{"href":"https:\/\/www.edisco.it\/i-coriandoli\/wp-json\/wp\/v2\/pages\/187"}],"collection":[{"href":"https:\/\/www.edisco.it\/i-coriandoli\/wp-json\/wp\/v2\/pages"}],"about":[{"href":"https:\/\/www.edisco.it\/i-coriandoli\/wp-json\/wp\/v2\/types\/page"}],"author":[{"embeddable":true,"href":"https:\/\/www.edisco.it\/i-coriandoli\/wp-json\/wp\/v2\/users\/3"}],"replies":[{"embeddable":true,"href":"https:\/\/www.edisco.it\/i-coriandoli\/wp-json\/wp\/v2\/comments?post=187"}],"version-history":[{"count":12,"href":"https:\/\/www.edisco.it\/i-coriandoli\/wp-json\/wp\/v2\/pages\/187\/revisions"}],"predecessor-version":[{"id":713,"href":"https:\/\/www.edisco.it\/i-coriandoli\/wp-json\/wp\/v2\/pages\/187\/revisions\/713"}],"up":[{"embeddable":true,"href":"https:\/\/www.edisco.it\/i-coriandoli\/wp-json\/wp\/v2\/pages\/28"}],"wp:attachment":[{"href":"https:\/\/www.edisco.it\/i-coriandoli\/wp-json\/wp\/v2\/media?parent=187"}],"curies":[{"name":"wp","href":"https:\/\/api.w.org\/{rel}","templated":true}]}}