{"id":193,"date":"2016-04-01T16:18:39","date_gmt":"2016-04-01T14:18:39","guid":{"rendered":"https:\/\/www.edisco.it\/i-coriandoli\/?page_id=193"},"modified":"2023-03-03T14:27:47","modified_gmt":"2023-03-03T13:27:47","slug":"il-piccolo-principe","status":"publish","type":"page","link":"https:\/\/www.edisco.it\/i-coriandoli\/configurazione\/il-piccolo-principe\/","title":{"rendered":"Il Piccolo Principe"},"content":{"rendered":"<div><strong><span style=\"color: #4786b5;\"><span style=\"font-family: verdana,geneva,sans-serif;\"><br \/><span style=\"font-size: 12pt;\">Traduzione e cura di Sergio Calzone<\/span><\/span><\/span><\/strong><\/div>\n<div>\n<p>&nbsp;<\/p>\n<p><span style=\"font-family: verdana, geneva, sans-serif;\"><span style=\"color: #000080; font-size: 12pt;\"><span style=\"line-height: 1.6;\"><strong>Le ragioni del successo<\/strong><\/span><\/span><span style=\"font-size: 11pt;\"><span style=\"line-height: 1.6;\"><span style=\"font-size: 12pt;\">.<\/span><br \/> Il\u00a0Piccolo Principe di Antoine de Saint-\u00a0Exup\u00e9ry dalla sua comparsa nel\u00a01943 fino ad oggi ha sempre conosciuto\u00a0una grande fortuna presso un\u00a0vastissimo pubblico di lettori, piccoli\u00a0e grandi, indistintamente. Il motivo\u00a0di questo successo straordinario sta\u00a0anche nel fatto che quest\u2019opera pu\u00f2\u00a0essere vista come la delicata rivincita\u00a0di un adulto nei confronti del\u00a0tempo che, passando, lo ha costretto\u00a0a crescere: \u00e8 un grande elogio\u00a0delle fantasticherie, dell\u2019assoluta\u00a0onest\u00e0, della logica infantile che non\u00a0conosce malizia, e anche (perch\u00e9\u00a0no?) dell\u2019ingenuit\u00e0.<\/span><\/span><\/span><br \/><span style=\"font-family: verdana, geneva, sans-serif;\"> \u00a0<\/span><\/p>\n<p><span style=\"font-family: verdana, geneva, sans-serif;\"><span style=\"color: #000080; font-size: 12pt;\"><span style=\"line-height: 1.6;\"><strong>Un\u2019originale e avvincente\u00a0trama<\/strong><\/span><\/span><span style=\"font-size: 11pt;\"><span style=\"line-height: 1.6;\"><span style=\"font-size: 12pt;\">.<\/span><br \/> Il capolavoro di Saint-\u00a0Exup\u00e9ry \u00e8 il confronto tra un adulto\u00a0ancora disposto a dar retta ai sogni\u00a0e un personaggio venuto da un altro\u00a0pianeta ma dall\u2019aspetto di un ragazzino\u00a0umano, dotato di una logica\u00a0tutta sua, a prima vista sconcertante\u00a0ma, a ben vedere, estremamente\u00a0precisa e ricchissima di umanit\u00e0.<br \/> Il pianeta del Piccolo Principe \u00e8 assai\u00a0lontano da noi ed egli, per arrivare\u00a0fin sulla Terra, ha dovuto sostare in\u00a0molti altri mondi, incontrando\u00a0ovunque individui in preda a una\u00a0sola ossessione. Il candore intelligente\u00a0del Piccolo Principe e la partecipazione\u00a0alle sue preoccupazioni\u00a0da parte del pilota d\u2019aereo atterrato\u00a0in emergenza nel deserto sono i\u00a0due elementi principali del racconto.<br \/> A poco a poco, nell\u2019uomo, alla\u00a0sorpresa si sostituisce l\u2019affetto ed\u00a0egli sente che la vita sarebbe incompleta\u00a0senza la presenza di quel suo\u00a0amico cos\u00ec fuori dal normale.<br \/> Cos\u00ec, quando la strana creatura\u00a0venuta cos\u00ec da lontano decide di\u00a0ripartire per la sua patria, il pilota,\u00a0pur coraggioso e abituato a ogni\u00a0sofferenza, non pu\u00f2 che sentire un\u00a0vuoto incolmabile e rimpiangere<br \/> per sempre quella partenza. \u00c8 la sua\u00a0infanzia che \u00e8 partita con il principe\u00a0bambino e che non torner\u00e0 mai pi\u00f9.<\/span><\/span><\/span><br \/><span style=\"font-family: verdana, geneva, sans-serif;\"> \u00a0<\/span><\/p>\n<p><span style=\"font-family: verdana, geneva, sans-serif;\"><span style=\"color: #000080; font-size: 12pt;\"><span style=\"line-height: 1.6;\"><strong>Temi e messaggi<\/strong><\/span><\/span><span style=\"font-size: 11pt;\"><span style=\"line-height: 1.6;\"><span style=\"font-size: 12pt;\">.<\/span><br \/> Che cosa\u00a0trarre dalla lettura del Piccolo\u00a0Principe? Innanzi tutto, tolleranza.<br \/> Tolleranza per i modi di vedere\u00a0diversi dai nostri, per le creature differenti\u00a0da noi, per le convinzioni che\u00a0non coincidano con le nostre.<br \/> Poi,\u00a0capacit\u00e0 di amicizia, capacit\u00e0 di comprensione,\u00a0capacit\u00e0 di emozionarsi.<br \/> L\u2019idea che piangere non sia segno di\u00a0debolezza ma di sensibilit\u00e0, e che la\u00a0sensibilit\u00e0 non sia affatto un lusso\u00a0che non ci si pu\u00f2 permettere ma un\u00a0dono da coltivare con attenzione e\u00a0con amore, perch\u00e9 \u00e8 il solo che pu\u00f2\u00a0creare dei veri ponti tra noi e gli\u00a0altri, chiunque siano.<\/span><\/span><\/span><br \/><span style=\"font-family: verdana, geneva, sans-serif;\"> \u00a0<\/span><\/p>\n<p><span style=\"font-family: verdana, geneva, sans-serif;\"><span style=\"color: #000080; font-size: 12pt;\"><span style=\"line-height: 1.6;\"><strong>Gli apparati didattici<\/strong><\/span><\/span><span style=\"font-size: 11pt;\"><span style=\"line-height: 1.6;\"><span style=\"font-size: 12pt;\">.<\/span><br \/> Il libro \u00e8\u00a0preceduto da un\u2019ampia introduzione\u00a0sulla vita avventurosa e sfortunata\u00a0di Antoine de Saint-Exup\u00e9ry e da\u00a0un\u2019approfondita analisi in grado di\u00a0far apprezzare al lettore un\u2019opera\u00a0in apparenza\u00a0semplice ma, in\u00a0realt\u00e0, complessa e dai tanti\u00a0risvolti.<br \/> La parte operativa ha come\u00a0obiettivo di guidare il giovane\u00a0lettore a scoprire con la sua riflessione\u00a0e l\u2019impegno le tante chiavi\u00a0di lettura possibili e a scoprire\u00a0i messaggi palesi ma anche\u00a0quelli reconditi che quest\u2019opera\u00a0\u00e8 in grado di\u00a0offrire.<\/span><\/span><\/span><\/p>\n<\/div>\n<div>\u00a0<\/div>\n<div>\u00a0<\/div>\n<div id=\"fondinoazzurro\">\n<p><a href=\"https:\/\/www.edisco.it\/i-coriandoli\/configurazione\/il-piccolo-principe\/audiolibro\/\" target=\"_blank\" rel=\"noopener noreferrer\"><span style=\"color: #000080;\"><strong><span style=\"font-family: verdana,geneva,sans-serif; font-size: 12pt;\"><img loading=\"lazy\" style=\"padding-left: 20px;\" src=\"https:\/\/www.edisco.it\/i-coriandoli\/wp-content\/uploads\/sites\/77\/2015\/05\/risorse-.png\" alt=\"\" width=\"70\" height=\"88\" align=\"absMiddle\" \/><\/span><span style=\"font-size: 12pt; font-family: verdana, geneva, sans-serif;\"><span style=\"font-size: 14pt;\">\u00a0AUDIOLIBRO<\/span><\/span><\/strong><\/span><\/a><\/p>\n<\/div>\n<p>&nbsp;<\/p>\n<p><a href=\"https:\/\/www.edisco.it\/i-coriandoli\/wp-content\/uploads\/sites\/77\/2016\/11\/il_piccolo_principe_preview.pdf\" target=\"_blank\" rel=\"noopener noreferrer\"><img src=\"https:\/\/www.edisco.it\/a-caring-society\/wp-content\/uploads\/sites\/86\/2019\/09\/icona-PDF_60.png\" alt=\"\" align=\"absMiddle\" \/>\u00a0<\/a> <span style=\"font-family: verdana,geneva,sans-serif;\"><span style=\"font-size: 12pt;\"> <a href=\"https:\/\/www.edisco.it\/i-coriandoli\/wp-content\/uploads\/sites\/77\/2016\/11\/il_piccolo_principe_preview.pdf\" target=\"_blank\" rel=\"noopener noreferrer\">Il piccolo principe_Anteprima.pdf<\/a>\u00a0<\/span><\/span><\/p>\n<iframe src=\"\/\/docs.google.com\/viewer?url=https%3A%2F%2Fwww.edisco.it%2Fi-coriandoli%2Fwp-content%2Fuploads%2Fsites%2F77%2F2016%2F11%2Fil_piccolo_principe_preview.pdf&hl=it&embedded=true\" class=\"gde-frame\" style=\"width:100%; height:1100px; border: none;\" scrolling=\"no\"><\/iframe>\n<p class=\"gde-text\"><a href=\"https:\/\/www.edisco.it\/i-coriandoli\/wp-content\/uploads\/sites\/77\/2016\/11\/il_piccolo_principe_preview.pdf\" class=\"gde-link\">Download (PDF, 1.04MB)<\/a><\/p>\n<p>&nbsp;<\/p>\n","protected":false},"excerpt":{"rendered":"<p>Traduzione e cura di Sergio Calzone &nbsp; Le ragioni del successo. Il\u00a0Piccolo Principe di Antoine de Saint-\u00a0Exup\u00e9ry dalla sua comparsa nel\u00a01943 fino ad oggi ha sempre conosciuto\u00a0una grande fortuna presso un\u00a0vastissimo pubblico di lettori, piccoli\u00a0e grandi, indistintamente. Il motivo\u00a0di questo successo straordinario sta\u00a0anche nel fatto che quest\u2019opera pu\u00f2\u00a0essere vista come la delicata rivincita\u00a0di un adulto<\/p>\n","protected":false},"author":3,"featured_media":0,"parent":28,"menu_order":0,"comment_status":"closed","ping_status":"closed","template":"page-templates\/dettaglio_volume.php","meta":[],"acf":[],"_links":{"self":[{"href":"https:\/\/www.edisco.it\/i-coriandoli\/wp-json\/wp\/v2\/pages\/193"}],"collection":[{"href":"https:\/\/www.edisco.it\/i-coriandoli\/wp-json\/wp\/v2\/pages"}],"about":[{"href":"https:\/\/www.edisco.it\/i-coriandoli\/wp-json\/wp\/v2\/types\/page"}],"author":[{"embeddable":true,"href":"https:\/\/www.edisco.it\/i-coriandoli\/wp-json\/wp\/v2\/users\/3"}],"replies":[{"embeddable":true,"href":"https:\/\/www.edisco.it\/i-coriandoli\/wp-json\/wp\/v2\/comments?post=193"}],"version-history":[{"count":11,"href":"https:\/\/www.edisco.it\/i-coriandoli\/wp-json\/wp\/v2\/pages\/193\/revisions"}],"predecessor-version":[{"id":611,"href":"https:\/\/www.edisco.it\/i-coriandoli\/wp-json\/wp\/v2\/pages\/193\/revisions\/611"}],"up":[{"embeddable":true,"href":"https:\/\/www.edisco.it\/i-coriandoli\/wp-json\/wp\/v2\/pages\/28"}],"wp:attachment":[{"href":"https:\/\/www.edisco.it\/i-coriandoli\/wp-json\/wp\/v2\/media?parent=193"}],"curies":[{"name":"wp","href":"https:\/\/api.w.org\/{rel}","templated":true}]}}