{"id":34,"date":"2015-01-28T14:41:40","date_gmt":"2015-01-28T13:41:40","guid":{"rendered":"https:\/\/www.edisco.it\/i-coriandoli\/?page_id=34"},"modified":"2023-03-03T14:28:45","modified_gmt":"2023-03-03T13:28:45","slug":"di-fiaba-in-fiaba","status":"publish","type":"page","link":"https:\/\/www.edisco.it\/i-coriandoli\/configurazione\/di-fiaba-in-fiaba\/","title":{"rendered":"Di fiaba in fiaba"},"content":{"rendered":"<div>\u00a0<\/div>\n<div><span style=\"font-size: 12pt;\"><strong><span style=\"color: #4786b5;\"><span style=\"font-family: verdana,geneva,sans-serif;\">Consigliato per le classi I-II<\/span><\/span><\/strong><\/span><\/p>\n<p>&nbsp;<\/p>\n<\/div>\n<div><span style=\"font-size: 11pt; font-family: verdana, geneva, sans-serif;\"><span style=\"font-size: 11pt;\"><span style=\"font-size: 12pt;\"><span style=\"color: #000080;\"><strong>Gli autori<\/strong><\/span>.<\/span> La fiaba deve la sua capacit\u00e0 di resistere al tempo e di superare le pi\u00f9 diverse ostilit\u00e0 perch\u00e9 si rivela in grado, nelle maniere fantasiose e sempre sorprendenti, di raccontare la vasta gamma dei sentimenti umani. I testi selezionati tengono conto dei nomi importanti che sono dei veri capisaldi nella storia di questo genere (Grimm, Collodi, Wilde, Basile, Perrault...) ma vogliono anche dare conto della matrice popolare delle fiabe selezionando quelle appartenenti a tradizioni anche molto lontane: Per\u00f9, Cina, Inghilterra, Scozia e le regioni italiane.<\/span><\/span><\/div>\n<div>\n<p style=\"text-align: left;\">\u00a0<\/p>\n<p style=\"text-align: left;\"><span style=\"font-family: verdana, geneva, sans-serif;\"><span style=\"font-size: 12pt;\"><span style=\"color: #000080;\"><strong>I testi e i percorsi<\/strong><\/span>.<\/span><span style=\"font-size: 11pt;\"> I testi sono raggruppati in cinque percorsi, ognuno caratterizzato da un tema dominante, spesso di stretta attualit\u00e0:<\/span><\/span><br \/><span style=\"font-family: verdana, geneva, sans-serif; font-size: 11pt;\"> \u2022 la piet\u00e0 verso chi soffre, verso gli animali indifesi, la piet\u00e0 nei confronti dei nostri simili, visti come una parte di noi e non come estranei a cui essere indifferenti;<\/span><br \/><span style=\"font-family: verdana, geneva, sans-serif; font-size: 11pt;\"> \u2022 la giustizia che pu\u00f2 sanare i torti, ma pu\u00f2 anche punire l\u2019eccesso di avidit\u00e0 o l\u2019ingratitudine;<\/span><br \/><span style=\"font-family: verdana, geneva, sans-serif; font-size: 11pt;\"> \u2022 gli amori contrastati ma con un epilogo positivo perch\u00e9 capaci di superare tutto, grazie all\u2019intelligenza, alla dedizione, alla fortuna e alla fedelt\u00e0;<\/span><br \/><span style=\"font-family: verdana, geneva, sans-serif; font-size: 11pt;\"> \u2022 le magie e gli incantesimi, preziosi strumenti da rispettare perch\u00e9 la loro forza non si rivolti, alla fine, contro chi la usa;<\/span><br \/><span style=\"font-family: verdana, geneva, sans-serif; font-size: 11pt;\"> \u2022 le creature del bene e del male protagoniste dell\u2019eterno scontro tra cattiveria e bont\u00e0, tra gelosia e innocenza, tra invidia e altruismo.<\/span><\/p>\n<\/div>\n<p>&nbsp;<\/p>\n<p><a href=\"https:\/\/www.edisco.it\/i-coriandoli\/wp-content\/uploads\/sites\/77\/2016\/06\/di-fiaba-in-fiaba_preview.pdf\" target=\"_blank\" rel=\"noopener noreferrer\"><img src=\"https:\/\/www.edisco.it\/a-caring-society\/wp-content\/uploads\/sites\/86\/2019\/09\/icona-PDF_60.png\" alt=\"\" align=\"absMiddle\" \/>\u00a0<\/a> <span style=\"font-family: verdana,geneva,sans-serif;\"><span style=\"font-size: 12pt;\"> <a href=\"https:\/\/www.edisco.it\/i-coriandoli\/wp-content\/uploads\/sites\/77\/2016\/06\/di-fiaba-in-fiaba_preview.pdf\" target=\"_blank\" rel=\"noopener noreferrer\">Di fiaba in fiaba_Anteprima.pdf<\/a>\u00a0<\/span><\/span><\/p>\n<iframe src=\"\/\/docs.google.com\/viewer?url=https%3A%2F%2Fwww.edisco.it%2Fi-coriandoli%2Fwp-content%2Fuploads%2Fsites%2F77%2F2016%2F06%2Fdi-fiaba-in-fiaba_preview.pdf&hl=it&embedded=true\" class=\"gde-frame\" style=\"width:100%; height:1100px; border: none;\" scrolling=\"no\"><\/iframe>\n<p class=\"gde-text\"><a href=\"https:\/\/www.edisco.it\/i-coriandoli\/wp-content\/uploads\/sites\/77\/2016\/06\/di-fiaba-in-fiaba_preview.pdf\" class=\"gde-link\">Download (PDF, 307KB)<\/a><\/p>\n<div>\u00a0<\/div>\n<div>\u00a0<\/div>\n<div>\u00a0<\/div>\n","protected":false},"excerpt":{"rendered":"<p>\u00a0 Consigliato per le classi I-II &nbsp; Gli autori. La fiaba deve la sua capacit\u00e0 di resistere al tempo e di superare le pi\u00f9 diverse ostilit\u00e0 perch\u00e9 si rivela in grado, nelle maniere fantasiose e sempre sorprendenti, di raccontare la vasta gamma dei sentimenti umani. I testi selezionati tengono conto dei nomi importanti che sono<\/p>\n","protected":false},"author":3,"featured_media":0,"parent":28,"menu_order":1,"comment_status":"closed","ping_status":"closed","template":"page-templates\/dettaglio_volume.php","meta":[],"acf":[],"_links":{"self":[{"href":"https:\/\/www.edisco.it\/i-coriandoli\/wp-json\/wp\/v2\/pages\/34"}],"collection":[{"href":"https:\/\/www.edisco.it\/i-coriandoli\/wp-json\/wp\/v2\/pages"}],"about":[{"href":"https:\/\/www.edisco.it\/i-coriandoli\/wp-json\/wp\/v2\/types\/page"}],"author":[{"embeddable":true,"href":"https:\/\/www.edisco.it\/i-coriandoli\/wp-json\/wp\/v2\/users\/3"}],"replies":[{"embeddable":true,"href":"https:\/\/www.edisco.it\/i-coriandoli\/wp-json\/wp\/v2\/comments?post=34"}],"version-history":[{"count":13,"href":"https:\/\/www.edisco.it\/i-coriandoli\/wp-json\/wp\/v2\/pages\/34\/revisions"}],"predecessor-version":[{"id":671,"href":"https:\/\/www.edisco.it\/i-coriandoli\/wp-json\/wp\/v2\/pages\/34\/revisions\/671"}],"up":[{"embeddable":true,"href":"https:\/\/www.edisco.it\/i-coriandoli\/wp-json\/wp\/v2\/pages\/28"}],"wp:attachment":[{"href":"https:\/\/www.edisco.it\/i-coriandoli\/wp-json\/wp\/v2\/media?parent=34"}],"curies":[{"name":"wp","href":"https:\/\/api.w.org\/{rel}","templated":true}]}}