{"id":36,"date":"2015-01-28T14:42:21","date_gmt":"2015-01-28T13:42:21","guid":{"rendered":"https:\/\/www.edisco.it\/i-coriandoli\/?page_id=36"},"modified":"2023-03-03T14:28:51","modified_gmt":"2023-03-03T13:28:51","slug":"fiabe-di-ieri-e-di-oggi","status":"publish","type":"page","link":"https:\/\/www.edisco.it\/i-coriandoli\/configurazione\/fiabe-di-ieri-e-di-oggi\/","title":{"rendered":"Fiabe di ieri e di oggi"},"content":{"rendered":"<div>\u00a0<\/div>\n<div><span style=\"font-size: 12pt;\"><strong><span style=\"color: #4786b5;\"><span style=\"font-family: verdana, geneva, sans-serif;\">Consigliato per la classe I<\/span><\/span><\/strong><\/span><\/div>\n<div>\n<p>&nbsp;<\/p>\n<\/div>\n<div><span style=\"font-size: 12px; font-family: verdana, geneva, sans-serif;\"><span style=\"font-size: 12px;\"><span style=\"color: #000080; font-size: 12pt;\"><strong>Un'attenta selezione<\/strong><\/span>. <span style=\"font-size: 11pt;\">Ci\u00f2 che si \u00e8 cercato di fare in questo libro \u00e8 stato selezionare tra le fiabe quelle che possono piacere di pi\u00f9 alle ragazze e ai ragazzi. Proprio con l\u2019intenzione di proporre fiabe pi\u00f9 \u00abadulte\u00bb e pi\u00f9 adatte a lettori che ormai si sono lasciati alle spalle l\u2019infanzia, si sono identificati dei percorsi in cui il Bene e il Male fossero sempre presenti e in lotta tra loro. Esattamente come capita nel mondo reale.<\/span><\/span><\/span><\/p>\n<p>&nbsp;<\/p>\n<p><span style=\"font-family: verdana, geneva, sans-serif;\"><span style=\"font-size: 12pt;\"><span style=\"color: #000080;\"><strong>I percorsi<\/strong><\/span>.<\/span> <span style=\"font-size: 11pt;\">Il volume \u00e8 suddiviso in percorsi, che individuano le tematiche ricorrenti nel genere della fiaba.<\/span><\/span><br \/><span style=\"font-family: verdana, geneva, sans-serif; font-size: 11pt;\"> \u2022 Il primo percorso ha come protagonista il Diavolo, simbolo del Male nel nostro mondo; \u00e8 come diventeremmo noi, se ci abbandonassimo all\u2019egoismo e ai puri e semplici istinti, senza ragione, senza morale.<\/span><br \/><span style=\"font-family: verdana, geneva, sans-serif; font-size: 11pt;\"> \u2022 Nelle fiabe del secondo percorso i vizi sono puniti e le malvagit\u00e0 sconfitte: \u00e8 un\u2019occasione per definire chiaramente quali sono i modelli da seguire, i valori da considerare.<\/span><br \/><span style=\"font-family: verdana, geneva, sans-serif; font-size: 11pt;\"> \u2022 Un terzo percorso \u00e8 un invito ad accettare la diversit\u00e0 degli altri, a non farsi accecare dal pregiudizio che vorrebbe suggerirci che \u00e8 giusto soltanto ci\u00f2 che ci somiglia..<\/span><br \/><span style=\"font-family: verdana, geneva, sans-serif; font-size: 11pt;\"> \u2022 Il quarto percorso offre la possibilit\u00e0 di riflettere sulle risorse dell\u2019astuzia e dell\u2019intelligenza in grado di sciogliere le situazioni pi\u00f9 intricate.<\/span><br \/><span style=\"font-family: verdana, geneva, sans-serif; font-size: 11pt;\"> \u2022 Un quinto percorso non poteva non essere dedicato all\u2019amore, il pi\u00f9 profondo, il pi\u00f9 complesso, il pi\u00f9 sfaccettato dei nostri sentimenti.<\/span><br \/><span style=\"font-family: verdana, geneva, sans-serif; font-size: 11pt;\"> Infine, qualche esempio di un genere particolare di favola: l\u2019apologo. Sono racconti brevissimi che terminano con una \u00abmorale\u00bb esposta da uno dei personaggi o dall\u2019autore stesso.<\/span><\/p>\n<\/div>\n<p>&nbsp;<\/p>\n<p><a href=\"https:\/\/www.edisco.it\/i-coriandoli\/wp-content\/uploads\/sites\/77\/2016\/06\/fiabe-di-ieri-e-di-oggi_preview.pdf\" target=\"_blank\" rel=\"noopener noreferrer\"><img src=\"https:\/\/www.edisco.it\/a-caring-society\/wp-content\/uploads\/sites\/86\/2019\/09\/icona-PDF_60.png\" alt=\"\" align=\"absMiddle\" \/>\u00a0<\/a> <span style=\"font-family: verdana,geneva,sans-serif;\"><span style=\"font-size: 12pt;\"> <a href=\"https:\/\/www.edisco.it\/i-coriandoli\/wp-content\/uploads\/sites\/77\/2016\/06\/fiabe-di-ieri-e-di-oggi_preview.pdf\" target=\"_blank\" rel=\"noopener noreferrer\">Fiabe di ieri e di oggi_Anteprima.pdf<\/a>\u00a0<\/span><\/span><\/p>\n<iframe src=\"\/\/docs.google.com\/viewer?url=https%3A%2F%2Fwww.edisco.it%2Fi-coriandoli%2Fwp-content%2Fuploads%2Fsites%2F77%2F2016%2F06%2Ffiabe-di-ieri-e-di-oggi_preview.pdf&hl=it&embedded=true\" class=\"gde-frame\" style=\"width:100%; height:1100px; border: none;\" scrolling=\"no\"><\/iframe>\n<p class=\"gde-text\"><a href=\"https:\/\/www.edisco.it\/i-coriandoli\/wp-content\/uploads\/sites\/77\/2016\/06\/fiabe-di-ieri-e-di-oggi_preview.pdf\" class=\"gde-link\">Download (PDF, 179KB)<\/a><\/p>\n<div>\u00a0<\/div>\n<div>\u00a0<\/div>\n<div>\u00a0<\/div>\n","protected":false},"excerpt":{"rendered":"<p>\u00a0 Consigliato per la classe I &nbsp; Un&#8217;attenta selezione. Ci\u00f2 che si \u00e8 cercato di fare in questo libro \u00e8 stato selezionare tra le fiabe quelle che possono piacere di pi\u00f9 alle ragazze e ai ragazzi. Proprio con l\u2019intenzione di proporre fiabe pi\u00f9 \u00abadulte\u00bb e pi\u00f9 adatte a lettori che ormai si sono lasciati alle<\/p>\n","protected":false},"author":3,"featured_media":0,"parent":28,"menu_order":2,"comment_status":"closed","ping_status":"closed","template":"page-templates\/dettaglio_volume.php","meta":[],"acf":[],"_links":{"self":[{"href":"https:\/\/www.edisco.it\/i-coriandoli\/wp-json\/wp\/v2\/pages\/36"}],"collection":[{"href":"https:\/\/www.edisco.it\/i-coriandoli\/wp-json\/wp\/v2\/pages"}],"about":[{"href":"https:\/\/www.edisco.it\/i-coriandoli\/wp-json\/wp\/v2\/types\/page"}],"author":[{"embeddable":true,"href":"https:\/\/www.edisco.it\/i-coriandoli\/wp-json\/wp\/v2\/users\/3"}],"replies":[{"embeddable":true,"href":"https:\/\/www.edisco.it\/i-coriandoli\/wp-json\/wp\/v2\/comments?post=36"}],"version-history":[{"count":9,"href":"https:\/\/www.edisco.it\/i-coriandoli\/wp-json\/wp\/v2\/pages\/36\/revisions"}],"predecessor-version":[{"id":672,"href":"https:\/\/www.edisco.it\/i-coriandoli\/wp-json\/wp\/v2\/pages\/36\/revisions\/672"}],"up":[{"embeddable":true,"href":"https:\/\/www.edisco.it\/i-coriandoli\/wp-json\/wp\/v2\/pages\/28"}],"wp:attachment":[{"href":"https:\/\/www.edisco.it\/i-coriandoli\/wp-json\/wp\/v2\/media?parent=36"}],"curies":[{"name":"wp","href":"https:\/\/api.w.org\/{rel}","templated":true}]}}