{"id":466,"date":"2017-02-24T13:36:27","date_gmt":"2017-02-24T12:36:27","guid":{"rendered":"https:\/\/www.edisco.it\/i-coriandoli\/?page_id=466"},"modified":"2023-03-03T14:28:01","modified_gmt":"2023-03-03T13:28:01","slug":"in-bilico","status":"publish","type":"page","link":"https:\/\/www.edisco.it\/i-coriandoli\/configurazione\/in-bilico\/","title":{"rendered":"In bilico"},"content":{"rendered":"<p><span style=\"font-size: 8pt;\"><strong><span style=\"color: #4786b5;\"><span style=\"font-family: verdana,geneva,sans-serif;\"><br \/><span style=\"font-size: 12pt;\">Consigliato per la classe III<\/span><\/span><\/span><\/strong><\/span><\/p>\n<p><span style=\"font-family: verdana, geneva, sans-serif;\"><span style=\"color: #000080; font-size: 12pt;\"><span style=\"line-height: 1.6;\"><strong><br \/>Tematiche attuali e importanti.<\/strong><\/span><\/span><span style=\"font-size: 11pt; line-height: 1.6;\"><br \/><em>In bilico<\/em> \u00e8 un romanzo di formazione che racconta l\u2019evoluzione e la maturazione di due preadolescenti, Timoteo e Lodovica, alle prese con un\u2019apparente, tranquilla vita quotidiana<br \/>di provincia. Ambientato nel contesto del nostro tempo, e in particolare nell\u2019ambito della scuola dove i ragazzi fanno le loro prime e importanti esperienze di vita, tocca alcune delle problematiche che molto spesso i giovani di oggi devono affrontare: il bullismo, la bulimia, la crisi adolescenziale, il difficile rapporto con la famiglia dove regna l\u2019incomunicabilit\u00e0, l\u2019incomprensione e l\u2019indifferenza.<br \/><\/span><\/span><\/p>\n<p><span style=\"font-family: verdana, geneva, sans-serif;\"><span style=\"font-size: 11pt; line-height: 1.6;\"><span style=\"font-size: 12pt; color: #000080;\"><strong><br \/>I personaggi.<\/strong><\/span> <br \/>La vita di molti ragazzi \u00e8 \u201cin bilico\u201d, in un precario equilibrio che a volte si rompe causando<br \/>dolorose cadute.<br \/>Timoteo e Lodovica sono ragazzi molto diversi traloro. Uno appare impacciato e goffo, for te per\u00f2 di una famiglia sana alle spalle e del suo sostegno; l\u2019altra sembra sfrontata e sicura di s\u00e9, ma si<br \/>rivela fragile e dipendente da una famiglia pressoch\u00e9 inesistente.<br \/>A fare da contorno e sostegno ai protagonisti ci sono altri ragazzi: il bullo e insicuro Luigi Chielli e i compagni di classe, la scostante e invadente Benedetta, lo sportivo e simpatico Andrea, suo fratello, il coraggioso e intelligente Bassam. A loro si alternano le figure degli adulti: i genitori dei protagonisti, i professori, il signor Augusto.<br \/>Timoteo e Lodovica devono sperimentare la solitudine e l\u2019abbandono e compiono anche delle scelte sbagliate; vanno avanti per poi dover tornare indietro sui loro passi. Si riconoscono forti e fragili, vivono mille contraddizioni in bilico. appunto, tra la voglia e la paura di crescere.<br \/>Sono terrorizzati dal guardarsi dentro, ma pian piano diventano consapevoli che solo tramite una profonda conoscenza di se stessi si possono mettere in piedi rapporti sani e costruttivi con gli altri.<br \/><\/span><\/span><\/p>\n<p><span style=\"font-family: verdana, geneva, sans-serif;\"><span style=\"font-size: 11pt; line-height: 1.6;\"><span style=\"font-size: 12pt; color: #000080;\"><strong><br \/>Un percorso lungo e difficile.<\/strong><\/span><br \/>Poco per volta scoprono il tesoro insostituibile della loro amicizia che si trasformer\u00e0 in un sentimento di amore e di grande rispetto reciproco.<br \/>Riescono a recuperare un rapporto di lealt\u00e0 e fiducia con genitori e professori vedendo in loro dei<br \/>modelli o, pi\u00f9 semplicemente, delle persone a cui potersi affidare. Tutto questo non \u00e8 un percorso facile, n\u00e9 tanto meno definitivo, come dimostra il finale aperto che prospetta ancora sviluppi e mutamenti.<br \/><\/span><\/span><\/p>\n<p><span style=\"font-family: verdana, geneva, sans-serif;\"><span style=\"font-size: 11pt; line-height: 1.6;\"><span style=\"font-size: 12pt; color: #000080;\"><strong><br \/>Gli apparati didattici.<\/strong> <\/span><br \/>Il romanzo \u00e8 corredato da un\u2019ampia proposta di apparati didattici che hanno come obiettivo la fruizione matura e consapevole da parte dei giovani lettori delle problematiche affrontate e delle vie d\u2019uscita che si possono prospettare da situazioni di difficolt\u00e0 e disagio. Gli apparati mirano, dunque, a far riflettere e a confrontarsi con gli altri, consapevoli che le soluzioni sono certo individuali ma, nello stesso tempo, anche corali, frutto di ricerca comune e condivisa.<\/span><\/span><\/p>\n<p>&nbsp;<\/p>\n<p><a href=\"https:\/\/www.edisco.it\/i-coriandoli\/wp-content\/uploads\/sites\/77\/2017\/09\/in_bilico_preview.pdf\" target=\"_blank\" rel=\"noopener noreferrer\"><img src=\"https:\/\/www.edisco.it\/a-caring-society\/wp-content\/uploads\/sites\/86\/2019\/09\/icona-PDF_60.png\" alt=\"\" align=\"absMiddle\" \/>\u00a0<\/a> <span style=\"font-family: verdana,geneva,sans-serif;\"><span style=\"font-size: 12pt;\"> <a href=\"https:\/\/www.edisco.it\/i-coriandoli\/wp-content\/uploads\/sites\/77\/2017\/09\/in_bilico_preview.pdf\" target=\"_blank\" rel=\"noopener noreferrer\">In bilico_Anteprima.pdf<\/a>\u00a0<\/span><\/span><\/p>\n<iframe src=\"\/\/docs.google.com\/viewer?url=https%3A%2F%2Fwww.edisco.it%2Fi-coriandoli%2Fwp-content%2Fuploads%2Fsites%2F77%2F2017%2F09%2Fin_bilico_preview.pdf&hl=it&embedded=true\" class=\"gde-frame\" style=\"width:100%; height:1100px; border: none;\" scrolling=\"no\"><\/iframe>\n<p class=\"gde-text\"><a href=\"https:\/\/www.edisco.it\/i-coriandoli\/wp-content\/uploads\/sites\/77\/2017\/09\/in_bilico_preview.pdf\" class=\"gde-link\">Download (PDF, 374KB)<\/a><\/p>\n","protected":false},"excerpt":{"rendered":"<p>Consigliato per la classe III Tematiche attuali e importanti.In bilico \u00e8 un romanzo di formazione che racconta l\u2019evoluzione e la maturazione di due preadolescenti, Timoteo e Lodovica, alle prese con un\u2019apparente, tranquilla vita quotidianadi provincia. Ambientato nel contesto del nostro tempo, e in particolare nell\u2019ambito della scuola dove i ragazzi fanno le loro prime e<\/p>\n","protected":false},"author":3,"featured_media":0,"parent":28,"menu_order":0,"comment_status":"closed","ping_status":"closed","template":"page-templates\/dettaglio_volume.php","meta":[],"acf":[],"_links":{"self":[{"href":"https:\/\/www.edisco.it\/i-coriandoli\/wp-json\/wp\/v2\/pages\/466"}],"collection":[{"href":"https:\/\/www.edisco.it\/i-coriandoli\/wp-json\/wp\/v2\/pages"}],"about":[{"href":"https:\/\/www.edisco.it\/i-coriandoli\/wp-json\/wp\/v2\/types\/page"}],"author":[{"embeddable":true,"href":"https:\/\/www.edisco.it\/i-coriandoli\/wp-json\/wp\/v2\/users\/3"}],"replies":[{"embeddable":true,"href":"https:\/\/www.edisco.it\/i-coriandoli\/wp-json\/wp\/v2\/comments?post=466"}],"version-history":[{"count":9,"href":"https:\/\/www.edisco.it\/i-coriandoli\/wp-json\/wp\/v2\/pages\/466\/revisions"}],"predecessor-version":[{"id":667,"href":"https:\/\/www.edisco.it\/i-coriandoli\/wp-json\/wp\/v2\/pages\/466\/revisions\/667"}],"up":[{"embeddable":true,"href":"https:\/\/www.edisco.it\/i-coriandoli\/wp-json\/wp\/v2\/pages\/28"}],"wp:attachment":[{"href":"https:\/\/www.edisco.it\/i-coriandoli\/wp-json\/wp\/v2\/media?parent=466"}],"curies":[{"name":"wp","href":"https:\/\/api.w.org\/{rel}","templated":true}]}}