{"id":52,"date":"2015-01-28T14:46:35","date_gmt":"2015-01-28T13:46:35","guid":{"rendered":"https:\/\/www.edisco.it\/i-coriandoli\/?page_id=52"},"modified":"2023-03-03T14:29:47","modified_gmt":"2023-03-03T13:29:47","slug":"un-pianeta-per-amico","status":"publish","type":"page","link":"https:\/\/www.edisco.it\/i-coriandoli\/configurazione\/un-pianeta-per-amico\/","title":{"rendered":"Un pianeta per amico"},"content":{"rendered":"<div><span style=\"font-size: 8pt;\"><strong><span style=\"color: #4786b5;\"><span style=\"font-family: verdana,geneva,sans-serif;\"><br \/><\/span><\/span><\/strong><span style=\"font-size: 12pt;\"><strong><span style=\"color: #4786b5;\"><span style=\"font-family: verdana,geneva,sans-serif;\">Consigliato per le classi II-III<\/span><\/span><\/strong><\/span><\/span><\/div>\n<div>\n<p>&nbsp;<\/p>\n<\/div>\n<div><span style=\"font-size: 11pt; font-family: verdana, geneva, sans-serif;\"><span style=\"font-size: 12pt;\"><span style=\"color: #000080;\"><strong>L\u2019argomento<\/strong><\/span>.<\/span> Legare l\u2019ora di narrativa ad argomenti di attualit\u00e0 pu\u00f2 risultare una scelta vincente e didatticamente proficua. Il libro \u00e8 suddiviso a percorsi che affrontano il problema dell\u2019ecologia da diverse angolazioni, vista la sua complessit\u00e0. Il discorso viene condotto senza facilonerie o prese di posizioni preconcette, evitando gli inutili allarmismi, ma facendo, comunque, riflettere su un problema che deve coinvolgere tutti poich\u00e9 siamo direttamente chiamati in causa.<br \/> La lettura di questo testo facilita molto la preparazione di lavori interdisciplinari (italiano, scienze, geografia, educazione tecnica...) anche in vista dell\u2019esame finale.<\/span><\/p>\n<p>&nbsp;<\/p>\n<p><span style=\"font-family: verdana, geneva, sans-serif; font-size: 11pt;\"><span style=\"font-size: 12pt;\"><span style=\"color: #000080;\"><strong>Gli autori<\/strong><\/span>.<\/span> Tramite interessanti racconti di scrittori moderni (italiani: Rigoni Stern, Luigi Pirandello, Carlo Cassola, Italo Calvino, Giuseppe Culicchia, e stranieri: Edgar Rice Borroughs, Ernest Hemingway, Patricia Highsmith, Luis Sepulveda, Mary Shelley, Julio Cortazar, Michail Bulgakov, Alex Munte, Michel Tournier). Un pianeta per amico invita il giovane lettore a prendere maggiormente coscienza del problema dell\u2019equilibrio ecologico, del futuro che attende il nostro Pianeta con cui dividiamo strettamente le sorti.<\/span><\/p>\n<\/div>\n<p>&nbsp;<\/p>\n<p><a href=\"https:\/\/www.edisco.it\/i-coriandoli\/wp-content\/uploads\/sites\/77\/2016\/06\/un-pianeta-per-amico_preview.pdf\" target=\"_blank\" rel=\"noopener noreferrer\"><img src=\"https:\/\/www.edisco.it\/a-caring-society\/wp-content\/uploads\/sites\/86\/2019\/09\/icona-PDF_60.png\" alt=\"\" align=\"absMiddle\" \/>\u00a0<\/a> <span style=\"font-family: verdana,geneva,sans-serif;\"><span style=\"font-size: 12pt;\"> <a href=\"https:\/\/www.edisco.it\/i-coriandoli\/wp-content\/uploads\/sites\/77\/2016\/06\/un-pianeta-per-amico_preview.pdf\" target=\"_blank\" rel=\"noopener noreferrer\">Un pianeta per amico_Anteprima.pdf<\/a>\u00a0<\/span><\/span><\/p>\n<iframe src=\"\/\/docs.google.com\/viewer?url=https%3A%2F%2Fwww.edisco.it%2Fi-coriandoli%2Fwp-content%2Fuploads%2Fsites%2F77%2F2016%2F06%2Fun-pianeta-per-amico_preview.pdf&hl=it&embedded=true\" class=\"gde-frame\" style=\"width:100%; height:1100px; border: none;\" scrolling=\"no\"><\/iframe>\n<p class=\"gde-text\"><a href=\"https:\/\/www.edisco.it\/i-coriandoli\/wp-content\/uploads\/sites\/77\/2016\/06\/un-pianeta-per-amico_preview.pdf\" class=\"gde-link\">Download (PDF, 243KB)<\/a><\/p>\n<div>\u00a0<\/div>\n<div>\u00a0<\/div>\n<div>\u00a0<\/div>\n","protected":false},"excerpt":{"rendered":"<p>Consigliato per le classi II-III &nbsp; L\u2019argomento. Legare l\u2019ora di narrativa ad argomenti di attualit\u00e0 pu\u00f2 risultare una scelta vincente e didatticamente proficua. Il libro \u00e8 suddiviso a percorsi che affrontano il problema dell\u2019ecologia da diverse angolazioni, vista la sua complessit\u00e0. Il discorso viene condotto senza facilonerie o prese di posizioni preconcette, evitando gli inutili<\/p>\n","protected":false},"author":3,"featured_media":0,"parent":28,"menu_order":9,"comment_status":"closed","ping_status":"closed","template":"page-templates\/dettaglio_volume.php","meta":[],"acf":[],"_links":{"self":[{"href":"https:\/\/www.edisco.it\/i-coriandoli\/wp-json\/wp\/v2\/pages\/52"}],"collection":[{"href":"https:\/\/www.edisco.it\/i-coriandoli\/wp-json\/wp\/v2\/pages"}],"about":[{"href":"https:\/\/www.edisco.it\/i-coriandoli\/wp-json\/wp\/v2\/types\/page"}],"author":[{"embeddable":true,"href":"https:\/\/www.edisco.it\/i-coriandoli\/wp-json\/wp\/v2\/users\/3"}],"replies":[{"embeddable":true,"href":"https:\/\/www.edisco.it\/i-coriandoli\/wp-json\/wp\/v2\/comments?post=52"}],"version-history":[{"count":7,"href":"https:\/\/www.edisco.it\/i-coriandoli\/wp-json\/wp\/v2\/pages\/52\/revisions"}],"predecessor-version":[{"id":678,"href":"https:\/\/www.edisco.it\/i-coriandoli\/wp-json\/wp\/v2\/pages\/52\/revisions\/678"}],"up":[{"embeddable":true,"href":"https:\/\/www.edisco.it\/i-coriandoli\/wp-json\/wp\/v2\/pages\/28"}],"wp:attachment":[{"href":"https:\/\/www.edisco.it\/i-coriandoli\/wp-json\/wp\/v2\/media?parent=52"}],"curies":[{"name":"wp","href":"https:\/\/api.w.org\/{rel}","templated":true}]}}