{"id":54,"date":"2015-01-28T14:47:24","date_gmt":"2015-01-28T13:47:24","guid":{"rendered":"https:\/\/www.edisco.it\/i-coriandoli\/?page_id=54"},"modified":"2023-03-03T14:29:54","modified_gmt":"2023-03-03T13:29:54","slug":"diversita-a-confronto","status":"publish","type":"page","link":"https:\/\/www.edisco.it\/i-coriandoli\/configurazione\/diversita-a-confronto\/","title":{"rendered":"Diversit\u00e0 a confronto"},"content":{"rendered":"<div><span style=\"font-size: 8pt;\"><strong><span style=\"color: #4786b5;\"><span style=\"font-family: verdana,geneva,sans-serif;\"><br \/><\/span><\/span><\/strong><span style=\"font-size: 12pt;\"><strong><span style=\"color: #4786b5;\"><span style=\"font-family: verdana,geneva,sans-serif;\">Consigliato per la classe III<\/span><\/span><\/strong><\/span><\/span><\/div>\n<div>\n<p>&nbsp;<\/p>\n<\/div>\n<div><span style=\"font-size: 11pt; font-family: verdana, geneva, sans-serif;\"><span style=\"font-size: 12pt;\"><span style=\"color: #000080;\"><strong>L\u2019argomento<\/strong><\/span>.<\/span> Il tema del confronto tra posizioni ideologiche diverse si propone oggi in tutta la sua urgenza e attualit\u00e0, e ha una valenza educativa indubbia. Il volume, attraverso i quattro percorsi in cui \u00e8 strutturato, presenta le varie forme di diversit\u00e0 che esistono e che sono sempre esistite (handicap fisico, emarginazione sociale, diversit\u00e0 di religione, di ideologie politiche, di razza...). Indaga sulle ideologie e sui pregiudizi che esistono oggi, pur avendo radici antiche (razzismo, antisemitismo, intolleranza...) e, infine, presenta quali possono essere gli atteggiamenti di fronte alla realt\u00e0 del diverso: occasione di rifiuto e di chiusura, giustificazione per l\u2019affermazione della intolleranza oppure apertura al dialogo.<br \/> Il volume offre la possibilit\u00e0 di affrontare un problema da cui la scuola non pu\u00f2 esimersi, che, alla luce degli avvenimenti recenti, si presenta in tutta la sua urgenza e drammaticit\u00e0 e che deve, dunque, costituire un momento di riflessione e una tappa importante nel dialogo educativo.<\/span><\/p>\n<p>&nbsp;<\/p>\n<p><span style=\"font-family: verdana, geneva, sans-serif; font-size: 11pt;\"><span style=\"font-size: 12pt;\"><span style=\"color: #000080;\"><strong>Gli autori<\/strong><\/span>.<\/span> I testi utilizzati nei vari percorsi sono tutti di tipo letterario e non di tipo saggistico o giornalistico. Gli autori (italiani: Mario Tobino, Goffredo Parise, Giuseppe Pontiggia, Chiara Sereni... e stranieri: Fredric Brown, Katherine Mansfield, Herman Melville, Oscar Wilde...) sono significativi e importanti anche sul versante letterario. In tal modo l\u2019opera non \u00e8 troppo sbilanciata sull\u2019attualit\u00e0, ma mantiene una sua coerenza per un suo utilizzo mirato nell\u2019ora di narrativa.<\/span><\/p>\n<\/div>\n<p>&nbsp;<\/p>\n<p><a href=\"https:\/\/www.edisco.it\/i-coriandoli\/wp-content\/uploads\/sites\/77\/2016\/06\/diversita-a-confronto_preview.pdf\" target=\"_blank\" rel=\"noopener noreferrer\"><img src=\"https:\/\/www.edisco.it\/a-caring-society\/wp-content\/uploads\/sites\/86\/2019\/09\/icona-PDF_60.png\" alt=\"\" align=\"absMiddle\" \/>\u00a0<\/a> <span style=\"font-family: verdana,geneva,sans-serif;\"><span style=\"font-size: 12pt;\"> <a href=\"https:\/\/www.edisco.it\/i-coriandoli\/wp-content\/uploads\/sites\/77\/2016\/06\/diversita-a-confronto_preview.pdf\" target=\"_blank\" rel=\"noopener noreferrer\">Diversit\u00e0 a confronto_Anteprima.pdf<\/a>\u00a0<\/span><\/span><\/p>\n<iframe src=\"\/\/docs.google.com\/viewer?url=https%3A%2F%2Fwww.edisco.it%2Fi-coriandoli%2Fwp-content%2Fuploads%2Fsites%2F77%2F2016%2F06%2Fdiversita-a-confronto_preview.pdf&hl=it&embedded=true\" class=\"gde-frame\" style=\"width:100%; height:1100px; border: none;\" scrolling=\"no\"><\/iframe>\n<p class=\"gde-text\"><a href=\"https:\/\/www.edisco.it\/i-coriandoli\/wp-content\/uploads\/sites\/77\/2016\/06\/diversita-a-confronto_preview.pdf\" class=\"gde-link\">Download (PDF, 160KB)<\/a><\/p>\n<div>\u00a0<\/div>\n<div>\u00a0<\/div>\n<div>\u00a0<\/div>\n","protected":false},"excerpt":{"rendered":"<p>Consigliato per la classe III &nbsp; L\u2019argomento. Il tema del confronto tra posizioni ideologiche diverse si propone oggi in tutta la sua urgenza e attualit\u00e0, e ha una valenza educativa indubbia. Il volume, attraverso i quattro percorsi in cui \u00e8 strutturato, presenta le varie forme di diversit\u00e0 che esistono e che sono sempre esistite (handicap<\/p>\n","protected":false},"author":3,"featured_media":0,"parent":28,"menu_order":10,"comment_status":"closed","ping_status":"closed","template":"page-templates\/dettaglio_volume.php","meta":[],"acf":[],"_links":{"self":[{"href":"https:\/\/www.edisco.it\/i-coriandoli\/wp-json\/wp\/v2\/pages\/54"}],"collection":[{"href":"https:\/\/www.edisco.it\/i-coriandoli\/wp-json\/wp\/v2\/pages"}],"about":[{"href":"https:\/\/www.edisco.it\/i-coriandoli\/wp-json\/wp\/v2\/types\/page"}],"author":[{"embeddable":true,"href":"https:\/\/www.edisco.it\/i-coriandoli\/wp-json\/wp\/v2\/users\/3"}],"replies":[{"embeddable":true,"href":"https:\/\/www.edisco.it\/i-coriandoli\/wp-json\/wp\/v2\/comments?post=54"}],"version-history":[{"count":7,"href":"https:\/\/www.edisco.it\/i-coriandoli\/wp-json\/wp\/v2\/pages\/54\/revisions"}],"predecessor-version":[{"id":679,"href":"https:\/\/www.edisco.it\/i-coriandoli\/wp-json\/wp\/v2\/pages\/54\/revisions\/679"}],"up":[{"embeddable":true,"href":"https:\/\/www.edisco.it\/i-coriandoli\/wp-json\/wp\/v2\/pages\/28"}],"wp:attachment":[{"href":"https:\/\/www.edisco.it\/i-coriandoli\/wp-json\/wp\/v2\/media?parent=54"}],"curies":[{"name":"wp","href":"https:\/\/api.w.org\/{rel}","templated":true}]}}