{"id":58,"date":"2015-01-28T14:48:21","date_gmt":"2015-01-28T13:48:21","guid":{"rendered":"https:\/\/www.edisco.it\/i-coriandoli\/?page_id=58"},"modified":"2023-03-03T14:30:27","modified_gmt":"2023-03-03T13:30:27","slug":"le-storie-piu-belle-del-mondo","status":"publish","type":"page","link":"https:\/\/www.edisco.it\/i-coriandoli\/configurazione\/le-storie-piu-belle-del-mondo\/","title":{"rendered":"Le storie pi\u00f9 belle del mondo"},"content":{"rendered":"<div>\n<div>\u00a0<\/div>\n<div><span style=\"font-size: 12pt;\"><strong><span style=\"color: #4786b5;\"><span style=\"font-family: verdana,geneva,sans-serif;\">Consigliato per le classi I-II<\/span><\/span><\/strong><\/span><\/div>\n<\/div>\n<div>\n<p>&nbsp;<\/p>\n<\/div>\n<div><span style=\"font-size: 11pt; font-family: verdana, geneva, sans-serif;\"><span style=\"font-size: 12pt;\"><span style=\"color: #000080;\"><strong>Argomento e contenuto<\/strong><\/span>.<\/span> La mitologia greca, di cui di cui il libro presenta i racconti pi\u00f9 importanti, non \u00e8 solo un repertorio di storie, magari accattivanti e gradevoli, da proporre ai ragazzi all\u2019unico scopo di divertirli. Certo, la mitologia \u00e8 pure questo, ma \u00e8 anche altro, e cio\u00e8 un linguaggio universale, che appartiene alla nostra cultura, tanto che le figure degli eroi e delle divinit\u00e0 greco-romane sono note a tutti e qualche volta fanno capolino addirittura negli spot pubblicitari. L\u2019idea di presentare una raccolta dei principali miti greci non \u00e8 un\u2019operazione anacronistica, ma semmai un tentativo di ritornare alle fonti del nostro immaginario, per non dire alle origini della nostra storia. Le storie pi\u00f9 belle del mondo \u00e8 un libro che prende sul serio la mitologia, anche se le storie mitologiche sono narrate talvolta con piglio ironico e divertito e le figure degli d\u00e8i e degli eroi presentate, quando \u00e8 possibile, con un certo umorismo.<\/span><\/p>\n<p>&nbsp;<\/p>\n<p><span style=\"font-family: verdana, geneva, sans-serif; font-size: 11pt;\"><span style=\"font-size: 12pt;\"><span style=\"color: #000080;\"><strong>La struttura<\/strong><\/span>.<\/span> Il libro si apre con una breve \u00abcornice\u00bb in cui, nel corso di un banchetto allestito sull\u2019Olimpo per festeggiare il compleanno di Zeus, la dea Atena informa il fratello Ermes del suo desiderio di scrivere una storia degli d\u00e8i e degli eroi; la dea \u00e8 dunque la voce narrante dei miti di questa raccolta che si articola in due sezioni.<\/span><br \/><span style=\"font-family: verdana, geneva, sans-serif; font-size: 11pt;\"> La prima (Il tempo degli d\u00e8i) \u00e8 dedicata alle vicende delle divinit\u00e0 principali del pantheon greco (dalle origini del cosmo sino alla nascita e alle storie di Dioniso-Bacco); la seconda (Il tempo degli eroi) verte sulle storie di alcuni eroi greci: dalle vicissitudini di Orfeo, sino a quelle dei personaggi della guerra di Troia e alle avventure di Ulisse.<\/span><\/p>\n<\/div>\n<p>&nbsp;<\/p>\n<p><a href=\"https:\/\/www.edisco.it\/i-coriandoli\/wp-content\/uploads\/sites\/77\/2016\/06\/le-storie-piu-belle-del-mondo_preview.pdf\" target=\"_blank\" rel=\"noopener noreferrer\"><img src=\"https:\/\/www.edisco.it\/a-caring-society\/wp-content\/uploads\/sites\/86\/2019\/09\/icona-PDF_60.png\" alt=\"\" align=\"absMiddle\" \/>\u00a0<\/a> <span style=\"font-family: verdana,geneva,sans-serif;\"><span style=\"font-size: 12pt;\"> <a href=\"https:\/\/www.edisco.it\/i-coriandoli\/wp-content\/uploads\/sites\/77\/2016\/06\/le-storie-piu-belle-del-mondo_preview.pdf\" target=\"_blank\" rel=\"noopener noreferrer\">Le storie pi\u00f9 belle del mondo_Anteprima.pdf<\/a>\u00a0<\/span><\/span><\/p>\n<iframe src=\"\/\/docs.google.com\/viewer?url=https%3A%2F%2Fwww.edisco.it%2Fi-coriandoli%2Fwp-content%2Fuploads%2Fsites%2F77%2F2016%2F06%2Fle-storie-piu-belle-del-mondo_preview.pdf&hl=it&embedded=true\" class=\"gde-frame\" style=\"width:100%; height:1100px; border: none;\" scrolling=\"no\"><\/iframe>\n<p class=\"gde-text\"><a href=\"https:\/\/www.edisco.it\/i-coriandoli\/wp-content\/uploads\/sites\/77\/2016\/06\/le-storie-piu-belle-del-mondo_preview.pdf\" class=\"gde-link\">Download (PDF, 226KB)<\/a><\/p>\n<div>\u00a0<\/div>\n<div>\u00a0<\/div>\n<div>\u00a0<\/div>\n","protected":false},"excerpt":{"rendered":"<p>\u00a0 Consigliato per le classi I-II &nbsp; Argomento e contenuto. La mitologia greca, di cui di cui il libro presenta i racconti pi\u00f9 importanti, non \u00e8 solo un repertorio di storie, magari accattivanti e gradevoli, da proporre ai ragazzi all\u2019unico scopo di divertirli. Certo, la mitologia \u00e8 pure questo, ma \u00e8 anche altro, e cio\u00e8<\/p>\n","protected":false},"author":3,"featured_media":0,"parent":28,"menu_order":12,"comment_status":"closed","ping_status":"closed","template":"page-templates\/dettaglio_volume.php","meta":[],"acf":[],"_links":{"self":[{"href":"https:\/\/www.edisco.it\/i-coriandoli\/wp-json\/wp\/v2\/pages\/58"}],"collection":[{"href":"https:\/\/www.edisco.it\/i-coriandoli\/wp-json\/wp\/v2\/pages"}],"about":[{"href":"https:\/\/www.edisco.it\/i-coriandoli\/wp-json\/wp\/v2\/types\/page"}],"author":[{"embeddable":true,"href":"https:\/\/www.edisco.it\/i-coriandoli\/wp-json\/wp\/v2\/users\/3"}],"replies":[{"embeddable":true,"href":"https:\/\/www.edisco.it\/i-coriandoli\/wp-json\/wp\/v2\/comments?post=58"}],"version-history":[{"count":7,"href":"https:\/\/www.edisco.it\/i-coriandoli\/wp-json\/wp\/v2\/pages\/58\/revisions"}],"predecessor-version":[{"id":681,"href":"https:\/\/www.edisco.it\/i-coriandoli\/wp-json\/wp\/v2\/pages\/58\/revisions\/681"}],"up":[{"embeddable":true,"href":"https:\/\/www.edisco.it\/i-coriandoli\/wp-json\/wp\/v2\/pages\/28"}],"wp:attachment":[{"href":"https:\/\/www.edisco.it\/i-coriandoli\/wp-json\/wp\/v2\/media?parent=58"}],"curies":[{"name":"wp","href":"https:\/\/api.w.org\/{rel}","templated":true}]}}