{"id":604,"date":"2019-04-16T14:14:13","date_gmt":"2019-04-16T12:14:13","guid":{"rendered":"https:\/\/www.edisco.it\/i-coriandoli\/?page_id=604"},"modified":"2023-03-03T14:28:27","modified_gmt":"2023-03-03T13:28:27","slug":"respirando-primavera","status":"publish","type":"page","link":"https:\/\/www.edisco.it\/i-coriandoli\/configurazione\/respirando-primavera\/","title":{"rendered":"Respirando primavera"},"content":{"rendered":"<div>\u00a0<\/div>\n<div>\n<p><span style=\"font-family: verdana, geneva, sans-serif;\"><span style=\"color: #000080; font-size: 12pt;\"><span style=\"line-height: 1.6;\"><strong>La struttura<\/strong><\/span><\/span><span style=\"font-size: 11pt;\"><span style=\"line-height: 1.6;\"><span style=\"font-size: 12pt;\">.<\/span><br \/><\/span><\/span><\/span><\/p>\n<p class=\"p1\"><span style=\"font-family: verdana, geneva, sans-serif; font-size: 11pt;\">Il volume \u00e8 una raccolta antologica di racconti e brani letterari sul variegato mondo dell\u2019adolescenza ed \u00e8 diviso in <span class=\"s1\">percorsi\u00a0<\/span><span class=\"s2\">(<\/span><strong>Gli affetti dei giovani<\/strong>, <strong>Verso la maturit\u00e0<\/strong>, <strong>Il mondo dei grandi<\/strong>, <strong>Il tramonto di un sogno<\/strong>, <strong>Il buio e il sole<\/strong><span class=\"s2\">).<\/span><\/span><\/p>\n<p class=\"p1\"><span style=\"font-family: verdana, geneva, sans-serif; font-size: 11pt;\">L\u2019argomento. Affronta gli argomenti di maggiore impatto per un giovane lettore: il rapporto con la famiglia; il complesso mondo degli affetti che si stanno definendo e maturando; la presa d\u2019atto di un cambiamento in corso nel proprio fisico e nel proprio mondo interiore; l\u2019avvertimento dei problemi che oberano la societ\u00e0 di cui gli adolescenti iniziano a sentirsi parte non pi\u00f9 marginale.<\/span><br \/><span style=\"font-family: verdana, geneva, sans-serif; font-size: 11pt;\">Tramite testi piacevoli e d\u2019autore, il lettore pu\u00f2 riconoscere quei problemi di cui ha gi\u00e0 consapevolezza e individuare meglio quegli aspetti e quei contorni che percepisce soltanto ancora in modo confuso ed incerto. In tal modo il libro pu\u00f2 costituire un ottimo strumento per aiutare all\u2019orientamento nella scelta del futuro, scelta a cui la scuola deve preparare utilizzando ogni mezzo che ha a sua disposizione. In questi racconti lo studente legger\u00e0 storie di ragazzi come lui, di adolescenti con i suoi stessi problemi, desideri e bisogni, che vivono situazioni simili alle sue. In alcuni potr\u00e0 identificarsi; altri, invece, li riterr\u00e0 diversi, lontani dal suo modo di pensare e dal suo mondo: trover\u00e0 comunque che essi fanno parte del suo meraviglioso universo, l\u2019universo giovane.<\/span><br \/><span style=\"font-family: verdana, geneva, sans-serif;\">\u00a0<\/span><\/p>\n<p><span style=\"font-family: verdana, geneva, sans-serif;\"><span style=\"color: #000080; font-size: 12pt;\"><span style=\"line-height: 1.6;\"><strong>Gli autori<\/strong><\/span><\/span><span style=\"font-size: 11pt;\"><span style=\"line-height: 1.6;\"><span style=\"font-size: 12pt;\">.<br \/><\/span><\/span><\/span><\/span><\/p>\n<p class=\"p1\"><span style=\"font-family: verdana, geneva, sans-serif; font-size: 11pt;\">I testi proposti sono tutti di rilievo letterario e gli autori\u00a0<span class=\"s1\">presenti (<\/span><strong>Singer<\/strong>, <strong>Landolfi<\/strong>, <strong>Hesse<\/strong>, <strong>Fucini<\/strong>, <strong>Salinger<\/strong>, <strong>Joyce<\/strong>, <strong>Maraini<\/strong>, <strong>Roth<\/strong>, <strong>Coelho<\/strong>...<span class=\"s1\">) sono protagonisti\u00a0<\/span>della letteratura italiana e straniera di quest\u2019ultimo secolo.<\/span><br \/><span style=\"font-family: verdana, geneva, sans-serif;\">\u00a0<\/span><\/p>\n<p><span style=\"font-family: verdana, geneva, sans-serif;\"><span style=\"color: #000080; font-size: 12pt;\"><span style=\"line-height: 1.6;\"><strong>Gli\u00a0strumenti didattici<\/strong><\/span><\/span><span style=\"font-size: 11pt;\"><span style=\"line-height: 1.6;\"><span style=\"font-size: 12pt;\">.<br \/><\/span><\/span><\/span><\/span><\/p>\n<ul>\n<li class=\"p1\"><span style=\"font-family: verdana, geneva, sans-serif; font-size: 11pt;\"><span class=\"s1\">Accanto all\u2019<\/span><em>introduzione generale<\/em><span class=\"s1\">, si\u00a0<\/span>propone anche un\u2019introduzione per ogni singolo percorso in grado di guidare lo studente nel cogliere i tratti giustificativi che legano i vari testi.<\/span><\/li>\n<li class=\"p2\"><span style=\"font-family: verdana, geneva, sans-serif; font-size: 11pt;\">Ogni brano \u00e8 presentato in maniera sintetica e accattivante, cos\u00ec come ogni autore.<\/span><\/li>\n<li class=\"p2\"><span style=\"font-family: verdana, geneva, sans-serif; font-size: 11pt;\">Le <em><span class=\"s2\">parti operative <\/span><\/em>sono organizzate su due livelli: quelle poste alla conclusione di ogni singolo racconto e quelle pi\u00f9 complessive e sommative alla fine di ogni percorso.<\/span><\/li>\n<\/ul>\n<p>&nbsp;<\/p>\n<\/div>\n<p><a href=\"https:\/\/www.edisco.it\/rainbows\/wp-content\/uploads\/sites\/82\/2019\/04\/Respirando_primavera_preview.pdf\" target=\"_blank\" rel=\"noopener noreferrer\"><img src=\"https:\/\/www.edisco.it\/a-caring-society\/wp-content\/uploads\/sites\/86\/2019\/09\/icona-PDF_60.png\" alt=\"\" align=\"absMiddle\" \/>\u00a0<\/a><span style=\"font-family: verdana,geneva,sans-serif;\"><span style=\"font-size: 12pt;\"><a href=\"https:\/\/www.edisco.it\/rainbows\/wp-content\/uploads\/sites\/82\/2019\/04\/Respirando_primavera_preview.pdf\" target=\"_blank\" rel=\"noopener noreferrer\">Respirando_primavera_Anteprima.pdf<\/a>\u00a0<\/span><\/span><\/p>\n<iframe src=\"\/\/docs.google.com\/viewer?url=https%3A%2F%2Fwww.edisco.it%2Frainbows%2Fwp-content%2Fuploads%2Fsites%2F82%2F2019%2F04%2FRespirando_primavera_preview.pdf&hl=it&embedded=true\" class=\"gde-frame\" style=\"width:100%; height:1100px; border: none;\" scrolling=\"no\"><\/iframe>\n<p class=\"gde-text\"><a href=\"https:\/\/www.edisco.it\/rainbows\/wp-content\/uploads\/sites\/82\/2019\/04\/Respirando_primavera_preview.pdf\" class=\"gde-link\">Download (PDF, 596KB)<\/a><\/p>\n","protected":false},"excerpt":{"rendered":"<p>\u00a0 La struttura. Il volume \u00e8 una raccolta antologica di racconti e brani letterari sul variegato mondo dell\u2019adolescenza ed \u00e8 diviso in percorsi\u00a0(Gli affetti dei giovani, Verso la maturit\u00e0, Il mondo dei grandi, Il tramonto di un sogno, Il buio e il sole). L\u2019argomento. Affronta gli argomenti di maggiore impatto per un giovane lettore: il<\/p>\n","protected":false},"author":3,"featured_media":0,"parent":28,"menu_order":0,"comment_status":"closed","ping_status":"closed","template":"page-templates\/dettaglio_volume.php","meta":[],"acf":[],"_links":{"self":[{"href":"https:\/\/www.edisco.it\/i-coriandoli\/wp-json\/wp\/v2\/pages\/604"}],"collection":[{"href":"https:\/\/www.edisco.it\/i-coriandoli\/wp-json\/wp\/v2\/pages"}],"about":[{"href":"https:\/\/www.edisco.it\/i-coriandoli\/wp-json\/wp\/v2\/types\/page"}],"author":[{"embeddable":true,"href":"https:\/\/www.edisco.it\/i-coriandoli\/wp-json\/wp\/v2\/users\/3"}],"replies":[{"embeddable":true,"href":"https:\/\/www.edisco.it\/i-coriandoli\/wp-json\/wp\/v2\/comments?post=604"}],"version-history":[{"count":6,"href":"https:\/\/www.edisco.it\/i-coriandoli\/wp-json\/wp\/v2\/pages\/604\/revisions"}],"predecessor-version":[{"id":669,"href":"https:\/\/www.edisco.it\/i-coriandoli\/wp-json\/wp\/v2\/pages\/604\/revisions\/669"}],"up":[{"embeddable":true,"href":"https:\/\/www.edisco.it\/i-coriandoli\/wp-json\/wp\/v2\/pages\/28"}],"wp:attachment":[{"href":"https:\/\/www.edisco.it\/i-coriandoli\/wp-json\/wp\/v2\/media?parent=604"}],"curies":[{"name":"wp","href":"https:\/\/api.w.org\/{rel}","templated":true}]}}