{"id":64,"date":"2015-01-28T14:50:10","date_gmt":"2015-01-28T13:50:10","guid":{"rendered":"https:\/\/www.edisco.it\/i-coriandoli\/?page_id=64"},"modified":"2023-03-03T14:30:55","modified_gmt":"2023-03-03T13:30:55","slug":"la-mummia-venuta-dal-ghiaccio","status":"publish","type":"page","link":"https:\/\/www.edisco.it\/i-coriandoli\/configurazione\/la-mummia-venuta-dal-ghiaccio\/","title":{"rendered":"La mummia venuta dal ghiaccio"},"content":{"rendered":"<div>\n<div>\u00a0<\/div>\n<div><span style=\"font-size: 12pt;\"><strong><span style=\"color: #4786b5;\"><span style=\"font-family: verdana,geneva,sans-serif;\">A cura di Angela Mazzeo<\/span><\/span><\/strong><\/span><\/div>\n<div><span style=\"font-size: 12pt;\"><strong><span style=\"color: #4786b5;\"><span style=\"font-family: verdana,geneva,sans-serif;\"><br \/>Consigliato per le classi I-II<\/span><\/span><\/strong><\/span><\/div>\n<\/div>\n<div>\n<p>&nbsp;<\/p>\n<\/div>\n<div><span style=\"color: #000000; font-family: verdana, geneva, sans-serif; font-size: 11pt;\"><span style=\"color: #000;\"><span style=\"font-size: 12pt;\"><span style=\"color: #000080;\"><strong>Lo spunto storico<\/strong><\/span>.<\/span> Nel periodo di passaggio tra il Neolitico e l\u2019Et\u00e0 dei metalli, un uomo muore a 3213 metri di quota, nei pressi del massiccio del Similaun in Alto Adige. Passano 5300 anni e due turisti ne scoprono casualmente il cadavere... in ottimo stato di conservazione. Mummificato.<br \/> Poco ci vuole per comprendere che \u00e8 una delle scoperte archeologiche pi\u00f9 incredibili e affascinanti di tutti i tempi. Alla pari di quella della citt\u00e0 maya di Tical o della citt\u00e0 di Troia, o del tesoro di Tutankamon.<br \/> E oggi, grazie alla scienza, siamo in grado di sapere molte cose su quest\u2019uomo. Restano tuttavia alcuni misteri: che ci faceva l\u00ec, a quell\u2019altitudine, sul finire dell\u2019estate, e come e perch\u00e9 \u00e8 morto?<\/span><\/span><\/p>\n<p>&nbsp;<\/p>\n<p><span style=\"font-family: verdana, geneva, sans-serif; font-size: 11pt;\"><span style=\"font-size: 12pt;\"><span style=\"color: #000080;\"><strong>La trama<\/strong><\/span>.<\/span> Il romanzo, in maniera fantasiosa ma senza distanziarsi mai dalla realt\u00e0 storica che le scoperte hanno delineato, risponde ad alcune di queste domande.<\/span><br \/><span style=\"font-family: verdana, geneva, sans-serif; font-size: 11pt;\"> La trama \u00e8 avvincente e molto vicino alle attese dei ragazzi, attratti dal mondo fantasioso della Preistoria ma anche sedotti dalle scoperte scientifiche. Il racconto \u00e8 fedele alla ricostruzione storica e, nello stesso tempo, affascinante.<\/span><br \/><span style=\"font-family: verdana, geneva, sans-serif; font-size: 11pt;\"> Il romanzo offre la possibilit\u00e0 di lavorare in maniera interdisciplinare con altre materie scolastiche come storia, geografia e scienze, rendendo fattibile un\u2019operazione da molti auspicata ma spesso impraticabile o comunque molto difficoltosa.<\/span><\/p>\n<\/div>\n<p>&nbsp;<\/p>\n<p><a href=\"https:\/\/www.edisco.it\/i-coriandoli\/wp-content\/uploads\/sites\/77\/2016\/06\/la-mummia-venuta-dal-ghiaccio_preview.pdf\" target=\"_blank\" rel=\"noopener noreferrer\"><img src=\"https:\/\/www.edisco.it\/a-caring-society\/wp-content\/uploads\/sites\/86\/2019\/09\/icona-PDF_60.png\" alt=\"\" align=\"absMiddle\" \/>\u00a0<\/a> <span style=\"font-family: verdana,geneva,sans-serif;\"><span style=\"font-size: 12pt;\"> <a href=\"https:\/\/www.edisco.it\/i-coriandoli\/wp-content\/uploads\/sites\/77\/2016\/06\/la-mummia-venuta-dal-ghiaccio_preview.pdf\" target=\"_blank\" rel=\"noopener noreferrer\">La mummia venuta dal ghiaccio_Anteprima.pdf<\/a>\u00a0<\/span><\/span><\/p>\n<iframe src=\"\/\/docs.google.com\/viewer?url=https%3A%2F%2Fwww.edisco.it%2Fi-coriandoli%2Fwp-content%2Fuploads%2Fsites%2F77%2F2016%2F06%2Fla-mummia-venuta-dal-ghiaccio_preview.pdf&hl=it&embedded=true\" class=\"gde-frame\" style=\"width:100%; height:1100px; border: none;\" scrolling=\"no\"><\/iframe>\n<p class=\"gde-text\"><a href=\"https:\/\/www.edisco.it\/i-coriandoli\/wp-content\/uploads\/sites\/77\/2016\/06\/la-mummia-venuta-dal-ghiaccio_preview.pdf\" class=\"gde-link\">Download (PDF, 228KB)<\/a><\/p>\n<div>\u00a0<\/div>\n<div>\u00a0<\/div>\n<div> \u00a0<\/div>\n","protected":false},"excerpt":{"rendered":"<p>\u00a0 A cura di Angela Mazzeo Consigliato per le classi I-II &nbsp; Lo spunto storico. Nel periodo di passaggio tra il Neolitico e l\u2019Et\u00e0 dei metalli, un uomo muore a 3213 metri di quota, nei pressi del massiccio del Similaun in Alto Adige. Passano 5300 anni e due turisti ne scoprono casualmente il cadavere&#8230; in<\/p>\n","protected":false},"author":3,"featured_media":0,"parent":28,"menu_order":15,"comment_status":"closed","ping_status":"closed","template":"page-templates\/dettaglio_volume.php","meta":[],"acf":[],"_links":{"self":[{"href":"https:\/\/www.edisco.it\/i-coriandoli\/wp-json\/wp\/v2\/pages\/64"}],"collection":[{"href":"https:\/\/www.edisco.it\/i-coriandoli\/wp-json\/wp\/v2\/pages"}],"about":[{"href":"https:\/\/www.edisco.it\/i-coriandoli\/wp-json\/wp\/v2\/types\/page"}],"author":[{"embeddable":true,"href":"https:\/\/www.edisco.it\/i-coriandoli\/wp-json\/wp\/v2\/users\/3"}],"replies":[{"embeddable":true,"href":"https:\/\/www.edisco.it\/i-coriandoli\/wp-json\/wp\/v2\/comments?post=64"}],"version-history":[{"count":7,"href":"https:\/\/www.edisco.it\/i-coriandoli\/wp-json\/wp\/v2\/pages\/64\/revisions"}],"predecessor-version":[{"id":684,"href":"https:\/\/www.edisco.it\/i-coriandoli\/wp-json\/wp\/v2\/pages\/64\/revisions\/684"}],"up":[{"embeddable":true,"href":"https:\/\/www.edisco.it\/i-coriandoli\/wp-json\/wp\/v2\/pages\/28"}],"wp:attachment":[{"href":"https:\/\/www.edisco.it\/i-coriandoli\/wp-json\/wp\/v2\/media?parent=64"}],"curies":[{"name":"wp","href":"https:\/\/api.w.org\/{rel}","templated":true}]}}