{"id":66,"date":"2015-01-28T14:50:42","date_gmt":"2015-01-28T13:50:42","guid":{"rendered":"https:\/\/www.edisco.it\/i-coriandoli\/?page_id=66"},"modified":"2023-03-03T14:31:01","modified_gmt":"2023-03-03T13:31:01","slug":"il-tesoro-degli-etruschi","status":"publish","type":"page","link":"https:\/\/www.edisco.it\/i-coriandoli\/configurazione\/il-tesoro-degli-etruschi\/","title":{"rendered":"Il tesoro degli etruschi"},"content":{"rendered":"<div><span style=\"font-size: 8pt;\"><strong><span style=\"color: #4786b5;\"><span style=\"font-family: verdana,geneva,sans-serif;\"><br \/><\/span><\/span><\/strong><span style=\"font-size: 12pt;\"><strong><span style=\"color: #4786b5;\"><span style=\"font-family: verdana,geneva,sans-serif;\">A cura di Marco Romanelli<\/span><\/span><\/strong><\/span><\/span><\/div>\n<div><span style=\"font-size: 8pt;\"><span style=\"font-size: 12pt;\"><strong><span style=\"color: #4786b5;\"><span style=\"font-family: verdana,geneva,sans-serif;\"><br \/>Consigliato per la classe I<\/span><\/span><\/strong><\/span><\/span><\/p>\n<p>&nbsp;<\/p>\n<\/div>\n<div><span style=\"color: #000000; font-family: verdana, geneva, sans-serif; font-size: 11pt;\"><span style=\"color: #000;\"><span style=\"font-size: 12pt;\"><span style=\"color: #000080;\"><strong>L\u2019argomento<\/strong><\/span>.<\/span> Quattro ragazzi fra i tredici e i diciotto anni si trasferiscono in una casa di campagna presso Chiusi per passare un periodo di vacanza, con la elettrizzante prospettiva di trascorrere un periodo da soli, in piena autonomia e fuori dal controllo della famiglia; ma presto sopraggiunge la consapevolezza che quei luoghi, che videro fiorire la civilt\u00e0 etrusca, nascondano ancora tanti misteri e tanti tesori che, con un po\u2019 di fortuna e di iniziativa, chiunque pu\u00f2 avere la possibilit\u00e0 di scoprire. \u00c8 quanto capita ai due gemelli Michele e Michela e ai loro cugini Marco e Susi: cominciano per gioco a scavare nella cantina del cascinale in cui si sono stabiliti, per poi trovarsi, incredibilmente, sulle tracce di un vero tesoro archeologico. La storia poi si complica e all\u2019entusiasmo per le scoperte archeologiche si unisce il gusto dell\u2019avventura e il fascino della suspence.<\/span><\/span><\/p>\n<p>&nbsp;<\/p>\n<p><span style=\"font-family: verdana, geneva, sans-serif; font-size: 11pt;\"><span style=\"font-size: 12pt;\"><span style=\"color: #000080;\"><strong>Ragazzi protagonisti<\/strong><\/span>.<\/span> Diventare protagonisti di straordinarie scoperte archeologiche \u00e8 il sogno segreto di tutti i ragazzi, portare alla luce reperti antichi, scendere nelle viscere della terra per estrarre testimonianze del lontano passato sono le fantasie che da sempre frullano nella mente dei ragazzi di ogni epoca. Il romanzo non fa altro che assecondare queste fantasie, dando loro libero sfogo.<\/span><\/p>\n<p>&nbsp;<\/p>\n<p><span style=\"font-family: verdana, geneva, sans-serif; font-size: 11pt;\"><span style=\"font-size: 12pt;\"><span style=\"color: #000080;\"><strong>La storia degli Etruschi<\/strong><\/span>.<\/span> La lettura del romanzo \u00e8 anche un riuscitissimo e originale modo per accostarsi alla storia degli Etruschi, un popolo che ha lasciato incredibili testimonianze di arte e cultura e ci affascina ancora anche per i molti misteri che lo circondano a tutt\u2019oggi.<\/span><\/p>\n<\/div>\n<p>&nbsp;<\/p>\n<p><a href=\"https:\/\/www.edisco.it\/i-coriandoli\/wp-content\/uploads\/sites\/77\/2016\/06\/il-tesoro-degli-etruschi_preview.pdf\" target=\"_blank\" rel=\"noopener noreferrer\"><img src=\"https:\/\/www.edisco.it\/a-caring-society\/wp-content\/uploads\/sites\/86\/2019\/09\/icona-PDF_60.png\" alt=\"\" align=\"absMiddle\" \/>\u00a0<\/a> <span style=\"font-family: verdana,geneva,sans-serif;\"><span style=\"font-size: 12pt;\"> <a href=\"https:\/\/www.edisco.it\/i-coriandoli\/wp-content\/uploads\/sites\/77\/2016\/06\/il-tesoro-degli-etruschi_preview.pdf\" target=\"_blank\" rel=\"noopener noreferrer\">Il tesoro degli etruschi.pdf<\/a>\u00a0<\/span><\/span><\/p>\n<iframe src=\"\/\/docs.google.com\/viewer?url=https%3A%2F%2Fwww.edisco.it%2Fi-coriandoli%2Fwp-content%2Fuploads%2Fsites%2F77%2F2016%2F06%2Fil-tesoro-degli-etruschi_preview.pdf&hl=it&embedded=true\" class=\"gde-frame\" style=\"width:100%; height:1100px; border: none;\" scrolling=\"no\"><\/iframe>\n<p class=\"gde-text\"><a href=\"https:\/\/www.edisco.it\/i-coriandoli\/wp-content\/uploads\/sites\/77\/2016\/06\/il-tesoro-degli-etruschi_preview.pdf\" class=\"gde-link\">Download (PDF, 261KB)<\/a><\/p>\n<div>\u00a0<\/div>\n<div>\u00a0<\/div>\n<div>\u00a0<\/div>\n","protected":false},"excerpt":{"rendered":"<p>A cura di Marco Romanelli Consigliato per la classe I &nbsp; L\u2019argomento. Quattro ragazzi fra i tredici e i diciotto anni si trasferiscono in una casa di campagna presso Chiusi per passare un periodo di vacanza, con la elettrizzante prospettiva di trascorrere un periodo da soli, in piena autonomia e fuori dal controllo della famiglia;<\/p>\n","protected":false},"author":3,"featured_media":0,"parent":28,"menu_order":16,"comment_status":"closed","ping_status":"closed","template":"page-templates\/dettaglio_volume.php","meta":[],"acf":[],"_links":{"self":[{"href":"https:\/\/www.edisco.it\/i-coriandoli\/wp-json\/wp\/v2\/pages\/66"}],"collection":[{"href":"https:\/\/www.edisco.it\/i-coriandoli\/wp-json\/wp\/v2\/pages"}],"about":[{"href":"https:\/\/www.edisco.it\/i-coriandoli\/wp-json\/wp\/v2\/types\/page"}],"author":[{"embeddable":true,"href":"https:\/\/www.edisco.it\/i-coriandoli\/wp-json\/wp\/v2\/users\/3"}],"replies":[{"embeddable":true,"href":"https:\/\/www.edisco.it\/i-coriandoli\/wp-json\/wp\/v2\/comments?post=66"}],"version-history":[{"count":8,"href":"https:\/\/www.edisco.it\/i-coriandoli\/wp-json\/wp\/v2\/pages\/66\/revisions"}],"predecessor-version":[{"id":685,"href":"https:\/\/www.edisco.it\/i-coriandoli\/wp-json\/wp\/v2\/pages\/66\/revisions\/685"}],"up":[{"embeddable":true,"href":"https:\/\/www.edisco.it\/i-coriandoli\/wp-json\/wp\/v2\/pages\/28"}],"wp:attachment":[{"href":"https:\/\/www.edisco.it\/i-coriandoli\/wp-json\/wp\/v2\/media?parent=66"}],"curies":[{"name":"wp","href":"https:\/\/api.w.org\/{rel}","templated":true}]}}