{"id":70,"date":"2015-01-28T14:51:40","date_gmt":"2015-01-28T13:51:40","guid":{"rendered":"https:\/\/www.edisco.it\/i-coriandoli\/?page_id=70"},"modified":"2023-03-03T14:31:20","modified_gmt":"2023-03-03T13:31:20","slug":"lamore-di-tristano-e-isotta","status":"publish","type":"page","link":"https:\/\/www.edisco.it\/i-coriandoli\/configurazione\/lamore-di-tristano-e-isotta\/","title":{"rendered":"L&#8217;amore di Tristano e Isotta"},"content":{"rendered":"<div><span style=\"font-size: 12pt;\">\u00a0<\/span><\/div>\n<p><span style=\"font-size: 12pt;\"><strong><span style=\"color: #4786b5;\"><span style=\"font-family: verdana,geneva,sans-serif;\"><br \/>Traduzione di Alessandro Massobrio - a cura di Daniela Bisagno<\/span><\/span><\/strong><\/span><\/p>\n<p><span style=\"font-size: 12pt;\"><strong><span style=\"color: #4786b5;\"><span style=\"font-family: verdana,geneva,sans-serif;\">Consigliato per le classi I-II<\/span><\/span><\/strong><\/span><\/p>\n<p>&nbsp;<\/p>\n<div>\u00a0<\/div>\n<div><span style=\"color: #000000; font-family: verdana, geneva, sans-serif; font-size: 11pt;\"><span style=\"color: #000;\"><span style=\"font-size: 12pt;\"><span style=\"color: #000080;\"><strong>L'opera<\/strong><\/span>.<\/span> Il romanzo di Tristano e Isotta (che viene proposta in riduzione e adattamento) \u00e8 una delle pi\u00f9 celebri opere appartenenti al ciclo dell'epica cavalleresca medievale; non si pu\u00f2 attribuire a un solo autore ma \u00e8 il frutto di una lunga serie di creazioni che, all\u2019inizio del Novecento, lo studioso francese Joseph B\u00e9dier decise di raccogliere in un unico testo che oggi \u00e8 considerato la \u00abversione definitiva\u00bb di questo grande mito.<\/span><\/span><\/p>\n<p>&nbsp;<\/p>\n<p><span style=\"font-family: verdana, geneva, sans-serif; font-size: 11pt;\"><span style=\"font-size: 12pt;\"><span style=\"color: #000080;\"><strong>La trama<\/strong><\/span>.<\/span> La trama del romanzo \u00e8 drammatica e poetica insieme. Il piccolo Tristano, figlio di Rivalen e di Biancofiore, sorella del re Marco, resta orfano appena nato. Si incarica della sua cura e della sua educazione il fedele assistente di Rivalen: Rohalt che fa del ragazzo uno straordinario guerriero. Tristano viene rapito da un equipaggio norvegese e poi abbandonato sulle coste della Cornovaglia, nell\u2019Inghilterra meridionale. Qui regna proprio Marco, suo zio, che, pur ignorando chi sia il giovane, lo accoglie generosamente e finisce per affezionarsi a lui. Tristano decide di mettere la propria spada al servizio di Marco ma quando il giovane deve scortare dall'Irlanda la figlia del re, Isotta la Bionda, perch\u00e9 scelta in sposa da Marco, per un sortilegio fatale, tra Tristano e la giovane futura regina scoppia una passione irrefrenabile.<\/span><br \/><span style=\"font-family: verdana, geneva, sans-serif; font-size: 11pt;\"> I due amanti conducono una vita dura ma resa felice della reciproca vicinanza finch\u00e9 Tristano viene bandito e mandato in esilio in Francia. Sempre roso dall\u2019amore, egli va incontro alle imprese pi\u00f9 rischiose fino a che non rimane ferito mortalmente. Un ultimo tragico equivoco condurr\u00e0 Tristano e Isotta alla morte, finalmente uniti per sempre nell'amore.<\/span><\/p>\n<\/div>\n<p>&nbsp;<\/p>\n<p><a href=\"https:\/\/www.edisco.it\/i-coriandoli\/wp-content\/uploads\/sites\/77\/2016\/06\/l-amore-di-tristano-e-isotta_preview.pdf\" target=\"_blank\" rel=\"noopener noreferrer\"><img src=\"https:\/\/www.edisco.it\/a-caring-society\/wp-content\/uploads\/sites\/86\/2019\/09\/icona-PDF_60.png\" alt=\"\" align=\"absMiddle\" \/>\u00a0<\/a> <span style=\"font-family: verdana,geneva,sans-serif;\"><span style=\"font-size: 12pt;\"> <a href=\"https:\/\/www.edisco.it\/i-coriandoli\/wp-content\/uploads\/sites\/77\/2016\/06\/l-amore-di-tristano-e-isotta_preview.pdf\" target=\"_blank\" rel=\"noopener noreferrer\">L'amore di Tristano e Isotta_Anteprima.pdf<\/a>\u00a0<\/span><\/span><\/p>\n<iframe src=\"\/\/docs.google.com\/viewer?url=https%3A%2F%2Fwww.edisco.it%2Fi-coriandoli%2Fwp-content%2Fuploads%2Fsites%2F77%2F2016%2F06%2Fl-amore-di-tristano-e-isotta_preview.pdf&hl=it&embedded=true\" class=\"gde-frame\" style=\"width:100%; height:1100px; border: none;\" scrolling=\"no\"><\/iframe>\n<p class=\"gde-text\"><a href=\"https:\/\/www.edisco.it\/i-coriandoli\/wp-content\/uploads\/sites\/77\/2016\/06\/l-amore-di-tristano-e-isotta_preview.pdf\" class=\"gde-link\">Download (PDF, 240KB)<\/a><\/p>\n<div>\u00a0<\/div>\n<div>\u00a0<\/div>\n<div>\u00a0<\/div>\n","protected":false},"excerpt":{"rendered":"<p>\u00a0 Traduzione di Alessandro Massobrio &#8211; a cura di Daniela Bisagno Consigliato per le classi I-II &nbsp; \u00a0 L&#8217;opera. Il romanzo di Tristano e Isotta (che viene proposta in riduzione e adattamento) \u00e8 una delle pi\u00f9 celebri opere appartenenti al ciclo dell&#8217;epica cavalleresca medievale; non si pu\u00f2 attribuire a un solo autore ma \u00e8 il<\/p>\n","protected":false},"author":3,"featured_media":0,"parent":28,"menu_order":18,"comment_status":"closed","ping_status":"closed","template":"page-templates\/dettaglio_volume.php","meta":[],"acf":[],"_links":{"self":[{"href":"https:\/\/www.edisco.it\/i-coriandoli\/wp-json\/wp\/v2\/pages\/70"}],"collection":[{"href":"https:\/\/www.edisco.it\/i-coriandoli\/wp-json\/wp\/v2\/pages"}],"about":[{"href":"https:\/\/www.edisco.it\/i-coriandoli\/wp-json\/wp\/v2\/types\/page"}],"author":[{"embeddable":true,"href":"https:\/\/www.edisco.it\/i-coriandoli\/wp-json\/wp\/v2\/users\/3"}],"replies":[{"embeddable":true,"href":"https:\/\/www.edisco.it\/i-coriandoli\/wp-json\/wp\/v2\/comments?post=70"}],"version-history":[{"count":8,"href":"https:\/\/www.edisco.it\/i-coriandoli\/wp-json\/wp\/v2\/pages\/70\/revisions"}],"predecessor-version":[{"id":687,"href":"https:\/\/www.edisco.it\/i-coriandoli\/wp-json\/wp\/v2\/pages\/70\/revisions\/687"}],"up":[{"embeddable":true,"href":"https:\/\/www.edisco.it\/i-coriandoli\/wp-json\/wp\/v2\/pages\/28"}],"wp:attachment":[{"href":"https:\/\/www.edisco.it\/i-coriandoli\/wp-json\/wp\/v2\/media?parent=70"}],"curies":[{"name":"wp","href":"https:\/\/api.w.org\/{rel}","templated":true}]}}