{"id":76,"date":"2015-01-28T14:52:59","date_gmt":"2015-01-28T13:52:59","guid":{"rendered":"https:\/\/www.edisco.it\/i-coriandoli\/?page_id=76"},"modified":"2023-03-03T14:31:39","modified_gmt":"2023-03-03T13:31:39","slug":"dieci-giorni-per-raccontare","status":"publish","type":"page","link":"https:\/\/www.edisco.it\/i-coriandoli\/configurazione\/dieci-giorni-per-raccontare\/","title":{"rendered":"Dieci giorni per raccontare"},"content":{"rendered":"<div><strong><span style=\"color: #4786b5;\"><span style=\"font-family: verdana,geneva,sans-serif;\"><br \/><span style=\"font-size: 12pt;\">A\u00a0cura di Esther Tassara<\/p>\n<p><\/span><\/span><\/span><\/strong><\/div>\n<div><span style=\"font-size: 12pt;\"><strong><span style=\"color: #4786b5;\"><span style=\"font-family: verdana,geneva,sans-serif;\">Consigliato per le classi I-II<\/span><\/span><\/strong><\/span><\/div>\n<p>&nbsp;<\/p>\n<div><span style=\"color: #000000; font-family: verdana, geneva, sans-serif; font-size: 11pt;\"><span style=\"color: #000;\"><span style=\"font-size: 12pt;\"><span style=\"color: #000080;\"><strong><br \/>Il fascino di un classico<\/strong><\/span>.<\/span> Decameron di Boccaccio \u00e8, come ben si sa, un libro che non cessa mai di sorprendere sia per la felicit\u00e0 e la vivacit\u00e0 delle invenzioni e delle soluzioni stilistiche, sia per la ricchezza inusitata del materiale narrativo. Riproporlo al pubblico di giovani studenti \u00e8 un\u2019iniziativa che assume perci\u00f2 ogni volta i caratteri di una sfida tra un modello, inarrivabile nella sua assoluta perfezione, e una riscrittura che, nel tentativo di semplificare, \u00e8 costretta ad allontanarsi dal modello, spesso pi\u00f9 di quanto vorrebbe. Dieci giorni per raccontare, la raccolta di novelle tratte dal testo boccacciano, pur mantenendosi, per ovvi motivi di fruibilit\u00e0, distante dall\u2019opera, cerca di restare tuttavia abbastanza fedele alla sua struttura originale. Anche per questo, invece che alla scansione per temi o percorsi, abbiamo preferito attenerci alla classica suddivisione in giornate, la prima delle quali esordisce, come nel Decameron, con il drammatico e celebre resoconto della peste, di cui Boccaccio fu testimone e commosso narratore.<\/span><\/span><\/p>\n<p>&nbsp;<\/p>\n<p><span style=\"font-family: verdana, geneva, sans-serif; font-size: 11pt;\"><span style=\"font-size: 12pt;\"><span style=\"color: #000080;\"><strong>La scelta delle novelle<\/strong><\/span>.<\/span> Ogni giornata \u00e8 preceduta da una sorta di prologo, che occupa lo spazio tradizionalmente occupato dalla cornice, e nel quale vengono esposti, nella forma accattivante e giocosa dei versi in rima, i temi principali delle novelle incluse in ciascuna giornata. Naturalmente, nella scelta dei testi, si sono privilegiate le novelle pi\u00f9 famose e \u201cclassiche\u201d (Lisabetta da Messina, Nastagio degli Onesti, Ser Ciappelletto, Frate Cipolla, ecc.), riservando per\u00f2 un ampio spazio soprattutto alle novelle \u201ccomiche\u201d, come quelle dedicate alle storie esilaranti di Calandrino, di cui viene riproposta l\u2019intera saga (Calandrino e la pietra elitropia, La vera storia del porco rubato, Calandrino \u00e8 incinto, Calandrino e la bella Niccolosa).<\/span><\/p>\n<p>&nbsp;<\/p>\n<p><span style=\"font-family: verdana, geneva, sans-serif; font-size: 11pt;\"><span style=\"font-size: 12pt;\"><span style=\"color: #000080;\"><strong>La scelta dello stile<\/strong><\/span>.<\/span> La semplicit\u00e0 e la limpidezza del linguaggio, la sobriet\u00e0 dello stile, a cui questa riscrittura del Decameron si attiene, nel doveroso rispetto delle competenze linguistiche e culturali dei giovani lettori, non toglie vigore al fascino del racconto, alla seduzione che si sprigiona da quel passato remoto, quasi fiabesco, in cui si collocano le situazioni e i personaggi di quest\u2019opera immortale.<\/span><\/p>\n<\/div>\n<p>&nbsp;<\/p>\n<p><a href=\"https:\/\/www.edisco.it\/i-coriandoli\/wp-content\/uploads\/sites\/77\/2016\/06\/dieci-giorni-per-raccontare_preview.pdf\" target=\"_blank\" rel=\"noopener noreferrer\"><img src=\"https:\/\/www.edisco.it\/a-caring-society\/wp-content\/uploads\/sites\/86\/2019\/09\/icona-PDF_60.png\" alt=\"\" align=\"absMiddle\" \/>\u00a0<\/a> <span style=\"font-family: verdana,geneva,sans-serif;\"><span style=\"font-size: 12pt;\"> <a href=\"https:\/\/www.edisco.it\/i-coriandoli\/wp-content\/uploads\/sites\/77\/2016\/06\/dieci-giorni-per-raccontare_preview.pdf\" target=\"_blank\" rel=\"noopener noreferrer\">Dieci giorni per raccontare_Anteprima.pdf<\/a>\u00a0<\/span><\/span><\/p>\n<iframe src=\"\/\/docs.google.com\/viewer?url=https%3A%2F%2Fwww.edisco.it%2Fi-coriandoli%2Fwp-content%2Fuploads%2Fsites%2F77%2F2016%2F06%2Fdieci-giorni-per-raccontare_preview.pdf&hl=it&embedded=true\" class=\"gde-frame\" style=\"width:100%; height:1100px; border: none;\" scrolling=\"no\"><\/iframe>\n<p class=\"gde-text\"><a href=\"https:\/\/www.edisco.it\/i-coriandoli\/wp-content\/uploads\/sites\/77\/2016\/06\/dieci-giorni-per-raccontare_preview.pdf\" class=\"gde-link\">Download (PDF, 260KB)<\/a><\/p>\n<div>\u00a0<\/div>\n<div>\u00a0<\/div>\n<div>\u00a0<\/div>\n","protected":false},"excerpt":{"rendered":"<p>A\u00a0cura di Esther Tassara Consigliato per le classi I-II &nbsp; Il fascino di un classico. Decameron di Boccaccio \u00e8, come ben si sa, un libro che non cessa mai di sorprendere sia per la felicit\u00e0 e la vivacit\u00e0 delle invenzioni e delle soluzioni stilistiche, sia per la ricchezza inusitata del materiale narrativo. Riproporlo al pubblico<\/p>\n","protected":false},"author":3,"featured_media":0,"parent":28,"menu_order":21,"comment_status":"closed","ping_status":"closed","template":"page-templates\/dettaglio_volume.php","meta":[],"acf":[],"_links":{"self":[{"href":"https:\/\/www.edisco.it\/i-coriandoli\/wp-json\/wp\/v2\/pages\/76"}],"collection":[{"href":"https:\/\/www.edisco.it\/i-coriandoli\/wp-json\/wp\/v2\/pages"}],"about":[{"href":"https:\/\/www.edisco.it\/i-coriandoli\/wp-json\/wp\/v2\/types\/page"}],"author":[{"embeddable":true,"href":"https:\/\/www.edisco.it\/i-coriandoli\/wp-json\/wp\/v2\/users\/3"}],"replies":[{"embeddable":true,"href":"https:\/\/www.edisco.it\/i-coriandoli\/wp-json\/wp\/v2\/comments?post=76"}],"version-history":[{"count":11,"href":"https:\/\/www.edisco.it\/i-coriandoli\/wp-json\/wp\/v2\/pages\/76\/revisions"}],"predecessor-version":[{"id":772,"href":"https:\/\/www.edisco.it\/i-coriandoli\/wp-json\/wp\/v2\/pages\/76\/revisions\/772"}],"up":[{"embeddable":true,"href":"https:\/\/www.edisco.it\/i-coriandoli\/wp-json\/wp\/v2\/pages\/28"}],"wp:attachment":[{"href":"https:\/\/www.edisco.it\/i-coriandoli\/wp-json\/wp\/v2\/media?parent=76"}],"curies":[{"name":"wp","href":"https:\/\/api.w.org\/{rel}","templated":true}]}}