{"id":765,"date":"2022-01-24T17:00:47","date_gmt":"2022-01-24T16:00:47","guid":{"rendered":"https:\/\/www.edisco.it\/i-coriandoli\/?page_id=765"},"modified":"2023-03-03T14:28:07","modified_gmt":"2023-03-03T13:28:07","slug":"la-pietra-di-tobia","status":"publish","type":"page","link":"https:\/\/www.edisco.it\/i-coriandoli\/configurazione\/la-pietra-di-tobia\/","title":{"rendered":"La pietra di Tobia"},"content":{"rendered":"<div>\u00a0<\/div>\n<p><span style=\"font-size: 12pt;\"><span style=\"font-family: verdana,geneva,sans-serif;\">Federico Scian\u00f2 <\/span><\/span><br \/> <span style=\"font-size: 12px;\"><span style=\"font-family: verdana,geneva,sans-serif;\"><span style=\"color: #000080;\"><span style=\"font-size: 18px;\"><strong>La pietra di Tobia detto Barbarossa<\/strong><\/span><\/span><\/span><\/span><\/p>\n<p> <span style=\"font-size: 12pt;\"><span style=\"font-family: verdana,geneva,sans-serif;\">\u00c8 la storia di un bambino, Giorgio, che diventa gatto, un gatto nero, e poi torna di nuovo bambino.<br \/> Quando \u00e8 gatto, nessuno crede che sia stato bambino e, quando \u00e8 bambino, nessuno crede che sia stato gatto. La storia \u00e8 piena di imprevisti e di situazioni avvincenti.<br \/> Cos\u00ec, il protagonista della favola e, con lui, il lettore si trovano a fare i conti con l\u2019amicizia, la fiducia, la paura, la rabbia, l\u2019amore e la delusione, la verit\u00e0, la morte, il sentimento di Dio, la \u201cdiversit\u00e0\u201d dell\u2019essere gatto nero, la sottomissione, la ribellione.<br \/> Il libro ha diverse chiavi di lettura. Si rivolge ai bambini ma pu\u00f2 appassionare anche gli adulti, magari con la scusa di\u2026 leggere il libro ai bambini.<br \/> Nel volume si trova una scheda didattica intitolata:<br \/> \u2022 Quattro chiacchiere con il lettore, che rivolge al ragazzo otto domande, cui deve e pu\u00f2 rispondere se ha letto e capito il libro;<br \/> \u2022 gli viene quindi proposto di scrivere il 22\u00b0 capitolo, cio\u00e8 di far proseguire l\u2019avventura;<br \/> \u2022 l\u2019ultima proposta \u00e8 un disegno; un disegno che manca nel libro che il giovane lettore pu\u00f2 eseguire sulla scheda stessa.<\/span><\/span><\/p>\n<p> \u00a0<\/p>\n","protected":false},"excerpt":{"rendered":"<p>\u00a0 Federico Scian\u00f2 La pietra di Tobia detto Barbarossa \u00c8 la storia di un bambino, Giorgio, che diventa gatto, un gatto nero, e poi torna di nuovo bambino. Quando \u00e8 gatto, nessuno crede che sia stato bambino e, quando \u00e8 bambino, nessuno crede che sia stato gatto. La storia \u00e8 piena di imprevisti e di<\/p>\n","protected":false},"author":3,"featured_media":0,"parent":28,"menu_order":0,"comment_status":"closed","ping_status":"closed","template":"page-templates\/dettaglio_volume.php","meta":[],"acf":[],"_links":{"self":[{"href":"https:\/\/www.edisco.it\/i-coriandoli\/wp-json\/wp\/v2\/pages\/765"}],"collection":[{"href":"https:\/\/www.edisco.it\/i-coriandoli\/wp-json\/wp\/v2\/pages"}],"about":[{"href":"https:\/\/www.edisco.it\/i-coriandoli\/wp-json\/wp\/v2\/types\/page"}],"author":[{"embeddable":true,"href":"https:\/\/www.edisco.it\/i-coriandoli\/wp-json\/wp\/v2\/users\/3"}],"replies":[{"embeddable":true,"href":"https:\/\/www.edisco.it\/i-coriandoli\/wp-json\/wp\/v2\/comments?post=765"}],"version-history":[{"count":2,"href":"https:\/\/www.edisco.it\/i-coriandoli\/wp-json\/wp\/v2\/pages\/765\/revisions"}],"predecessor-version":[{"id":767,"href":"https:\/\/www.edisco.it\/i-coriandoli\/wp-json\/wp\/v2\/pages\/765\/revisions\/767"}],"up":[{"embeddable":true,"href":"https:\/\/www.edisco.it\/i-coriandoli\/wp-json\/wp\/v2\/pages\/28"}],"wp:attachment":[{"href":"https:\/\/www.edisco.it\/i-coriandoli\/wp-json\/wp\/v2\/media?parent=765"}],"curies":[{"name":"wp","href":"https:\/\/api.w.org\/{rel}","templated":true}]}}