{"id":80,"date":"2015-01-28T14:53:45","date_gmt":"2015-01-28T13:53:45","guid":{"rendered":"https:\/\/www.edisco.it\/i-coriandoli\/?page_id=80"},"modified":"2023-03-03T14:32:01","modified_gmt":"2023-03-03T13:32:01","slug":"don-chisciotte-della-mancia","status":"publish","type":"page","link":"https:\/\/www.edisco.it\/i-coriandoli\/configurazione\/don-chisciotte-della-mancia\/","title":{"rendered":"Don Chisciotte della Mancia"},"content":{"rendered":"<div><strong><span style=\"color: #4786b5;\"><span style=\"font-family: verdana,geneva,sans-serif;\"><br \/><span style=\"font-size: 12pt;\">Narrato ai ragazzi da Alessandro Massobrio - a cura di Aldo Berti\u00a0<\/span><\/span><\/span><\/strong><\/div>\n<div><span style=\"font-size: 12pt;\"><strong><span style=\"color: #4786b5;\"><span style=\"font-family: verdana,geneva,sans-serif;\"><br \/>Consigliato per le classi II-III<\/span><\/span><\/strong><\/span><\/p>\n<p>&nbsp;<\/p>\n<\/div>\n<div><span style=\"color: #000000; font-family: verdana, geneva, sans-serif; font-size: 11pt;\"><span style=\"color: #000;\"><span style=\"font-size: 12pt;\"><span style=\"color: #000080;\"><strong>L'autore e l'opera<\/strong><\/span>.<\/span> Cervantes nel suo capolavoro esprime gli ideali dell\u2019uomo vissuto a cavallo tra il XVI e il XVII secolo. Egli si sent\u00ec spinto a difendere la fede cristiana, avvertendo la minaccia che a quei tempi rappresentava per l\u2019Occidente l\u2019avanzata dell\u2019Islam. Si rese conto tuttavia che un\u2019era, quella del Medioevo, fondata sui valori della lealt\u00e0 e delle virt\u00f9 cavalleresche era ormai tramontata e si era gi\u00e0 affacciata alla ribalta della storia una nuova epoca, quella che gli storici chiamano \u00abmoderna\u00bb. Epoca in cui i cavalieri erranti, puri di cuore, senza macchia e senza paura erano ormai fuori del tempo perch\u00e9 si stava facendo strada una classe sociale intraprendente e dedita agli affari, tesa unicamente alla ricerca del profitto economico e dell\u2019immediato interesse.<br \/> Il Don Chisciotte \u00e8 simbolo di questo cambiamento di ideali, e il suo \u00e8 l\u2019ultimo \u00abCavaliere senza macchia e senza paura\u00bb, disposto a soffrire e a sacrificare tutto per instaurare in terra il regno della verit\u00e0 e della giustizia.<\/span><\/span><\/p>\n<p>&nbsp;<\/p>\n<p><span style=\"font-family: verdana, geneva, sans-serif; font-size: 11pt;\"><span style=\"font-size: 12pt;\"><span style=\"color: #000080;\"><strong>Finalit\u00e0 didattiche<\/strong><\/span>.<\/span> La riduzione e l\u2019adattamento del Don Chisciotte di Cervantes permettono la scoperta e la valorizzazione di uno dei romanzi classici di tutti i tempi che, come tutti i classici, offre una differenziata gamma di chiavi di lettura e di interpretazioni: come romanzo \u00abstorico\u00bb \u00e8 uno riuscitissimo affresco della Spagna di Filippo II, all\u2019inizio di una grande crisi; come romanzo umoristico ha due personaggi (Don Chisciotte e Sancio Pancia) protagonisti di vicende esilaranti e irresistibili; come romanzo \u00abletterario\u00bb \u00e8 la metafora dello scontro drammatico e malinconico tra utopia e realt\u00e0, tra ideale e reale.<\/span><\/p>\n<\/div>\n<p>&nbsp;<\/p>\n<p><a href=\"https:\/\/www.edisco.it\/i-coriandoli\/wp-content\/uploads\/sites\/77\/2016\/06\/don-chisciotte-della-mancia_preview.pdf\" target=\"_blank\" rel=\"noopener noreferrer\"><img src=\"https:\/\/www.edisco.it\/a-caring-society\/wp-content\/uploads\/sites\/86\/2019\/09\/icona-PDF_60.png\" alt=\"\" align=\"absMiddle\" \/>\u00a0<\/a> <span style=\"font-family: verdana,geneva,sans-serif;\"><span style=\"font-size: 12pt;\"> <a href=\"https:\/\/www.edisco.it\/i-coriandoli\/wp-content\/uploads\/sites\/77\/2016\/06\/don-chisciotte-della-mancia_preview.pdf\" target=\"_blank\" rel=\"noopener noreferrer\">Don Chisciotte della Mancia_Anteprima.pdf<\/a>\u00a0<\/span><\/span><\/p>\n<iframe src=\"\/\/docs.google.com\/viewer?url=https%3A%2F%2Fwww.edisco.it%2Fi-coriandoli%2Fwp-content%2Fuploads%2Fsites%2F77%2F2016%2F06%2Fdon-chisciotte-della-mancia_preview.pdf&hl=it&embedded=true\" class=\"gde-frame\" style=\"width:100%; height:1100px; border: none;\" scrolling=\"no\"><\/iframe>\n<p class=\"gde-text\"><a href=\"https:\/\/www.edisco.it\/i-coriandoli\/wp-content\/uploads\/sites\/77\/2016\/06\/don-chisciotte-della-mancia_preview.pdf\" class=\"gde-link\">Download (PDF, 363KB)<\/a><\/p>\n<div>\u00a0<\/div>\n<div>\u00a0<\/div>\n<div>\u00a0<\/div>\n","protected":false},"excerpt":{"rendered":"<p>Narrato ai ragazzi da Alessandro Massobrio &#8211; a cura di Aldo Berti\u00a0 Consigliato per le classi II-III &nbsp; L&#8217;autore e l&#8217;opera. Cervantes nel suo capolavoro esprime gli ideali dell\u2019uomo vissuto a cavallo tra il XVI e il XVII secolo. Egli si sent\u00ec spinto a difendere la fede cristiana, avvertendo la minaccia che a quei tempi<\/p>\n","protected":false},"author":3,"featured_media":0,"parent":28,"menu_order":23,"comment_status":"closed","ping_status":"closed","template":"page-templates\/dettaglio_volume.php","meta":[],"acf":[],"_links":{"self":[{"href":"https:\/\/www.edisco.it\/i-coriandoli\/wp-json\/wp\/v2\/pages\/80"}],"collection":[{"href":"https:\/\/www.edisco.it\/i-coriandoli\/wp-json\/wp\/v2\/pages"}],"about":[{"href":"https:\/\/www.edisco.it\/i-coriandoli\/wp-json\/wp\/v2\/types\/page"}],"author":[{"embeddable":true,"href":"https:\/\/www.edisco.it\/i-coriandoli\/wp-json\/wp\/v2\/users\/3"}],"replies":[{"embeddable":true,"href":"https:\/\/www.edisco.it\/i-coriandoli\/wp-json\/wp\/v2\/comments?post=80"}],"version-history":[{"count":8,"href":"https:\/\/www.edisco.it\/i-coriandoli\/wp-json\/wp\/v2\/pages\/80\/revisions"}],"predecessor-version":[{"id":692,"href":"https:\/\/www.edisco.it\/i-coriandoli\/wp-json\/wp\/v2\/pages\/80\/revisions\/692"}],"up":[{"embeddable":true,"href":"https:\/\/www.edisco.it\/i-coriandoli\/wp-json\/wp\/v2\/pages\/28"}],"wp:attachment":[{"href":"https:\/\/www.edisco.it\/i-coriandoli\/wp-json\/wp\/v2\/media?parent=80"}],"curies":[{"name":"wp","href":"https:\/\/api.w.org\/{rel}","templated":true}]}}