{"id":88,"date":"2015-01-28T14:55:16","date_gmt":"2015-01-28T13:55:16","guid":{"rendered":"https:\/\/www.edisco.it\/i-coriandoli\/?page_id=88"},"modified":"2023-03-03T14:32:18","modified_gmt":"2023-03-03T13:32:18","slug":"il-giardino-segreto","status":"publish","type":"page","link":"https:\/\/www.edisco.it\/i-coriandoli\/configurazione\/il-giardino-segreto\/","title":{"rendered":"Il giardino segreto"},"content":{"rendered":"<div><strong><span style=\"color: #4786b5;\"><span style=\"font-family: verdana,geneva,sans-serif;\"><br \/><span style=\"font-size: 12pt;\">Traduzione e cura di Cinzia Medaglia<\/span><\/span><\/span><\/strong><\/div>\n<div><span style=\"font-size: 12pt;\"><strong><span style=\"color: #4786b5;\"><span style=\"font-family: verdana,geneva,sans-serif;\"><br \/>Consigliato per le classi I-II<\/span><\/span><\/strong><\/span><\/p>\n<p>&nbsp;<\/p>\n<\/div>\n<div><span style=\"color: #000000; font-family: verdana, geneva, sans-serif; font-size: 11pt;\"><span style=\"color: #000;\"><span style=\"font-size: 12pt;\"><span style=\"color: #000080;\"><strong>L'argomento<\/strong><\/span>.<\/span> Mary, una bambina di nove anni figlia di un ufficiale inglese, arriva dall\u2019India in Inghilterra. In seguito a un\u2019epidemia, ha perso tutto e tutti: la casa, i genitori e le persone che la accudivano. Sola e sperduta, si trova ad affrontare un mondo nuovo in cui dovr\u00e0 mettersi in discussione e conquistarsi amici e affetti. E questo \u00e8 uno dei motivi essenziali del romanzo: il progressivo cambiamento di Mary, che da bambina egoista, prepotente e infelice si trasforma in una ragazza matura, solare e attenta a se stessa e agli altri. Le vicende del romanzasi svolgono nel castello di Misselthwaite in cui Mary viene ospitata da un ricco e scorbutico zio. Un luogo che racchiude misteri che Mary, nel corso della narrazione, sveler\u00e0 e: il mistero dello zio prigioniero dei fantasmi del passato, del bambino segregato e, sopra ogni altro, quello del giardino nascosto, il giardino \u00absegreto\u00bb appunto.<br \/> Attorno ai due ragazzi ruotano numerosi personaggi che contribuiscono a rendere la trama del libro movimentata e avvincente.<\/span><\/span><\/p>\n<p>&nbsp;<\/p>\n<p><span style=\"font-family: verdana, geneva, sans-serif; font-size: 11pt;\"><span style=\"font-size: 12pt;\"><span style=\"color: #000080;\"><strong>Il messaggio<\/strong><\/span>.<\/span> Elisa Hodgson Burnett crea storie appassionanti con un'acuta sensibilit\u00e0 nella presentazione soprattutto dei giovani protagonisti e con un'indiscutibile capacit\u00e0 di analizzare i loro cambiamenti, il loro aprirsi al mondo dei grandi, conservando per\u00f2 quei valori di solidariet\u00e0 e di amicizia che sono il patrimonio inestimabile dell'adolescenza.<\/span><br \/><span style=\"font-family: verdana, geneva, sans-serif; font-size: 11pt;\"> Storia di avventure e di sentimento, <em>Il giardino segreto<\/em> fa anche riflettere su se stessi e su valori importanti anche al giorno d\u2019oggi: la forza dell\u2019amicizia, la bellezza della natura, la gioia di vivere \u2026<\/span><\/p>\n<\/div>\n<p>&nbsp;<\/p>\n<p><a href=\"https:\/\/www.edisco.it\/i-coriandoli\/wp-content\/uploads\/sites\/77\/2016\/06\/il-giardino-segreto_preview.pdf\" target=\"_blank\" rel=\"noopener noreferrer\"><img src=\"https:\/\/www.edisco.it\/a-caring-society\/wp-content\/uploads\/sites\/86\/2019\/09\/icona-PDF_60.png\" alt=\"\" align=\"absMiddle\" \/>\u00a0<\/a> <span style=\"font-family: verdana,geneva,sans-serif;\"><span style=\"font-size: 12pt;\"> <a href=\"https:\/\/www.edisco.it\/i-coriandoli\/wp-content\/uploads\/sites\/77\/2016\/06\/il-giardino-segreto_preview.pdf\" target=\"_blank\" rel=\"noopener noreferrer\">Il giardino segreto_Anteprima.pdf<\/a>\u00a0<\/span><\/span><\/p>\n<iframe src=\"\/\/docs.google.com\/viewer?url=https%3A%2F%2Fwww.edisco.it%2Fi-coriandoli%2Fwp-content%2Fuploads%2Fsites%2F77%2F2016%2F06%2Fil-giardino-segreto_preview.pdf&hl=it&embedded=true\" class=\"gde-frame\" style=\"width:100%; height:1100px; border: none;\" scrolling=\"no\"><\/iframe>\n<p class=\"gde-text\"><a href=\"https:\/\/www.edisco.it\/i-coriandoli\/wp-content\/uploads\/sites\/77\/2016\/06\/il-giardino-segreto_preview.pdf\" class=\"gde-link\">Download (PDF, 212KB)<\/a><\/p>\n<div>\u00a0<\/div>\n<div>\u00a0<\/div>\n<div>\u00a0<\/div>\n","protected":false},"excerpt":{"rendered":"<p>Traduzione e cura di Cinzia Medaglia Consigliato per le classi I-II &nbsp; L&#8217;argomento. Mary, una bambina di nove anni figlia di un ufficiale inglese, arriva dall\u2019India in Inghilterra. In seguito a un\u2019epidemia, ha perso tutto e tutti: la casa, i genitori e le persone che la accudivano. Sola e sperduta, si trova ad affrontare un<\/p>\n","protected":false},"author":3,"featured_media":0,"parent":28,"menu_order":26,"comment_status":"closed","ping_status":"closed","template":"page-templates\/dettaglio_volume.php","meta":[],"acf":[],"_links":{"self":[{"href":"https:\/\/www.edisco.it\/i-coriandoli\/wp-json\/wp\/v2\/pages\/88"}],"collection":[{"href":"https:\/\/www.edisco.it\/i-coriandoli\/wp-json\/wp\/v2\/pages"}],"about":[{"href":"https:\/\/www.edisco.it\/i-coriandoli\/wp-json\/wp\/v2\/types\/page"}],"author":[{"embeddable":true,"href":"https:\/\/www.edisco.it\/i-coriandoli\/wp-json\/wp\/v2\/users\/3"}],"replies":[{"embeddable":true,"href":"https:\/\/www.edisco.it\/i-coriandoli\/wp-json\/wp\/v2\/comments?post=88"}],"version-history":[{"count":9,"href":"https:\/\/www.edisco.it\/i-coriandoli\/wp-json\/wp\/v2\/pages\/88\/revisions"}],"predecessor-version":[{"id":758,"href":"https:\/\/www.edisco.it\/i-coriandoli\/wp-json\/wp\/v2\/pages\/88\/revisions\/758"}],"up":[{"embeddable":true,"href":"https:\/\/www.edisco.it\/i-coriandoli\/wp-json\/wp\/v2\/pages\/28"}],"wp:attachment":[{"href":"https:\/\/www.edisco.it\/i-coriandoli\/wp-json\/wp\/v2\/media?parent=88"}],"curies":[{"name":"wp","href":"https:\/\/api.w.org\/{rel}","templated":true}]}}