{"id":29,"date":"2015-02-02T21:26:05","date_gmt":"2015-02-02T20:26:05","guid":{"rendered":"https:\/\/www.edisco.it\/i-liocorni\/?page_id=29"},"modified":"2023-03-16T13:12:42","modified_gmt":"2023-03-16T12:12:42","slug":"gli-orizzonti-dellamicizia","status":"publish","type":"page","link":"https:\/\/www.edisco.it\/i-liocorni\/configurazione\/gli-orizzonti-dellamicizia\/","title":{"rendered":"Gli orizzonti dell&#8217;amicizia"},"content":{"rendered":"<div>\u00a0<\/div>\n<div>\u00a0<\/div>\n<div><span style=\"color: #000000; font-family: verdana, geneva, sans-serif; font-size: 11pt;\"><span style=\"color: #000;\"><span style=\"color: #000080;\"><strong>Il genere e gli autori<\/strong><\/span>. \u201cL\u2019unico modo per avere un amico \u00e8 essere un amico\u201d: cos\u00ec scriveva pi\u00f9 di cent\u2019anni fa il poeta americano Ralph Waldo Emerson. In questa breve frase si trova tutta l\u2019essenza di un sentimento che \u00e8 uno dei pi\u00f9 importanti che si possa provare nella vita; un sentimento che spesso dura pi\u00f9 a lungo e rappresenta un bene pi\u00f9 prezioso persino dell\u2019amore.<br \/> Che cos\u2019\u00e8 dunque l\u2019amicizia e quale ruolo svolge nella nostra esistenza, soprattutto negli anni dell\u2019adolescenza, quando i legami con la famiglia d\u2019origine tendono ad allentarsi un poco e si comincia a perlustrare il mondo nella sua complessit\u00e0? Per dare delle risposte a questa domanda sono stati raccolti testi letterari di scrittori italiani (Luigi Pirandello, Primo Levi, Andrea De Carlo, Italo Calvino, Goffredo Parise, Alberto Moravia, Dino Buzzati, Nicola Ammanniti, Marco Lodoli\u2026) e di scrittori stranieri (Fred Uhlman, Antoine de Saint-Exup\u00e8ry, Christine N\u00f6stliger, Masuji Ibuse, Ernest Hemingway, Hermann Hesse, Isaac Singer, N\u00e9lida Pi\u00f1on, Ferenc Moln\u00e1r\u2026). A lettura ultimata, si arriva alla conclusione che la letteratura, oltre a essere uno spazio di fantasia, \u00e8 in grado, meglio di altre discipline, di indagare il complesso mondo dei sentimenti e di offrirci scampoli di verit\u00e0 e intuizioni profonde che possono diventare importanti linee guida.<\/span><\/span><\/p>\n<p><span style=\"font-family: verdana, geneva, sans-serif; font-size: 11pt;\"><span style=\"color: #000080;\"><strong><br \/>La struttura<\/strong><\/span>. Il libro \u00e8 diviso in sezioni.<\/span><br \/><span style=\"font-family: verdana, geneva, sans-serif; font-size: 11pt;\"> La prima, \u201cUna svolta nella vita\u201d, sta a indicare che la scoperta di un vero amico pu\u00f2 costituire soprattutto per gli adolescenti un cambiamento fondamentale e un momento di crescita significativo.<\/span><br \/><span style=\"font-family: verdana, geneva, sans-serif; font-size: 11pt;\"> La seconda sezione affronta un importante aspetto dell\u2019amicizia: la possibilit\u00e0 di instaurare con l\u2019amico un rapporto di complicit\u00e0 poich\u00e9, come scrive il celebre scrittore marocchino Tahar Ben Jelloun \u201cl\u2019amicizia non \u00e8 detta, \u00e8 vissuta\u201d.<\/span><br \/><span style=\"font-family: verdana, geneva, sans-serif; font-size: 11pt;\"> Nella terza sezione si osserva come l'amicizia si allarghi e diventi una cerchia, un gruppo con delle dinamiche a volte anche complesse.<\/span><br \/><span style=\"font-family: verdana, geneva, sans-serif; font-size: 11pt;\"> La quarta sezione rende conto dei casi in cui, purtroppo, l\u2019ingratitudine, la rivalit\u00e0, il desiderio, la prepotenza prevalgono su quelli che dovrebbero essere i capisaldi dell\u2019autentica amicizia. \u00c8 il rovescio della medaglia ma il fatto che si possa soffrire molto per una delusione infertaci da chi credevamo amico \u00e8 la prova pi\u00f9 certa dell\u2019importanza di un sentimento straordinario che deve essere rispettato e valorizzato come un bene prezioso.<\/span><br \/><span style=\"font-family: verdana, geneva, sans-serif; font-size: 11pt;\"> Il volume si chiude con cinque brevi o brevissimi apologhi sull\u2019amicizia.<\/span><\/p>\n<p>&nbsp;<\/p>\n<p><a href=\"https:\/\/www.edisco.it\/i-liocorni\/wp-content\/uploads\/sites\/79\/2016\/09\/gli-orizzonti-dell-amicizia_preview.pdf\" target=\"_blank\" rel=\"noopener noreferrer\"><img src=\"https:\/\/www.edisco.it\/a-caring-society\/wp-content\/uploads\/sites\/86\/2019\/09\/icona-PDF_60.png\" alt=\"\" align=\"absMiddle\" \/>\u00a0<\/a><span style=\"font-family: verdana,geneva,sans-serif;\"><span style=\"font-size: 12pt;\"><a href=\"https:\/\/www.edisco.it\/i-liocorni\/wp-content\/uploads\/sites\/79\/2016\/09\/gli-orizzonti-dell-amicizia_preview.pdf\" target=\"_blank\" rel=\"noopener noreferrer\">Gli orizzonti dell'amicizia_Anteprima.pdf<\/a>\u00a0<\/span><\/span><\/p>\n<iframe src=\"\/\/docs.google.com\/viewer?url=https%3A%2F%2Fwww.edisco.it%2Fi-liocorni%2Fwp-content%2Fuploads%2Fsites%2F79%2F2016%2F09%2Fgli-orizzonti-dell-amicizia_preview.pdf&hl=it&embedded=true\" class=\"gde-frame\" style=\"width:100%; height:1120px; border: none;\" scrolling=\"no\"><\/iframe>\n<p class=\"gde-text\"><a href=\"https:\/\/www.edisco.it\/i-liocorni\/wp-content\/uploads\/sites\/79\/2016\/09\/gli-orizzonti-dell-amicizia_preview.pdf\" class=\"gde-link\">Download (PDF, 306KB)<\/a><\/p>\n<div>\u00a0<\/div>\n<\/div>\n<div>\u00a0<\/div>\n<div>\u00a0<\/div>\n<div>\u00a0<\/div>\n","protected":false},"excerpt":{"rendered":"<p>\u00a0 \u00a0 Il genere e gli autori. \u201cL\u2019unico modo per avere un amico \u00e8 essere un amico\u201d: cos\u00ec scriveva pi\u00f9 di cent\u2019anni fa il poeta americano Ralph Waldo Emerson. In questa breve frase si trova tutta l\u2019essenza di un sentimento che \u00e8 uno dei pi\u00f9 importanti che si possa provare nella vita; un sentimento che<\/p>\n","protected":false},"author":3,"featured_media":0,"parent":23,"menu_order":1,"comment_status":"closed","ping_status":"closed","template":"page-templates\/dettaglio_volume.php","meta":[],"acf":[],"_links":{"self":[{"href":"https:\/\/www.edisco.it\/i-liocorni\/wp-json\/wp\/v2\/pages\/29"}],"collection":[{"href":"https:\/\/www.edisco.it\/i-liocorni\/wp-json\/wp\/v2\/pages"}],"about":[{"href":"https:\/\/www.edisco.it\/i-liocorni\/wp-json\/wp\/v2\/types\/page"}],"author":[{"embeddable":true,"href":"https:\/\/www.edisco.it\/i-liocorni\/wp-json\/wp\/v2\/users\/3"}],"replies":[{"embeddable":true,"href":"https:\/\/www.edisco.it\/i-liocorni\/wp-json\/wp\/v2\/comments?post=29"}],"version-history":[{"count":9,"href":"https:\/\/www.edisco.it\/i-liocorni\/wp-json\/wp\/v2\/pages\/29\/revisions"}],"predecessor-version":[{"id":357,"href":"https:\/\/www.edisco.it\/i-liocorni\/wp-json\/wp\/v2\/pages\/29\/revisions\/357"}],"up":[{"embeddable":true,"href":"https:\/\/www.edisco.it\/i-liocorni\/wp-json\/wp\/v2\/pages\/23"}],"wp:attachment":[{"href":"https:\/\/www.edisco.it\/i-liocorni\/wp-json\/wp\/v2\/media?parent=29"}],"curies":[{"name":"wp","href":"https:\/\/api.w.org\/{rel}","templated":true}]}}