{"id":33,"date":"2015-02-02T21:27:42","date_gmt":"2015-02-02T20:27:42","guid":{"rendered":"https:\/\/www.edisco.it\/i-liocorni\/?page_id=33"},"modified":"2023-03-16T13:13:17","modified_gmt":"2023-03-16T12:13:17","slug":"leggere-damore","status":"publish","type":"page","link":"https:\/\/www.edisco.it\/i-liocorni\/configurazione\/leggere-damore\/","title":{"rendered":"Leggere d&#8217;amore"},"content":{"rendered":"<div>\u00a0<span style=\"font-size: 11pt; font-family: verdana, geneva, sans-serif;\"><\/p>\n<p><span style=\"color: #000080;\"><strong>L\u2019argomento<\/strong><\/span>. Un\u2019antologia d\u2019amore, oggi: una piccola sfida ai prodotti di consumo, televisivi e non, che invadono l\u2019immaginario giovanile.<br \/> Ventidue racconti di qualit\u00e0, italiani e stranieri, che abbracciano l\u2019intero arco del Novecento, fino agli anni Novanta, ambientati in Europa o nelle Americhe, e che percorrono tutte le principali tematiche del sentimento: i suoi intrecci con il sesso, l\u2019amicizia, gli affetti famigliari, i condizionamenti sociali; le sue variazioni dall\u2019adolescenza alla maturit\u00e0, dal vissuto maschile a quello femminile; i suoi molti linguaggi; le sue connotazioni liriche ed ironiche, tragiche e comiche, realistiche e grottesche, fino al surreale e alla fantascienza.<\/span><\/p>\n<p><span style=\"font-family: verdana, geneva, sans-serif; font-size: 11pt;\"><span style=\"color: #000080;\"><strong><br \/>Gli autori<\/strong><\/span>. I testi, raggruppati per temi e per modalit\u00e0 narrative, portano la firma di Pirandello, Joyce, Calvino, Hesse, Kundera, Gordimer, Fenoglio, Pratolini, Mansfield, Rodari, Benni, Matheson, e di altri scrittori e scrittrici di livello internazionale; costituiscono perci\u00f2 anche un\u2019occasione di conoscenza della letteratura contemporanea, comprendendo pagine gi\u00e0 celebri e altre nuovissime, racconti complessi e altri pi\u00f9 semplici, narrazioni pi\u00f9 lunghe \u2013 sia pure contenute per consentirne l\u2019ascolto intero in classe \u2013 ed altre in una pagina.<\/span><br \/><span style=\"font-family: verdana, geneva, sans-serif; font-size: 11pt;\"> Nell\u2019antologia alcuni strumenti didattici sono fruibili soprattutto da parte del docente (introduzione e bibliografia) altri sono rivolti allo studente e favoriscono una lettura autonoma.<\/span><\/p>\n<p>&nbsp;<\/p>\n<p><a href=\"https:\/\/www.edisco.it\/i-liocorni\/wp-content\/uploads\/sites\/79\/2016\/09\/leggere-d-amore_preview.pdf\" target=\"_blank\" rel=\"noopener noreferrer\"><img src=\"https:\/\/www.edisco.it\/a-caring-society\/wp-content\/uploads\/sites\/86\/2019\/09\/icona-PDF_60.png\" alt=\"\" align=\"absMiddle\" \/>\u00a0<\/a><span style=\"font-family: verdana,geneva,sans-serif;\"><span style=\"font-size: 12pt;\"><a href=\"https:\/\/www.edisco.it\/i-liocorni\/wp-content\/uploads\/sites\/79\/2016\/09\/leggere-d-amore_preview.pdf\" target=\"_blank\" rel=\"noopener noreferrer\">Leggere d'amore_Anteprima.pdf<\/a>\u00a0<\/span><\/span><\/p>\n<iframe src=\"\/\/docs.google.com\/viewer?url=https%3A%2F%2Fwww.edisco.it%2Fi-liocorni%2Fwp-content%2Fuploads%2Fsites%2F79%2F2016%2F09%2Fleggere-d-amore_preview.pdf&hl=it&embedded=true\" class=\"gde-frame\" style=\"width:100%; height:1120px; border: none;\" scrolling=\"no\"><\/iframe>\n<p class=\"gde-text\"><a href=\"https:\/\/www.edisco.it\/i-liocorni\/wp-content\/uploads\/sites\/79\/2016\/09\/leggere-d-amore_preview.pdf\" class=\"gde-link\">Download (PDF, 280KB)<\/a><\/p>\n<\/div>\n<div>\u00a0<\/div>\n<div>\u00a0<\/div>\n","protected":false},"excerpt":{"rendered":"<p>\u00a0 L\u2019argomento. Un\u2019antologia d\u2019amore, oggi: una piccola sfida ai prodotti di consumo, televisivi e non, che invadono l\u2019immaginario giovanile. Ventidue racconti di qualit\u00e0, italiani e stranieri, che abbracciano l\u2019intero arco del Novecento, fino agli anni Novanta, ambientati in Europa o nelle Americhe, e che percorrono tutte le principali tematiche del sentimento: i suoi intrecci con<\/p>\n","protected":false},"author":3,"featured_media":0,"parent":23,"menu_order":3,"comment_status":"closed","ping_status":"closed","template":"page-templates\/dettaglio_volume.php","meta":[],"acf":[],"_links":{"self":[{"href":"https:\/\/www.edisco.it\/i-liocorni\/wp-json\/wp\/v2\/pages\/33"}],"collection":[{"href":"https:\/\/www.edisco.it\/i-liocorni\/wp-json\/wp\/v2\/pages"}],"about":[{"href":"https:\/\/www.edisco.it\/i-liocorni\/wp-json\/wp\/v2\/types\/page"}],"author":[{"embeddable":true,"href":"https:\/\/www.edisco.it\/i-liocorni\/wp-json\/wp\/v2\/users\/3"}],"replies":[{"embeddable":true,"href":"https:\/\/www.edisco.it\/i-liocorni\/wp-json\/wp\/v2\/comments?post=33"}],"version-history":[{"count":9,"href":"https:\/\/www.edisco.it\/i-liocorni\/wp-json\/wp\/v2\/pages\/33\/revisions"}],"predecessor-version":[{"id":359,"href":"https:\/\/www.edisco.it\/i-liocorni\/wp-json\/wp\/v2\/pages\/33\/revisions\/359"}],"up":[{"embeddable":true,"href":"https:\/\/www.edisco.it\/i-liocorni\/wp-json\/wp\/v2\/pages\/23"}],"wp:attachment":[{"href":"https:\/\/www.edisco.it\/i-liocorni\/wp-json\/wp\/v2\/media?parent=33"}],"curies":[{"name":"wp","href":"https:\/\/api.w.org\/{rel}","templated":true}]}}