{"id":37,"date":"2015-02-02T21:30:04","date_gmt":"2015-02-02T20:30:04","guid":{"rendered":"https:\/\/www.edisco.it\/i-liocorni\/?page_id=37"},"modified":"2023-03-16T13:13:31","modified_gmt":"2023-03-16T12:13:31","slug":"il-dovere-della-memoria","status":"publish","type":"page","link":"https:\/\/www.edisco.it\/i-liocorni\/configurazione\/il-dovere-della-memoria\/","title":{"rendered":"Il dovere della memoria"},"content":{"rendered":"<div>\u00a0<\/div>\n<div>\u00a0<\/div>\n<div><span style=\"color: #000000; font-family: verdana, geneva, sans-serif; font-size: 11pt;\"><span style=\"color: #000080;\"><strong>I contenuti<\/strong><\/span>. I Lager non furono un elemento marginale o una conseguenza casuale della politica nazista, ma costituirono uno strumento di fondamentale importanza nella realizzazione dell\u2019ideologia professata dal F\u00fchrer e dai suoi seguaci. In uno Stato fondato sulla celebrazione del superiore destino del popolo tedesco e sulla fanatica esaltazione del suo capo, non poteva esservi spazio n\u00e9 per la libert\u00e0 di opinione n\u00e9 per quei cittadini che fossero ritenuti, per una ragione o per l\u2019altra, non integrabili nella societ\u00e0 che il nazismo aveva pianificato.<br \/> I campi di concentramento prima, quelli sterminio poi divennero pertanto il luogo dove si attu\u00f2 la distruzione fisica e morale degli indesiderati, dagli avversari politici ai cosiddetti \u201casociali\u201d, dai prigionieri di guerra ai membri di \u201crazze inferiori\u201d.<br \/> Il libro, suddiviso in 5 diversi percorsi, illustra, attraverso le testimonianze dei sopravvissuti, i gironi dell\u2019inferno in cui persero la vita milioni di persone. In particolare vi sono descritti alcuni momenti fondamentali di quella tragedia, come la cattura, l\u2019internamento, la vita nei campi e la liberazione; chiude l\u2019opera una sezione contenente le riflessioni dei reduci sugli eventi di cui furono involontari protagonisti.<br \/> Integrazioni e approfondimenti. Il libro \u00e8 corredato da un ulteriore percorso non fatto di testi scritti ma di significative e toccanti fotografie che vanno a integrare in maniera decisiva quanto \u00e8 contenuto nei diversi testi antologizzati.<br \/> Una serie di schede di approfondimento (Storia e geografia dei Lager, La Shoah, Le camere a gas, Il processo di Norimberga, Revisionismo e negazionismo) offrono le coordinate storiche e completano quanto viene detto, in maniera chiara ed esaustiva, nella introduzione.<br \/> La scheda del recente film Il bambino con il pigiama a righe del regista Mark Herman \u00e8 un ulteriore stimolo all\u2019approfondimento e una sorta di ideale conclusione di un percorso didattico che non deve mancare in un piano di lavoro scolastico.<\/span><\/div>\n<div><span style=\"color: #000000; font-family: verdana, geneva, sans-serif; font-size: 11pt;\"> <br \/><span style=\"color: #000080;\"><strong>Spunti per la didattica<\/strong><\/span>. Il volume presenta il dramma dello sterminio degli Ebrei, operato durante la seconda guerra mondiale in Europa, con un approccio non unicamente storico ma anche letterario e, in tal modo, aggiunge elementi di ulteriore riflessione e diventa un\u2019occasione per non dimenticare e per restare fedeli al \u201cdovere della memoria\u201d.<\/span><\/div>\n<div>\u00a0<\/div>\n<div>\u00a0<\/div>\n<p><a href=\"https:\/\/www.edisco.it\/i-liocorni\/wp-content\/uploads\/sites\/79\/2016\/09\/il-dovere-della-memoria_preview.pdf\" target=\"_blank\" rel=\"noopener noreferrer\"><img src=\"https:\/\/www.edisco.it\/a-caring-society\/wp-content\/uploads\/sites\/86\/2019\/09\/icona-PDF_60.png\" alt=\"\" align=\"absMiddle\" \/>\u00a0<\/a><span style=\"font-family: verdana,geneva,sans-serif;\"><span style=\"font-size: 12pt;\"><a href=\"https:\/\/www.edisco.it\/i-liocorni\/wp-content\/uploads\/sites\/79\/2016\/09\/il-dovere-della-memoria_preview.pdf\" target=\"_blank\" rel=\"noopener noreferrer\">Il dovere della memoria_Anteprima.pdf<\/a>\u00a0<\/span><\/span><\/p>\n<div><iframe src=\"\/\/docs.google.com\/viewer?url=https%3A%2F%2Fwww.edisco.it%2Fi-liocorni%2Fwp-content%2Fuploads%2Fsites%2F79%2F2016%2F09%2Fil-dovere-della-memoria_preview.pdf&hl=it&embedded=true\" class=\"gde-frame\" style=\"width:100%; height:1120px; border: none;\" scrolling=\"no\"><\/iframe>\n<p class=\"gde-text\"><a href=\"https:\/\/www.edisco.it\/i-liocorni\/wp-content\/uploads\/sites\/79\/2016\/09\/il-dovere-della-memoria_preview.pdf\" class=\"gde-link\">Download (PDF, 742KB)<\/a><\/p><\/div>\n<div>\u00a0<\/div>\n<div>\u00a0<\/div>\n<div>\u00a0<\/div>\n","protected":false},"excerpt":{"rendered":"<p>\u00a0 \u00a0 I contenuti. I Lager non furono un elemento marginale o una conseguenza casuale della politica nazista, ma costituirono uno strumento di fondamentale importanza nella realizzazione dell\u2019ideologia professata dal F\u00fchrer e dai suoi seguaci. In uno Stato fondato sulla celebrazione del superiore destino del popolo tedesco e sulla fanatica esaltazione del suo capo, non<\/p>\n","protected":false},"author":3,"featured_media":0,"parent":23,"menu_order":5,"comment_status":"closed","ping_status":"closed","template":"page-templates\/dettaglio_volume.php","meta":[],"acf":[],"_links":{"self":[{"href":"https:\/\/www.edisco.it\/i-liocorni\/wp-json\/wp\/v2\/pages\/37"}],"collection":[{"href":"https:\/\/www.edisco.it\/i-liocorni\/wp-json\/wp\/v2\/pages"}],"about":[{"href":"https:\/\/www.edisco.it\/i-liocorni\/wp-json\/wp\/v2\/types\/page"}],"author":[{"embeddable":true,"href":"https:\/\/www.edisco.it\/i-liocorni\/wp-json\/wp\/v2\/users\/3"}],"replies":[{"embeddable":true,"href":"https:\/\/www.edisco.it\/i-liocorni\/wp-json\/wp\/v2\/comments?post=37"}],"version-history":[{"count":8,"href":"https:\/\/www.edisco.it\/i-liocorni\/wp-json\/wp\/v2\/pages\/37\/revisions"}],"predecessor-version":[{"id":360,"href":"https:\/\/www.edisco.it\/i-liocorni\/wp-json\/wp\/v2\/pages\/37\/revisions\/360"}],"up":[{"embeddable":true,"href":"https:\/\/www.edisco.it\/i-liocorni\/wp-json\/wp\/v2\/pages\/23"}],"wp:attachment":[{"href":"https:\/\/www.edisco.it\/i-liocorni\/wp-json\/wp\/v2\/media?parent=37"}],"curies":[{"name":"wp","href":"https:\/\/api.w.org\/{rel}","templated":true}]}}