{"id":39,"date":"2015-02-02T21:30:25","date_gmt":"2015-02-02T20:30:25","guid":{"rendered":"https:\/\/www.edisco.it\/i-liocorni\/?page_id=39"},"modified":"2023-03-16T13:13:42","modified_gmt":"2023-03-16T12:13:42","slug":"interni-di-famiglia","status":"publish","type":"page","link":"https:\/\/www.edisco.it\/i-liocorni\/configurazione\/interni-di-famiglia\/","title":{"rendered":"Interni di famiglia"},"content":{"rendered":"<div>\u00a0<\/div>\n<div><span style=\"font-size: 11pt; font-family: verdana, geneva, sans-serif;\"> <br \/><span style=\"color: #000080;\"><strong>La scelta antologica. <\/strong><span style=\"color: #000;\">Il libro vuole proporre un viaggio attraverso la famiglia contemporanea e i diversi modi di intenderla e viverla attraverso testimonianze letterarie del nostro tempo. Le scelte operate, nell\u2019evidente impossibilit\u00e0 di inserire tutte le problematiche e le sfaccettature del tema, hanno privilegiato alcune strategie di lettura. In primo luogo testi e autori appartengono nella quasi totalit\u00e0 al periodo successivo al 1950 e cio\u00e8 appartengono alla stretta contemporaneit\u00e0. In secondo luogo, si propongono opere e autori di tutto il mondo, per rendere consapevoli che le dinamiche personali e di gruppo e soprattutto gli affetti sono simili in qualsiasi epoca e luogo. <\/span><\/span><\/span><\/p>\n<p><span style=\"font-family: verdana, geneva, sans-serif; font-size: 11pt;\"><strong><br \/>Percorsi. <\/strong><span style=\"color: #000;\">Il primo percorso, Voci di figli, presenta la famiglia attraverso gli occhi dei figli, spesso i giudici pi\u00f9 impietosi delle carenze oppure delle colpe dei genitori, anche se la prospettiva dell\u2019et\u00e0 pi\u00f9 adulta non di rado induce a una revisione e a un ripensamento.<br \/> Se essere figli non \u00e8 facile, perch\u00e9 ogni convivenza \u00e8 portatrice di problemi, anche Essere genitori, tema del secondo percorso, non \u00e8 una condizione di per se stessa appagante e fonte certa di gioia. Il tema dei Legami familiari viene sviluppato nei racconti che costituiscono il terzo percorso. La famiglia \u00e8 un punto fermo, entro cui si formano rapporti di straordinaria intensit\u00e0.<br \/> Vivere insieme, poi, \u00e8 consolante, come sappiamo e come sanno gli autori dei testi scelti per il quarto percorso (Vita in famiglia); pu\u00f2 anche essere divertente se si \u00e8 capaci di osservare i componenti del nucleo familiare, e i loro tic, manie, difetti,con ironia e umorismo, partecipazione e affetto.<\/span><\/span><\/p>\n<\/div>\n<p>&nbsp;<\/p>\n<p><a href=\"https:\/\/www.edisco.it\/i-liocorni\/wp-content\/uploads\/sites\/79\/2016\/09\/interni-di-famiglia_preview.pdf\" target=\"_blank\" rel=\"noopener noreferrer\"><img src=\"https:\/\/www.edisco.it\/a-caring-society\/wp-content\/uploads\/sites\/86\/2019\/09\/icona-PDF_60.png\" alt=\"\" align=\"absMiddle\" \/>\u00a0<\/a><span style=\"font-family: verdana,geneva,sans-serif;\"><span style=\"font-size: 12pt;\"><a href=\"https:\/\/www.edisco.it\/i-liocorni\/wp-content\/uploads\/sites\/79\/2016\/09\/interni-di-famiglia_preview.pdf\" target=\"_blank\" rel=\"noopener noreferrer\">Interni di famiglia_Anteprima.pdf<\/a>\u00a0<\/span><\/span><\/p>\n<iframe src=\"\/\/docs.google.com\/viewer?url=https%3A%2F%2Fwww.edisco.it%2Fi-liocorni%2Fwp-content%2Fuploads%2Fsites%2F79%2F2016%2F09%2Finterni-di-famiglia_preview.pdf&hl=it&embedded=true\" class=\"gde-frame\" style=\"width:100%; height:1120px; border: none;\" scrolling=\"no\"><\/iframe>\n<p class=\"gde-text\"><a href=\"https:\/\/www.edisco.it\/i-liocorni\/wp-content\/uploads\/sites\/79\/2016\/09\/interni-di-famiglia_preview.pdf\" class=\"gde-link\">Download (PDF, 286KB)<\/a><\/p>\n<div>\u00a0<\/div>\n<div>\u00a0<\/div>\n<div>\u00a0<\/div>\n","protected":false},"excerpt":{"rendered":"<p>\u00a0 La scelta antologica. Il libro vuole proporre un viaggio attraverso la famiglia contemporanea e i diversi modi di intenderla e viverla attraverso testimonianze letterarie del nostro tempo. Le scelte operate, nell\u2019evidente impossibilit\u00e0 di inserire tutte le problematiche e le sfaccettature del tema, hanno privilegiato alcune strategie di lettura. In primo luogo testi e autori<\/p>\n","protected":false},"author":3,"featured_media":0,"parent":23,"menu_order":6,"comment_status":"closed","ping_status":"closed","template":"page-templates\/dettaglio_volume.php","meta":[],"acf":[],"_links":{"self":[{"href":"https:\/\/www.edisco.it\/i-liocorni\/wp-json\/wp\/v2\/pages\/39"}],"collection":[{"href":"https:\/\/www.edisco.it\/i-liocorni\/wp-json\/wp\/v2\/pages"}],"about":[{"href":"https:\/\/www.edisco.it\/i-liocorni\/wp-json\/wp\/v2\/types\/page"}],"author":[{"embeddable":true,"href":"https:\/\/www.edisco.it\/i-liocorni\/wp-json\/wp\/v2\/users\/3"}],"replies":[{"embeddable":true,"href":"https:\/\/www.edisco.it\/i-liocorni\/wp-json\/wp\/v2\/comments?post=39"}],"version-history":[{"count":8,"href":"https:\/\/www.edisco.it\/i-liocorni\/wp-json\/wp\/v2\/pages\/39\/revisions"}],"predecessor-version":[{"id":361,"href":"https:\/\/www.edisco.it\/i-liocorni\/wp-json\/wp\/v2\/pages\/39\/revisions\/361"}],"up":[{"embeddable":true,"href":"https:\/\/www.edisco.it\/i-liocorni\/wp-json\/wp\/v2\/pages\/23"}],"wp:attachment":[{"href":"https:\/\/www.edisco.it\/i-liocorni\/wp-json\/wp\/v2\/media?parent=39"}],"curies":[{"name":"wp","href":"https:\/\/api.w.org\/{rel}","templated":true}]}}