{"id":41,"date":"2015-02-02T21:30:54","date_gmt":"2015-02-02T20:30:54","guid":{"rendered":"https:\/\/www.edisco.it\/i-liocorni\/?page_id=41"},"modified":"2023-03-16T13:13:47","modified_gmt":"2023-03-16T12:13:47","slug":"novecento-senza-pace","status":"publish","type":"page","link":"https:\/\/www.edisco.it\/i-liocorni\/configurazione\/novecento-senza-pace\/","title":{"rendered":"Novecento senza pace"},"content":{"rendered":"<div>\u00a0<\/p>\n<\/div>\n<div><span style=\"font-size: 11pt; font-family: verdana, geneva, sans-serif;\"> <span style=\"color: #000080;\"><strong>L\u2019argomento. <\/strong><span style=\"color: #000;\">Il volume antologico offre la possibilit\u00e0 di accostarsi agli avvenimenti bellici che hanno caratterizzato drammaticamente il secolo appena trascorso attraverso racconti tratti dalle opere pi\u00f9 significative della letteratura novecentesca.<br \/> La scelta dei testi \u00e8 particolarmente accurata, varia e stimolante, studiata per proporre una grande variet\u00e0 di argomenti, di punti di vista diversi cos\u00ec da suscitare interesse, far nascere interrogativi, acuire il desiderio di trovare delle risposte a quesiti importanti, in modo autonomo o con l\u2019ausilio dell\u2019Insegnante.<br \/> L\u2019antologia fornisce la possibilit\u00e0 di discussione su tematiche di valore universale e aiuta a desiderare la pace che deve essere costruita forse in un processo senza fine.<\/span><\/span><\/span><\/p>\n<p><span style=\"font-family: verdana, geneva, sans-serif; font-size: 11pt;\"><strong><br \/><span style=\"color: #000080;\">Finalit\u00e0 didattiche<\/span>. <\/strong><span style=\"color: #000;\">I quattro percorsi permettono di conoscere i pi\u00f9 terribili drammi del Novecento: la Grande Guerra, la guerra civile di Spagna, la seconda guerra mondiale, le mille guerre del tempo della pace (Vietnam, Sud Africa, America Latina, il conflitto jugoslavo, ecc.). I 24 racconti rispondono a pieno all\u2019esigenza, per una scuola moderna e in sintonia con le indicazioni ministeriali, di affrontare sempre pi\u00f9 e meglio argomenti di attualit\u00e0. La storia delle guerre del XX secolo pu\u00f2 servire a far riflettere i giovani sugli errori del passato, perch\u00e9 possano costruire un terzo millenio migliore, nel segno della libert\u00e0, della solidariet\u00e0, della pace.<br \/> L\u2019introduzione all\u2019antologia \u00e8 una guida utile per conoscere le coordinate storiche essenziali degli avvenimenti, apprendere le linee guida che hanno ispirato la scelta.<\/span><\/span><\/p>\n<\/div>\n<div>\u00a0<\/div>\n<div>\u00a0<\/div>\n<div>\u00a0<\/div>\n","protected":false},"excerpt":{"rendered":"<p>\u00a0 L\u2019argomento. Il volume antologico offre la possibilit\u00e0 di accostarsi agli avvenimenti bellici che hanno caratterizzato drammaticamente il secolo appena trascorso attraverso racconti tratti dalle opere pi\u00f9 significative della letteratura novecentesca. La scelta dei testi \u00e8 particolarmente accurata, varia e stimolante, studiata per proporre una grande variet\u00e0 di argomenti, di punti di vista diversi cos\u00ec<\/p>\n","protected":false},"author":3,"featured_media":0,"parent":23,"menu_order":7,"comment_status":"closed","ping_status":"closed","template":"page-templates\/dettaglio_volume.php","meta":[],"acf":[],"_links":{"self":[{"href":"https:\/\/www.edisco.it\/i-liocorni\/wp-json\/wp\/v2\/pages\/41"}],"collection":[{"href":"https:\/\/www.edisco.it\/i-liocorni\/wp-json\/wp\/v2\/pages"}],"about":[{"href":"https:\/\/www.edisco.it\/i-liocorni\/wp-json\/wp\/v2\/types\/page"}],"author":[{"embeddable":true,"href":"https:\/\/www.edisco.it\/i-liocorni\/wp-json\/wp\/v2\/users\/3"}],"replies":[{"embeddable":true,"href":"https:\/\/www.edisco.it\/i-liocorni\/wp-json\/wp\/v2\/comments?post=41"}],"version-history":[{"count":6,"href":"https:\/\/www.edisco.it\/i-liocorni\/wp-json\/wp\/v2\/pages\/41\/revisions"}],"predecessor-version":[{"id":254,"href":"https:\/\/www.edisco.it\/i-liocorni\/wp-json\/wp\/v2\/pages\/41\/revisions\/254"}],"up":[{"embeddable":true,"href":"https:\/\/www.edisco.it\/i-liocorni\/wp-json\/wp\/v2\/pages\/23"}],"wp:attachment":[{"href":"https:\/\/www.edisco.it\/i-liocorni\/wp-json\/wp\/v2\/media?parent=41"}],"curies":[{"name":"wp","href":"https:\/\/api.w.org\/{rel}","templated":true}]}}