{"id":43,"date":"2015-02-02T21:31:15","date_gmt":"2015-02-02T20:31:15","guid":{"rendered":"https:\/\/www.edisco.it\/i-liocorni\/?page_id=43"},"modified":"2023-03-16T13:13:58","modified_gmt":"2023-03-16T12:13:58","slug":"centanni","status":"publish","type":"page","link":"https:\/\/www.edisco.it\/i-liocorni\/configurazione\/centanni\/","title":{"rendered":"Cent&#8217;anni"},"content":{"rendered":"<div>\u00a0<\/div>\n<p><span style=\"font-size: 11pt; font-family: verdana, geneva, sans-serif;\"><span style=\"color: #000080;\"><strong>L\u2019argomento<\/strong><\/span>. Un\u2019antologia che offre un\u2019ampia panoramica del racconto in Italia durante il Novecento: scrittori e scrittrici che, lungo l\u2019intero arco temporale proposto, hanno visitato il genere, traendone ispirazione per storie di drammatico realismo o di rarefatta astrazione, raccontando l\u2019amore, la solitudine, l\u2019asprezza del vivere, attraverso l\u2019ironia, la partecipazione, la fantasia, la documentata riproduzione del vero.<br \/> Gli autori. Incontriamo nomi eccellenti, come Pirandello, Tomasi di Lampedusa, Calvino, Fenoglio, Moravia, Buzzati, Arpino, Primo Levi, insieme ad autori pi\u00f9 appartati ma non meno dotati di talento, come Campanile, Panzini, Romano, De Cespedes, Bontempelli, Landolfi, Chiara, Ortese, Savinio, Morante, Zavattini; e incontriamo anche le voci pi\u00f9 recenti del racconto italiano, come van Straten, Cerami, Voltolini, Loy, Tabucchi, Benni: venticinque scrittori capaci di disegnare un autentico affresco di un secolo di Italia letteraria e non soltanto.<\/span><\/p>\n<p><span style=\"font-size: 11pt; font-family: verdana, geneva, sans-serif;\"> <br \/><span style=\"color: #000080;\"><strong>La struttura<\/strong><\/span>. Cinque percorsi (Tra umorismo e ironia, Molte solitudini, Pene d\u2019amore, La lotta per la vita, I percorsi della fantasia) consentono di modulare l\u2019utilizzazione in classe dei testi: \u00e8 cos\u00ec possibile proporre brani pi\u00f9 o meno lunghi, pi\u00f9 o meno complessi, a seconda della prevedibile capacit\u00e0 di apprendimento degli studenti e del livello degli obiettivi perseguiti. A questo scopo sono stati approntati vari strumenti, di differente impegno.<br \/> Gli strumenti didattici: Un\u2019introduzione, volta tanto a inquadrare il genere letterario del racconto, dal punto di vista storico e da quello tipologico, quanto a rendere conto del suo sviluppo nell\u2019ambito italiano del Novecento e ad anticipare temi e autori contenuti nell\u2019antologia.<br \/> \u2022 Un apparato di note ai testi, molto agili ed essenziali, ma al tempo stesso attente sia all\u2019aspetto lessicale, che a quello storico-sociologico.<br \/> \u2022 Una breve presentazione di ogni singolo racconto e di ogni autore, che propone una possibile chiave di lettura del brano in questione.<br \/> \u2022 Un apparato di schede di lavoro, collocate alla fine di ogni racconto, volte alla comprensione del testo, all\u2019esercitazione lessicale e grammaticale, alla produzione di testi autonomi da parte degli studenti, che richiamino i contenuti della lettura.<\/span><\/p>\n<p>&nbsp;<\/p>\n<p><a href=\"https:\/\/www.edisco.it\/i-liocorni\/wp-content\/uploads\/sites\/79\/2016\/09\/cent-anni_preview.pdf\" target=\"_blank\" rel=\"noopener noreferrer\"><img src=\"https:\/\/www.edisco.it\/a-caring-society\/wp-content\/uploads\/sites\/86\/2019\/09\/icona-PDF_60.png\" alt=\"\" align=\"absMiddle\" \/>\u00a0<\/a><span style=\"font-family: verdana,geneva,sans-serif;\"><span style=\"font-size: 12pt;\"><a href=\"https:\/\/www.edisco.it\/i-liocorni\/wp-content\/uploads\/sites\/79\/2016\/09\/cent-anni_preview.pdf\" target=\"_blank\" rel=\"noopener noreferrer\">Cent'anni_Anteprima.pdf<\/a>\u00a0<\/span><\/span><\/p>\n<iframe src=\"\/\/docs.google.com\/viewer?url=https%3A%2F%2Fwww.edisco.it%2Fi-liocorni%2Fwp-content%2Fuploads%2Fsites%2F79%2F2016%2F09%2Fcent-anni_preview.pdf&hl=it&embedded=true\" class=\"gde-frame\" style=\"width:100%; height:1120px; border: none;\" scrolling=\"no\"><\/iframe>\n<p class=\"gde-text\"><a href=\"https:\/\/www.edisco.it\/i-liocorni\/wp-content\/uploads\/sites\/79\/2016\/09\/cent-anni_preview.pdf\" class=\"gde-link\">Download (PDF, 318KB)<\/a><\/p>\n<p>&nbsp;<\/p>\n<p>&nbsp;<\/p>\n<p>&nbsp;<\/p>\n","protected":false},"excerpt":{"rendered":"<p>\u00a0 L\u2019argomento. Un\u2019antologia che offre un\u2019ampia panoramica del racconto in Italia durante il Novecento: scrittori e scrittrici che, lungo l\u2019intero arco temporale proposto, hanno visitato il genere, traendone ispirazione per storie di drammatico realismo o di rarefatta astrazione, raccontando l\u2019amore, la solitudine, l\u2019asprezza del vivere, attraverso l\u2019ironia, la partecipazione, la fantasia, la documentata riproduzione del<\/p>\n","protected":false},"author":3,"featured_media":0,"parent":23,"menu_order":8,"comment_status":"closed","ping_status":"closed","template":"page-templates\/dettaglio_volume.php","meta":[],"acf":[],"_links":{"self":[{"href":"https:\/\/www.edisco.it\/i-liocorni\/wp-json\/wp\/v2\/pages\/43"}],"collection":[{"href":"https:\/\/www.edisco.it\/i-liocorni\/wp-json\/wp\/v2\/pages"}],"about":[{"href":"https:\/\/www.edisco.it\/i-liocorni\/wp-json\/wp\/v2\/types\/page"}],"author":[{"embeddable":true,"href":"https:\/\/www.edisco.it\/i-liocorni\/wp-json\/wp\/v2\/users\/3"}],"replies":[{"embeddable":true,"href":"https:\/\/www.edisco.it\/i-liocorni\/wp-json\/wp\/v2\/comments?post=43"}],"version-history":[{"count":9,"href":"https:\/\/www.edisco.it\/i-liocorni\/wp-json\/wp\/v2\/pages\/43\/revisions"}],"predecessor-version":[{"id":362,"href":"https:\/\/www.edisco.it\/i-liocorni\/wp-json\/wp\/v2\/pages\/43\/revisions\/362"}],"up":[{"embeddable":true,"href":"https:\/\/www.edisco.it\/i-liocorni\/wp-json\/wp\/v2\/pages\/23"}],"wp:attachment":[{"href":"https:\/\/www.edisco.it\/i-liocorni\/wp-json\/wp\/v2\/media?parent=43"}],"curies":[{"name":"wp","href":"https:\/\/api.w.org\/{rel}","templated":true}]}}