{"id":45,"date":"2015-02-02T21:31:40","date_gmt":"2015-02-02T20:31:40","guid":{"rendered":"https:\/\/www.edisco.it\/i-liocorni\/?page_id=45"},"modified":"2023-03-16T13:14:05","modified_gmt":"2023-03-16T12:14:05","slug":"leggere-la-realta","status":"publish","type":"page","link":"https:\/\/www.edisco.it\/i-liocorni\/configurazione\/leggere-la-realta\/","title":{"rendered":"Leggere la realt\u00e0"},"content":{"rendered":"<div>\u00a0<\/div>\n<div>\u00a0<\/div>\n<p><span style=\"font-size: 11pt; font-family: verdana, geneva, sans-serif;\"><span style=\"color: #000080;\"><strong>Il genere e gli autori<\/strong><\/span>. Il Realismo in Letteratura, cio\u00e8 quale ruolo possa avere l\u2019Arte nel progresso della societ\u00e0 umana: una delle grandi questioni culturali degli ultimi due secoli, ma anche l\u2019occasione per una \u201cricognizione\u201d del Novecento con la voce di alcuni dei pi\u00f9 grandi scrittori e scrittrici del periodo. Pirandello, Silone, Pavese, Calvino, Moravia, Pasolini, Primo Levi, De Carlo, Remarque, Hemingway, Dess\u00ec, Fenoglio, Wolff, Tomasi di Lampedusa, Pratolini, Steinbeck, Morante, Sep\u00falveda, Kerouac, Salinger, Allende ci raccontano aspetti della realt\u00e0 umana e storica di un periodo in cui, mai come prima, \u00e8 sembrato che le masse diventassero protagoniste delle Storia, mentre invece forze irresistibili hanno trascinato quelle stesse masse in orrori senza fine.<\/span><\/p>\n<p><span style=\"font-family: verdana, geneva, sans-serif; font-size: 11pt;\"><span style=\"color: #000080;\"><strong><br \/>La struttura<\/strong><\/span>. Il libro \u00e8 diviso in cinque percorsi che rendono conto di un aspetto particolare della societ\u00e0 novecentesca; Una societ\u00e0 che cambia prende in considerazione la transizione che ha coinvolto l\u2019Italia nel volgere dei primi cinquant\u2019anni del secolo passato, con le contraddizioni e le speranze; Il volto della citt\u00e0 analizza la realt\u00e0 urbana non solo sotto l\u2019aspetto materiale ma anche culturale e di costume; Le lacrime della guerra mette a nudo le violenze della guerra che hanno segnato il Novecento in maniera indelebile; ancora sulla violenza insiste il percorso Violenze dell\u2019uomo sull\u2019uomo mentre l\u2019ultimo, Gli scontri generazionali, si sofferma sulla frattura tra le generazioni e sulla ribellione giovanile, conseguenza di un modello di vita non pi\u00f9 credibile e tuttavia sempre pi\u00f9 basato sulla tragica contrapposizione tra l\u2019avere e il non avere.<\/span><\/p>\n<p>&nbsp;<\/p>\n<p><a href=\"https:\/\/www.edisco.it\/i-liocorni\/wp-content\/uploads\/sites\/79\/2016\/09\/leggere-la-realta_preview.pdf\" target=\"_blank\" rel=\"noopener noreferrer\"><img src=\"https:\/\/www.edisco.it\/a-caring-society\/wp-content\/uploads\/sites\/86\/2019\/09\/icona-PDF_60.png\" alt=\"\" align=\"absMiddle\" \/>\u00a0<\/a><span style=\"font-family: verdana,geneva,sans-serif;\"><span style=\"font-size: 12pt;\"><a href=\"https:\/\/www.edisco.it\/i-liocorni\/wp-content\/uploads\/sites\/79\/2016\/09\/leggere-la-realta_preview.pdf\" target=\"_blank\" rel=\"noopener noreferrer\">Leggere la realt\u00e0_Anteprima.pdf<\/a>\u00a0<\/span><\/span><\/p>\n<iframe src=\"\/\/docs.google.com\/viewer?url=https%3A%2F%2Fwww.edisco.it%2Fi-liocorni%2Fwp-content%2Fuploads%2Fsites%2F79%2F2016%2F09%2Fleggere-la-realta_preview.pdf&hl=it&embedded=true\" class=\"gde-frame\" style=\"width:100%; height:1120px; border: none;\" scrolling=\"no\"><\/iframe>\n<p class=\"gde-text\"><a href=\"https:\/\/www.edisco.it\/i-liocorni\/wp-content\/uploads\/sites\/79\/2016\/09\/leggere-la-realta_preview.pdf\" class=\"gde-link\">Download (PDF, 327KB)<\/a><\/p>\n<p>&nbsp;<\/p>\n<p>&nbsp;<\/p>\n<p>&nbsp;<\/p>\n","protected":false},"excerpt":{"rendered":"<p>\u00a0 \u00a0 Il genere e gli autori. Il Realismo in Letteratura, cio\u00e8 quale ruolo possa avere l\u2019Arte nel progresso della societ\u00e0 umana: una delle grandi questioni culturali degli ultimi due secoli, ma anche l\u2019occasione per una \u201cricognizione\u201d del Novecento con la voce di alcuni dei pi\u00f9 grandi scrittori e scrittrici del periodo. Pirandello, Silone, Pavese,<\/p>\n","protected":false},"author":3,"featured_media":0,"parent":23,"menu_order":9,"comment_status":"closed","ping_status":"closed","template":"page-templates\/dettaglio_volume.php","meta":[],"acf":[],"_links":{"self":[{"href":"https:\/\/www.edisco.it\/i-liocorni\/wp-json\/wp\/v2\/pages\/45"}],"collection":[{"href":"https:\/\/www.edisco.it\/i-liocorni\/wp-json\/wp\/v2\/pages"}],"about":[{"href":"https:\/\/www.edisco.it\/i-liocorni\/wp-json\/wp\/v2\/types\/page"}],"author":[{"embeddable":true,"href":"https:\/\/www.edisco.it\/i-liocorni\/wp-json\/wp\/v2\/users\/3"}],"replies":[{"embeddable":true,"href":"https:\/\/www.edisco.it\/i-liocorni\/wp-json\/wp\/v2\/comments?post=45"}],"version-history":[{"count":8,"href":"https:\/\/www.edisco.it\/i-liocorni\/wp-json\/wp\/v2\/pages\/45\/revisions"}],"predecessor-version":[{"id":363,"href":"https:\/\/www.edisco.it\/i-liocorni\/wp-json\/wp\/v2\/pages\/45\/revisions\/363"}],"up":[{"embeddable":true,"href":"https:\/\/www.edisco.it\/i-liocorni\/wp-json\/wp\/v2\/pages\/23"}],"wp:attachment":[{"href":"https:\/\/www.edisco.it\/i-liocorni\/wp-json\/wp\/v2\/media?parent=45"}],"curies":[{"name":"wp","href":"https:\/\/api.w.org\/{rel}","templated":true}]}}