{"id":47,"date":"2015-02-02T21:32:04","date_gmt":"2015-02-02T20:32:04","guid":{"rendered":"https:\/\/www.edisco.it\/i-liocorni\/?page_id=47"},"modified":"2023-03-16T13:14:10","modified_gmt":"2023-03-16T12:14:10","slug":"racconti-di-un-secolo","status":"publish","type":"page","link":"https:\/\/www.edisco.it\/i-liocorni\/configurazione\/racconti-di-un-secolo\/","title":{"rendered":"Racconti di un secolo"},"content":{"rendered":"<div>\u00a0<\/p>\n<\/div>\n<div><span style=\"font-size: 11pt; font-family: verdana, geneva, sans-serif;\"> <span style=\"color: #000080;\"><strong>Gli autori. <\/strong><span style=\"color: #000;\">Venti racconti di scrittori e scrittrici tra i pi\u00f9 rappresentativi della narrativa italiana del Novecento, dai grandi classici ad autori contemporanei di fama internazionale: da Pirandello, Pavese, Calvino, Fenoglio, Primo Levi, Sciascia, Morante, Ortese\u2026 a Campanile, Buzzati, Benni, Rodari, Landolfi, Cavazzoni, Petrignani\u2026 Essi percorrono l\u2019Italia da nord a sud, dall\u2019inizio del XX secolo agli ultimi anni, ritraendola da diverse angolature; chiude la raccolta un flash sulla scrittura dei giovanissimi, con uno dei tantissimi testi vincitori di concorsi letterari per esordienti. L'intento di questa scelta \u00e8 quello di convincere i giovani che la scrittura \u00e8 un esercizio straordinario che offre potenzialit\u00e0 impensabili e apre orizzonti molto vasti.<\/span><\/span><\/span><\/p>\n<p><span style=\"font-family: verdana, geneva, sans-serif; font-size: 11pt;\"><strong><span style=\"color: #000080;\"><br \/>La struttura<\/span>. <\/strong><span style=\"color: #000;\">L\u2019antologia \u00e8 divisa in quattro sezioni tematiche (Vita quotidiana, Paesaggi, Io e l\u2019altro, Uomini e storia) che raccontano il presente e la quotidianit\u00e0, le grandi tappe storiche, le problematiche sociali ed esistenziali del nostro secolo, introdotte ciascuna da una lapidaria \u00abfavola\u00bb di Gadda; comprende vari filoni e generi, dal comico al tragico, dal realistico al surreale, dal racconto memorialistico al giallo alla favola moderna.<br \/> Tra gli strumenti didattici l'introduzione \u00e8 rivolta all\u2019insegnante e mira a tracciare le linee essenziali della narrativa del Novecento e ad illustrare i criteri di scelta dei testi.<br \/> Molto utile per orientarsi nella fitta produzione novecentesca \u00e8 il quadro cronologico degli autori e dei testi.<\/span><\/span><\/p>\n<\/div>\n<p>&nbsp;<\/p>\n<p><a href=\"https:\/\/www.edisco.it\/i-liocorni\/wp-content\/uploads\/sites\/79\/2016\/09\/racconti-di-un-secolo_preview.pdf\" target=\"_blank\" rel=\"noopener noreferrer\"><img src=\"https:\/\/www.edisco.it\/a-caring-society\/wp-content\/uploads\/sites\/86\/2019\/09\/icona-PDF_60.png\" alt=\"\" align=\"absMiddle\" \/>\u00a0<\/a><span style=\"font-family: verdana,geneva,sans-serif;\"><span style=\"font-size: 12pt;\"><a href=\"https:\/\/www.edisco.it\/i-liocorni\/wp-content\/uploads\/sites\/79\/2016\/09\/racconti-di-un-secolo_preview.pdf\" target=\"_blank\" rel=\"noopener noreferrer\">Racconti di un secolo_Anteprima.pdf<\/a>\u00a0<\/span><\/span><\/p>\n<iframe src=\"\/\/docs.google.com\/viewer?url=https%3A%2F%2Fwww.edisco.it%2Fi-liocorni%2Fwp-content%2Fuploads%2Fsites%2F79%2F2016%2F09%2Fracconti-di-un-secolo_preview.pdf&hl=it&embedded=true\" class=\"gde-frame\" style=\"width:100%; height:1120px; border: none;\" scrolling=\"no\"><\/iframe>\n<p class=\"gde-text\"><a href=\"https:\/\/www.edisco.it\/i-liocorni\/wp-content\/uploads\/sites\/79\/2016\/09\/racconti-di-un-secolo_preview.pdf\" class=\"gde-link\">Download (PDF, 261KB)<\/a><\/p>\n<div>\u00a0<\/div>\n<div>\u00a0<\/div>\n<div>\u00a0<\/div>\n","protected":false},"excerpt":{"rendered":"<p>\u00a0 Gli autori. Venti racconti di scrittori e scrittrici tra i pi\u00f9 rappresentativi della narrativa italiana del Novecento, dai grandi classici ad autori contemporanei di fama internazionale: da Pirandello, Pavese, Calvino, Fenoglio, Primo Levi, Sciascia, Morante, Ortese\u2026 a Campanile, Buzzati, Benni, Rodari, Landolfi, Cavazzoni, Petrignani\u2026 Essi percorrono l\u2019Italia da nord a sud, dall\u2019inizio del XX<\/p>\n","protected":false},"author":3,"featured_media":0,"parent":23,"menu_order":10,"comment_status":"closed","ping_status":"closed","template":"page-templates\/dettaglio_volume.php","meta":[],"acf":[],"_links":{"self":[{"href":"https:\/\/www.edisco.it\/i-liocorni\/wp-json\/wp\/v2\/pages\/47"}],"collection":[{"href":"https:\/\/www.edisco.it\/i-liocorni\/wp-json\/wp\/v2\/pages"}],"about":[{"href":"https:\/\/www.edisco.it\/i-liocorni\/wp-json\/wp\/v2\/types\/page"}],"author":[{"embeddable":true,"href":"https:\/\/www.edisco.it\/i-liocorni\/wp-json\/wp\/v2\/users\/3"}],"replies":[{"embeddable":true,"href":"https:\/\/www.edisco.it\/i-liocorni\/wp-json\/wp\/v2\/comments?post=47"}],"version-history":[{"count":8,"href":"https:\/\/www.edisco.it\/i-liocorni\/wp-json\/wp\/v2\/pages\/47\/revisions"}],"predecessor-version":[{"id":364,"href":"https:\/\/www.edisco.it\/i-liocorni\/wp-json\/wp\/v2\/pages\/47\/revisions\/364"}],"up":[{"embeddable":true,"href":"https:\/\/www.edisco.it\/i-liocorni\/wp-json\/wp\/v2\/pages\/23"}],"wp:attachment":[{"href":"https:\/\/www.edisco.it\/i-liocorni\/wp-json\/wp\/v2\/media?parent=47"}],"curies":[{"name":"wp","href":"https:\/\/api.w.org\/{rel}","templated":true}]}}