{"id":53,"date":"2015-02-02T21:33:17","date_gmt":"2015-02-02T20:33:17","guid":{"rendered":"https:\/\/www.edisco.it\/i-liocorni\/?page_id=53"},"modified":"2023-03-16T13:14:27","modified_gmt":"2023-03-16T12:14:27","slug":"europei","status":"publish","type":"page","link":"https:\/\/www.edisco.it\/i-liocorni\/configurazione\/europei\/","title":{"rendered":"Europei"},"content":{"rendered":"<div>\u00a0<\/div>\n<div>\u00a0<\/div>\n<p><span style=\"font-size: 11pt; font-family: verdana, geneva, sans-serif;\"><span style=\"color: #000080;\"><strong>Obiettivi e scelta antologica<\/strong><\/span>. In un\u2019Europa che ha aperto i suoi confini e che costituisce un\u2019entit\u00e0 non pi\u00f9 esclusivamente geografica, ma soprattutto politica, economica e culturale, \u00e8 impossibile non parlare di letteratura europea.<br \/> Gli autori e i testi scelti in questa antologia rappresentano un\u2019ampia panoramica, pur con qualche necessario sacrificio operativo, e offrono al lettore la possibilit\u00e0 di cogliere quanto ci avvicina e anche quanto ci separa, proprio perch\u00e9 la coscienza della diversit\u00e0 \u00e8 l\u2019unico mezzo per comprendere e quindi superare le differenze.<br \/> I criteri seguiti nella difficile scelta sono state le motivazioni di carattere storico o geografico, ma soprattutto quelle di valore culturale, letterario ed estetico. Numerosi sono gli autori che sono stati insigniti del premio Nobel, ma sono compresi anche altri classici del Novecento e gli appartenenti alla nuova generazione o comunque stretti contemporanei, con una consistente rappresentanza al femminile.<\/span><\/p>\n<p><span style=\"font-family: verdana, geneva, sans-serif; font-size: 11pt;\"><span style=\"color: #000080;\"><strong><br \/>I percorsi<\/strong><\/span>. Il primo percorso (Sul filo della memoria) permette di comprendere qual \u00e8 stato il mondo che ci siamo lasciati alle spalle e anche le motivazioni che hanno condotto alla nascita dell\u2019Europa unita. I testi sono di Elias Canetti (Orgoglio di famiglia), Ivan Cankar (\u201cQuesti s\u00ec che sono fiori!\u201d), Harry Mulisch (La lunga notte) Heinrich B\u00f6ll (Viandante, se giungi a Spa\u2026), Simone de Beauvoir (La liberazione di Parigi), Eric de Kuyper (Sulla spiaggia).<\/span><br \/><span style=\"font-family: verdana, geneva, sans-serif; font-size: 11pt;\"> Naturali e antropizzati, ma anche paesaggi dell\u2019animo: \u00e8 il tema del secondo percorso (Paesaggi) che compie un viaggio ideale in alcuni Paesi europei. I testi sono di Sally Salminen (Dove maturano le mele), Ingeborg Bachmann (Giovinezza in una citt\u00e0 austriaca), Emil Tode (Da qualche parte su al Nord), Marina Jarre (Le strade vuote), James Joyce (Passeggiando per Dublino).<\/span><br \/><span style=\"font-family: verdana, geneva, sans-serif; font-size: 11pt;\"> Il terzo percorso (Storie di giovani) pone in primo piano giovani protagonisti. I testi sono di Karen Blixen (Le perle), Martin Kukuc\u00edn (Camera in affitto), Czeslaw Milosz (Viaggio verso ponente), Lil\u00ed Zografou (Addio, Teod\u00fala), Sigitas Parulskis (L\u2019intervallo), Agota Kristof (Numeri sbagliati).<\/span><br \/><span style=\"font-family: verdana, geneva, sans-serif; font-size: 11pt;\"> Il quarto percorso (Sogni e realt\u00e0) sui sogni e le aspirazione dell\u2019Europa Unita. I testi sono di Azor\u00edn (Le nuvole), P\u00e4r Lagerkvist (L\u2019ospite esigente), di Karel Capek (Volare), Oliver Friggieri (L\u2019uomo con il sacco), Ion Luca Caragiale (Il cavallo del diavolo), Virginia Woolf (La vedova e il pappagallo), Jos\u00e9 Saramago (L\u2019isola sconosciuta).<\/span><\/p>\n<p>&nbsp;<\/p>\n<p><a href=\"https:\/\/www.edisco.it\/i-liocorni\/wp-content\/uploads\/sites\/79\/2016\/09\/europei_preview.pdf\" target=\"_blank\" rel=\"noopener noreferrer\"><img src=\"https:\/\/www.edisco.it\/a-caring-society\/wp-content\/uploads\/sites\/86\/2019\/09\/icona-PDF_60.png\" alt=\"\" align=\"absMiddle\" \/>\u00a0<\/a><span style=\"font-family: verdana,geneva,sans-serif;\"><span style=\"font-size: 12pt;\"><a href=\"https:\/\/www.edisco.it\/i-liocorni\/wp-content\/uploads\/sites\/79\/2016\/09\/europei_preview.pdf\" target=\"_blank\" rel=\"noopener noreferrer\">Europei_Anteprima.pdf<\/a>\u00a0<\/span><\/span><\/p>\n<iframe src=\"\/\/docs.google.com\/viewer?url=https%3A%2F%2Fwww.edisco.it%2Fi-liocorni%2Fwp-content%2Fuploads%2Fsites%2F79%2F2016%2F09%2Feuropei_preview.pdf&hl=it&embedded=true\" class=\"gde-frame\" style=\"width:100%; height:1120px; border: none;\" scrolling=\"no\"><\/iframe>\n<p class=\"gde-text\"><a href=\"https:\/\/www.edisco.it\/i-liocorni\/wp-content\/uploads\/sites\/79\/2016\/09\/europei_preview.pdf\" class=\"gde-link\">Download (PDF, 344KB)<\/a><\/p>\n<p>&nbsp;<\/p>\n<p>&nbsp;<\/p>\n<p>&nbsp;<\/p>\n","protected":false},"excerpt":{"rendered":"<p>\u00a0 \u00a0 Obiettivi e scelta antologica. In un\u2019Europa che ha aperto i suoi confini e che costituisce un\u2019entit\u00e0 non pi\u00f9 esclusivamente geografica, ma soprattutto politica, economica e culturale, \u00e8 impossibile non parlare di letteratura europea. Gli autori e i testi scelti in questa antologia rappresentano un\u2019ampia panoramica, pur con qualche necessario sacrificio operativo, e offrono<\/p>\n","protected":false},"author":3,"featured_media":0,"parent":23,"menu_order":13,"comment_status":"closed","ping_status":"closed","template":"page-templates\/dettaglio_volume.php","meta":[],"acf":[],"_links":{"self":[{"href":"https:\/\/www.edisco.it\/i-liocorni\/wp-json\/wp\/v2\/pages\/53"}],"collection":[{"href":"https:\/\/www.edisco.it\/i-liocorni\/wp-json\/wp\/v2\/pages"}],"about":[{"href":"https:\/\/www.edisco.it\/i-liocorni\/wp-json\/wp\/v2\/types\/page"}],"author":[{"embeddable":true,"href":"https:\/\/www.edisco.it\/i-liocorni\/wp-json\/wp\/v2\/users\/3"}],"replies":[{"embeddable":true,"href":"https:\/\/www.edisco.it\/i-liocorni\/wp-json\/wp\/v2\/comments?post=53"}],"version-history":[{"count":8,"href":"https:\/\/www.edisco.it\/i-liocorni\/wp-json\/wp\/v2\/pages\/53\/revisions"}],"predecessor-version":[{"id":367,"href":"https:\/\/www.edisco.it\/i-liocorni\/wp-json\/wp\/v2\/pages\/53\/revisions\/367"}],"up":[{"embeddable":true,"href":"https:\/\/www.edisco.it\/i-liocorni\/wp-json\/wp\/v2\/pages\/23"}],"wp:attachment":[{"href":"https:\/\/www.edisco.it\/i-liocorni\/wp-json\/wp\/v2\/media?parent=53"}],"curies":[{"name":"wp","href":"https:\/\/api.w.org\/{rel}","templated":true}]}}