{"id":57,"date":"2015-02-02T21:34:03","date_gmt":"2015-02-02T20:34:03","guid":{"rendered":"https:\/\/www.edisco.it\/i-liocorni\/?page_id=57"},"modified":"2023-03-16T13:14:40","modified_gmt":"2023-03-16T12:14:40","slug":"voci-dal-sudamerica","status":"publish","type":"page","link":"https:\/\/www.edisco.it\/i-liocorni\/configurazione\/voci-dal-sudamerica\/","title":{"rendered":"Voci dal sudamerica"},"content":{"rendered":"<div>\u00a0<\/div>\n<div>\u00a0<\/div>\n<p><span style=\"font-size: 11pt; font-family: verdana, geneva, sans-serif;\"><span style=\"color: #000080;\"><strong>Gli autori<\/strong><\/span>. Il libro \u00e8 una raccolta di racconti dei pi\u00f9 importanti e noti scrittori sudamericani contemporanei: dai \u00abclassici\u00bb (Borges, Marquez, Amado, Allende, Sepulveda, Scorza, Guimar\u00e3es Rosa\u2026) fino alle \u00abvoci\u00bb pi\u00f9 nuove, quali Coelho, Galeano e Soriano. Nella scelta antologica si privilegiano cio\u00e8 i nomi pi\u00f9 noti ma anche gli scrittori che sono emersi in questi ultimi anni e che ottengono ampio consenso di critica e di pubblico. Una attenzione particolare \u00e8 stata poi riservata alle scrittrici per il loro originale apporto e per il seguito che stanno avendo tra i lettori (Allende, Linch, Lispector).<\/span><\/p>\n<p><span style=\"font-family: verdana, geneva, sans-serif; font-size: 11pt;\"><span style=\"color: #000080;\"><strong><br \/>La struttura<\/strong><\/span>. Il volume \u00e8 suddiviso in quattro percorsi che mettono in evidenza i temi e i caratteri fondamentali di questa letteratura: il sogno e l\u2019evasione, il gusto per il grottesco e la deformazione della realt\u00e0, la denuncia sociale e politica, il racconto della vita quotidiana. Ne viene fuori un panorama estremamente vario e per molti verso completo, in grado di enucleare le specificit\u00e0 di una tradizione e di una cultura che ha radici antiche.<\/span><br \/><span style=\"font-family: verdana, geneva, sans-serif; font-size: 11pt;\"> Tramite la lettura di questi racconti lo studente ha modo di apprezzare e cogliere la ricchezza di una produzione letteraria di grande interesse, molto originale e nuova e, nel contempo, di conoscere le diverse problematiche di questo sterminato e affascinante Continente.<\/span><br \/><span style=\"font-family: verdana, geneva, sans-serif; font-size: 11pt;\"> L\u2019antologia \u00e8 preceduta da una interessante introduzione che presenta i caratteri salienti della letteratura sudamericana, costellata di grandi nomi e caratterizzata da testi che costituiscono un momento fondamentale e un contributo originalissimo cui si guarda con sempre maggiore attenzione.<\/span><\/p>\n<p>&nbsp;<\/p>\n<p><a href=\"https:\/\/www.edisco.it\/i-liocorni\/wp-content\/uploads\/sites\/79\/2016\/09\/voci-dal-sudamerica_preview.pdf\" target=\"_blank\" rel=\"noopener noreferrer\"><img src=\"https:\/\/www.edisco.it\/a-caring-society\/wp-content\/uploads\/sites\/86\/2019\/09\/icona-PDF_60.png\" alt=\"\" align=\"absMiddle\" \/>\u00a0<\/a><span style=\"font-family: verdana,geneva,sans-serif;\"><span style=\"font-size: 12pt;\"><a href=\"https:\/\/www.edisco.it\/i-liocorni\/wp-content\/uploads\/sites\/79\/2016\/09\/voci-dal-sudamerica_preview.pdf\" target=\"_blank\" rel=\"noopener noreferrer\">Voci dal sudamerica_Anteprima.pdf<\/a>\u00a0<\/span><\/span><\/p>\n<iframe src=\"\/\/docs.google.com\/viewer?url=https%3A%2F%2Fwww.edisco.it%2Fi-liocorni%2Fwp-content%2Fuploads%2Fsites%2F79%2F2016%2F09%2Fvoci-dal-sudamerica_preview.pdf&hl=it&embedded=true\" class=\"gde-frame\" style=\"width:100%; height:1120px; border: none;\" scrolling=\"no\"><\/iframe>\n<p class=\"gde-text\"><a href=\"https:\/\/www.edisco.it\/i-liocorni\/wp-content\/uploads\/sites\/79\/2016\/09\/voci-dal-sudamerica_preview.pdf\" class=\"gde-link\">Download (PDF, 212KB)<\/a><\/p>\n<p>&nbsp;<\/p>\n<p>&nbsp;<\/p>\n<p>&nbsp;<\/p>\n","protected":false},"excerpt":{"rendered":"<p>\u00a0 \u00a0 Gli autori. Il libro \u00e8 una raccolta di racconti dei pi\u00f9 importanti e noti scrittori sudamericani contemporanei: dai \u00abclassici\u00bb (Borges, Marquez, Amado, Allende, Sepulveda, Scorza, Guimar\u00e3es Rosa\u2026) fino alle \u00abvoci\u00bb pi\u00f9 nuove, quali Coelho, Galeano e Soriano. Nella scelta antologica si privilegiano cio\u00e8 i nomi pi\u00f9 noti ma anche gli scrittori che sono<\/p>\n","protected":false},"author":3,"featured_media":0,"parent":23,"menu_order":15,"comment_status":"closed","ping_status":"closed","template":"page-templates\/dettaglio_volume.php","meta":[],"acf":[],"_links":{"self":[{"href":"https:\/\/www.edisco.it\/i-liocorni\/wp-json\/wp\/v2\/pages\/57"}],"collection":[{"href":"https:\/\/www.edisco.it\/i-liocorni\/wp-json\/wp\/v2\/pages"}],"about":[{"href":"https:\/\/www.edisco.it\/i-liocorni\/wp-json\/wp\/v2\/types\/page"}],"author":[{"embeddable":true,"href":"https:\/\/www.edisco.it\/i-liocorni\/wp-json\/wp\/v2\/users\/3"}],"replies":[{"embeddable":true,"href":"https:\/\/www.edisco.it\/i-liocorni\/wp-json\/wp\/v2\/comments?post=57"}],"version-history":[{"count":8,"href":"https:\/\/www.edisco.it\/i-liocorni\/wp-json\/wp\/v2\/pages\/57\/revisions"}],"predecessor-version":[{"id":369,"href":"https:\/\/www.edisco.it\/i-liocorni\/wp-json\/wp\/v2\/pages\/57\/revisions\/369"}],"up":[{"embeddable":true,"href":"https:\/\/www.edisco.it\/i-liocorni\/wp-json\/wp\/v2\/pages\/23"}],"wp:attachment":[{"href":"https:\/\/www.edisco.it\/i-liocorni\/wp-json\/wp\/v2\/media?parent=57"}],"curies":[{"name":"wp","href":"https:\/\/api.w.org\/{rel}","templated":true}]}}