{"id":61,"date":"2015-02-02T21:34:52","date_gmt":"2015-02-02T20:34:52","guid":{"rendered":"https:\/\/www.edisco.it\/i-liocorni\/?page_id=61"},"modified":"2023-03-16T13:14:53","modified_gmt":"2023-03-16T12:14:53","slug":"racconti-di-vampiri","status":"publish","type":"page","link":"https:\/\/www.edisco.it\/i-liocorni\/configurazione\/racconti-di-vampiri\/","title":{"rendered":"Racconti di vampiri"},"content":{"rendered":"<div>\u00a0<\/div>\n<div>\u00a0<\/div>\n<div><span style=\"color: #000000; font-family: verdana, geneva, sans-serif; font-size: 11pt;\"> <span style=\"color: #000;\"><strong><span style=\"color: #000080;\">L\u2019argomento<\/span>. <\/strong>Il volume di racconti costituisce un interessante percorso, particolarmente congeniale ai giovani lettori, nell\u2019universo della narrativa, che, a partire soprattutto dal secolo scorso, si \u00e8 sbizzarrita nel creare orrori e situazioni aberranti, per giocare con i fantasmi della paura ed esorcizzare cos\u00ec uno dei sentimenti pi\u00f9 umani, raccontandolo e presentandolo nelle sue dimensioni estreme e paradossali.<br \/> Il vampiro \u00e8 una di queste invenzioni letterarie, forse la pi\u00f9 suggestiva e radicata nell\u2019immaginario collettivo.<br \/> L\u2019utilit\u00e0 di questo libro risulta cos\u00ec evidente, perch\u00e9 intende far capire allo studente, abituato per lo pi\u00f9 ad una lettura ingenua e passiva, che ha di fronte una finzione letteraria, un gioco da manipolare dopo averne appreso le regole. Questa lettura attiva svilupper\u00e0 un analogo atteggiamento critico anche di fronte alla televisione e al cinema, che sempre pi\u00f9 spesso si rifanno al genere horror.<\/span><\/span><\/p>\n<p><span style=\"font-family: verdana, geneva, sans-serif; font-size: 11pt;\"><strong><span style=\"color: #000080;\"><br \/>Gli autori<\/span>. <\/strong>Seguendo un criterio cronologico, i racconti di questo libro propongono al giovane lettore, attratto dalla narrativa fantastica e nera, i testi di quegli autori (Bram Stoker, Ernst Hoffmann, Sheridan Le Fanu, Phillips Lovecraft, August Derleth, Wade Wellman, Frederik Benson, Rhodes James, Stephen King) che hanno fatto la storia di questo genere letterario particolarmente fortunato nel passato e che vede oggi la sua popolarit\u00e0 addirittura in forte crescita.<\/span><\/p>\n<\/div>\n<p>&nbsp;<\/p>\n<p>&nbsp;<\/p>\n<div>\u00a0<\/div>\n<div>\u00a0<\/div>\n<div>\u00a0<\/div>\n","protected":false},"excerpt":{"rendered":"<p>\u00a0 \u00a0 L\u2019argomento. Il volume di racconti costituisce un interessante percorso, particolarmente congeniale ai giovani lettori, nell\u2019universo della narrativa, che, a partire soprattutto dal secolo scorso, si \u00e8 sbizzarrita nel creare orrori e situazioni aberranti, per giocare con i fantasmi della paura ed esorcizzare cos\u00ec uno dei sentimenti pi\u00f9 umani, raccontandolo e presentandolo nelle sue<\/p>\n","protected":false},"author":3,"featured_media":0,"parent":23,"menu_order":17,"comment_status":"closed","ping_status":"closed","template":"page-templates\/dettaglio_volume.php","meta":[],"acf":[],"_links":{"self":[{"href":"https:\/\/www.edisco.it\/i-liocorni\/wp-json\/wp\/v2\/pages\/61"}],"collection":[{"href":"https:\/\/www.edisco.it\/i-liocorni\/wp-json\/wp\/v2\/pages"}],"about":[{"href":"https:\/\/www.edisco.it\/i-liocorni\/wp-json\/wp\/v2\/types\/page"}],"author":[{"embeddable":true,"href":"https:\/\/www.edisco.it\/i-liocorni\/wp-json\/wp\/v2\/users\/3"}],"replies":[{"embeddable":true,"href":"https:\/\/www.edisco.it\/i-liocorni\/wp-json\/wp\/v2\/comments?post=61"}],"version-history":[{"count":6,"href":"https:\/\/www.edisco.it\/i-liocorni\/wp-json\/wp\/v2\/pages\/61\/revisions"}],"predecessor-version":[{"id":285,"href":"https:\/\/www.edisco.it\/i-liocorni\/wp-json\/wp\/v2\/pages\/61\/revisions\/285"}],"up":[{"embeddable":true,"href":"https:\/\/www.edisco.it\/i-liocorni\/wp-json\/wp\/v2\/pages\/23"}],"wp:attachment":[{"href":"https:\/\/www.edisco.it\/i-liocorni\/wp-json\/wp\/v2\/media?parent=61"}],"curies":[{"name":"wp","href":"https:\/\/api.w.org\/{rel}","templated":true}]}}