{"id":63,"date":"2015-02-02T21:35:39","date_gmt":"2015-02-02T20:35:39","guid":{"rendered":"https:\/\/www.edisco.it\/i-liocorni\/?page_id=63"},"modified":"2023-03-16T13:15:08","modified_gmt":"2023-03-16T12:15:08","slug":"accadde-domani","status":"publish","type":"page","link":"https:\/\/www.edisco.it\/i-liocorni\/configurazione\/accadde-domani\/","title":{"rendered":"Accadde domani"},"content":{"rendered":"<div>\u00a0<\/div>\n<div>\u00a0<\/div>\n<div><span style=\"color: #000000; font-family: verdana, geneva, sans-serif; font-size: 11pt;\"><span style=\"color: #000080;\"><strong>L\u2019argomento<\/strong><\/span>. Diciassette racconti di fantascienza, rappresentativi di un genere letterario largamente prodotto, soprattutto nei paesi anglosassoni. Il curatore ha voluto suddividere il testo in aree tematiche per sottolineare come il genere fantascientifico possa ritenersi strettamente collegato ad alcune tematiche di fondo che caratterizzano i nuovi \u201cmiti\u201d della societ\u00e0 industriale. L\u2019intento \u00e8 infatti quello di dimostrare come non solo la fantascienza appartenga a pieno titolo alla grande letteratura, ma che in pi\u00f9 essa rappresenti la forma di narrativa pi\u00f9 adatta a sostenere la sfida della complessit\u00e0 della societ\u00e0 contemporanea. Ben rappresentativi sono i brani di Silverberg o di Asimov, che aiutano a riflettere sugli ipotetici scenari del futuro che si prospettano alle societ\u00e0 tecnologicamente avanzate. Non \u00e8 tuttavia solo al versante \u201cpessimista\u201d dello sviluppo della scienza che il genere fantascientifico si pu\u00f2 circoscrivere. Se \u00e8 vero che il \u201cmito\u201d della scienza ha creato il suo proprio genere letterario, \u00e8 alla struttura stessa del mito che si vuol fare riferimento nel ricordare come in esso convivano indisturbati elementi tra loro opposti, e come la loro risoluzione nel bene e nel male dipenda comunque sempre dalla coscienza e dalla ragione dell\u2019uomo. <\/p>\n<p><\/span><\/div>\n<div>\u00a0<\/div>\n<p><a href=\"https:\/\/www.edisco.it\/i-liocorni\/wp-content\/uploads\/sites\/79\/2016\/09\/accadde-domani_preview.pdf\" target=\"_blank\" rel=\"noopener noreferrer\"><img src=\"https:\/\/www.edisco.it\/a-caring-society\/wp-content\/uploads\/sites\/86\/2019\/09\/icona-PDF_60.png\" alt=\"\" align=\"absMiddle\" \/>\u00a0<\/a><span style=\"font-family: verdana,geneva,sans-serif;\"><span style=\"font-size: 12pt;\"><a href=\"https:\/\/www.edisco.it\/i-liocorni\/wp-content\/uploads\/sites\/79\/2016\/09\/accadde-domani_preview.pdf\" target=\"_blank\" rel=\"noopener noreferrer\">Accadde domani_Anteprima.pdf<\/a>\u00a0<\/span><\/span><\/p>\n<div><span style=\"color: #000000; font-family: verdana, geneva, sans-serif; font-size: 11pt;\"><br \/><iframe src=\"\/\/docs.google.com\/viewer?url=https%3A%2F%2Fwww.edisco.it%2Fi-liocorni%2Fwp-content%2Fuploads%2Fsites%2F79%2F2016%2F09%2Faccadde-domani_preview.pdf&hl=it&embedded=true\" class=\"gde-frame\" style=\"width:100%; height:1120px; border: none;\" scrolling=\"no\"><\/iframe>\n<p class=\"gde-text\"><a href=\"https:\/\/www.edisco.it\/i-liocorni\/wp-content\/uploads\/sites\/79\/2016\/09\/accadde-domani_preview.pdf\" class=\"gde-link\">Download (PDF, 236KB)<\/a><\/p> <\/span><\/div>\n<div>\u00a0<\/div>\n<div>\u00a0<\/div>\n<div>\u00a0<\/div>\n","protected":false},"excerpt":{"rendered":"<p>\u00a0 \u00a0 L\u2019argomento. Diciassette racconti di fantascienza, rappresentativi di un genere letterario largamente prodotto, soprattutto nei paesi anglosassoni. Il curatore ha voluto suddividere il testo in aree tematiche per sottolineare come il genere fantascientifico possa ritenersi strettamente collegato ad alcune tematiche di fondo che caratterizzano i nuovi \u201cmiti\u201d della societ\u00e0 industriale. L\u2019intento \u00e8 infatti quello<\/p>\n","protected":false},"author":3,"featured_media":0,"parent":23,"menu_order":18,"comment_status":"closed","ping_status":"closed","template":"page-templates\/dettaglio_volume.php","meta":[],"acf":[],"_links":{"self":[{"href":"https:\/\/www.edisco.it\/i-liocorni\/wp-json\/wp\/v2\/pages\/63"}],"collection":[{"href":"https:\/\/www.edisco.it\/i-liocorni\/wp-json\/wp\/v2\/pages"}],"about":[{"href":"https:\/\/www.edisco.it\/i-liocorni\/wp-json\/wp\/v2\/types\/page"}],"author":[{"embeddable":true,"href":"https:\/\/www.edisco.it\/i-liocorni\/wp-json\/wp\/v2\/users\/3"}],"replies":[{"embeddable":true,"href":"https:\/\/www.edisco.it\/i-liocorni\/wp-json\/wp\/v2\/comments?post=63"}],"version-history":[{"count":9,"href":"https:\/\/www.edisco.it\/i-liocorni\/wp-json\/wp\/v2\/pages\/63\/revisions"}],"predecessor-version":[{"id":371,"href":"https:\/\/www.edisco.it\/i-liocorni\/wp-json\/wp\/v2\/pages\/63\/revisions\/371"}],"up":[{"embeddable":true,"href":"https:\/\/www.edisco.it\/i-liocorni\/wp-json\/wp\/v2\/pages\/23"}],"wp:attachment":[{"href":"https:\/\/www.edisco.it\/i-liocorni\/wp-json\/wp\/v2\/media?parent=63"}],"curies":[{"name":"wp","href":"https:\/\/api.w.org\/{rel}","templated":true}]}}