{"id":65,"date":"2015-02-02T21:36:02","date_gmt":"2015-02-02T20:36:02","guid":{"rendered":"https:\/\/www.edisco.it\/i-liocorni\/?page_id=65"},"modified":"2023-03-16T13:15:15","modified_gmt":"2023-03-16T12:15:15","slug":"miti-e-leggende-del-nord","status":"publish","type":"page","link":"https:\/\/www.edisco.it\/i-liocorni\/configurazione\/miti-e-leggende-del-nord\/","title":{"rendered":"Miti e leggende del Nord"},"content":{"rendered":"<div>\u00a0<\/div>\n<div>\u00a0<\/div>\n<div><span style=\"font-size: 11pt; font-family: verdana, geneva, sans-serif;\"> <span style=\"color: #000080;\"><strong>L\u2019argomento. <\/strong><span style=\"color: #000;\">Il mondo favoloso di J. R. R. Tolkien \u00e8 sorto dal nulla, evocato semplicemente dal genio del grande narratore angloafricano? E dove affondano le radici della tetralogia de L\u2019anello del Nibelungo, da noi conosciuta soprattutto grazie al genio sinfonico di Richard Wagner?<\/span><\/span><\/span><\/p>\n<p><span style=\"font-family: verdana, geneva, sans-serif; font-size: 11pt;\"><strong><span style=\"color: #000080;\"><br \/>L'universo degli uomini del Nord<\/span>. <\/strong><span style=\"color: #000;\">A questi interrogativi risponde questa raccolta di brani mitologici che ricostruisce, davanti ai nostri occhi, l\u2019universo dimenticato degli uomini del Nord. I Vichinghi non si limitarono a costellare le pagine dei libri di storia con le loro imprese marinaresche, ma ci hanno lasciato in eredit\u00e0 un\u2019epica ricca e fantastica, alla quale attinsero abbondantemente molti artisti.<br \/> Il testo cerca pertanto di far risaltare la colorata poliedricit\u00e0 di un mondo in cui, accanto a divinit\u00e0 minori come elfi, nani, orchi e giganti si muovono personaggi che ben rappresentano le doti e i difetti della nostra comune natura umana.<br \/> Ad un livello di analisi pi\u00f9 approfondito, i brani rivelano inoltre tesori di documentazione etnografica sui comuni antenati europei, proposti per\u00f2 con la levit\u00e0 e la piacevolezza che caratterizzano il linguaggio mitologico.<\/span><\/span><\/p>\n<\/div>\n<p>&nbsp;<\/p>\n<p>&nbsp;<\/p>\n<div>\u00a0<\/div>\n<div>\u00a0<\/div>\n<div>\u00a0<\/div>\n","protected":false},"excerpt":{"rendered":"<p>\u00a0 \u00a0 L\u2019argomento. Il mondo favoloso di J. R. R. Tolkien \u00e8 sorto dal nulla, evocato semplicemente dal genio del grande narratore angloafricano? E dove affondano le radici della tetralogia de L\u2019anello del Nibelungo, da noi conosciuta soprattutto grazie al genio sinfonico di Richard Wagner? L&#8217;universo degli uomini del Nord. A questi interrogativi risponde questa<\/p>\n","protected":false},"author":3,"featured_media":0,"parent":23,"menu_order":19,"comment_status":"closed","ping_status":"closed","template":"page-templates\/dettaglio_volume.php","meta":[],"acf":[],"_links":{"self":[{"href":"https:\/\/www.edisco.it\/i-liocorni\/wp-json\/wp\/v2\/pages\/65"}],"collection":[{"href":"https:\/\/www.edisco.it\/i-liocorni\/wp-json\/wp\/v2\/pages"}],"about":[{"href":"https:\/\/www.edisco.it\/i-liocorni\/wp-json\/wp\/v2\/types\/page"}],"author":[{"embeddable":true,"href":"https:\/\/www.edisco.it\/i-liocorni\/wp-json\/wp\/v2\/users\/3"}],"replies":[{"embeddable":true,"href":"https:\/\/www.edisco.it\/i-liocorni\/wp-json\/wp\/v2\/comments?post=65"}],"version-history":[{"count":6,"href":"https:\/\/www.edisco.it\/i-liocorni\/wp-json\/wp\/v2\/pages\/65\/revisions"}],"predecessor-version":[{"id":290,"href":"https:\/\/www.edisco.it\/i-liocorni\/wp-json\/wp\/v2\/pages\/65\/revisions\/290"}],"up":[{"embeddable":true,"href":"https:\/\/www.edisco.it\/i-liocorni\/wp-json\/wp\/v2\/pages\/23"}],"wp:attachment":[{"href":"https:\/\/www.edisco.it\/i-liocorni\/wp-json\/wp\/v2\/media?parent=65"}],"curies":[{"name":"wp","href":"https:\/\/api.w.org\/{rel}","templated":true}]}}