{"id":69,"date":"2015-02-02T21:36:52","date_gmt":"2015-02-02T20:36:52","guid":{"rendered":"https:\/\/www.edisco.it\/i-liocorni\/?page_id=69"},"modified":"2023-03-16T13:15:27","modified_gmt":"2023-03-16T12:15:27","slug":"il-tempo-meraviglioso","status":"publish","type":"page","link":"https:\/\/www.edisco.it\/i-liocorni\/configurazione\/il-tempo-meraviglioso\/","title":{"rendered":"Il tempo meraviglioso"},"content":{"rendered":"<div>\u00a0<\/div>\n<div>\u00a0<\/div>\n<p><span style=\"font-size: 11pt; font-family: verdana, geneva, sans-serif;\"><span style=\"color: #000080;\"><strong>L\u2019argomento<\/strong><\/span>. In un progetto di riscoperta della mitologia e della sua riproposizione e debita valorizzazione si colloca questo libro che raccoglie le principali storie della mitologia greca, a partire dalla Teogonia per finire con i due poemi omerici dell\u2019Iliade e dell\u2019Odissea. Due sono le sezioni: la prima \u00e8 dedicata alle vicende degli d\u00e8i (dalle origini del cosmo alla nascita di Dioniso), la seconda comprende i racconti degli eroi (dal mito di Orfeo sino alla guerra di Troia e alle avventure di Odisseo). <\/span><\/p>\n<p><span style=\"font-size: 11pt; font-family: verdana, geneva, sans-serif;\"> <br \/><span style=\"color: #000080;\"><strong>Il tono favoloso e fantastico<\/strong><\/span>. Il tono del racconto \u00e8 quello favoloso e fantastico, tipico della fiaba, non perch\u00e9 il mito sia assimilabile alla fiaba, ma per accostare in modo accattivante i giovani lettori che non sono ovviamente forniti di quegli strumenti interpretativi e cognitivi che l\u2019esegesi del mito comporterebbe. L\u2019obiettivo del libro \u00e8 creare un\u2019atmosfera fantastica, sospesa fra sogno e realt\u00e0, in cui l\u2019elemento del prodigio, presente anche nelle fiabe, adempie a quel ruolo che nel racconto mitico \u00e8 svolto dall\u2019elemento religioso, dal sacro. A ci\u00f2 contribuisce anche l\u2019inserzione di episodi inventati oppure di alcuni sogni (di Arianna, Perseo, Odisseo) con l\u2019intento ulteriore di aprire uno spazio pi\u00f9 ampio alla presenza del meraviglioso, componente essenziale del racconto mitico.<br \/> Il linguaggio contribuisce a creare quest\u2019atmosfera suggestiva, avvicinandosi ora allo stile omerico tramite le ripetizioni, la ricorrenza degli epiteti, ecc\u2026 ora a quello pi\u00f9 propriamente fiabesco con un risultato complessivo \u00e8 di estrema gradevolezza e di grande seduzione che non mancher\u00e0 di coinvolgere il lettore.<\/span><\/p>\n<p>&nbsp;<\/p>\n<p>&nbsp;<\/p>\n<p>&nbsp;<\/p>\n","protected":false},"excerpt":{"rendered":"<p>\u00a0 \u00a0 L\u2019argomento. In un progetto di riscoperta della mitologia e della sua riproposizione e debita valorizzazione si colloca questo libro che raccoglie le principali storie della mitologia greca, a partire dalla Teogonia per finire con i due poemi omerici dell\u2019Iliade e dell\u2019Odissea. Due sono le sezioni: la prima \u00e8 dedicata alle vicende degli d\u00e8i<\/p>\n","protected":false},"author":3,"featured_media":0,"parent":23,"menu_order":21,"comment_status":"closed","ping_status":"closed","template":"page-templates\/dettaglio_volume.php","meta":[],"acf":[],"_links":{"self":[{"href":"https:\/\/www.edisco.it\/i-liocorni\/wp-json\/wp\/v2\/pages\/69"}],"collection":[{"href":"https:\/\/www.edisco.it\/i-liocorni\/wp-json\/wp\/v2\/pages"}],"about":[{"href":"https:\/\/www.edisco.it\/i-liocorni\/wp-json\/wp\/v2\/types\/page"}],"author":[{"embeddable":true,"href":"https:\/\/www.edisco.it\/i-liocorni\/wp-json\/wp\/v2\/users\/3"}],"replies":[{"embeddable":true,"href":"https:\/\/www.edisco.it\/i-liocorni\/wp-json\/wp\/v2\/comments?post=69"}],"version-history":[{"count":6,"href":"https:\/\/www.edisco.it\/i-liocorni\/wp-json\/wp\/v2\/pages\/69\/revisions"}],"predecessor-version":[{"id":294,"href":"https:\/\/www.edisco.it\/i-liocorni\/wp-json\/wp\/v2\/pages\/69\/revisions\/294"}],"up":[{"embeddable":true,"href":"https:\/\/www.edisco.it\/i-liocorni\/wp-json\/wp\/v2\/pages\/23"}],"wp:attachment":[{"href":"https:\/\/www.edisco.it\/i-liocorni\/wp-json\/wp\/v2\/media?parent=69"}],"curies":[{"name":"wp","href":"https:\/\/api.w.org\/{rel}","templated":true}]}}