{"id":75,"date":"2015-02-02T21:38:16","date_gmt":"2015-02-02T20:38:16","guid":{"rendered":"https:\/\/www.edisco.it\/i-liocorni\/?page_id=75"},"modified":"2023-03-16T13:15:46","modified_gmt":"2023-03-16T12:15:46","slug":"dieci-racconti-da-shakespeare","status":"publish","type":"page","link":"https:\/\/www.edisco.it\/i-liocorni\/configurazione\/dieci-racconti-da-shakespeare\/","title":{"rendered":"Dieci racconti da Shakespeare"},"content":{"rendered":"<div>\u00a0<\/div>\n<div>\u00a0<\/div>\n<p><span style=\"font-size: 11pt; font-family: verdana, geneva, sans-serif;\"><span style=\"color: #000080;\"><strong>I fratelli Lamb e Shakespeare<\/strong><\/span>. Alcuni drammi di Shakespeare sono stati trasformati in racconti dai fratelli Charles e Mary Lamb che li pubblicarono a Londra nel 1807. Essi scrissero questi racconti per invogliare i giovani inglesi alla lettura dell\u2019opera di Shakespeare. Con molta modestia definirono infatti la loro opera \u00absolo l\u2019ombra di un gigante\u00bb, invitando i ragazzi ad andare a leggere i drammi originali.<br \/> Charles e Mary Lamb eliminarono vicende secondarie delle tragedie originali, ridussero intrecci e personaggi per semplificare la trama, trasformando i dialoghi in discorso indiretto, senza per\u00f2 tradire lo spirito che sta alla base dell\u2019opera di Shakespeare.<\/span><\/p>\n<p><span style=\"font-family: verdana, geneva, sans-serif; font-size: 11pt;\"><span style=\"color: #000080;\"><strong><br \/>I percorsi<\/strong><\/span>. La scelta proposta nel volume \u00e8 antologica e raggruppa i racconti per grandi percorsi.<\/span><br \/><span style=\"font-family: verdana, geneva, sans-serif; font-size: 11pt;\"> In Realt\u00e0 e magia (costituita da La tempesta e Sogno di una notte di mezza estate) si racconta di incantesimi e di magie operati da esseri umani ma anche da creature appartenenti al fiabesco mondo degli elfi e delle fate. In Perdita e ritrovamento (Racconto d\u2019inverno, Come vi pare) la \u00abperdita\u00bb si pu\u00f2 verificare in molti modi: pu\u00f2 essere la scomparsa di una o pi\u00f9 persone, oppure la perdita della ragione, dell\u2019amore fraterno o filiale o la perdita \u201cd\u2019identit\u00e0\u201d.<\/span><br \/><span style=\"font-family: verdana, geneva, sans-serif; font-size: 11pt;\"> In Teatro e societ\u00e0 (La bisbetica domata, Il mercante di Venezia) tema centrale \u00e8 il pregiudizio contro le donne e soprattutto contro gli Ebrei, mentre in Amore, potere, morte (Giulietta e Romeo, Re Lear, Amleto, Macbeth) si riflette sull\u2019amore portato alle estreme conseguenze, sulla sete sfrenata di potere e, infine, sulla morte.<\/span><\/p>\n<p>&nbsp;<\/p>\n<p><a href=\"https:\/\/www.edisco.it\/i-liocorni\/wp-content\/uploads\/sites\/79\/2016\/09\/dieci-racconti-da-shakespeare_preview.pdf\" target=\"_blank\" rel=\"noopener noreferrer\"><img src=\"https:\/\/www.edisco.it\/a-caring-society\/wp-content\/uploads\/sites\/86\/2019\/09\/icona-PDF_60.png\" alt=\"\" align=\"absMiddle\" \/>\u00a0<\/a><span style=\"font-family: verdana,geneva,sans-serif;\"><span style=\"font-size: 12pt;\"><a href=\"https:\/\/www.edisco.it\/i-liocorni\/wp-content\/uploads\/sites\/79\/2016\/09\/dieci-racconti-da-shakespeare_preview.pdf\" target=\"_blank\" rel=\"noopener noreferrer\">Dieci racconti da Shakespeare_Anteprima.pdf<\/a>\u00a0<\/span><\/span><\/p>\n<iframe src=\"\/\/docs.google.com\/viewer?url=https%3A%2F%2Fwww.edisco.it%2Fi-liocorni%2Fwp-content%2Fuploads%2Fsites%2F79%2F2016%2F09%2Fdieci-racconti-da-shakespeare_preview.pdf&hl=it&embedded=true\" class=\"gde-frame\" style=\"width:100%; height:1120px; border: none;\" scrolling=\"no\"><\/iframe>\n<p class=\"gde-text\"><a href=\"https:\/\/www.edisco.it\/i-liocorni\/wp-content\/uploads\/sites\/79\/2016\/09\/dieci-racconti-da-shakespeare_preview.pdf\" class=\"gde-link\">Download (PDF, 243KB)<\/a><\/p>\n<p>&nbsp;<\/p>\n<p>&nbsp;<\/p>\n<p>&nbsp;<\/p>\n","protected":false},"excerpt":{"rendered":"<p>\u00a0 \u00a0 I fratelli Lamb e Shakespeare. Alcuni drammi di Shakespeare sono stati trasformati in racconti dai fratelli Charles e Mary Lamb che li pubblicarono a Londra nel 1807. Essi scrissero questi racconti per invogliare i giovani inglesi alla lettura dell\u2019opera di Shakespeare. Con molta modestia definirono infatti la loro opera \u00absolo l\u2019ombra di un<\/p>\n","protected":false},"author":3,"featured_media":0,"parent":23,"menu_order":24,"comment_status":"closed","ping_status":"closed","template":"page-templates\/dettaglio_volume.php","meta":[],"acf":[],"_links":{"self":[{"href":"https:\/\/www.edisco.it\/i-liocorni\/wp-json\/wp\/v2\/pages\/75"}],"collection":[{"href":"https:\/\/www.edisco.it\/i-liocorni\/wp-json\/wp\/v2\/pages"}],"about":[{"href":"https:\/\/www.edisco.it\/i-liocorni\/wp-json\/wp\/v2\/types\/page"}],"author":[{"embeddable":true,"href":"https:\/\/www.edisco.it\/i-liocorni\/wp-json\/wp\/v2\/users\/3"}],"replies":[{"embeddable":true,"href":"https:\/\/www.edisco.it\/i-liocorni\/wp-json\/wp\/v2\/comments?post=75"}],"version-history":[{"count":8,"href":"https:\/\/www.edisco.it\/i-liocorni\/wp-json\/wp\/v2\/pages\/75\/revisions"}],"predecessor-version":[{"id":375,"href":"https:\/\/www.edisco.it\/i-liocorni\/wp-json\/wp\/v2\/pages\/75\/revisions\/375"}],"up":[{"embeddable":true,"href":"https:\/\/www.edisco.it\/i-liocorni\/wp-json\/wp\/v2\/pages\/23"}],"wp:attachment":[{"href":"https:\/\/www.edisco.it\/i-liocorni\/wp-json\/wp\/v2\/media?parent=75"}],"curies":[{"name":"wp","href":"https:\/\/api.w.org\/{rel}","templated":true}]}}