{"id":77,"date":"2015-02-02T21:38:40","date_gmt":"2015-02-02T20:38:40","guid":{"rendered":"https:\/\/www.edisco.it\/i-liocorni\/?page_id=77"},"modified":"2023-03-16T13:15:53","modified_gmt":"2023-03-16T12:15:53","slug":"il-colonnello-chabert","status":"publish","type":"page","link":"https:\/\/www.edisco.it\/i-liocorni\/configurazione\/il-colonnello-chabert\/","title":{"rendered":"Il colonnello Chabert"},"content":{"rendered":"<div>\u00a0<\/div>\n<div>\u00a0<\/div>\n<p><span style=\"font-size: 11pt; font-family: verdana, geneva, sans-serif;\"><span style=\"color: #000080;\"><strong>L\u2019autore<\/strong><\/span>. Il grande scrittore francese Honor\u00e9 de Balzac \u00e8 considerato il padre del Realismo anche se il suo gusto per l\u2019invenzione della storia, per gli aspetti romanzeschi della realt\u00e0, lo colloca in un territorio che non \u00e8 quello della rappresentazione scientifica della societ\u00e0; nello stesso tempo le sue analisi psicologiche sembrano anticipare il romanzo del Novecento.<\/span><\/p>\n<p><span style=\"font-family: verdana, geneva, sans-serif; font-size: 11pt;\"><span style=\"color: #000080;\"><strong><br \/>La trama e il contesto storico<\/strong><\/span>. La vicenda del Colonnello Chabert \u00e8 ambientata durante la Restaurazione. Uno straccione si presenta allo studio parigino del giovane avvocato Derville e sostiene di essere il colonnello Chabert, ufficiale della cavalleria dell\u2019esercito napoleonico, che i bollettini di guerra hanno segnalato come caduto in combattimento. Nel frattempo sua moglie ha ereditato la sua ingente fortuna e si \u00e8 risposata con un conte vicino all\u2019ambiente di Corte. La contessa Ferraud (tale \u00e8 il nuovo nome della presunta vedova Chabert) si piega con difficolt\u00e0 all\u2019ipotesi di un accordo, poich\u00e9 recalcitra all\u2019idea di dover restituire una parte almeno dell\u2019eredit\u00e0 del primo marito. In realt\u00e0 ha in mente un piano che realizzer\u00e0 con freddezza, senza tenere in conto n\u00e9 i sentimenti n\u00e9 i diritti di un uomo che osserva inorridito l\u2019egoismo del cuore umano.<\/span><br \/><span style=\"font-family: verdana, geneva, sans-serif; font-size: 11pt;\"> Nel Colonnello Chabert l\u2019opposizione tra il bene e il male \u00e8 molto scoperta ed \u00e8 evidente la volont\u00e0 di rappresentare la societ\u00e0 della Restaurazione e, attraverso essa, l\u2019intera natura umana.<\/span><br \/><span style=\"font-family: verdana, geneva, sans-serif; font-size: 11pt;\"> L\u2019introduzione al romanzo \u00e8 ampia e presenta dapprima la biografia e la personalit\u00e0 di Balzac, entra poi nella vasta produzione letteraria dello scrittore francese per soffermarsi in modo esauriente sull\u2019analisi del romanzo.<\/span><\/p>\n<p>&nbsp;<\/p>\n<p><a href=\"https:\/\/www.edisco.it\/i-liocorni\/wp-content\/uploads\/sites\/79\/2016\/09\/il-colonnello-chabert_preview.pdf\" target=\"_blank\" rel=\"noopener noreferrer\"><img src=\"https:\/\/www.edisco.it\/a-caring-society\/wp-content\/uploads\/sites\/86\/2019\/09\/icona-PDF_60.png\" alt=\"\" align=\"absMiddle\" \/>\u00a0<\/a><span style=\"font-family: verdana,geneva,sans-serif;\"><span style=\"font-size: 12pt;\"><a href=\"https:\/\/www.edisco.it\/i-liocorni\/wp-content\/uploads\/sites\/79\/2016\/09\/il-colonnello-chabert_preview.pdf\" target=\"_blank\" rel=\"noopener noreferrer\">Il colonnello Chabert_Anteprima.pdf<\/a>\u00a0<\/span><\/span><\/p>\n<iframe src=\"\/\/docs.google.com\/viewer?url=https%3A%2F%2Fwww.edisco.it%2Fi-liocorni%2Fwp-content%2Fuploads%2Fsites%2F79%2F2016%2F09%2Fil-colonnello-chabert_preview.pdf&hl=it&embedded=true\" class=\"gde-frame\" style=\"width:100%; height:1120px; border: none;\" scrolling=\"no\"><\/iframe>\n<p class=\"gde-text\"><a href=\"https:\/\/www.edisco.it\/i-liocorni\/wp-content\/uploads\/sites\/79\/2016\/09\/il-colonnello-chabert_preview.pdf\" class=\"gde-link\">Download (PDF, 222KB)<\/a><\/p>\n<p>&nbsp;<\/p>\n<p>&nbsp;<\/p>\n<p>&nbsp;<\/p>\n","protected":false},"excerpt":{"rendered":"<p>\u00a0 \u00a0 L\u2019autore. Il grande scrittore francese Honor\u00e9 de Balzac \u00e8 considerato il padre del Realismo anche se il suo gusto per l\u2019invenzione della storia, per gli aspetti romanzeschi della realt\u00e0, lo colloca in un territorio che non \u00e8 quello della rappresentazione scientifica della societ\u00e0; nello stesso tempo le sue analisi psicologiche sembrano anticipare il<\/p>\n","protected":false},"author":3,"featured_media":0,"parent":23,"menu_order":25,"comment_status":"closed","ping_status":"closed","template":"page-templates\/dettaglio_volume.php","meta":[],"acf":[],"_links":{"self":[{"href":"https:\/\/www.edisco.it\/i-liocorni\/wp-json\/wp\/v2\/pages\/77"}],"collection":[{"href":"https:\/\/www.edisco.it\/i-liocorni\/wp-json\/wp\/v2\/pages"}],"about":[{"href":"https:\/\/www.edisco.it\/i-liocorni\/wp-json\/wp\/v2\/types\/page"}],"author":[{"embeddable":true,"href":"https:\/\/www.edisco.it\/i-liocorni\/wp-json\/wp\/v2\/users\/3"}],"replies":[{"embeddable":true,"href":"https:\/\/www.edisco.it\/i-liocorni\/wp-json\/wp\/v2\/comments?post=77"}],"version-history":[{"count":8,"href":"https:\/\/www.edisco.it\/i-liocorni\/wp-json\/wp\/v2\/pages\/77\/revisions"}],"predecessor-version":[{"id":376,"href":"https:\/\/www.edisco.it\/i-liocorni\/wp-json\/wp\/v2\/pages\/77\/revisions\/376"}],"up":[{"embeddable":true,"href":"https:\/\/www.edisco.it\/i-liocorni\/wp-json\/wp\/v2\/pages\/23"}],"wp:attachment":[{"href":"https:\/\/www.edisco.it\/i-liocorni\/wp-json\/wp\/v2\/media?parent=77"}],"curies":[{"name":"wp","href":"https:\/\/api.w.org\/{rel}","templated":true}]}}