{"id":79,"date":"2015-02-02T21:39:05","date_gmt":"2015-02-02T20:39:05","guid":{"rendered":"https:\/\/www.edisco.it\/i-liocorni\/?page_id=79"},"modified":"2023-03-16T13:16:05","modified_gmt":"2023-03-16T12:16:05","slug":"il-giudice-istruttore","status":"publish","type":"page","link":"https:\/\/www.edisco.it\/i-liocorni\/configurazione\/il-giudice-istruttore\/","title":{"rendered":"Il giudice istruttore"},"content":{"rendered":"<div>\u00a0<\/div>\n<p><span style=\"color: #000080; font-family: verdana, geneva, sans-serif; font-size: 11pt;\">A cura di Sergio Calzone e Mariangela Gisiano <\/span><\/p>\n<div>\u00a0<\/div>\n<p><span style=\"font-size: 11pt; font-family: verdana, geneva, sans-serif;\"><span style=\"color: #000080;\"><strong>\u010cechov narratore<\/strong><\/span>. I racconti presentati in questo volume costituiscono una frazione della grande produzione di Ant\u00f2n \u010cechov. Essi sono stati estratti dalla sua produzione giovanile soprattutto per due motivi: la loro sostanziale brevit\u00e0 e la sostanziale omogeneit\u00e0 di \u00abmessaggio\u00bb, di atteggiamento di fronte alla realt\u00e0, che deriva dalla loro compattezza cronologica. Essi sono stati raggruppati in base a cinque sezioni tematiche: l\u2019amore, la vita familiare, le gerarchie sociali, la natura e il mistero. Le sezioni sono esemplificative anche dei temi e degli argomenti che Ant\u00f2n \u010cechov ha affrontato nel suo teatro.<\/span><\/p>\n<p><span style=\"font-family: verdana, geneva, sans-serif; font-size: 11pt;\"><span style=\"color: #000080;\"><strong><br \/>I racconti<\/strong><\/span>. Molti racconti hanno un carattere umoristico e ironico, altri sono molto delicati e preludono gi\u00e0 all\u2019analisi psicologica dei personaggi che tanto sviluppo avr\u00e0 nel Novecento. Il \u010cechov narratore mostra la sua abilit\u00e0 nel momento in cui riesce a far percorrere ai suoi personaggi un duplice itinerario: da una parte, essi compiono azioni che, se sono tipiche del mondo russo dell\u2019epoca, appartengono, allo stesso tempo, alla vita quotidiana di tutti noi; dall\u2019altra, la mente di questi uomini e di queste donne lavora incessantemente, elaborando colossali costruzioni, spesso del tutto basate sulle ipotesi e che prendono le mosse da incidenti insignificanti. \u00c8 riscontrabile, dunque, un \u00abdoppio binario\u00bb nell\u2019esistenza: ci\u00f2 che accade realmente e ci\u00f2 che la nostra immaginazione produce sotto la spinta dell\u2019autosuggestione e della mancanza di un interlocutore che sappia farci mantenere il senso delle proporzioni.<\/span><br \/><span style=\"font-family: verdana, geneva, sans-serif; font-size: 11pt;\"> L'introduzione \u00e8 una guida per accostarsi al complesso mondo di uno degli artisti pi\u00f9 significativi della letteratura europea.<\/span><\/p>\n<p>&nbsp;<\/p>\n<p><a href=\"https:\/\/www.edisco.it\/i-liocorni\/wp-content\/uploads\/sites\/79\/2016\/09\/il-giudice-istruttore_preview.pdf\" target=\"_blank\" rel=\"noopener noreferrer\"><img src=\"https:\/\/www.edisco.it\/a-caring-society\/wp-content\/uploads\/sites\/86\/2019\/09\/icona-PDF_60.png\" alt=\"\" align=\"absMiddle\" \/>\u00a0<\/a><span style=\"font-family: verdana,geneva,sans-serif;\"><span style=\"font-size: 12pt;\"><a href=\"https:\/\/www.edisco.it\/i-liocorni\/wp-content\/uploads\/sites\/79\/2016\/09\/il-giudice-istruttore_preview.pdf\" target=\"_blank\" rel=\"noopener noreferrer\">Il giudice istruttore_Anteprima.pdf<\/a>\u00a0<\/span><\/span><\/p>\n<iframe src=\"\/\/docs.google.com\/viewer?url=https%3A%2F%2Fwww.edisco.it%2Fi-liocorni%2Fwp-content%2Fuploads%2Fsites%2F79%2F2016%2F09%2Fil-giudice-istruttore_preview.pdf&hl=it&embedded=true\" class=\"gde-frame\" style=\"width:100%; height:1120px; border: none;\" scrolling=\"no\"><\/iframe>\n<p class=\"gde-text\"><a href=\"https:\/\/www.edisco.it\/i-liocorni\/wp-content\/uploads\/sites\/79\/2016\/09\/il-giudice-istruttore_preview.pdf\" class=\"gde-link\">Download (PDF, 313KB)<\/a><\/p>\n<p>&nbsp;<\/p>\n<p>&nbsp;<\/p>\n<p>&nbsp;<\/p>\n","protected":false},"excerpt":{"rendered":"<p>\u00a0 A cura di Sergio Calzone e Mariangela Gisiano \u00a0 \u010cechov narratore. I racconti presentati in questo volume costituiscono una frazione della grande produzione di Ant\u00f2n \u010cechov. Essi sono stati estratti dalla sua produzione giovanile soprattutto per due motivi: la loro sostanziale brevit\u00e0 e la sostanziale omogeneit\u00e0 di \u00abmessaggio\u00bb, di atteggiamento di fronte alla realt\u00e0,<\/p>\n","protected":false},"author":3,"featured_media":0,"parent":23,"menu_order":26,"comment_status":"closed","ping_status":"closed","template":"page-templates\/dettaglio_volume.php","meta":[],"acf":[],"_links":{"self":[{"href":"https:\/\/www.edisco.it\/i-liocorni\/wp-json\/wp\/v2\/pages\/79"}],"collection":[{"href":"https:\/\/www.edisco.it\/i-liocorni\/wp-json\/wp\/v2\/pages"}],"about":[{"href":"https:\/\/www.edisco.it\/i-liocorni\/wp-json\/wp\/v2\/types\/page"}],"author":[{"embeddable":true,"href":"https:\/\/www.edisco.it\/i-liocorni\/wp-json\/wp\/v2\/users\/3"}],"replies":[{"embeddable":true,"href":"https:\/\/www.edisco.it\/i-liocorni\/wp-json\/wp\/v2\/comments?post=79"}],"version-history":[{"count":8,"href":"https:\/\/www.edisco.it\/i-liocorni\/wp-json\/wp\/v2\/pages\/79\/revisions"}],"predecessor-version":[{"id":377,"href":"https:\/\/www.edisco.it\/i-liocorni\/wp-json\/wp\/v2\/pages\/79\/revisions\/377"}],"up":[{"embeddable":true,"href":"https:\/\/www.edisco.it\/i-liocorni\/wp-json\/wp\/v2\/pages\/23"}],"wp:attachment":[{"href":"https:\/\/www.edisco.it\/i-liocorni\/wp-json\/wp\/v2\/media?parent=79"}],"curies":[{"name":"wp","href":"https:\/\/api.w.org\/{rel}","templated":true}]}}