{"id":83,"date":"2015-02-02T21:40:35","date_gmt":"2015-02-02T20:40:35","guid":{"rendered":"https:\/\/www.edisco.it\/i-liocorni\/?page_id=83"},"modified":"2023-03-16T13:16:24","modified_gmt":"2023-03-16T12:16:24","slug":"la-camera-blu","status":"publish","type":"page","link":"https:\/\/www.edisco.it\/i-liocorni\/configurazione\/la-camera-blu\/","title":{"rendered":"La camera blu"},"content":{"rendered":"<div>\u00a0<\/div>\n<p><span style=\"color: #000080; font-family: verdana, geneva, sans-serif; font-size: 11pt;\">a cura di Sergio Calzone <\/span><\/p>\n<div>\u00a0<\/div>\n<p><span style=\"font-size: 11pt; font-family: verdana, geneva, sans-serif;\"><span style=\"color: #000080;\"><strong>L\u2019autore e l\u2019argomento<\/strong><\/span>. I racconti di questo volume rappresentano gran parte della produzione narrativa di Prosper M\u00e9rim\u00e9e, il grande scrittore francese consigliere di Napoleone III e allievo di Stendhal. Si \u00e8 cercato di rendere conto della capacit\u00e0, in M\u00e9rim\u00e9e, di spaziare con disinvoltura da storie di mare a storie di salotto, dai temi dell\u2019avventura a quello che oggi si chiamerebbe l\u2019horror. Il tutto, per\u00f2, reso compatto e significativo da un sotterraneo senso dell\u2019ironia, da un umorismo mai dichiarato e tuttavia sempre presente.<\/span><\/p>\n<p><span style=\"font-family: verdana, geneva, sans-serif; font-size: 11pt;\"><span style=\"color: #000080;\"><strong><br \/>I racconti<\/strong><\/span>. I racconti sono stati raggruppati in base a tre sezioni tematiche: l\u2019amore, l\u2019inganno e l\u2019avventura. Tra i racconti spicca quello che \u00e8 considerato il capolavoro dello scrittore, La Venere d\u2019Ille, che \u00e8 anche spesso indicata come il perfetto racconto fantastico, datato 1837, precedente, cio\u00e8, alle opere del maestro indiscusso del genere, Edgar Allan Poe.<\/span><br \/><span style=\"font-family: verdana, geneva, sans-serif; font-size: 11pt;\"> Del resto La camera blu, che si \u00e8 voluto mettere a titolo della raccolta proprio per la sua straordinaria modernit\u00e0, \u00e8 il degno rovesciamento ironico del mistero poich\u00e9 utilizza piccoli elementi della realt\u00e0 quotidiana per creare e poi ridicolizzare un incubo.<\/span><br \/><span style=\"font-family: verdana, geneva, sans-serif; font-size: 11pt;\"> Allo stesso modo, Il doppio equivoco \u00e8 una straordinaria anticipazione di Madame Bovary di Flaubert, romanzo che uscir\u00e0 24 anni pi\u00f9 tardi. Tamango, infine, sembra anticipare Melville e le sue storie di mare, ma \u00e8 anche una lucida requisitoria contro la tratta degli schiavi. Il mondo del M\u00e9rim\u00e9e narratore \u00e8 una gran ribalta, dove i personaggi si muovono consapevoli di recitare una parte, ma anche che essa ha comunque un qualche significato nel \u00abgran teatro del mondo\u00bb.<\/span><\/p>\n<p>&nbsp;<\/p>\n<p><a href=\"https:\/\/www.edisco.it\/i-liocorni\/wp-content\/uploads\/sites\/79\/2016\/09\/la-camera-blu_preview.pdf\" target=\"_blank\" rel=\"noopener noreferrer\"><img src=\"https:\/\/www.edisco.it\/a-caring-society\/wp-content\/uploads\/sites\/86\/2019\/09\/icona-PDF_60.png\" alt=\"\" align=\"absMiddle\" \/>\u00a0<\/a><span style=\"font-family: verdana,geneva,sans-serif;\"><span style=\"font-size: 12pt;\"><a href=\"https:\/\/www.edisco.it\/i-liocorni\/wp-content\/uploads\/sites\/79\/2016\/09\/la-camera-blu_preview.pdf\" target=\"_blank\" rel=\"noopener noreferrer\">La camera blu_Anteprima.pdf<\/a>\u00a0<\/span><\/span><\/p>\n<iframe src=\"\/\/docs.google.com\/viewer?url=https%3A%2F%2Fwww.edisco.it%2Fi-liocorni%2Fwp-content%2Fuploads%2Fsites%2F79%2F2016%2F09%2Fla-camera-blu_preview.pdf&hl=it&embedded=true\" class=\"gde-frame\" style=\"width:100%; height:1120px; border: none;\" scrolling=\"no\"><\/iframe>\n<p class=\"gde-text\"><a href=\"https:\/\/www.edisco.it\/i-liocorni\/wp-content\/uploads\/sites\/79\/2016\/09\/la-camera-blu_preview.pdf\" class=\"gde-link\">Download (PDF, 260KB)<\/a><\/p>\n<p>&nbsp;<\/p>\n<p>&nbsp;<\/p>\n<p>&nbsp;<\/p>\n","protected":false},"excerpt":{"rendered":"<p>\u00a0 a cura di Sergio Calzone \u00a0 L\u2019autore e l\u2019argomento. I racconti di questo volume rappresentano gran parte della produzione narrativa di Prosper M\u00e9rim\u00e9e, il grande scrittore francese consigliere di Napoleone III e allievo di Stendhal. Si \u00e8 cercato di rendere conto della capacit\u00e0, in M\u00e9rim\u00e9e, di spaziare con disinvoltura da storie di mare a<\/p>\n","protected":false},"author":3,"featured_media":0,"parent":23,"menu_order":28,"comment_status":"closed","ping_status":"closed","template":"page-templates\/dettaglio_volume.php","meta":[],"acf":[],"_links":{"self":[{"href":"https:\/\/www.edisco.it\/i-liocorni\/wp-json\/wp\/v2\/pages\/83"}],"collection":[{"href":"https:\/\/www.edisco.it\/i-liocorni\/wp-json\/wp\/v2\/pages"}],"about":[{"href":"https:\/\/www.edisco.it\/i-liocorni\/wp-json\/wp\/v2\/types\/page"}],"author":[{"embeddable":true,"href":"https:\/\/www.edisco.it\/i-liocorni\/wp-json\/wp\/v2\/users\/3"}],"replies":[{"embeddable":true,"href":"https:\/\/www.edisco.it\/i-liocorni\/wp-json\/wp\/v2\/comments?post=83"}],"version-history":[{"count":8,"href":"https:\/\/www.edisco.it\/i-liocorni\/wp-json\/wp\/v2\/pages\/83\/revisions"}],"predecessor-version":[{"id":379,"href":"https:\/\/www.edisco.it\/i-liocorni\/wp-json\/wp\/v2\/pages\/83\/revisions\/379"}],"up":[{"embeddable":true,"href":"https:\/\/www.edisco.it\/i-liocorni\/wp-json\/wp\/v2\/pages\/23"}],"wp:attachment":[{"href":"https:\/\/www.edisco.it\/i-liocorni\/wp-json\/wp\/v2\/media?parent=83"}],"curies":[{"name":"wp","href":"https:\/\/api.w.org\/{rel}","templated":true}]}}