{"id":87,"date":"2015-02-02T21:41:47","date_gmt":"2015-02-02T20:41:47","guid":{"rendered":"https:\/\/www.edisco.it\/i-liocorni\/?page_id=87"},"modified":"2023-03-16T13:16:35","modified_gmt":"2023-03-16T12:16:35","slug":"la-giara","status":"publish","type":"page","link":"https:\/\/www.edisco.it\/i-liocorni\/configurazione\/la-giara\/","title":{"rendered":"La giara"},"content":{"rendered":"<div>\u00a0<\/div>\n<p><span style=\"color: #000080; font-family: verdana, geneva, sans-serif; font-size: 11pt;\">A cura di Cristina Morando<\/span><\/p>\n<div>\u00a0<\/div>\n<div><span style=\"color: #000000; font-family: verdana, geneva, sans-serif; font-size: 11pt;\"><span style=\"color: #000;\"><span style=\"color: #000080;\"><strong>La struttura<\/strong><\/span>. Questa antologia propone quattro percorsi che costituiscono la trama di tutta la produzione novellistica di Pirandello (ma anche della sua intera produzione letteraria e teatrale): I paradossi della realt\u00e0, La prigione delle forme, La ribellione, Il fantasma e la realt\u00e0.<br \/> Ogni sezione comprende quattro novelle; sono stati preferiti quei testi in cui compaiono vicende bizzarre e alcune volte anche divertenti. Anche i temi pi\u00f9 impegnativi della poetica pirandelliana (la maschera, la prigione delle forme, il conflitto fra apparenza e realt\u00e0, ecc\u2026) sono affrontati sempre in maniera adeguata per i giovani lettori.<\/span><\/span><\/p>\n<p><span style=\"font-family: verdana, geneva, sans-serif; font-size: 11pt;\"><span style=\"color: #000080;\"><strong><br \/>Le finalit\u00e0 didattiche. <\/strong><\/span>L'intento che si prefigge il volume antologico \u00e8 quello di proporre agli studenti un primo e facile approccio all'universo letterario di uno tra gli scrittori pi\u00f9 significativi della letteratura italiana e non solo. Il genere novellistico, per la sua brevit\u00e0 e incisivit\u00e0, \u00e8 senz'altro il pi\u00f9 idoneo (rispetto al teatro e al romanzo, generi pi\u00f9 articolati e complessi) di guidare in modo agevole alla scoperta di un testimone del Novecento e di una delle voci pi\u00f9 singolari di un secolo appena trascorso.<\/span><\/p>\n<\/div>\n<div>\u00a0<\/div>\n<div>\u00a0<\/div>\n<div>\u00a0<\/div>\n","protected":false},"excerpt":{"rendered":"<p>\u00a0 A cura di Cristina Morando \u00a0 La struttura. Questa antologia propone quattro percorsi che costituiscono la trama di tutta la produzione novellistica di Pirandello (ma anche della sua intera produzione letteraria e teatrale): I paradossi della realt\u00e0, La prigione delle forme, La ribellione, Il fantasma e la realt\u00e0. Ogni sezione comprende quattro novelle; sono<\/p>\n","protected":false},"author":3,"featured_media":0,"parent":23,"menu_order":30,"comment_status":"closed","ping_status":"closed","template":"page-templates\/dettaglio_volume.php","meta":[],"acf":[],"_links":{"self":[{"href":"https:\/\/www.edisco.it\/i-liocorni\/wp-json\/wp\/v2\/pages\/87"}],"collection":[{"href":"https:\/\/www.edisco.it\/i-liocorni\/wp-json\/wp\/v2\/pages"}],"about":[{"href":"https:\/\/www.edisco.it\/i-liocorni\/wp-json\/wp\/v2\/types\/page"}],"author":[{"embeddable":true,"href":"https:\/\/www.edisco.it\/i-liocorni\/wp-json\/wp\/v2\/users\/3"}],"replies":[{"embeddable":true,"href":"https:\/\/www.edisco.it\/i-liocorni\/wp-json\/wp\/v2\/comments?post=87"}],"version-history":[{"count":6,"href":"https:\/\/www.edisco.it\/i-liocorni\/wp-json\/wp\/v2\/pages\/87\/revisions"}],"predecessor-version":[{"id":312,"href":"https:\/\/www.edisco.it\/i-liocorni\/wp-json\/wp\/v2\/pages\/87\/revisions\/312"}],"up":[{"embeddable":true,"href":"https:\/\/www.edisco.it\/i-liocorni\/wp-json\/wp\/v2\/pages\/23"}],"wp:attachment":[{"href":"https:\/\/www.edisco.it\/i-liocorni\/wp-json\/wp\/v2\/media?parent=87"}],"curies":[{"name":"wp","href":"https:\/\/api.w.org\/{rel}","templated":true}]}}