{"id":89,"date":"2015-02-02T21:42:10","date_gmt":"2015-02-02T20:42:10","guid":{"rendered":"https:\/\/www.edisco.it\/i-liocorni\/?page_id=89"},"modified":"2023-03-16T13:16:41","modified_gmt":"2023-03-16T12:16:41","slug":"il-turno","status":"publish","type":"page","link":"https:\/\/www.edisco.it\/i-liocorni\/configurazione\/il-turno\/","title":{"rendered":"Il turno"},"content":{"rendered":"<div>\u00a0<\/div>\n<p><span style=\"color: #000080; font-family: verdana, geneva, sans-serif; font-size: 11pt;\">A cura di Pier Giorgio Viberti<\/span><\/p>\n<div>\u00a0<\/div>\n<div>\u00a0<\/div>\n<div><span style=\"color: #000000; font-family: verdana, geneva, sans-serif; font-size: 11pt;\"><span style=\"color: #000;\"><span style=\"color: #000080;\"><strong>La trama<\/strong><\/span>. Un padre, preoccupato per il futuro della figlia, elabora un piano destinato, secondo lui, a darle la felicit\u00e0: dal momento che la modesta condizione economica della famiglia non consente alla ragazza di giungere al matrimonio seguendo le vie del cuore, essa sposer\u00e0 il vecchio e ricco don Diego Alcoz\u00e8r. La morte di questi, prevedibilmente non lontana, consentir\u00e0 poi a Stellina di unirsi con Pep\u00e8 Alletto, nobile e squattrinato pretendente, che nel frattempo attender\u00e0 il suo \u201cturno\u201d. Ma le speranze e i progetti vengono travolti da un destino bizzarro: avvenimenti imprevisti e colpi di scena ripetuti capovolgono continuamente le prospettive dei protagonisti.<\/span><\/span><\/p>\n<p><span style=\"font-family: verdana, geneva, sans-serif; font-size: 11pt;\"><span style=\"color: #000080;\"><strong><br \/>Finalit\u00e0 didattiche<\/strong><\/span>. Il turno \u00e8 un romanzo di Luigi Pirandello adatto ai giovani, che ne apprezzeranno l'imprevedibilit\u00e0 della trama, la vivacit\u00e0 dei dialoghi e la comicit\u00e0 delle situazioni. Lo spunto narrativo, come spesso accade nelle opere pirandelliane, \u00e8 scopertamente paradossale; da questa situazione iniziale, il lettore viene indotto a passare a un'analisi pi\u00f9 attenta e a proporsi interrogativi importanti sul significato dei nostri rapporti con gli altri e sui meccanismi che nella societ\u00e0 contemporanea determinano l'alienazione e la spersonalizzazione.<\/span><br \/><span style=\"font-family: verdana, geneva, sans-serif; font-size: 11pt;\"> L\u2019introduzione ripercorre le vicende biografiche dell\u2019Autore, ricorda le opere principali e ricostruisce le linee del suo pensiero e della sua poetica. Le note si propongono l\u2019obiettivo di decifrare la personalit\u00e0 dei principali personaggi e a individuare i temi pi\u00f9 profondi.<\/span><\/p>\n<\/div>\n<p>&nbsp;<\/p>\n<p><a href=\"https:\/\/www.edisco.it\/i-liocorni\/wp-content\/uploads\/sites\/79\/2016\/09\/il-turno_preview.pdf\" target=\"_blank\" rel=\"noopener noreferrer\"><img src=\"https:\/\/www.edisco.it\/a-caring-society\/wp-content\/uploads\/sites\/86\/2019\/09\/icona-PDF_60.png\" alt=\"\" align=\"absMiddle\" \/>\u00a0<\/a><span style=\"font-family: verdana,geneva,sans-serif;\"><span style=\"font-size: 12pt;\"><a href=\"https:\/\/www.edisco.it\/i-liocorni\/wp-content\/uploads\/sites\/79\/2016\/09\/il-turno_preview.pdf\" target=\"_blank\" rel=\"noopener noreferrer\">Il turno_Anteprima.pdf<\/a>\u00a0<\/span><\/span><\/p>\n<iframe src=\"\/\/docs.google.com\/viewer?url=https%3A%2F%2Fwww.edisco.it%2Fi-liocorni%2Fwp-content%2Fuploads%2Fsites%2F79%2F2016%2F09%2Fil-turno_preview.pdf&hl=it&embedded=true\" class=\"gde-frame\" style=\"width:100%; height:1120px; border: none;\" scrolling=\"no\"><\/iframe>\n<p class=\"gde-text\"><a href=\"https:\/\/www.edisco.it\/i-liocorni\/wp-content\/uploads\/sites\/79\/2016\/09\/il-turno_preview.pdf\" class=\"gde-link\">Download (PDF, 230KB)<\/a><\/p>\n<div>\u00a0<\/div>\n<div>\u00a0<\/div>\n<div>\u00a0<\/div>\n","protected":false},"excerpt":{"rendered":"<p>\u00a0 A cura di Pier Giorgio Viberti \u00a0 \u00a0 La trama. Un padre, preoccupato per il futuro della figlia, elabora un piano destinato, secondo lui, a darle la felicit\u00e0: dal momento che la modesta condizione economica della famiglia non consente alla ragazza di giungere al matrimonio seguendo le vie del cuore, essa sposer\u00e0 il vecchio<\/p>\n","protected":false},"author":3,"featured_media":0,"parent":23,"menu_order":31,"comment_status":"closed","ping_status":"closed","template":"page-templates\/dettaglio_volume.php","meta":[],"acf":[],"_links":{"self":[{"href":"https:\/\/www.edisco.it\/i-liocorni\/wp-json\/wp\/v2\/pages\/89"}],"collection":[{"href":"https:\/\/www.edisco.it\/i-liocorni\/wp-json\/wp\/v2\/pages"}],"about":[{"href":"https:\/\/www.edisco.it\/i-liocorni\/wp-json\/wp\/v2\/types\/page"}],"author":[{"embeddable":true,"href":"https:\/\/www.edisco.it\/i-liocorni\/wp-json\/wp\/v2\/users\/3"}],"replies":[{"embeddable":true,"href":"https:\/\/www.edisco.it\/i-liocorni\/wp-json\/wp\/v2\/comments?post=89"}],"version-history":[{"count":7,"href":"https:\/\/www.edisco.it\/i-liocorni\/wp-json\/wp\/v2\/pages\/89\/revisions"}],"predecessor-version":[{"id":380,"href":"https:\/\/www.edisco.it\/i-liocorni\/wp-json\/wp\/v2\/pages\/89\/revisions\/380"}],"up":[{"embeddable":true,"href":"https:\/\/www.edisco.it\/i-liocorni\/wp-json\/wp\/v2\/pages\/23"}],"wp:attachment":[{"href":"https:\/\/www.edisco.it\/i-liocorni\/wp-json\/wp\/v2\/media?parent=89"}],"curies":[{"name":"wp","href":"https:\/\/api.w.org\/{rel}","templated":true}]}}