{"id":91,"date":"2015-02-02T21:42:38","date_gmt":"2015-02-02T20:42:38","guid":{"rendered":"https:\/\/www.edisco.it\/i-liocorni\/?page_id=91"},"modified":"2023-03-16T13:16:50","modified_gmt":"2023-03-16T12:16:50","slug":"wilson-lo-zuccone","status":"publish","type":"page","link":"https:\/\/www.edisco.it\/i-liocorni\/configurazione\/wilson-lo-zuccone\/","title":{"rendered":"Wilson lo zuccone"},"content":{"rendered":"<div>\u00a0<\/div>\n<p><span style=\"color: #000080; font-family: verdana, geneva, sans-serif; font-size: 11pt;\">Traduzione a cura di Isabella Bruschi<\/span><\/p>\n<div>\u00a0<\/div>\n<div>\u00a0<\/div>\n<div><span style=\"color: #000000; font-family: verdana, geneva, sans-serif; font-size: 11pt;\"><span style=\"color: #000;\"><span style=\"color: #000080;\"><strong>L\u2019argomento<\/strong><\/span>. Alla met\u00e0 del XIX secolo, David Wilson, un giovane laureato in legge, si stabilisce a Dawson\u2019s Landing, una tranquilla cittadina americana adagiata sulle rive del fiume Mississippi, il fiume caro allo scrittore Mark Twain che lo ha scelto le sue rive come teatro per le divertenti e, a volte, grottesche avventure dei protagonisti dei suoi personaggi. Bizzarro e stravagante, tuttavia profondo conoscitore dell\u2019animo umano, Wilson \u00e8 laureato in legge, ma no riesce a guadagnarsi la stima degli abitanti di Dawson\u2019s Landing, sempre pronti a bollare come \u00abstramberie\u00bb le sue novit\u00e0. Egli vede la sua vicenda intrecciarsi con quella di Roxana la schiava nera dalla pelle bianca, e del figlio di quest\u2019ultima. Grazie alle sue fissazioni, e alla passione per le impronte digitali, Wilson riesce a smascherare e a scoprire la vera identit\u00e0 dell\u2019autore dei misteriosi furti e dell\u2019assassinio che hanno sconvolto la citt\u00e0.<br \/> I personaggi secondari, gli abitanti di Dawson\u2019s Landing, partecipano agli eventi narrati e contribuiscono a dare un vivace ritratto dell\u2019America del tempo.<\/span><\/span><\/p>\n<p><span style=\"font-family: verdana, geneva, sans-serif; font-size: 11pt;\"><span style=\"color: #000080;\"><strong><br \/>Umorismo e non solo<\/strong><\/span>. L'umorismo tipico di Mark Twain \u00e8 presente in questo romanzo nel modo in cui tratta l'intolleranza e la ristrettezza divedute degli abitanti della cittadina americana, l'ottusit\u00e0 delle autorit\u00e0 civili o ancora la pretesa nobilt\u00e0 del gruppo di \u00abvecchi virginiani\u00bb. La all'umorismo fa da contrappunto il profondo pessimismo tipico degli ultimi anni dello scrittore che traspare soprattutto nell'amarezza per la follia, l'egoismo e la vanit\u00e0 dell'uomo.<\/span><\/p>\n<p><span style=\"font-family: verdana, geneva, sans-serif; font-size: 11pt;\"><span style=\"color: #000080;\"><strong><br \/>La traduzione<\/strong><\/span>. La traduzione del testo inglese rende in italiano il \u201cdialetto nero\u201d con il risultato di fornire una lingua che sia esempio di parlato sostenibile in un contesto comunque letterario.<\/span><\/p>\n<\/div>\n<p>&nbsp;<\/p>\n<p><a href=\"https:\/\/www.edisco.it\/i-liocorni\/wp-content\/uploads\/sites\/79\/2016\/09\/wilson-lo-zuccone_preview.pdf\" target=\"_blank\" rel=\"noopener noreferrer\"><img src=\"https:\/\/www.edisco.it\/a-caring-society\/wp-content\/uploads\/sites\/86\/2019\/09\/icona-PDF_60.png\" alt=\"\" align=\"absMiddle\" \/>\u00a0<\/a><span style=\"font-family: verdana,geneva,sans-serif;\"><span style=\"font-size: 12pt;\"><a href=\"https:\/\/www.edisco.it\/i-liocorni\/wp-content\/uploads\/sites\/79\/2016\/09\/wilson-lo-zuccone_preview.pdf\" target=\"_blank\" rel=\"noopener noreferrer\">Wilson lo zuccone_Anteprima.pdf<\/a>\u00a0<\/span><\/span><\/p>\n<iframe src=\"\/\/docs.google.com\/viewer?url=https%3A%2F%2Fwww.edisco.it%2Fi-liocorni%2Fwp-content%2Fuploads%2Fsites%2F79%2F2016%2F09%2Fwilson-lo-zuccone_preview.pdf&hl=it&embedded=true\" class=\"gde-frame\" style=\"width:100%; height:1120px; border: none;\" scrolling=\"no\"><\/iframe>\n<p class=\"gde-text\"><a href=\"https:\/\/www.edisco.it\/i-liocorni\/wp-content\/uploads\/sites\/79\/2016\/09\/wilson-lo-zuccone_preview.pdf\" class=\"gde-link\">Download (PDF, 9.63MB)<\/a><\/p>\n<div>\u00a0<\/div>\n<div>\u00a0<\/div>\n<div>\u00a0<\/div>\n","protected":false},"excerpt":{"rendered":"<p>\u00a0 Traduzione a cura di Isabella Bruschi \u00a0 \u00a0 L\u2019argomento. Alla met\u00e0 del XIX secolo, David Wilson, un giovane laureato in legge, si stabilisce a Dawson\u2019s Landing, una tranquilla cittadina americana adagiata sulle rive del fiume Mississippi, il fiume caro allo scrittore Mark Twain che lo ha scelto le sue rive come teatro per le<\/p>\n","protected":false},"author":3,"featured_media":0,"parent":23,"menu_order":32,"comment_status":"closed","ping_status":"closed","template":"page-templates\/dettaglio_volume.php","meta":[],"acf":[],"_links":{"self":[{"href":"https:\/\/www.edisco.it\/i-liocorni\/wp-json\/wp\/v2\/pages\/91"}],"collection":[{"href":"https:\/\/www.edisco.it\/i-liocorni\/wp-json\/wp\/v2\/pages"}],"about":[{"href":"https:\/\/www.edisco.it\/i-liocorni\/wp-json\/wp\/v2\/types\/page"}],"author":[{"embeddable":true,"href":"https:\/\/www.edisco.it\/i-liocorni\/wp-json\/wp\/v2\/users\/3"}],"replies":[{"embeddable":true,"href":"https:\/\/www.edisco.it\/i-liocorni\/wp-json\/wp\/v2\/comments?post=91"}],"version-history":[{"count":9,"href":"https:\/\/www.edisco.it\/i-liocorni\/wp-json\/wp\/v2\/pages\/91\/revisions"}],"predecessor-version":[{"id":381,"href":"https:\/\/www.edisco.it\/i-liocorni\/wp-json\/wp\/v2\/pages\/91\/revisions\/381"}],"up":[{"embeddable":true,"href":"https:\/\/www.edisco.it\/i-liocorni\/wp-json\/wp\/v2\/pages\/23"}],"wp:attachment":[{"href":"https:\/\/www.edisco.it\/i-liocorni\/wp-json\/wp\/v2\/media?parent=91"}],"curies":[{"name":"wp","href":"https:\/\/api.w.org\/{rel}","templated":true}]}}