{"id":93,"date":"2015-02-02T21:43:01","date_gmt":"2015-02-02T20:43:01","guid":{"rendered":"https:\/\/www.edisco.it\/i-liocorni\/?page_id=93"},"modified":"2023-03-16T13:16:56","modified_gmt":"2023-03-16T12:16:56","slug":"jerry-delle-isole","status":"publish","type":"page","link":"https:\/\/www.edisco.it\/i-liocorni\/configurazione\/jerry-delle-isole\/","title":{"rendered":"Jerry delle isole"},"content":{"rendered":"<div>\u00a0<\/div>\n<p><span style=\"color: #000080; font-family: verdana, geneva, sans-serif; font-size: 11pt;\">A cura di Marina Crespo<br \/> Traduzione di Henry Thomson<\/span><\/p>\n<div>\u00a0<\/div>\n<div>\u00a0<\/div>\n<div><span style=\"color: #000000; font-family: verdana, geneva, sans-serif; font-size: 11pt;\"><span style=\"color: #000;\"><span style=\"color: #000080;\"><strong>L\u2019argomento<\/strong><\/span>. Una storia di emozionanti avventure nei Mari del Sud. Trafficanti di schiavi, fieri e feroci capi indigeni, cannibali e stregoni e, naturalmente, un tipico eroe londoniano, il cane Jerry: un terrier che, tra peripezie drammatiche, viaggia nelle isole Salomone a bordo di una goletta negriera che recluta manodopera tra i malinesiani per il lavoro nelle piantagioni dei colini bianchi.<br \/> Ecco i protagonisti di un romanzo avvincente, dove azione e descrizione d\u2019ambiente si intrecciano in una vicenda in cui la linearit\u00e0 della trama si accompagna a molti spunti di riflessione sul colonialismo, sul razzismo, sull\u2019incontro-scontro tra la cultura occidentale e mondi \u00abselvaggi\u00bb.<br \/> \u00c8 una faccia inedita del grande London che, in questo libro in gran parte autobiografico, racconta il suo viaggio in Melanesia, ed incarna in Jerry esperienze e pregiudizi dei bianchi nei confronti delle civilt\u00e0 a loro estranee, all\u2019alba del XX secolo.<\/span><\/span><\/p>\n<p><span style=\"font-family: verdana, geneva, sans-serif; font-size: 11pt;\"><span style=\"color: #000080;\"><strong><br \/>Finalit\u00e0 e simboli<\/strong><\/span>. Come gli altri romanzi di Jack London, anche la vicenda del cane Jerry \u00e8 un'allegoria del mondo umano: questo cane \u00e8, in fondo, un eroe solitario che, come i \u00abbipedi pensanti\u00bb, affronta le difficolt\u00e0 della lotta per l'esistenza uscendone vincente, mentre quelli pi\u00f9 deboli soccombono. Jerry combatte con la forza fisica, ma soprattutto con il coraggio, la volont\u00e0, l'intelligenza, che si accompagnano a un cuore sensibile e pronto al sacrificio.<\/span><\/p>\n<\/div>\n<div>\u00a0<\/div>\n<div>\u00a0<\/div>\n<div>\u00a0<\/div>\n","protected":false},"excerpt":{"rendered":"<p>\u00a0 A cura di Marina Crespo Traduzione di Henry Thomson \u00a0 \u00a0 L\u2019argomento. Una storia di emozionanti avventure nei Mari del Sud. Trafficanti di schiavi, fieri e feroci capi indigeni, cannibali e stregoni e, naturalmente, un tipico eroe londoniano, il cane Jerry: un terrier che, tra peripezie drammatiche, viaggia nelle isole Salomone a bordo di<\/p>\n","protected":false},"author":3,"featured_media":0,"parent":23,"menu_order":33,"comment_status":"closed","ping_status":"closed","template":"page-templates\/dettaglio_volume.php","meta":[],"acf":[],"_links":{"self":[{"href":"https:\/\/www.edisco.it\/i-liocorni\/wp-json\/wp\/v2\/pages\/93"}],"collection":[{"href":"https:\/\/www.edisco.it\/i-liocorni\/wp-json\/wp\/v2\/pages"}],"about":[{"href":"https:\/\/www.edisco.it\/i-liocorni\/wp-json\/wp\/v2\/types\/page"}],"author":[{"embeddable":true,"href":"https:\/\/www.edisco.it\/i-liocorni\/wp-json\/wp\/v2\/users\/3"}],"replies":[{"embeddable":true,"href":"https:\/\/www.edisco.it\/i-liocorni\/wp-json\/wp\/v2\/comments?post=93"}],"version-history":[{"count":8,"href":"https:\/\/www.edisco.it\/i-liocorni\/wp-json\/wp\/v2\/pages\/93\/revisions"}],"predecessor-version":[{"id":317,"href":"https:\/\/www.edisco.it\/i-liocorni\/wp-json\/wp\/v2\/pages\/93\/revisions\/317"}],"up":[{"embeddable":true,"href":"https:\/\/www.edisco.it\/i-liocorni\/wp-json\/wp\/v2\/pages\/23"}],"wp:attachment":[{"href":"https:\/\/www.edisco.it\/i-liocorni\/wp-json\/wp\/v2\/media?parent=93"}],"curies":[{"name":"wp","href":"https:\/\/api.w.org\/{rel}","templated":true}]}}