{"id":24,"date":"2014-06-15T15:27:04","date_gmt":"2014-06-15T13:27:04","guid":{"rendered":"https:\/\/www.edisco.it\/i-promessi-sposi\/?page_id=24"},"modified":"2023-03-16T13:39:40","modified_gmt":"2023-03-16T12:39:40","slug":"scheda-dellopera","status":"publish","type":"page","link":"https:\/\/www.edisco.it\/i-promessi-sposi\/","title":{"rendered":"Scheda dell&#8217;opera"},"content":{"rendered":"<div id=\"fondopagina\">\n<p><span style=\"font-size: 12pt; font-family: OpenSans; font-weight: 400;\"><span style=\"font-family: 'Pridi'; font-size: 17pt; color: #31476c; font-weight: 200;\"><strong>Nuova edizione a colori<\/strong><\/span>. La nuova edizione dei <em>Promessi sposi<\/em> curati da Marco Romanelli \u00e8 rinnovata nella <strong>veste grafica<\/strong> perch\u00e9 interamente a colori e illustrata in modo sistematico cos\u00ec che le immagini costituiscono un vero e proprio commento parallelo del romanzo.<br \/>\nL\u2019ampio <strong>apparato iconografico<\/strong> permette anche di ricostruire l\u2019intensa attivit\u00e0 di illustratori e artisti (a partire dal Gonin per finire con i contemporanei Giorgio De Chirico, Aligi Sassu, Renato Guttuso, Giorgio Scarpati...) che hanno voluto, nel tempo e con diversa sensibilit\u00e0, testimoniare il loro interesse per il capolavoro manzoniano e offrire un\u2019autorevole e spesso originale interpretazione.<\/span><\/p>\n<p><span style=\"font-size: 12pt; font-family: OpenSans; font-weight: 400;\"><span style=\"font-family: 'Pridi'; font-size: 17pt; color: #31476c; font-weight: 200;\"><strong>Approfondimenti<\/strong><\/span>. La nuova edizione \u00e8 arricchita di approfondimenti sui personaggi principali per metterne in evidenza i tratti salienti e per evidenziarne caratteri specifici.<br \/>\nOriginali e di grande utilit\u00e0 sono gli ampi<strong> inserti sulla societ\u00e0 e sui costumi del Seicento<\/strong> (il lavoro, la giustizia, la mensa del povero e del ricco, la moda, le rivolte e i tumulti, la peste, il matrimonio\u2026) che permettono di ricostruire lo scenario storico e sociale in cui si svolge la vicenda manzoniana. Gli inserti sono riccamente illustrati con immagini dell\u2019epoca, di grandi artisti che hanno documentato la vita quotidiana del Seicento in Italia e in Europa, mettendone in evidenza la grandezza e le contraddizioni.<\/span><\/p>\n<p><span style=\"font-size: 12pt; font-family: OpenSans; font-weight: 400;\"><span style=\"font-family: 'Pridi'; font-size: 17pt; color: #31476c; font-weight: 200;\"><strong>La doppia annotazione<\/strong><\/span>. Resta inalterata la caratteristica impostazione della doppia annotazione che ha connotato il commento del professor Marco Romanelli e lo distingue tra tutti quelli dedicati alla scuola.<br \/>\nIl <strong>primo livello<\/strong> delle note \u00e8 di tipo esplicativo e fornisce una puntuale e scrupolosa spiegazione del lessico e propone tutte le informazioni necessarie per la comprensione immediata e testuale; il <strong>secondo livello<\/strong> \u00e8 costituito da riflessioni critiche di vario tipo che fanno emergere la straordinaria ricchezza della lingua e dello stile manzoniano e che identificano le principali coordinate del pensiero letterario, ma anche etico e sociale, di Manzoni.<\/span><\/p>\n<p><span style=\"font-size: 12pt; font-family: OpenSans; font-weight: 400;\"><span style=\"font-family: 'Pridi'; font-size: 17pt; color: #31476c; font-weight: 200;\"><strong>Sussidi didattici<\/strong><\/span>. Il volume si apre con una <strong>introduzione <\/strong>che permette di acquisire le conoscenze sulla biografia, e sulle opere e sul pensiero di Manzoni.<br \/>\nOgni capitolo \u00e8 preceduto da un <strong>sommario <\/strong>ampio, diviso per sequenze e illustrato con i disegni di Gonin. I capitoli si chiudono con una <strong>chiave di lettura<\/strong> che propone un\u2019idea-forza intorno a cui aggregare l\u2019interpretazione del capitolo e su cui orientare la ricerca del messaggio di fondo. Il volume \u00e8 corredato da un\u2019ampia ed aggiornata <strong>bibliografia <\/strong>e da un <strong>glossario <\/strong>in cui vengono riportati e spiegati i termini tecnici utilizzati nel commento.<br \/>\nLe <strong>schede di verifica<\/strong> sono contenute in un volume a par te: per ogni capitolo del romanzo si propone una scheda di verifica articolata in cinque punti (Verifica della comprensione, i personaggi, le tecniche narrative, percorsi tematici, interpretazione e commento).<\/span><\/p>\n<p><span style=\"font-size: 12pt; font-family: OpenSans; font-weight: 400;\">Nella guida per il Docente sono contenute le verifiche sommative, e le soluzioni di tutti gli esercizi proposti.<\/span><\/p>\n<\/div>\n<div><\/div>\n<div id=\"fondinoschedeadozione\">\n<p><span style=\"font-family: verdana, geneva, sans-serif; font-size: 12pt;\"><a href=\"https:\/\/www.edisco.it\/il-colore-delle-parole\/wp-content\/uploads\/sites\/66\/2016\/03\/I_Promessi_sposi_N_E_Relazione_per_L_adozione-.pdf\" target=\"_blank\" rel=\"noopener noreferrer\"><img style=\"line-height: 23.1111116872559px;\" src=\"https:\/\/www.edisco.it\/a-caring-society\/wp-content\/uploads\/sites\/86\/2019\/09\/icona-PDF_60.png\" alt=\"\" align=\"absMiddle\" \/> Promessi sposi_Relazione per l'adozione.pdf<\/a><\/span><\/p>\n<p><span style=\"font-family: verdana, geneva, sans-serif; font-size: 12pt;\"><a href=\"https:\/\/www.edisco.it\/materiali\/proposte-adozione\/2016\/I_Promessi_sposi_N_E_Relazione_per_L_adozione.rtf\" target=\"_blank\" rel=\"noopener noreferrer\"><img style=\"line-height: 23.1111px;\" src=\"https:\/\/www.edisco.it\/il-colore-delle-parole\/wp-content\/uploads\/sites\/66\/2015\/04\/icona-Word_60.png\" alt=\"\" align=\"absMiddle\" \/> Promessi sposi_Relazione per l'adozione.rtf<\/a><\/span><\/p>\n<\/div>\n","protected":false},"excerpt":{"rendered":"<p>Nuova edizione a colori. La nuova edizione dei Promessi sposi curati da Marco Romanelli \u00e8 rinnovata nella veste grafica perch\u00e9 interamente a colori e illustrata in modo sistematico cos\u00ec che le immagini costituiscono un vero e proprio commento parallelo del romanzo. L\u2019ampio apparato iconografico permette anche di ricostruire l\u2019intensa attivit\u00e0 di illustratori e artisti (a<\/p>\n","protected":false},"author":3,"featured_media":0,"parent":0,"menu_order":1,"comment_status":"closed","ping_status":"closed","template":"page-templates\/scheda_opera.php","meta":[],"acf":[],"_links":{"self":[{"href":"https:\/\/www.edisco.it\/i-promessi-sposi\/wp-json\/wp\/v2\/pages\/24"}],"collection":[{"href":"https:\/\/www.edisco.it\/i-promessi-sposi\/wp-json\/wp\/v2\/pages"}],"about":[{"href":"https:\/\/www.edisco.it\/i-promessi-sposi\/wp-json\/wp\/v2\/types\/page"}],"author":[{"embeddable":true,"href":"https:\/\/www.edisco.it\/i-promessi-sposi\/wp-json\/wp\/v2\/users\/3"}],"replies":[{"embeddable":true,"href":"https:\/\/www.edisco.it\/i-promessi-sposi\/wp-json\/wp\/v2\/comments?post=24"}],"version-history":[{"count":13,"href":"https:\/\/www.edisco.it\/i-promessi-sposi\/wp-json\/wp\/v2\/pages\/24\/revisions"}],"predecessor-version":[{"id":163,"href":"https:\/\/www.edisco.it\/i-promessi-sposi\/wp-json\/wp\/v2\/pages\/24\/revisions\/163"}],"wp:attachment":[{"href":"https:\/\/www.edisco.it\/i-promessi-sposi\/wp-json\/wp\/v2\/media?parent=24"}],"curies":[{"name":"wp","href":"https:\/\/api.w.org\/{rel}","templated":true}]}}