{"id":47,"date":"2021-02-18T15:36:19","date_gmt":"2021-02-18T14:36:19","guid":{"rendered":"https:\/\/www.edisco.it\/it-works\/?page_id=47"},"modified":"2024-10-30T20:43:08","modified_gmt":"2024-10-30T19:43:08","slug":"risorse-digitali-online","status":"publish","type":"page","link":"https:\/\/www.edisco.it\/it-works\/risorse-digitali-online\/","title":{"rendered":"Risorse digitali online"},"content":{"rendered":"<div id=\"fondopagina\">\n<p><span style=\"font-size: 12pt; font-family: OpenSans; font-weight: 400;\">Questi primi materiali digitali online al momento disponibili.<span style=\"color: #008000; font-size: 14pt;\"><strong>&nbsp;<\/strong><\/span><\/span><\/p>\n<p><span style=\"font-size: 10pt; font-family: OpenSans; font-weight: 400;\">L\u2019Editore \u00e8 a disposizione degli aventi diritto con i quali non gli \u00e8 stato possibile comunicare, nonch\u00e9 per eventuali omissioni e inesattezze nella citazione delle fonti dei brani, illustrazioni, fotografie e video riprodotti nella presente opera<br \/>\n<em>All reasonable efforts were made to acknowledge and contact the source and\/or copyright holder of material used in this work. The publisher apologizes for any unintentional errors or omissions and will be pleased to make corrections in future editions. All lyrics, music and films quoted are for rewiew, study or critical purposes<\/em>.<\/span><\/p>\n<div id=\"fondinovideo\">\n<p><span style=\"color: #999999;\"><strong><span style=\"font-family: verdana, geneva, sans-serif;\"><span style=\"color: #c70b02; font-size: 12pt;\"><span style=\"color: #333399;\">Video and Web Activities <\/span><\/span><\/span><\/strong><\/span><\/p>\n<ul style=\"list-style-type: none; padding-left: 0; margin-left: 0;\">\n<li class=\"fondinoscrittecolorate\"><span style=\"font-size: 12pt;\"><span style=\"font-family: verdana, geneva, sans-serif; color: #018e72;\"><strong>Page 14 \u2192 Video: <\/strong><\/span><\/span><br \/>\n<span style=\"font-size: 12pt;\"><a href=\"https:\/\/www.edisco.it\/it-works\/risorse-digitali-online\/building-evacuation-due-to-fire\/\" target=\"_blank\" rel=\"noopener noreferrer\"><span style=\"font-family: verdana, geneva, sans-serif; color: #c70b02;\"><strong>Building Evacuation due to Fire <\/strong><\/span><\/a><\/span><\/li>\n<li class=\"fondinoscrittecolorate\"><span style=\"font-size: 12pt;\"><span style=\"font-family: verdana, geneva, sans-serif; color: #018e72;\"><strong>Page 16 \u2192 Video: <\/strong><\/span><\/span><br \/>\n<span style=\"font-size: 12pt;\"><a href=\"https:\/\/www.edisco.it\/it-works\/risorse-digitali-online\/lab-rules-dua-lipa-new-rules-parody-science-songs\/\" target=\"_blank\" rel=\"noopener noreferrer\"><span style=\"font-family: verdana, geneva, sans-serif; color: #c70b02;\"><strong>LAB RULES - Dua Lipa \u201cNew Rules\u201d Parody | Science Songs<\/strong><\/span><\/a><\/span><\/li>\n<li class=\"fondinoscrittecolorate\"><span style=\"font-size: 12pt;\"><span style=\"font-family: verdana, geneva, sans-serif; color: #018e72;\"><strong>Page 18 \u2192 Video: <\/strong><\/span><\/span><br \/>\n<span style=\"font-size: 12pt;\"><a href=\"https:\/\/www.edisco.it\/it-works\/risorse-digitali-online\/how-to-create-a-strong-password\/\" target=\"_blank\" rel=\"noopener noreferrer\"><span style=\"font-family: verdana, geneva, sans-serif; color: #c70b02;\"><strong>How to Create a Strong Password <\/strong><\/span><\/a><\/span><\/li>\n<li class=\"fondinoscrittecolorate\"><span style=\"font-size: 12pt;\"><span style=\"font-family: verdana, geneva, sans-serif; color: #018e72;\"><strong>Page 19 \u2192 Video: <\/strong><\/span><\/span><br \/>\n<span style=\"font-size: 12pt;\"><a href=\"https:\/\/www.edisco.it\/it-works\/risorse-digitali-online\/big-data-the-internet-is-watching-you\/\" target=\"_blank\" rel=\"noopener noreferrer\"><span style=\"font-family: verdana, geneva, sans-serif; color: #c70b02;\"><strong>Big Data: The Internet is Watching You! <\/strong><\/span><\/a><\/span><\/li>\n<li class=\"fondinoscrittecolorate\"><span style=\"font-size: 12pt;\"><span style=\"font-family: verdana, geneva, sans-serif; color: #018e72;\"><strong>Page 24 \u2192 Video: <\/strong><\/span><\/span><br \/>\n<span style=\"font-size: 12pt;\"><a href=\"https:\/\/www.edisco.it\/it-works\/what-is-your-dream-job-career-quiz\/\" target=\"_blank\" rel=\"noopener noreferrer\"><span style=\"font-family: verdana, geneva, sans-serif; color: #c70b02;\"><strong>What Is Your Dream Job (Career)? Quiz (Personality test) <\/strong><\/span><\/a><\/span><\/li>\n<li class=\"fondinoscrittecolorate\"><span style=\"font-size: 12pt;\"><span style=\"font-family: verdana, geneva, sans-serif; color: #018e72;\"><strong>Page 28 \u2192 Video: <\/strong><\/span><\/span><br \/>\n<span style=\"font-size: 12pt;\"><a href=\"https:\/\/www.edisco.it\/it-works\/risorse-digitali-online\/12-top-tips-for-successful-interviews\/\" target=\"_blank\" rel=\"noopener noreferrer\"><span style=\"font-family: verdana, geneva, sans-serif; color: #c70b02;\"><strong>12 Top Tips for Successful Interviews <\/strong><\/span><\/a><\/span><\/li>\n<li class=\"fondinoscrittecolorate\"><span style=\"font-size: 12pt;\"><span style=\"font-family: verdana, geneva, sans-serif; color: #018e72;\"><strong>Page 29 \u2192 Video: <\/strong><\/span><\/span><br \/>\n<span style=\"font-size: 12pt;\"><a href=\"https:\/\/www.edisco.it\/it-works\/risorse-digitali-online\/the-pursuit-of-happyness-job-interview\/\" target=\"_blank\" rel=\"noopener noreferrer\"><span style=\"font-family: verdana, geneva, sans-serif; color: #c70b02;\"><strong>The Pursuit of Happyness - Job interview <\/strong><\/span><\/a><\/span><\/li>\n<li class=\"fondinoscrittecolorate\"><span style=\"font-size: 12pt;\"><span style=\"font-family: verdana, geneva, sans-serif; color: #018e72;\"><strong>Page 36 \u2192 Video: <\/strong><\/span><\/span><br \/>\n<span style=\"font-size: 12pt;\"><a href=\"https:\/\/www.edisco.it\/it-works\/risorse-digitali-online\/dumb-ways-to-die\/\" target=\"_blank\" rel=\"noopener noreferrer\"><span style=\"font-family: verdana, geneva, sans-serif; color: #c70b02;\"><strong>Dumb Ways to Die <\/strong><\/span><\/a><\/span><\/li>\n<li class=\"fondinoscrittecolorate\"><span style=\"font-size: 12pt;\"><span style=\"font-family: verdana, geneva, sans-serif; color: #018e72;\"><strong>Page 37 \u2192 Web Link: <\/strong><\/span><\/span><br \/>\n<span style=\"font-size: 12pt;\"><a href=\"https:\/\/www.giochi.it\/gioco\/dumb-ways-to-die-original\" target=\"_blank\" rel=\"noopener noreferrer\"><span style=\"font-family: verdana, geneva, sans-serif; color: #c70b02;\"><strong>Play the game online: Dumb Ways to Die <\/strong><\/span><\/a><\/span><\/li>\n<li class=\"fondinoscrittecolorate\"><span style=\"font-size: 12pt;\"><span style=\"font-family: verdana, geneva, sans-serif; color: #018e72;\"><strong>Page 39 \u2192 Video:<\/strong><\/span><\/span><br \/>\n<span style=\"font-size: 12pt;\"><a href=\"https:\/\/www.edisco.it\/it-works\/risorse-digitali-online\/video-resume-mistakes\/\" target=\"_blank\" rel=\"noopener noreferrer\"><span style=\"font-family: verdana, geneva, sans-serif; color: #c70b02;\"><strong>Video Resume Mistakes <\/strong><\/span><\/a><\/span><\/li>\n<li class=\"fondinoscrittecolorate\"><span style=\"font-size: 12pt;\"><span style=\"font-family: verdana, geneva, sans-serif; color: #018e72;\"><strong>Page 40 \u2192 Film Clip: <\/strong><\/span><\/span><br \/>\n<span style=\"font-size: 12pt;\"><a href=\"https:\/\/www.edisco.it\/it-works\/risorse-digitali-online\/the-devil-wears-prada\/\" target=\"_blank\" rel=\"noopener noreferrer\"><span style=\"font-family: verdana, geneva, sans-serif; color: #c70b02;\"><strong>The Devil Wears Prada<\/strong><\/span><\/a><\/span><\/li>\n<li class=\"fondinoscrittecolorate\"><span style=\"font-size: 12pt;\"><span style=\"font-family: verdana, geneva, sans-serif; color: #018e72;\"><strong>Page 47 \u2192 Video: <\/strong><\/span><\/span><br \/>\n<span style=\"font-size: 12pt;\"><a href=\"https:\/\/www.edisco.it\/it-works\/risorse-digitali-online\/the-science-of-lightning-national-geographic\/\" target=\"_blank\" rel=\"noopener noreferrer\"><span style=\"font-family: verdana, geneva, sans-serif; color: #c70b02;\"><strong>The Science of Lightning | National Geographic<\/strong><\/span><\/a><\/span><\/li>\n<li class=\"fondinoscrittecolorate\"><span style=\"font-size: 12pt;\"><span style=\"font-family: verdana, geneva, sans-serif; color: #018e72;\"><strong>Page 52 \u2192 Video: <\/strong><\/span><\/span><br \/>\n<span style=\"font-size: 12pt;\"><a href=\"https:\/\/www.edisco.it\/it-works\/risorse-digitali-online\/electric-circuits-series-and-parallel\/\" target=\"_blank\" rel=\"noopener noreferrer\"><span style=\"font-family: verdana, geneva, sans-serif; color: #c70b02;\"><strong>Electric Circuits: Series and Parallel <\/strong><\/span><\/a><\/span><\/li>\n<li class=\"fondinoscrittecolorate\"><span style=\"font-size: 12pt;\"><span style=\"font-family: verdana, geneva, sans-serif; color: #018e72;\"><strong>Page 56 \u2192 Video: <\/strong><\/span><\/span><br \/>\n<span style=\"font-size: 12pt;\"><a href=\"https:\/\/www.edisco.it\/it-works\/risorse-digitali-online\/shangais-transrapid-maglev-guideway\/\" target=\"_blank\" rel=\"noopener noreferrer\"><span style=\"font-family: verdana, geneva, sans-serif; color: #c70b02;\"><strong>Shanghai\u2019s Transrapid Maglev Guideway<\/strong><\/span><\/a><\/span><\/li>\n<li class=\"fondinoscrittecolorate\"><span style=\"font-size: 12pt;\"><span style=\"font-family: verdana, geneva, sans-serif; color: #018e72;\"><strong>Page 76 \u2192 Video: <\/strong><\/span><\/span><br \/>\n<span style=\"font-size: 12pt;\"><a href=\"https:\/\/www.edisco.it\/it-works\/risorse-digitali-online\/anatomy-of-a-transmission-system\/\" target=\"_blank\" rel=\"noopener noreferrer\"><span style=\"font-family: verdana, geneva, sans-serif; color: #c70b02;\"><strong>Anatomy of a Transmission System <\/strong><\/span><\/a><\/span><\/li>\n<li class=\"fondinoscrittecolorate\"><span style=\"font-size: 12pt;\"><span style=\"font-family: verdana, geneva, sans-serif; color: #018e72;\"><strong>Page 79 \u2192 Video: <\/strong><\/span><\/span><br \/>\n<span style=\"font-size: 12pt;\"><a href=\"https:\/\/www.edisco.it\/it-works\/risorse-digitali-online\/power-stations-the-national-grid-fuseschool\/\" target=\"_blank\" rel=\"noopener noreferrer\"><span style=\"font-family: verdana, geneva, sans-serif; color: #c70b02;\"><strong>Power Stations &amp; The National Grid | FuseSchool <\/strong><\/span><\/a><\/span><\/li>\n<li class=\"fondinoscrittecolorate\"><span style=\"font-size: 12pt;\"><span style=\"font-family: verdana, geneva, sans-serif; color: #018e72;\"><strong>Page 81 \u2192 Video: <\/strong><\/span><\/span><br \/>\n<span style=\"font-size: 12pt;\"><a href=\"https:\/\/www.edisco.it\/it-works\/risorse-digitali-online\/step-up-step-down-transformer\/\" target=\"_blank\" rel=\"noopener noreferrer\"><span style=\"font-family: verdana, geneva, sans-serif; color: #c70b02;\"><strong>Step-up &amp; Step-down Transformer<\/strong><\/span><\/a><\/span><\/li>\n<li class=\"fondinoscrittecolorate\"><span style=\"font-size: 12pt;\"><span style=\"font-family: verdana, geneva, sans-serif; color: #018e72;\"><strong>Page 90 \u2192 Video: <\/strong><\/span><\/span><br \/>\n<span style=\"font-size: 12pt;\"><a href=\"https:\/\/www.edisco.it\/it-works\/risorse-digitali-online\/how-much-electricity-do-my-household-items-use\/\" target=\"_blank\" rel=\"noopener noreferrer\"><span style=\"font-family: verdana, geneva, sans-serif; color: #c70b02;\"><strong>How much electricity do my household items use? <\/strong><\/span><\/a><\/span><\/li>\n<li class=\"fondinoscrittecolorate\"><span style=\"font-size: 12pt;\"><span style=\"font-family: verdana, geneva, sans-serif; color: #018e72;\"><strong>Page 92 \u2192 Video: <\/strong><\/span><\/span><br \/>\n<span style=\"font-size: 12pt;\"><a href=\"https:\/\/www.edisco.it\/it-works\/risorse-digitali-online\/the-difference-between-ac-and-dc-electricity\/\" target=\"_blank\" rel=\"noopener noreferrer\"><span style=\"font-family: verdana, geneva, sans-serif; color: #c70b02;\"><strong>The Difference between AC and DC Electricity<\/strong><\/span><\/a><\/span><\/li>\n<li class=\"fondinoscrittecolorate\"><span style=\"font-size: 12pt;\"><span style=\"font-family: verdana, geneva, sans-serif; color: #018e72;\"><strong>Page 94 \u2192 Video: <\/strong><\/span><\/span><br \/>\n<span style=\"font-size: 12pt;\"><a href=\"https:\/\/www.edisco.it\/it-works\/risorse-digitali-online\/understanding-electromagnetic-induction-emi-and-electromagnetic-force-emf\/\" target=\"_blank\" rel=\"noopener noreferrer\"><span style=\"font-family: verdana, geneva, sans-serif; color: #c70b02;\"><strong>Understanding Electromagnetic induction (EMI) and electromagnetic force (EMF) <\/strong><\/span><\/a><\/span><\/li>\n<li class=\"fondinoscrittecolorate\"><span style=\"font-size: 12pt;\"><span style=\"font-family: verdana, geneva, sans-serif; color: #018e72;\"><strong>Page 96 \u2192 Web Link: <\/strong><\/span><\/span><br \/>\n<span style=\"font-size: 12pt;\"><a href=\"https:\/\/www.ducksters.com\/science\/quiz\/electromagnetism_and_electric_motors_questions.php\" target=\"_blank\" rel=\"noopener noreferrer\"><span style=\"font-family: verdana, geneva, sans-serif; color: #c70b02;\"><strong>Test on electromagnetism and electric motors <\/strong><\/span><\/a><\/span><\/li>\n<li class=\"fondinoscrittecolorate\"><span style=\"font-size: 12pt;\"><span style=\"font-family: verdana, geneva, sans-serif; color: #018e72;\"><strong>Page 97 \u2192 Video: <\/strong><\/span><\/span><br \/>\n<span style=\"font-size: 12pt;\"><a href=\"https:\/\/www.edisco.it\/it-works\/risorse-digitali-online\/what-is-a-rotor-and-a-stator-and-how-a-motor-works\/\" target=\"_blank\" rel=\"noopener noreferrer\"><span style=\"font-family: verdana, geneva, sans-serif; color: #c70b02;\"><strong>What is a Rotor and a Stator and How a Motor Works <\/strong><\/span><\/a><\/span><\/li>\n<li class=\"fondinoscrittecolorate\"><span style=\"font-size: 12pt;\"><span style=\"font-family: verdana, geneva, sans-serif; color: #018e72;\"><strong>Page 112 \u2192 Film Clip: <\/strong><\/span><\/span><br \/>\n<span style=\"font-size: 12pt;\"><a href=\"https:\/\/www.edisco.it\/it-works\/risorse-digitali-online\/thor\/\" target=\"_blank\" rel=\"noopener noreferrer\"><span style=\"font-family: verdana, geneva, sans-serif; color: #c70b02;\"><strong>Thor<\/strong><\/span><\/a><\/span><\/li>\n<li class=\"fondinoscrittecolorate\"><span style=\"font-size: 12pt;\"><span style=\"font-family: verdana, geneva, sans-serif; color: #018e72;\"><strong>Page 123 \u2192 Video: <\/strong><\/span><\/span><br \/>\n<span style=\"font-size: 12pt;\"><a href=\"https:\/\/www.edisco.it\/it-works\/risorse-digitali-online\/jack-kilby-and-the-integrated-circuit\/\" target=\"_blank\" rel=\"noopener noreferrer\"><span style=\"font-family: verdana, geneva, sans-serif; color: #c70b02;\"><strong>Jack Kilby and the Integrated Circuit <\/strong><\/span><\/a><\/span><\/li>\n<li class=\"fondinoscrittecolorate\"><span style=\"font-size: 12pt;\"><span style=\"font-family: verdana, geneva, sans-serif; color: #018e72;\"><strong>Page 132 \u2192 Web Link: <\/strong><\/span><\/span><br \/>\n<span style=\"font-size: 12pt;\"><a href=\"https:\/\/www.easytechjunkie.com\/what-is-binary.htm\" target=\"_blank\" rel=\"noopener noreferrer\"><span style=\"font-family: verdana, geneva, sans-serif; color: #c70b02;\"><strong>What is Binary?<\/strong><\/span><\/a><\/span><\/li>\n<li class=\"fondinoscrittecolorate\"><span style=\"font-size: 12pt;\"><span style=\"font-family: verdana, geneva, sans-serif; color: #018e72;\"><strong>Page 139 \u2192 Video: <\/strong><\/span><\/span><br \/>\n<span style=\"font-size: 12pt;\"><a href=\"https:\/\/www.edisco.it\/it-works\/risorse-digitali-online\/how-are-microchips-made\/\" target=\"_blank\" rel=\"noopener noreferrer\"><span style=\"font-family: verdana, geneva, sans-serif; color: #c70b02;\"><strong>How are microchips made? <\/strong><\/span><\/a><\/span><\/li>\n<li class=\"fondinoscrittecolorate\"><span style=\"font-size: 12pt;\"><span style=\"font-family: verdana, geneva, sans-serif; color: #018e72;\"><strong>Page 145 \u2192 Video: <\/strong><\/span><\/span><br \/>\n<span style=\"font-size: 12pt;\"><a href=\"https:\/\/www.edisco.it\/it-works\/risorse-digitali-online\/the-history-of-telecommunications-hp\/\" target=\"_blank\" rel=\"noopener noreferrer\"><span style=\"font-family: verdana, geneva, sans-serif; color: #c70b02;\"><strong>The History of Telecommunications | HP <\/strong><\/span><\/a><\/span><\/li>\n<li class=\"fondinoscrittecolorate\"><span style=\"font-size: 12pt;\"><span style=\"font-family: verdana, geneva, sans-serif; color: #018e72;\"><strong>Page 158 \u2192 Video: <\/strong><\/span><\/span><br \/>\n<span style=\"font-size: 12pt;\"><a href=\"https:\/\/www.edisco.it\/it-works\/risorse-digitali-online\/inside-alibabas-smart-warehouse-staffed-by-robots\/\" target=\"_blank\" rel=\"noopener noreferrer\"><span style=\"font-family: verdana, geneva, sans-serif; color: #c70b02;\"><strong>Inside Alibaba\u2019s smart warehouse staffed by robots <\/strong><\/span><\/a><\/span><\/li>\n<li class=\"fondinoscrittecolorate\"><span style=\"font-size: 12pt;\"><span style=\"font-family: verdana, geneva, sans-serif; color: #018e72;\"><strong>Page 159 \u2192 Video: <\/strong><\/span><\/span><br \/>\n<span style=\"font-size: 12pt;\"><a href=\"https:\/\/www.edisco.it\/it-works\/risorse-digitali-online\/after-disaster-strikes-robots-to-the-rescue\/\" target=\"_blank\" rel=\"noopener noreferrer\"><span style=\"font-family: verdana, geneva, sans-serif; color: #c70b02;\"><strong>After Disaster Strikes, Robots to the Rescue <\/strong><\/span><\/a><\/span><\/li>\n<li class=\"fondinoscrittecolorate\"><span style=\"font-size: 12pt;\"><span style=\"font-family: verdana, geneva, sans-serif; color: #018e72;\"><strong>Page 164 \u2192 Video: <\/strong><\/span><\/span><br \/>\n<span style=\"font-size: 12pt;\"><a href=\"https:\/\/www.edisco.it\/it-works\/risorse-digitali-online\/viki-knows-intelligent-home-automation-system\/\" target=\"_blank\" rel=\"noopener noreferrer\"><span style=\"font-family: verdana, geneva, sans-serif; color: #c70b02;\"><strong>VIKI Knows - Intelligent Home Automation System <\/strong><\/span><\/a><\/span><\/li>\n<li class=\"fondinoscrittecolorate\"><span style=\"font-size: 12pt;\"><span style=\"font-family: verdana, geneva, sans-serif; color: #018e72;\"><strong>Page 168 \u2192 Film Clip: <\/strong><\/span><\/span><br \/>\n<span style=\"font-size: 12pt;\"><a href=\"https:\/\/www.edisco.it\/it-works\/risorse-digitali-online\/the-stepford-wives\/\" target=\"_blank\" rel=\"noopener noreferrer\"><span style=\"font-family: verdana, geneva, sans-serif; color: #c70b02;\"><strong>The Stepford Wives<\/strong><\/span><\/a><\/span><\/li>\n<li class=\"fondinoscrittecolorate\"><span style=\"font-size: 12pt;\"><span style=\"font-family: verdana, geneva, sans-serif; color: #018e72;\"><strong>Page 191 \u2192 Video: <\/strong><\/span><\/span><br \/>\n<span style=\"font-size: 12pt;\"><a href=\"https:\/\/www.edisco.it\/it-works\/risorse-digitali-online\/watch-in-slow-motion-as-kevlar-fibers-are-put-to-the-test\/\" target=\"_blank\" rel=\"noopener noreferrer\"><span style=\"font-family: verdana, geneva, sans-serif; color: #c70b02;\"><strong>Watch In Slow-Motion As Kevlar Fibers Are Put To The Test <\/strong><\/span><\/a><\/span><\/li>\n<li class=\"fondinoscrittecolorate\"><span style=\"font-size: 12pt;\"><span style=\"font-family: verdana, geneva, sans-serif; color: #018e72;\"><strong>Page 207 \u2192 Video: <\/strong><\/span><\/span><br \/>\n<span style=\"font-size: 12pt;\"><a href=\"https:\/\/www.edisco.it\/it-works\/risorse-digitali-online\/operations-of-shearing-and-bending-sheet-metals\/\" target=\"_blank\" rel=\"noopener noreferrer\"><span style=\"font-family: verdana, geneva, sans-serif; color: #c70b02;\"><strong>Operations of shearing and bending sheet metals <\/strong><\/span><\/a><\/span><\/li>\n<li class=\"fondinoscrittecolorate\"><span style=\"font-size: 12pt;\"><span style=\"font-family: verdana, geneva, sans-serif; color: #018e72;\"><strong>Page 219 \u2192 Video: <\/strong><\/span><\/span><br \/>\n<span style=\"font-size: 12pt;\"><a href=\"https:\/\/www.edisco.it\/it-works\/risorse-digitali-online\/how-wire-edm-works\/\" target=\"_blank\" rel=\"noopener noreferrer\"><span style=\"font-family: verdana, geneva, sans-serif; color: #c70b02;\"><strong>How Wire EDM Works <\/strong><\/span><\/a><\/span><\/li>\n<li class=\"fondinoscrittecolorate\"><span style=\"font-size: 12pt;\"><span style=\"font-family: verdana, geneva, sans-serif; color: #018e72;\"><strong>Page 229 \u2192 Video: <\/strong><\/span><\/span><br \/>\n<span style=\"font-size: 12pt;\"><a href=\"https:\/\/www.edisco.it\/it-works\/risorse-digitali-online\/how-does-a-hydrogen-fuel-cell-work\/\" target=\"_blank\" rel=\"noopener noreferrer\"><span style=\"font-family: verdana, geneva, sans-serif; color: #c70b02;\"><strong>How does a hydrogen fuel cell work? <\/strong><\/span><\/a><\/span><\/li>\n<li class=\"fondinoscrittecolorate\"><span style=\"font-size: 12pt;\"><span style=\"font-family: verdana, geneva, sans-serif; color: #018e72;\"><strong>Page 239 \u2192 Video: <\/strong><\/span><\/span><br \/>\n<span style=\"font-size: 12pt;\"><a href=\"https:\/\/www.edisco.it\/it-works\/risorse-digitali-online\/super-fast-robot-arm-can-catch-whatever-you-throw-at-it\/\" target=\"_blank\" rel=\"noopener noreferrer\"><span style=\"font-family: verdana, geneva, sans-serif; color: #c70b02;\"><strong>Super-Fast Robot Arm Can Catch Whatever You Throw At It <\/strong><\/span><\/a><\/span><\/li>\n<li class=\"fondinoscrittecolorate\"><span style=\"font-size: 12pt;\"><span style=\"font-family: verdana, geneva, sans-serif; color: #018e72;\"><strong>Page 254 \u2192 Film Clip: <\/strong><\/span><\/span><br \/>\n<span style=\"font-size: 12pt;\"><a href=\"https:\/\/www.edisco.it\/it-works\/risorse-digitali-online\/the-fast-and-the-furious-2\/\" target=\"_blank\" rel=\"noopener noreferrer\"><span style=\"font-family: verdana, geneva, sans-serif; color: #c70b02;\"><strong>The Fast and the Furious<\/strong><\/span><\/a><\/span><\/li>\n<\/ul>\n<\/div>\n<div id=\"spaziobianco\">&nbsp;<\/div>\n<div id=\"fondinopdf\">\n<p><span style=\"color: #999999;\"><strong><span style=\"font-family: verdana, geneva, sans-serif;\"><span style=\"color: #006299; font-size: 12pt;\"> <span style=\"color: #006299;\">Materiali di approfondimento e di esercitazione <span style=\"color: #999999;\"><span style=\"font-size: 12pt;\"><br \/>\n<\/span><\/span><\/span><\/span><\/span><\/strong><\/span><\/p>\n<ul style=\"list-style-type: none; padding-left: 0; margin-left: 0;\">\n<li class=\"fondinoscrittecolorate\">\n<p style=\"float: left; padding-right: 5px;\"><span style=\"font-size: 13pt;\"><span style=\"font-family: verdana, geneva, sans-serif; border: 1px solid; border-radius: 50%; padding: 4px 10px; color: #ffffff; background-color: #ffbb25; text-shadow: 2px 2px 2px black;\">1<\/span><\/span><\/p>\n<p><span style=\"font-family: verdana, geneva, sans-serif; font-size: 13pt;\"><a href=\"https:\/\/www.edisco.it\/it-works\/risorse-digitali-online\/cross-curricular-topics\/\"><span style=\"color: #0084b6;\"><strong>CROSS-CURRICULAR TOPICS<\/strong><\/span><\/a><\/span><\/li>\n<li class=\"fondinoscrittecolorate\">\n<p style=\"float: left; padding-right: 5px;\"><span style=\"font-size: 13pt; font-family: verdana, geneva, sans-serif;\"><span style=\"color: #ffffff; background-color: #ffbb25; border: 1px solid; border-radius: 50%; padding: 4px 10px; text-shadow: 2px 2px 2px black;\">2<\/span><\/span><\/p>\n<p><span style=\"font-family: verdana, geneva, sans-serif; font-size: 13pt;\"><a href=\"https:\/\/www.edisco.it\/it-works\/risorse-digitali-online\/electricity\/\"><span style=\"color: #0084b6;\"><strong>ELECTRICITY<\/strong><\/span><\/a><\/span><\/li>\n<li class=\"fondinoscrittecolorate\">\n<p style=\"float: left; padding-right: 5px;\"><span style=\"font-size: 13pt; font-family: verdana, geneva, sans-serif;\"><span style=\"color: #ffffff; background-color: #ffbb25; border: 1px solid; border-radius: 50%; padding: 4px 10px; text-shadow: 2px 2px 2px black;\">3<\/span><\/span><\/p>\n<p><span style=\"font-family: verdana, geneva, sans-serif; font-size: 13pt;\"><a href=\"https:\/\/www.edisco.it\/it-works\/risorse-digitali-online\/electronics-and-electrotechnology\/\"><span style=\"color: #0084b6;\"><strong>ELECTRONICS AND ELECTROTECHNOLOGY<\/strong><\/span><\/a><\/span><\/li>\n<li class=\"fondinoscrittecolorate\">\n<p style=\"float: left; padding-right: 5px;\"><span style=\"font-size: 13pt; font-family: verdana, geneva, sans-serif;\"><span style=\"color: #ffffff; background-color: #ffbb25; border: 1px solid; border-radius: 50%; padding: 4px 10px; text-shadow: 2px 2px 2px black;\">4<\/span><\/span><\/p>\n<p><span style=\"font-family: verdana, geneva, sans-serif; font-size: 13pt;\"><a href=\"https:\/\/www.edisco.it\/it-works\/risorse-digitali-online\/mechanics\/\"><span style=\"color: #0084b6;\"><strong>MECHANICS<\/strong><\/span><\/a><\/span><\/li>\n<li class=\"fondinoscrittecolorate\"><span style=\"font-size: 13pt; font-family: verdana, geneva, sans-serif;\"><a href=\"https:\/\/www.edisco.it\/it-works\/risorse-digitali-online\/extra-online-resources\/\"><span style=\"color: #000000;\"> <span style=\"color: #f7713e; font-size: 13pt;\"><strong>EXTRA ONLINE RESOURCES<\/strong><\/span><\/span><\/a><\/span><\/li>\n<\/ul>\n<\/div>\n<div id=\"fondinoazzurro\">\n<p><span style=\"font-size: 13.3333px;\"><a href=\"https:\/\/www.edisco.it\/it-works\/risorse-digitali-online\/listening-activities\/\" target=\"_blank\" rel=\"noopener noreferrer\"><img style=\"font-size: 13.3333px; line-height: 23.1111px; width: 80px; height: 60px;\" src=\"https:\/\/www.edisco.it\/life-reflections\/wp-content\/uploads\/sites\/45\/2015\/04\/audio1.png\" alt=\"\" align=\"absMiddle\"><\/a>&nbsp;<\/span><span style=\"font-size: 14px;\"><strong><span style=\"font-family: verdana,geneva,sans-serif;\"><a href=\"https:\/\/www.edisco.it\/it-works\/risorse-digitali-online\/listening-activities\/\" target=\"_blank\" rel=\"noopener noreferrer\">Listening activities<\/a>&nbsp;<\/span><\/strong><\/span><\/p>\n<\/div>\n<\/div>\n","protected":false},"excerpt":{"rendered":"<p>Questi primi materiali digitali online al momento disponibili.&nbsp; L\u2019Editore \u00e8 a disposizione degli aventi diritto con i quali non gli \u00e8 stato possibile comunicare, nonch\u00e9 per eventuali omissioni e inesattezze nella citazione delle fonti dei brani, illustrazioni, fotografie e video riprodotti nella presente opera All reasonable efforts were made to acknowledge and contact the source<\/p>\n","protected":false},"author":3,"featured_media":0,"parent":0,"menu_order":0,"comment_status":"closed","ping_status":"closed","template":"page-templates\/custom_page.php","meta":[],"acf":[],"_links":{"self":[{"href":"https:\/\/www.edisco.it\/it-works\/wp-json\/wp\/v2\/pages\/47"}],"collection":[{"href":"https:\/\/www.edisco.it\/it-works\/wp-json\/wp\/v2\/pages"}],"about":[{"href":"https:\/\/www.edisco.it\/it-works\/wp-json\/wp\/v2\/types\/page"}],"author":[{"embeddable":true,"href":"https:\/\/www.edisco.it\/it-works\/wp-json\/wp\/v2\/users\/3"}],"replies":[{"embeddable":true,"href":"https:\/\/www.edisco.it\/it-works\/wp-json\/wp\/v2\/comments?post=47"}],"version-history":[{"count":75,"href":"https:\/\/www.edisco.it\/it-works\/wp-json\/wp\/v2\/pages\/47\/revisions"}],"predecessor-version":[{"id":444,"href":"https:\/\/www.edisco.it\/it-works\/wp-json\/wp\/v2\/pages\/47\/revisions\/444"}],"wp:attachment":[{"href":"https:\/\/www.edisco.it\/it-works\/wp-json\/wp\/v2\/media?parent=47"}],"curies":[{"name":"wp","href":"https:\/\/api.w.org\/{rel}","templated":true}]}}