{"id":9,"date":"2022-02-18T10:30:50","date_gmt":"2022-02-18T09:30:50","guid":{"rendered":"https:\/\/www.edisco.it\/landmarks\/?page_id=9"},"modified":"2024-10-01T18:30:31","modified_gmt":"2024-10-01T16:30:31","slug":"scheda-dellopera","status":"publish","type":"page","link":"https:\/\/www.edisco.it\/landmarks\/","title":{"rendered":"Scheda dell&#8217;opera"},"content":{"rendered":"<div id=\"fondopagina\">\n<p class=\"p1\"><span style=\"font-family: 'Pridi'; font-size: 17pt; color: #31476c; font-weight: 200;\"><strong><span class=\"s1\">L'argomento<\/span><\/strong><\/span><\/p>\n<p class=\"p2\"><span style=\"font-size: 12pt; font-family: OpenSans; font-weight: 400;\"><em><strong>Landmarks<\/strong><\/em> \u00e8\u00a0un testo rivolto in particolare agli studenti dei corsi con indirizzo Costruzioni, Ambiente e Territorio e, pi\u00f9 in generale a tutti coloro che hanno l\u2019esigenza di utilizzare la lingua inglese come strumento di studio e\/o di lavoro in questi settori.<\/span><\/p>\n<p class=\"p1\"><span style=\"font-family: 'Pridi'; font-size: 17pt; color: #31476c; font-weight: 200;\"><strong>La struttura<\/strong><\/span><\/p>\n<p class=\"p2\"><span style=\"font-size: 12pt; font-family: OpenSans; font-weight: 400;\"><em><strong>Landmarks<\/strong><\/em> \u00e8 diviso in <strong>otto Moduli<\/strong>, ognuno dei quali \u00e8 ripartito in due sezioni:<\/span><\/p>\n<p class=\"p3\"><span style=\"font-family: 'Pridi'; font-size: 17pt; color: #31476c; font-weight: 200;\"><strong>Unit\u00e0 del Modulo<\/strong><\/span> <span style=\"font-size: 12pt; font-family: OpenSans; font-weight: 400;\">\u2013 Contiene testi e attivit\u00e0 che riguardano i contenuti specifici della specializzazione gi\u00e0 affrontati in L1. Ogni <strong>Unit\u00e0<\/strong> \u00e8 suddivisa in brevi <strong>Capitoli<\/strong> su due pagine \u2013 teoria ed esercizi \u2013 per favorire sia uno studio pi\u00f9 parcellizzato, sia la scelta antologica da parte dell\u2019insegnante. I contenuti dei capitoli sono enucleati, cio\u00e8 sono divisi in pi\u00f9 <strong>paragrafi titolati<\/strong> per rendere la comprensione pi\u00f9 agevole. Brevi link (<span style=\"color: #008000;\"><strong><span class=\"s2\">verdi <\/span><\/strong><\/span>per i link attivi con attivit\u00e0, <span style=\"color: #ff6600;\"><strong><span class=\"s3\">arancioni <\/span><\/strong><\/span>per quelli informativi senza attivit\u00e0) arricchiscono i brani per consentire una maggiore interattivit\u00e0 con gli allievi. Alcune <strong>rubriche<\/strong> di approfondimento o curiosit\u00e0, inoltre, permettono di ampliare le conoscenze sugli argomenti.<\/span><\/p>\n<p class=\"p2\"><span style=\"font-size: 12pt; font-family: OpenSans; font-weight: 400;\">Un ricco <strong>apparato iconografico<\/strong> correda i brani di lettura, per ognuno dei quali \u00e8 previsto un esauriente <strong>glossario<\/strong>.<\/span><\/p>\n<p class=\"p2\"><span style=\"font-size: 12pt; font-family: OpenSans; font-weight: 400;\">Ogni Unit\u00e0 si chiude con una pagina di <strong>grammatica<\/strong> e una dedicata ad un\u2019<strong>abilit\u00e0 linguistica<\/strong>. Alcune pagine sono strutturate secondo le indicazioni delle Prove Nazionali INVALSI.<\/span><\/p>\n<p class=\"p3\"><span style=\"font-family: 'Pridi'; font-size: 17pt; color: #31476c; font-weight: 200;\"><strong>Espansioni del Modulo<\/strong> <\/span><span class=\"s4\">\u2013 <\/span><span class=\"s1\">Ogni Modulo termina con le seguenti ripartizioni:<\/span><\/p>\n<p class=\"p1\"><span style=\"font-size: 12pt; font-family: OpenSans; font-weight: 400;\">\u2022 <strong>Vocabulary<\/strong>: lessico del Modulo;<\/span><\/p>\n<p class=\"p1\"><span style=\"font-size: 12pt; font-family: OpenSans; font-weight: 400;\">\u2022 <strong>Real Life Skills<\/strong>: compiti di realt\u00e0;<\/span><\/p>\n<p class=\"p1\"><span style=\"font-size: 12pt; font-family: OpenSans; font-weight: 400;\">\u2022 <strong>Case Study<\/strong>: esempio concreto di argomento\/i del Modulo;<\/span><\/p>\n<p class=\"p1\"><span style=\"font-size: 12pt; font-family: OpenSans; font-weight: 400;\">\u2022 <strong>Flipped Classroom<\/strong>: video per la \u201cclasse rovesciata\u201d;<\/span><\/p>\n<p class=\"p1\"><span style=\"font-size: 12pt; font-family: OpenSans; font-weight: 400;\">\u2022 <strong>Building Higher \/ CLIL<\/strong>: approfondimenti delle materie tecniche e curricolari generali;<\/span><\/p>\n<p class=\"p1\"><span style=\"font-size: 12pt; font-family: OpenSans; font-weight: 400;\">\u2022 <strong>Round Up<\/strong>: esercizi ricapitolativi del Modulo;<\/span><\/p>\n<p class=\"p1\"><span style=\"font-size: 12pt; font-family: OpenSans; font-weight: 400;\">\u2022 <strong>Mapping Your Mind<\/strong>: rete di relazioni tra i vari argomenti del Modulo.<\/span><\/p>\n<p class=\"p1\"><span style=\"font-size: 12pt; font-family: OpenSans; font-weight: 400;\">Ogni Unit\u00e0 presenta almeno una <strong>risorsa online<\/strong> e un <strong>video<\/strong>, quasi sempre accompagnati da attivit\u00e0.<\/span><\/p>\n<p class=\"p2\"><span style=\"font-family: 'Pridi'; font-size: 17pt; color: #31476c; font-weight: 200;\"><strong>Materiali integrativi<\/strong><\/span><\/p>\n<p class=\"p1\"><span style=\"font-size: 12pt; font-family: OpenSans; font-weight: 400;\">\u2022 <strong>TEACHER\u2019S BOOK<\/strong>. Con le chiavi degli esercizi, gli audioscripts delle attivit\u00e0 di ascolto, note e procedure didattiche, prove di verifica (standard e BES) per ogni singola Unit\u00e0 e per Modulo, materiale informativo utile per il docente (ad es. Piano di lavoro, Didattica inclusiva).<\/span><\/p>\n<p class=\"p1\"><span style=\"font-size: 12pt; font-family: OpenSans; font-weight: 400;\">\u2022 <strong>Tracce AUDIO formato MP3<\/strong>. Le attivit\u00e0 di ascolto registrate con l\u2019impiego di speakers madrelingua.<\/span><\/p>\n<\/div>\n<div class=\"centra\">\n<p><span style=\"font-family: verdana, geneva, sans-serif; font-size: 12pt;\"><a href=\"https:\/\/www.edisco.it\/materiali\/proposte-adozione\/LANDMARKS_Relazione_per_l_adozione.pdf\" target=\"_blank\" rel=\"noopener noreferrer\"><img src=\"https:\/\/www.edisco.it\/a-caring-society\/wp-content\/uploads\/sites\/86\/2019\/09\/icona-PDF_60.png\" alt=\"\" align=\"absMiddle\" \/><\/a> <a href=\"https:\/\/www.edisco.it\/materiali\/proposte-adozione\/LANDMARKS_Relazione_per_l_adozione.pdf\" target=\"_blank\" rel=\"noopener noreferrer\"><br \/>\nLANDMARKS<br \/>\nRelazione per l'adozione.pdf<\/a><\/span><\/p>\n<p><span style=\"font-size: 12pt;\"><span style=\"font-family: verdana, geneva, sans-serif;\"><a href=\"https:\/\/www.edisco.it\/materiali\/proposte-adozione\/2021\/LANDMARKS_Relazione_per_l_adozione.rtf\"><img style=\"line-height: 23.1111px;\" src=\"https:\/\/www.edisco.it\/il-colore-delle-parole\/wp-content\/uploads\/sites\/66\/2015\/04\/icona-Word_60.png\" alt=\"\" align=\"absMiddle\" \/><\/a> <a href=\"https:\/\/www.edisco.it\/materiali\/proposte-adozione\/LANDMARKS_Relazione_per_l_adozione.rtf\"><br \/>\nLANDMARKS<br \/>\nRelazione per l'adozione.rtf<\/a><\/span><\/span><\/p>\n<\/div>\n","protected":false},"excerpt":{"rendered":"<p>L&#8217;argomento Landmarks \u00e8\u00a0un testo rivolto in particolare agli studenti dei corsi con indirizzo Costruzioni, Ambiente e Territorio e, pi\u00f9 in generale a tutti coloro che hanno l\u2019esigenza di utilizzare la lingua inglese come strumento di studio e\/o di lavoro in questi settori. La struttura Landmarks \u00e8 diviso in otto Moduli, ognuno dei quali \u00e8 ripartito<\/p>\n","protected":false},"author":3,"featured_media":0,"parent":0,"menu_order":0,"comment_status":"closed","ping_status":"closed","template":"page-templates\/scheda_opera.php","meta":[],"acf":[],"_links":{"self":[{"href":"https:\/\/www.edisco.it\/landmarks\/wp-json\/wp\/v2\/pages\/9"}],"collection":[{"href":"https:\/\/www.edisco.it\/landmarks\/wp-json\/wp\/v2\/pages"}],"about":[{"href":"https:\/\/www.edisco.it\/landmarks\/wp-json\/wp\/v2\/types\/page"}],"author":[{"embeddable":true,"href":"https:\/\/www.edisco.it\/landmarks\/wp-json\/wp\/v2\/users\/3"}],"replies":[{"embeddable":true,"href":"https:\/\/www.edisco.it\/landmarks\/wp-json\/wp\/v2\/comments?post=9"}],"version-history":[{"count":23,"href":"https:\/\/www.edisco.it\/landmarks\/wp-json\/wp\/v2\/pages\/9\/revisions"}],"predecessor-version":[{"id":742,"href":"https:\/\/www.edisco.it\/landmarks\/wp-json\/wp\/v2\/pages\/9\/revisions\/742"}],"wp:attachment":[{"href":"https:\/\/www.edisco.it\/landmarks\/wp-json\/wp\/v2\/media?parent=9"}],"curies":[{"name":"wp","href":"https:\/\/api.w.org\/{rel}","templated":true}]}}